{"id":16886,"date":"2023-07-04T16:55:21","date_gmt":"2023-07-04T14:55:21","guid":{"rendered":"https:\/\/branchenversicherung.ch\/?page_id=16886"},"modified":"2026-03-10T13:28:15","modified_gmt":"2026-03-10T12:28:15","slug":"jobs-karriere","status":"publish","type":"page","link":"https:\/\/branchenversicherung.ch\/fr\/a-propos-de-nous\/jobs-karriere\/","title":{"rendered":"Emplois &amp; Carri\u00e8re"},"content":{"rendered":"<section id=\"halfHeader-block_effa3db698201e90fdeac2f9d59a2a33\" class=\"halfHeader vertical-arrow container__page\">\n  <div class=\"inside__hero__half imagineNow\">\n    <div class=\"half__description__row\">\n            <p class=\"parent__title__single\">  <a href=\"https:\/\/branchenversicherung.ch\/fr\/a-propos-de-nous\/\">\u00c0 propos de nous<\/a><\/p>\n          <h1 class=\"hero__title__h\">Emplois &#038; Carri\u00e8re <\/h1>\n            <p class=\"description__row\"> Nous sommes une compagnie d\u2019assurance suisse de taille moyenne sp\u00e9cialis\u00e9e dans les entreprises artisanales de diverses branches. Nos hi\u00e9rarchies horizontales et nos structures familiales comprennent des individus motiv\u00e9s qui font preuve de beaucoup d\u2019initiative et aiment leur travail.<\/p>\n         \n        \n                  <p class=\"half__button__icon\"><a href=\"#text\">  <\/a><\/p>\n          \n                  \n      <!--<div  class=\"scroll__one__bottom with__new__arrow\"> <\/div>-->\n    <\/div>\n    <div class=\"half__image__row\">\n      <img decoding=\"async\" width=\"2560\" height=\"1493\" src=\"https:\/\/branchenversicherung.ch\/wp-content\/uploads\/2021\/12\/BV_Leistung_Produkte_Header_1680x980px_HR_Jobs-scaled.webp\" class=\"attachment-full size-full\" alt=\"\" srcset=\"https:\/\/branchenversicherung.ch\/wp-content\/uploads\/2021\/12\/BV_Leistung_Produkte_Header_1680x980px_HR_Jobs-scaled.webp 2560w, https:\/\/branchenversicherung.ch\/wp-content\/uploads\/2021\/12\/BV_Leistung_Produkte_Header_1680x980px_HR_Jobs-300x175.webp 300w, https:\/\/branchenversicherung.ch\/wp-content\/uploads\/2021\/12\/BV_Leistung_Produkte_Header_1680x980px_HR_Jobs-1024x597.webp 1024w, https:\/\/branchenversicherung.ch\/wp-content\/uploads\/2021\/12\/BV_Leistung_Produkte_Header_1680x980px_HR_Jobs-768x448.webp 768w, https:\/\/branchenversicherung.ch\/wp-content\/uploads\/2021\/12\/BV_Leistung_Produkte_Header_1680x980px_HR_Jobs-1536x896.webp 1536w, https:\/\/branchenversicherung.ch\/wp-content\/uploads\/2021\/12\/BV_Leistung_Produkte_Header_1680x980px_HR_Jobs-2048x1195.webp 2048w\" sizes=\"(max-width: 2560px) 100vw, 2560px\" \/>    <\/div>\n  <\/div>\n<\/section>\n\n\n<div class=\"gb-container gb-container-85d29817\"><div class=\"gb-inside-container\">\n<div class=\"gb-grid-wrapper gb-grid-wrapper-d7780d1b\">\n<div class=\"gb-grid-column gb-grid-column-fc8f8b0d\"><div class=\"gb-container gb-container-fc8f8b0d\"><div class=\"gb-inside-container\">\n<section id=\"jobsList-block_6ed72d548605200ee7163ef15dfd8dfe\" class=\"jobsList container__jobs__list\">\n  <h2 class=\"jobs__header__title\"> Les postes suivants sont actuellement vacants chez nous:\n <\/h2><ul class=\"list__jobs__ul no__ul__this\">      <li>\n        <a href=\"https:\/\/branchenversicherung.ch\/fr\/job\/sachbearbeiter-in-personenversicherungen-ktg-uvg-80-100-m-w-d\/\" >\n          <span class=\"title__jobs__list\"> Sachbearbeitung Personenversicherungen KTG\/UVG, 80 \u2013 100% (m\/w\/d)<\/span> <span class=\"go__to__jobs__mehr\">  <span class=\"mehr__arrow__jobs\"><\/span><\/span>\n        <\/a>\n        <hr class=\"jobs__hr\">\n      <\/li>\n\n  <\/section>\n\n<\/div><\/div><\/div>\n<\/div>\n<\/div><\/div>\n\n<div class=\"gb-container gb-container-84772661\"><div class=\"gb-inside-container\">\n<section  class=\"double-cta columns-1\">\n    <div class=\"container\">\n                    <div class=\"row\">\n                                    <div class=\"col\">\n                                                    <h4 class=\"title\">Culture, avantages sociaux et processus de candidature<\/h4>\n                                                <p>Les informations relatives \u00e0 la culture d&rsquo;entreprise, \u00e0 nos avantages sociaux et au processus de candidature sont disponibles en allemand.<\/p>\n                                                    <a class=\"button\" href=\"https:\/\/branchenversicherung.ch\/ueber-uns\/jobs-karriere\/\">En savoir plus<\/a>\n                                            <\/div>\n                            <\/div>\n            <\/div>\n<\/section>\n\n\n<div style=\"height:100px\" aria-hidden=\"true\" class=\"wp-block-spacer\"><\/div>\n\n\n<div class=\"gb-grid-wrapper gb-grid-wrapper-f66febf6\">\n<div class=\"gb-grid-column gb-grid-column-b356553c\"><div class=\"gb-container gb-container-b356553c eql__column\"><div class=\"gb-inside-container\">\n\n<figure class=\"wp-block-image size-large\"><img decoding=\"async\" width=\"1024\" height=\"688\" src=\"https:\/\/branchenversicherung.ch\/wp-content\/uploads\/2025\/10\/Teaser_PetraKohles_1120x752px-1024x688.jpg\" alt=\"\" class=\"wp-image-22511\" srcset=\"https:\/\/branchenversicherung.ch\/wp-content\/uploads\/2025\/10\/Teaser_PetraKohles_1120x752px-1024x688.jpg 1024w, https:\/\/branchenversicherung.ch\/wp-content\/uploads\/2025\/10\/Teaser_PetraKohles_1120x752px-300x201.jpg 300w, https:\/\/branchenversicherung.ch\/wp-content\/uploads\/2025\/10\/Teaser_PetraKohles_1120x752px-768x516.jpg 768w, https:\/\/branchenversicherung.ch\/wp-content\/uploads\/2025\/10\/Teaser_PetraKohles_1120x752px.jpg 1120w\" sizes=\"(max-width: 1024px) 100vw, 1024px\" \/><\/figure>\n\n<\/div><\/div><\/div>\n\n<div class=\"gb-grid-column gb-grid-column-b1e53d8f\"><div class=\"gb-container gb-container-b1e53d8f make__me__relative\"><div class=\"gb-inside-container\">\n<div class=\"gb-container gb-container-f7e9efac\">\n\n<h2 class=\"gb-headline gb-headline-8c875a05 gb-headline-text\">Candidature spontan\u00e9e et questions<\/h2>\n\n<\/div>\n\n\n<p>Nous sommes toujours \u00e0 la recherche de collaborateurs motiv\u00e9s et qualifi\u00e9s pour enrichir notre \u00e9quipe. Envoyez-nous votre candidature spontan\u00e9e. Pour toute question, Petra Kohles, Responsable HR, se tient \u00e0 votre disposition.<\/p>\n\n\n\n<p class=\"half__button__icon should__be__bottom\"><a href=\"mailto:hr@branchenversicherung.ch\">Contact<\/a><\/p>\n\n<\/div><\/div><\/div>\n<\/div>\n<\/div><\/div>","protected":false},"excerpt":{"rendered":"","protected":false},"author":12,"featured_media":0,"parent":6830,"menu_order":87,"comment_status":"closed","ping_status":"closed","template":"","meta":{"_acf_changed":false,"iawp_total_views":56,"footnotes":""},"class_list":["post-16886","page","type-page","status-publish"],"acf":[],"_links":{"self":[{"href":"https:\/\/branchenversicherung.ch\/fr\/wp-json\/wp\/v2\/pages\/16886","targetHints":{"allow":["GET"]}}],"collection":[{"href":"https:\/\/branchenversicherung.ch\/fr\/wp-json\/wp\/v2\/pages"}],"about":[{"href":"https:\/\/branchenversicherung.ch\/fr\/wp-json\/wp\/v2\/types\/page"}],"author":[{"embeddable":true,"href":"https:\/\/branchenversicherung.ch\/fr\/wp-json\/wp\/v2\/users\/12"}],"replies":[{"embeddable":true,"href":"https:\/\/branchenversicherung.ch\/fr\/wp-json\/wp\/v2\/comments?post=16886"}],"version-history":[{"count":78,"href":"https:\/\/branchenversicherung.ch\/fr\/wp-json\/wp\/v2\/pages\/16886\/revisions"}],"predecessor-version":[{"id":23029,"href":"https:\/\/branchenversicherung.ch\/fr\/wp-json\/wp\/v2\/pages\/16886\/revisions\/23029"}],"up":[{"embeddable":true,"href":"https:\/\/branchenversicherung.ch\/fr\/wp-json\/wp\/v2\/pages\/6830"}],"wp:attachment":[{"href":"https:\/\/branchenversicherung.ch\/fr\/wp-json\/wp\/v2\/media?parent=16886"}],"curies":[{"name":"wp","href":"https:\/\/api.w.org\/{rel}","templated":true}]}}