{"id":19694,"date":"2025-02-04T13:19:51","date_gmt":"2025-02-04T12:19:51","guid":{"rendered":"https:\/\/branchenversicherung.ch\/?page_id=19694"},"modified":"2025-02-04T13:19:54","modified_gmt":"2025-02-04T12:19:54","slug":"declaration-des-masses-salariales","status":"publish","type":"page","link":"https:\/\/branchenversicherung.ch\/fr\/service\/declaration-des-masses-salariales\/","title":{"rendered":"D\u00e9claration des masses salariales"},"content":{"rendered":"<section id=\"halfHeader-block_682b8bf89d8293dacb21ff4b36cd9595\" class=\"halfHeader container__page\">\n  <div class=\"inside__hero__half imagineNow\">\n    <div class=\"half__description__row\">\n            <p class=\"parent__title__single\">  <a href=\"https:\/\/branchenversicherung.ch\/fr\/service\/\">Service<\/a><\/p>\n          <h1 class=\"hero__title__h\">D\u00e9claration des masses salariales <\/h1>\n            <p class=\"description__row\"> Saisissez facilement les masses salariales de votre entreprise en ligne avec la d\u00e9claration \u00e9lectronique des masses salariales elm direct.<\/p>\n         \n        \n                  \n      <!--<div  class=\"scroll__one__bottom with__new__arrow\"> <\/div>-->\n    <\/div>\n    <div class=\"half__image__row\">\n      <img decoding=\"async\" width=\"1680\" height=\"980\" src=\"https:\/\/branchenversicherung.ch\/wp-content\/uploads\/2025\/01\/Header_Dokumente-Arbeitgeber-Arbeitnehmer_1680x980px_25-1.jpg\" class=\"attachment-full size-full\" alt=\"Blick \u00fcber die Schulter einer Frau auf den Screen eines LapTops. Auf dem Screen sieht man die Startseite des eLM der Branchen Versicherung.\" srcset=\"https:\/\/branchenversicherung.ch\/wp-content\/uploads\/2025\/01\/Header_Dokumente-Arbeitgeber-Arbeitnehmer_1680x980px_25-1.jpg 1680w, https:\/\/branchenversicherung.ch\/wp-content\/uploads\/2025\/01\/Header_Dokumente-Arbeitgeber-Arbeitnehmer_1680x980px_25-1-300x175.jpg 300w, https:\/\/branchenversicherung.ch\/wp-content\/uploads\/2025\/01\/Header_Dokumente-Arbeitgeber-Arbeitnehmer_1680x980px_25-1-1024x597.jpg 1024w, https:\/\/branchenversicherung.ch\/wp-content\/uploads\/2025\/01\/Header_Dokumente-Arbeitgeber-Arbeitnehmer_1680x980px_25-1-768x448.jpg 768w, https:\/\/branchenversicherung.ch\/wp-content\/uploads\/2025\/01\/Header_Dokumente-Arbeitgeber-Arbeitnehmer_1680x980px_25-1-1536x896.jpg 1536w\" sizes=\"(max-width: 1680px) 100vw, 1680px\" \/>    <\/div>\n  <\/div>\n<\/section>\n\n\n<div class=\"gb-container gb-container-2dfcaad3\"><div class=\"gb-inside-container\">\n<div class=\"gb-grid-wrapper gb-grid-wrapper-b54a26f8\">\n<div class=\"gb-grid-column gb-grid-column-84579a6d\"><div class=\"gb-container gb-container-84579a6d\"><div class=\"gb-inside-container\">\n<section  class=\"icon-text columns-3\">\n    <div class=\"container\">\n                            <div class=\"row\">\n                                    <div class=\"col\">\n                                                    <img decoding=\"async\" class=\"icon\" src=\"https:\/\/branchenversicherung.ch\/wp-content\/uploads\/2024\/11\/Webseite_Icon_96x96px_reduzierter_administrativer_Aufwand_24.png\" \/>\n                                                                        <p>R\u00e9duction des charges administratives<\/p>\n                    <\/div>\n                                    <div class=\"col\">\n                                                    <img decoding=\"async\" class=\"icon\" src=\"https:\/\/branchenversicherung.ch\/wp-content\/uploads\/2024\/08\/Webseite_Icon_96x96px_KTG_Personlakosten_Kalkulierbar_24.png\" \/>\n                                                                        <p>S\u00e9curit\u00e9 gr\u00e2ce au cryptage<br \/>\ndes donn\u00e9es SSL <\/p>\n                    <\/div>\n                                    <div class=\"col\">\n                                                    <img decoding=\"async\" class=\"icon\" src=\"https:\/\/branchenversicherung.ch\/wp-content\/uploads\/2024\/11\/Webseite_Icon_96x96px_jederzeit_Zugriff_auf_Daten_24.png\" \/>\n                                                                        <p>Acc\u00e8s \u00e0 toutes les donn\u00e9es<br \/>\nen tout temps<\/p>\n                    <\/div>\n                            <\/div>\n            <\/div>\n<\/section>\n\n<section  class=\"double-cta columns-1\">\n    <div class=\"container\">\n                    <div class=\"row\">\n                                    <div class=\"col\">\n                                                    <h4 class=\"title\">elm direct<\/h4>\n                                                <p>D\u00e9claration masses salariales chez<br \/>\nelm direct<\/p>\n                                                    <a class=\"button\" href=\"https:\/\/elm.branchenversicherung.ch\/elm\/direct\/\">Login<\/a>\n                                            <\/div>\n                            <\/div>\n            <\/div>\n<\/section>\n\n\n<div style=\"height:48px\" aria-hidden=\"true\" class=\"wp-block-spacer\"><\/div>\n\n\n\n<h2 class=\"wp-block-heading\"><strong>D\u00e9claration des masses salariales avec elm direct<\/strong><\/h2>\n\n\n\n<p>Nos primes d\u00e9pendent des masses salariales soumises \u00e0 une prime de votre entreprise. Elles sont estim\u00e9es chaque ann\u00e9e pour l\u2019ann\u00e9e suivante et factur\u00e9es \u00e0 l\u2019avance. \u00c0 la fin de l\u2019ann\u00e9e, nous vous demandons de d\u00e9clarer les salaires d\u00e9finitifs soumis \u00e0 une prime.&nbsp;<\/p>\n\n\n\n<p>Vous pouvez d\u00e9sormais facilement saisir les salaires soumis \u00e0 une prime par voie \u00e9lectronique via <strong>elm direct<\/strong>, ind\u00e9pendamment de votre syst\u00e8me de comptabilit\u00e9 salariale. Vous profitez ainsi d\u2019une charge administrative r\u00e9duite et d\u2019une transmission des donn\u00e9es s\u00fbre. Par ailleurs, toutes les donn\u00e9es sont \u00e0 votre disposition \u00e0 tout moment.<\/p>\n\n\n\n<div style=\"height:85px\" aria-hidden=\"true\" class=\"wp-block-spacer\"><\/div>\n\n\n<div class=\"gb-container gb-container-05402d7f\">\n\n<div class=\"wp-block-group has-base-background-color has-background\"><div class=\"wp-block-group__inner-container is-layout-constrained wp-block-group-is-layout-constrained\">\n<h3 class=\"wp-block-heading\"><strong>Comment fonctionne la d\u00e9claration des masses salariales via elm direct&nbsp;?<\/strong><\/h3>\n\n\n\n<ol class=\"wp-block-list\">\n<li>Enregistrez-vous une fois <a href=\"https:\/\/elm.branchenversicherung.ch\/elm\/direct\/\" data-type=\"link\" data-id=\"https:\/\/elm.branchenversicherung.ch\/elm\/direct\/\">ici<\/a><\/li>\n\n\n\n<li>Connectez-vous ensuite \u00e0 elm direct<\/li>\n\n\n\n<li>Remplissez la d\u00e9claration de salaire. Les guides suivants relatives \u00e0 la rubrique \u00ab&nbsp;Documents \u00e0 t\u00e9l\u00e9charger&nbsp;\u00bb vous aideront \u00e0 cet \u00e9gard.<\/li>\n\n\n\n<li>Transmettez vos donn\u00e9es<\/li>\n<\/ol>\n<\/div><\/div>\n\n<\/div>\n\n\n<div style=\"height:100px\" aria-hidden=\"true\" class=\"wp-block-spacer\"><\/div>\n\n\n\n<h2 class=\"wp-block-heading\"><strong>Autres possibilit\u00e9s de d\u00e9claration des masses salariales<\/strong><\/h2>\n\n\n\n<p>elm direct est le moyen le plus simple de transmettre les masses salariales de votre entreprise.&nbsp;Toutefois, si n\u00e9cessaire, vous pouvez \u00e9galement utiliser les alternatives suivantes&nbsp;:<\/p>\n\n\n\n<ul class=\"wp-block-list\">\n<li>Swissdec&nbsp;: Vous pouvez \u00e9galement d\u00e9clarer les masses salariales de votre entreprise via Swissdec. Pour ce faire, vous avez besoin d\u2019une comptabilit\u00e9 des salaires certifi\u00e9e Swissdec. Vous trouverez la liste des comptabilit\u00e9s des salaires certifi\u00e9es <a href=\"https:\/\/www.swissdec.ch\/fr\/certified-erp\/\" target=\"_blank\" rel=\"noopener\">ici<\/a>.&nbsp;<\/li>\n\n\n\n<li>Sur papier&nbsp;: Si n\u00e9cessaire, vous pouvez toujours utiliser la d\u00e9claration des masses salariales au format papier. Les documents y relatifs vous seront envoy\u00e9s automatiquement \u00e0 la fin de l\u2019ann\u00e9e.<\/li>\n<\/ul>\n\n\n\n<div style=\"height:31px\" aria-hidden=\"true\" class=\"wp-block-spacer\"><\/div>\n\n<\/div><\/div><\/div>\n<\/div>\n<\/div><\/div>\n\n<div class=\"gb-container gb-container-f3d9ed71\"><div class=\"gb-inside-container\">\n<div class=\"rows__downloads make__accordion\"><h2 class=\"cat__title__down\">Downloads<span class=\"icon__accordion__down\"> <i class=\"fas fa-chevron-down\"><\/i>  <i class=\"fas fa-chevron-up\"><\/i> <\/span><\/h2><div class=\"ul__list__downlaods \"><div class=\"list__downlaods seps\"><a class=\"download__ahref\" href=\"https:\/\/branchenversicherung.ch\/wp-content\/uploads\/2025\/01\/ELM_Wegleitung_Benutzerhandbuch_FR_RZ.pdf\" download><span class=\"title__downloads\">Manuel d'utilisation<\/span> <span class=\"file__icon__size\">pdf (1,98 MB) <i class=\"fas fa-download icon__in__download\"><\/i><\/span><\/a><hr class=\"download__separate\"><\/div><div class=\"list__downlaods seps\"><a class=\"download__ahref\" href=\"https:\/\/branchenversicherung.ch\/wp-content\/uploads\/2025\/01\/ELM_Wegleitung_Lohndeklaration_UVGO-UVGZ_FR_RZ_MitBerechnung.pdf\" download><span class=\"title__downloads\">Guide des masses salariales LAA et LAAC<\/span> <span class=\"file__icon__size\">pdf (939,71 KB) <i class=\"fas fa-download icon__in__download\"><\/i><\/span><\/a><hr class=\"download__separate\"><\/div><div class=\"list__downlaods seps\"><a class=\"download__ahref\" href=\"https:\/\/branchenversicherung.ch\/wp-content\/uploads\/2025\/01\/ELM_Wegleitung_Lohndeklaration_KTG_FR_RZ_MitBerechnung.pdf\" download><span class=\"title__downloads\">Guides des masses salariales IJM<\/span> <span class=\"file__icon__size\">pdf (909,17 KB) <i class=\"fas fa-download icon__in__download\"><\/i><\/span><\/a><hr class=\"download__separate\"><\/div><\/div><hr class=\"download__separate row__seps\"><\/div>\n\n\n\n<div style=\"height:37px\" aria-hidden=\"true\" class=\"wp-block-spacer\"><\/div>\n\n<\/div><\/div>\n\n\n<div class=\"wp-block-group\"><div class=\"wp-block-group__inner-container is-layout-constrained wp-block-group-is-layout-constrained\">\n<h2 class=\"wp-block-heading\"><strong>Questions fr\u00e9quemment pos\u00e9es sur la d\u00e9claration des masses salariales<\/strong><\/h2>\n\n\n\n<div style=\"height:18px\" aria-hidden=\"true\" class=\"wp-block-spacer\"><\/div>\n\n\n<section id=\"accordionB-block_f9acf8fe6deeeb8b0b757da23275c2e2\" class=\"accordionB container__accordion\">\n  <div class=\"rows__accordion make__accordion\"><h3 class=\"accordion__title__down\"> <span class=\"acc__head__text\"> Pour quelles assurances une d\u00e9claration des masses salariales est-elle n\u00e9cessaire ?<\/span><span class=\"icon__accordion__acc\"> <i class=\"fas fa-chevron-down\"><\/i>  <i class=\"fas fa-chevron-up\"><\/i> <\/span><\/h3><div class=\"accordion__hidden__shown\"><p><span style=\"font-weight: 400;\">Une d\u00e9claration annuelle des masses salariales doit \u00eatre effectu\u00e9e pour les produits d\u2019assurance suivants\u00a0:<\/span><\/p>\n<ul>\n<li style=\"font-weight: 400;\" aria-level=\"1\"><span style=\"font-weight: 400;\">Assurance-accidents collective (LAAO et LAA compl\u00e9mentaire)<\/span><\/li>\n<li style=\"font-weight: 400;\" aria-level=\"1\"><span style=\"font-weight: 400;\">Assurance collective d\u2019indemnit\u00e9s journali\u00e8res en cas de maladie<\/span><\/li>\n<li style=\"font-weight: 400;\" aria-level=\"1\"><span style=\"font-weight: 400;\">Assurance responsabilit\u00e9 civile d\u2019entreprise DINUX<\/span><\/li>\n<li style=\"font-weight: 400;\" aria-level=\"1\"><span style=\"font-weight: 400;\">Assurance de protection juridique pour entreprises<\/span><\/li>\n<\/ul>\n<p><span style=\"font-weight: 400;\">Pour les autres assurances, nous n\u2019avons pas besoin de d\u00e9claration des masses salariales.<\/span><\/p>\n<\/div><hr class=\"accordion__separate row__seps\"><\/div><div class=\"rows__accordion make__accordion\"><h3 class=\"accordion__title__down\"> <span class=\"acc__head__text\"> Pourquoi l\u2019Assurance des m\u00e9tiers recommande-t-elle de d\u00e9clarer les masses salariales avec elm direct ?<\/span><span class=\"icon__accordion__acc\"> <i class=\"fas fa-chevron-down\"><\/i>  <i class=\"fas fa-chevron-up\"><\/i> <\/span><\/h3><div class=\"accordion__hidden__shown\"><ul>\n<li><span style=\"font-weight: 400;\"><strong>elm direct<\/strong> permet de d\u00e9clarer par voie \u00e9lectronique les masses salariales de tous les produits d\u2019assurance soumis \u00e0 d\u00e9claration.<br \/>\n<\/span><span style=\"font-weight: 400;\">Le syst\u00e8me elm direct est en outre parfaitement adapt\u00e9 \u00e0 notre client\u00e8le. Chaque entreprise peut utiliser cette d\u00e9claration \u00e9lectronique des masses salariales, quel que soit le syst\u00e8me de comptabilit\u00e9 salariale utilis\u00e9.<br \/>\n<\/span><span style=\"font-weight: 400;\">Elm direct permet \u00e9galement la transmission sans papier de toutes les donn\u00e9es. Cela r\u00e9duit la charge administrative au sein de l\u2019entreprise.<\/span><\/li>\n<li><span style=\"font-weight: 400;\">En revanche, la d\u00e9claration \u00e9lectronique des masses salariales avec <strong>Swissdec<\/strong> n\u2019est possible que si l\u2019entreprise travaille avec une comptabilit\u00e9 des salaires certifi\u00e9e Swissdec. Vous trouverez la liste des comptabilit\u00e9s des salaires certifi\u00e9es <\/span><a href=\"https:\/\/www.swissdec.ch\/fr\/certified-erp\/\" target=\"_blank\" rel=\"noopener\"><span style=\"font-weight: 400;\">ici<\/span><\/a><span style=\"font-weight: 400;\">. De plus, avec elm Swissdec, vous ne pouvez d\u00e9clarer que les masses salariales pour les produits d&rsquo;assurance-accidents collective et d\u2019assurance collective d\u2019indemnit\u00e9s journali\u00e8res en cas de maladie.<\/span><\/li>\n<\/ul>\n<\/div><hr class=\"accordion__separate row__seps\"><\/div><div class=\"rows__accordion make__accordion\"><h3 class=\"accordion__title__down\"> <span class=\"acc__head__text\"> Lequel des trois modes de transmission est le mieux adapt\u00e9 \u00e0 mon entreprise ?<\/span><span class=\"icon__accordion__acc\"> <i class=\"fas fa-chevron-down\"><\/i>  <i class=\"fas fa-chevron-up\"><\/i> <\/span><\/h3><div class=\"accordion__hidden__shown\"><ul>\n<li style=\"font-weight: 400;\" aria-level=\"1\"><span style=\"font-weight: 400;\">elm direct\u00a0: pour toutes les entreprises\u00a0; vous pouvez d\u00e9clarer vos masses salariales par voie \u00e9lectronique, de mani\u00e8re simple et efficace<\/span><\/li>\n<li style=\"font-weight: 400;\" aria-level=\"1\"><span style=\"font-weight: 400;\">Swissdec\u00a0: pour les entreprises qui utilisent d\u00e9j\u00e0 une comptabilit\u00e9 des salaires certifi\u00e9e<\/span><\/li>\n<li style=\"font-weight: 400;\" aria-level=\"1\"><span style=\"font-weight: 400;\">Sur papier\u00a0: pour les entreprises qui ne souhaitent pas d\u00e9clarer \u00e9lectroniquement<\/span><\/li>\n<\/ul>\n<\/div><hr class=\"accordion__separate row__seps\"><\/div><div class=\"rows__accordion make__accordion\"><h3 class=\"accordion__title__down\"> <span class=\"acc__head__text\"> Quel est le temps n\u00e9cessaire \u00e0 la d\u00e9claration des masses salariales avec elm direct ?<\/span><span class=\"icon__accordion__acc\"> <i class=\"fas fa-chevron-down\"><\/i>  <i class=\"fas fa-chevron-up\"><\/i> <\/span><\/h3><div class=\"accordion__hidden__shown\"><p style=\"font-weight: 400;\"><span style=\"font-weight: 400;\">La saisie des masses salariales et la transmission sont r\u00e9gl\u00e9es en quelques minutes.<\/span><\/p>\n<\/div><hr class=\"accordion__separate row__seps\"><\/div><div class=\"rows__accordion make__accordion\"><h3 class=\"accordion__title__down\"> <span class=\"acc__head__text\"> elm direct est-il payant ? <\/span><span class=\"icon__accordion__acc\"> <i class=\"fas fa-chevron-down\"><\/i>  <i class=\"fas fa-chevron-up\"><\/i> <\/span><\/h3><div class=\"accordion__hidden__shown\"><p><span style=\"font-weight: 400;\">elm direct est gratuit pour vous en tant que client. <\/span><span style=\"font-weight: 400;\">L\u2019Assurance des m\u00e9tiers met elm direct \u00e0 votre disposition comme service suppl\u00e9mentaire.<\/span><\/p>\n<p style=\"font-weight: 400;\"><br style=\"font-weight: 400;\" \/><br style=\"font-weight: 400;\" \/><\/p>\n<\/div><hr class=\"accordion__separate row__seps\"><\/div><\/section>\n\n\n\n<div style=\"height:100px\" aria-hidden=\"true\" class=\"wp-block-spacer\"><\/div>\n<\/div><\/div>\n\n\n\n<p><\/p>\n","protected":false},"excerpt":{"rendered":"<p>Questions fr\u00e9quemment pos\u00e9es sur la d\u00e9claration des masses salariales<\/p>\n","protected":false},"author":2,"featured_media":0,"parent":6814,"menu_order":0,"comment_status":"closed","ping_status":"closed","template":"","meta":{"_acf_changed":false,"iawp_total_views":540,"footnotes":""},"class_list":["post-19694","page","type-page","status-publish"],"acf":[],"_links":{"self":[{"href":"https:\/\/branchenversicherung.ch\/fr\/wp-json\/wp\/v2\/pages\/19694","targetHints":{"allow":["GET"]}}],"collection":[{"href":"https:\/\/branchenversicherung.ch\/fr\/wp-json\/wp\/v2\/pages"}],"about":[{"href":"https:\/\/branchenversicherung.ch\/fr\/wp-json\/wp\/v2\/types\/page"}],"author":[{"embeddable":true,"href":"https:\/\/branchenversicherung.ch\/fr\/wp-json\/wp\/v2\/users\/2"}],"replies":[{"embeddable":true,"href":"https:\/\/branchenversicherung.ch\/fr\/wp-json\/wp\/v2\/comments?post=19694"}],"version-history":[{"count":10,"href":"https:\/\/branchenversicherung.ch\/fr\/wp-json\/wp\/v2\/pages\/19694\/revisions"}],"predecessor-version":[{"id":19990,"href":"https:\/\/branchenversicherung.ch\/fr\/wp-json\/wp\/v2\/pages\/19694\/revisions\/19990"}],"up":[{"embeddable":true,"href":"https:\/\/branchenversicherung.ch\/fr\/wp-json\/wp\/v2\/pages\/6814"}],"wp:attachment":[{"href":"https:\/\/branchenversicherung.ch\/fr\/wp-json\/wp\/v2\/media?parent=19694"}],"curies":[{"name":"wp","href":"https:\/\/api.w.org\/{rel}","templated":true}]}}