{"id":20115,"date":"2025-05-06T12:20:29","date_gmt":"2025-05-06T10:20:29","guid":{"rendered":"https:\/\/branchenversicherung.ch\/?page_id=20115"},"modified":"2025-10-17T10:56:31","modified_gmt":"2025-10-17T08:56:31","slug":"assurance-vehicules-a-moteur","status":"publish","type":"page","link":"https:\/\/branchenversicherung.ch\/fr\/assure\/assurance-vehicules-a-moteur\/","title":{"rendered":"Assurance v\u00e9hicule \u00e0 moteur"},"content":{"rendered":"<section id=\"halfHeader-block_e17c741ef28503c949cb9975cb506d32\" class=\"halfHeader container__page\">\n  <div class=\"inside__hero__half imagineNow\">\n    <div class=\"half__description__row\">\n            <p class=\"parent__title__single\">  <a href=\"https:\/\/branchenversicherung.ch\/fr\/assure\/\">Assurances<\/a><\/p>\n          <h1 class=\"hero__title__h\">Assurance v\u00e9hicule \u00e0 moteur <\/h1>\n            <p class=\"description__row\"> Un d\u00e9rapage en hiver peut rapidement devenir tr\u00e8s on\u00e9reux. Avec notre assurance v\u00e9hicule \u00e0 moteur, vous \u00eates parfaitement assur\u00e9 et pouvez prendre la route en toute s\u00e9r\u00e9nit\u00e9.<\/p>\n         \n        \n                  \n      <!--<div  class=\"scroll__one__bottom with__new__arrow\"> <\/div>-->\n    <\/div>\n    <div class=\"half__image__row\">\n      <img decoding=\"async\" width=\"1000\" height=\"480\" src=\"https:\/\/branchenversicherung.ch\/wp-content\/uploads\/2022\/04\/BV_Startseite_beliebtesten_Produkte_Motorradversicherung_1000x480px.webp\" class=\"attachment-full size-full\" alt=\"\" srcset=\"https:\/\/branchenversicherung.ch\/wp-content\/uploads\/2022\/04\/BV_Startseite_beliebtesten_Produkte_Motorradversicherung_1000x480px.webp 1000w, https:\/\/branchenversicherung.ch\/wp-content\/uploads\/2022\/04\/BV_Startseite_beliebtesten_Produkte_Motorradversicherung_1000x480px-300x144.webp 300w, https:\/\/branchenversicherung.ch\/wp-content\/uploads\/2022\/04\/BV_Startseite_beliebtesten_Produkte_Motorradversicherung_1000x480px-768x369.webp 768w, https:\/\/branchenversicherung.ch\/wp-content\/uploads\/2022\/04\/BV_Startseite_beliebtesten_Produkte_Motorradversicherung_1000x480px-500x240.webp 500w\" sizes=\"(max-width: 1000px) 100vw, 1000px\" \/>    <\/div>\n  <\/div>\n<\/section>\n\n\n<div class=\"gb-container gb-container-c1b79790\"><div class=\"gb-inside-container\">\n<div class=\"gb-grid-wrapper gb-grid-wrapper-8baafd59\">\n<div class=\"gb-grid-column gb-grid-column-a79f536a\"><div class=\"gb-container gb-container-a79f536a entry-text-093\"><div class=\"gb-inside-container\">\n<section  class=\"icon-text columns-3\">\n    <div class=\"container\">\n                            <div class=\"row\">\n                                    <div class=\"col\">\n                                                    <img decoding=\"async\" class=\"icon\" src=\"https:\/\/branchenversicherung.ch\/wp-content\/uploads\/2024\/08\/Webseite_Icon_96x96px_KTG_Personlakosten_Kalkulierbar_24.png\" \/>\n                                                                        <p>Responsabilit\u00e9 civile, casco (partielle, dommage aux voitures parqu\u00e9es et collision)<\/p>\n                    <\/div>\n                                    <div class=\"col\">\n                                                    <img decoding=\"async\" class=\"icon\" src=\"https:\/\/branchenversicherung.ch\/wp-content\/uploads\/2024\/08\/Webseite_Icon_96x96px_Personalisierte_Versicherungsangebote_24.png\" \/>\n                                                                        <p>D\u00e9placements priv\u00e9s \u00e9galement couverts en tant qu\u2019entrepreneur ou entrepreneuse<\/p>\n                    <\/div>\n                                    <div class=\"col\">\n                                                    <img decoding=\"async\" class=\"icon\" src=\"https:\/\/branchenversicherung.ch\/wp-content\/uploads\/2024\/08\/Webseite_Icon_96x96px_Checkmark_24.png\" \/>\n                                                                        <p>Prestations compl\u00e9mentaires optionnelles<\/p>\n                    <\/div>\n                            <\/div>\n            <\/div>\n<\/section>\n\n<section  class=\"double-cta columns-1\">\n    <div class=\"container\">\n                    <div class=\"row\">\n                                    <div class=\"col\">\n                                                    <h4 class=\"title\">Demande d\u2019offre<\/h4>\n                                                <p>Recevez rapidement et facilement votre offre individuelle<\/p>\n                                                    <a class=\"button\" href=\"https:\/\/branchenversicherung.ch\/fr\/service\/demande-doffre\/\">Offre<\/a>\n                                            <\/div>\n                            <\/div>\n            <\/div>\n<\/section>\n\n\n<h2 class=\"wp-block-heading\">Aper\u00e7u de l\u2019assurance v\u00e9hicule \u00e0 moteur<\/h2>\n\n\n\n<p>Une assurance v\u00e9hicules \u00e0 moteur permet d\u2019assurer des v\u00e9hicules tels que voitures, motos, camions ou autres v\u00e9hicules automobiles et offre une protection financi\u00e8re en cas de dommages caus\u00e9s au v\u00e9hicule assur\u00e9 ou par celui-ci, ainsi qu\u2019en cas de pr\u00e9tentions en responsabilit\u00e9 vis-\u00e0-vis de tiers.<\/p>\n\n\n\n<p>On distingue, dans l\u2019assurance des v\u00e9hicules \u00e0 moteur, entre la responsabilit\u00e9 civile obligatoire et la casco facultative. L\u2019assurance responsabilit\u00e9 civile obligatoire couvre les dommages caus\u00e9s \u00e0 des tiers, alors que la casco partielle offre une protection contre le vol, le bris de glace et les \u00e9v\u00e9nements naturels. La casco compl\u00e8te couvre en outre les dommages caus\u00e9s \u00e0 votre v\u00e9hicule lors d\u2019accidents dont vous \u00eates responsable.<\/p>\n\n\n\n<div style=\"height:45px\" aria-hidden=\"true\" class=\"wp-block-spacer\"><\/div>\n\n\n\n<h2 class=\"gb-headline gb-headline-abdaa4ab gb-headline-text\">\u00c0 qui s\u2019adresse l\u2019assurance v\u00e9hicule \u00e0 moteur ?<\/h2>\n\n\n\n<h3 class=\"gb-headline gb-headline-e4c53197 gb-headline-text\">Assurance responsabilit\u00e9 civile obligatoire pour v\u00e9hicules \u00e0 moteur<\/h3>\n\n\n\n<p>En Suisse, l\u2019assurance responsabilit\u00e9 civile pour les v\u00e9hicules \u00e0 moteur est prescrite par la loi. Cela signifie que tous les propri\u00e9taires de v\u00e9hicule doivent souscrire une telle assurance pour leur v\u00e9hicule. Elle offre une protection contre les cons\u00e9quences financi\u00e8res si votre v\u00e9hicule cause des dommages \u00e0 d\u2019autres personnes ou \u00e0 leurs biens.<\/p>\n\n\n\n<div style=\"height:35px\" aria-hidden=\"true\" class=\"wp-block-spacer\"><\/div>\n\n\n\n<h3 class=\"gb-headline gb-headline-128c7078 gb-headline-text\">Assurances casco partielle et casco compl\u00e8te<\/h3>\n\n\n\n<p>Les assurances casco partielle et casco compl\u00e8te ne sont pas obligatoires. Le choix de l\u2019assurance appropri\u00e9e d\u00e9pend du v\u00e9hicule assur\u00e9, du \/ de la propri\u00e9taire du v\u00e9hicule et de ses pr\u00e9f\u00e9rences personnelles.<\/p>\n\n\n\n<div class=\"wp-block-group\"><div class=\"wp-block-group__inner-container is-layout-constrained wp-block-group-is-layout-constrained\">\n<h4 class=\"gb-headline gb-headline-e07c114c gb-headline-text\">Assurances casco partielle<\/h4>\n\n\n\n<p>La casco partielle est toujours recommand\u00e9e et couvre, par exemple, les dommages caus\u00e9s par le feu, le vol, les \u00e9v\u00e9nements naturels (gr\u00eale) et l\u2019eau. On peut parfois renoncer \u00e0 la casco partielle lorsque le v\u00e9hicule est tr\u00e8s ancien et que sa valeur est tr\u00e8s faible. Cela n\u00e9cessite toutefois toujours un examen au cas par cas.<\/p>\n\n\n\n<h4 class=\"gb-headline gb-headline-4d6cb69f gb-headline-text\">Assurances casco collision<\/h4>\n\n\n\n<p>La couverture \u00ab collision \u00bb convient en revanche aux v\u00e9hicules neufs ou de grande valeur, ainsi qu\u2019aux conducteurs et conductrices novices. Elle offre une protection plus compl\u00e8te, car elle couvre \u00e9galement les dommages subis par votre propre v\u00e9hicule, m\u00eame si l\u2019accident a \u00e9t\u00e9 caus\u00e9 par le conducteur ou la conductrice. De plus, la couverture \u00ab collision \u00bb est souvent exig\u00e9e dans les contrats de leasing ou de financement, afin de garantir une protection suffisante du v\u00e9hicule et de r\u00e9duire les pertes potentielles pour le propri\u00e9taire.<\/p>\n<\/div><\/div>\n\n\n\n<h3 class=\"gb-headline gb-headline-5f0e5265 gb-headline-text\">D\u00e9placements priv\u00e9s \u00e9galement couverts en tant qu\u2019entrepreneur ou entrepreneuse<\/h3>\n\n\n\n<p>L\u2019assurance v\u00e9hicule \u00e0 moteur de l\u2019Assurance des m\u00e9tiers s\u2019adresse principalement aux particuliers qui assurent (partiellement) leur entreprise aupr\u00e8s de l\u2019Assurance des m\u00e9tiers. En tant qu\u2019entrepreneur ou entrepreneuse, vous disposez donc d\u2019un seul partenaire comp\u00e9tent pour les questions d\u2019assurance, dans le domaine professionnel mais aussi dans le domaine priv\u00e9. Cela vous permet en outre de r\u00e9duire votre charge administrative.<\/p>\n\n\n<section  class=\"table\">\n    <div class=\"container\">\n                <h2 class=\"title\">Prestations de l\u2019assurance v\u00e9hicule \u00e0 moteur<\/h2>\n                            <p>Chez nous, vous pouvez choisir vous-m\u00eame la couverture optimale pour votre voiture ou votre moto en fonction de vos besoins personnels.<\/p>\n                            <div class=\"wrapper\">\n                <table style='width: 1036px; table-layout: fixed'>\n                                            <colgroup>\n                                                            <col style=\"width: 295px\">\n                                                            <col style=\"width: 370px\">\n                                                            <col style=\"width: 371px\">\n                                                    <\/colgroup>\n                                                                                        <tr>\n                                                                                                                                    <td style='background: #cccccc'><p><strong>Assurances<\/strong><\/p>\n<\/td>\n                                                                                                        <td style='background: #cccccc'><p><strong>Couverture de base<br \/>\n<\/strong><\/p>\n<\/td>\n                                                                                                        <td style='background: #cccccc'><p><strong>Prestations compl\u00e9mentaires optionnelles<br \/>\n<\/strong><\/p>\n<\/td>\n                                                                                    <\/tr>\n                                                                                            <tr>\n                                                                                                                                    <td style='background: #f4f4f4'><p>Assurance responsabilit\u00e9 civile<\/p>\n<\/td>\n                                                                                                        <td ><ul style=\"padding-left: 15px;\">\n<li>D\u00e9fense contre les pr\u00e9tentions injustifi\u00e9es<\/li>\n<li>D\u00e9dommagement en cas de pr\u00e9tentions justifi\u00e9es (somme assur\u00e9e CHF 100 millions)<\/li>\n<li>Faute grave<\/li>\n<\/ul>\n<\/td>\n                                                                                                        <td ><ul style=\"padding-left: 15px;\">\n<li>V\u00e9hicules d\u2019entreprise : dommages propres \u00e0 partir de 10 v\u00e9hicules et conditions particuli\u00e8res<\/li>\n<li>V\u00e9hicules priv\u00e9s : inclus<\/li>\n<\/ul>\n<\/td>\n                                                                                    <\/tr>\n                                                                                            <tr>\n                                                                                                                                    <td style='background: #f4f4f4'><p>Assurance casco partielle<\/p>\n<\/td>\n                                                                                                        <td ><ul style=\"padding-left: 15px;\">\n<li>Vols<\/li>\n<li>Bris de glaces<\/li>\n<li>Dommages caus\u00e9s par les animaux<\/li>\n<li>Effets personnels<\/li>\n<li>Etc.<\/li>\n<\/ul>\n<\/td>\n                                                                                                        <td ><ul style=\"padding-left: 15px;\">\n<li>Dommages caus\u00e9s \u00e0 un v\u00e9hicule en stationnement<\/li>\n<li>Etc.<\/li>\n<\/ul>\n<\/td>\n                                                                                    <\/tr>\n                                                                                            <tr>\n                                                                                                                                    <td style='background: #f4f4f4'><p>Assurance collision<\/p>\n<\/td>\n                                                                                                        <td ><ul style=\"padding-left: 15px;\">\n<li>Couverture des dommages caus\u00e9s \u00e0 son propre v\u00e9hicule<\/li>\n<li>Faut grave<\/li>\n<\/ul>\n<\/td>\n                                                                                                        <td ><ul style=\"padding-left: 15px;\">\n<li>Protection du prix d\u2019achat<\/li>\n<\/ul>\n<\/td>\n                                                                                    <\/tr>\n                                                            <\/table>\n            <\/div>\n            <\/div>\n<\/section>\n\n\n<p class=\"bv_minus-margin-top\">Les prestations d\u2019assistance telles que le d\u00e9pannage, la prise en charge des frais en cas de v\u00e9hicule en panne ainsi que le rapatriement peuvent \u00eatre assur\u00e9es comme couverture compl\u00e9mentaire. En outre, la couverture d\u2019assurance peut \u00eatre compl\u00e9t\u00e9e par une assurance-accidents pour le conducteur et les passagers, et par une couverture des dommages qui surviennent \u00e0 l\u2019\u00e9tranger.<\/p>\n\n\n\n<p>L\u2019assurance v\u00e9hicules \u00e0 moteur s\u2019inscrit dans le cadre de notre collaboration avec <a href=\"https:\/\/www.emmental-versicherung.ch\/fr\/bienvenue\" data-type=\"link\" data-id=\"https:\/\/www.emmental-versicherung.ch\/fr\/bienvenue\" target=\"_blank\" rel=\"noopener\">emmental assurance<\/a>.<\/p>\n\n\n\n<div style=\"height:35px\" aria-hidden=\"true\" class=\"wp-block-spacer\"><\/div>\n\n\n\n<h2 class=\"wp-block-heading\">Avantages de l\u2019assurance v\u00e9hicule \u00e0 moteur<\/h2>\n\n\n\n<ul class=\"wp-block-list\">\n<li>Protection financi\u00e8re contre les co\u00fbts \u00e9lev\u00e9s de r\u00e9paration ou de remplacement<\/li>\n\n\n\n<li>Couverture d\u2019assurance flexible, adapt\u00e9e aux besoins individuels et aux pr\u00e9f\u00e9rences en mati\u00e8re de risques<\/li>\n\n\n\n<li>N\u00e9gligence grave incluse dans la couverture de base<\/li>\n<\/ul>\n\n\n\n<div style=\"height:35px\" aria-hidden=\"true\" class=\"wp-block-spacer\"><\/div>\n\n\n\n<div style=\"height:35px\" aria-hidden=\"true\" class=\"wp-block-spacer\"><\/div>\n\n<\/div><\/div><\/div>\n<\/div>\n\n\n<h2 class=\"wp-block-heading\">Questions relatives \u00e0 l\u2019assurance v\u00e9hicule \u00e0 moteur<\/h2>\n\n\n\n<div style=\"height:16px\" aria-hidden=\"true\" class=\"wp-block-spacer\"><\/div>\n\n\n<section id=\"accordionB-block_64d7194b01dc23a0f3380ca381874c3a\" class=\"accordionB container__accordion\">\n  <div class=\"rows__accordion make__accordion\"><h3 class=\"accordion__title__down\"> <span class=\"acc__head__text\"> L\u2019assurance v\u00e9hicule \u00e0 moteur est-elle obligatoire ? <\/span><span class=\"icon__accordion__acc\"> <i class=\"fas fa-chevron-down\"><\/i>  <i class=\"fas fa-chevron-up\"><\/i> <\/span><\/h3><div class=\"accordion__hidden__shown\"><p>En Suisse, l\u2019assurance responsabilit\u00e9 civile pour les v\u00e9hicules \u00e0 moteur est prescrite par la loi. En revanche, les assurances casco partielle et collision sont facultatives.<\/p>\n<\/div><hr class=\"accordion__separate row__seps\"><\/div><div class=\"rows__accordion make__accordion\"><h3 class=\"accordion__title__down\"> <span class=\"acc__head__text\"> Combien co\u00fbte une assurance v\u00e9hicule \u00e0 moteur ?<\/span><span class=\"icon__accordion__acc\"> <i class=\"fas fa-chevron-down\"><\/i>  <i class=\"fas fa-chevron-up\"><\/i> <\/span><\/h3><div class=\"accordion__hidden__shown\"><p>Les co\u00fbts d\u2019une assurance v\u00e9hicule \u00e0 moteur d\u00e9pendent du type d\u2019assurance (responsabilit\u00e9 civile, casco partielle, collision) et des couvertures compl\u00e9mentaires telles que franchise, type de v\u00e9hicule, \u00e2ge du \/ de la conducteur\/-trice et de ses habitudes de conduite.<\/p>\n<\/div><hr class=\"accordion__separate row__seps\"><\/div><div class=\"rows__accordion make__accordion\"><h3 class=\"accordion__title__down\"> <span class=\"acc__head__text\"> \u00c0 partir de quand la couverture collision ne vaut-elle plus la peine ?<\/span><span class=\"icon__accordion__acc\"> <i class=\"fas fa-chevron-down\"><\/i>  <i class=\"fas fa-chevron-up\"><\/i> <\/span><\/h3><div class=\"accordion__hidden__shown\"><p>Dans la plupart des cas, la couverture collision reste avantageuse. Pour les v\u00e9hicules plus anciens, il peut toutefois \u00eatre judicieux de passer uniquement \u00e0 une assurance casco partielle. Cela d\u00e9pend toutefois fortement du v\u00e9hicule concern\u00e9 et des besoins individuels. C\u2019est pourquoi un examen pr\u00e9cis vaut toujours la peine.<\/p>\n<p>Avant de proc\u00e9der \u00e0 un changement, il est en tout cas recommand\u00e9 de v\u00e9rifier la diff\u00e9rence de prime entre la collision et la casco partielle ainsi que la valeur actuelle de remplacement de votre v\u00e9hicule. En parall\u00e8le, assurez-vous de pouvoir assumer les co\u00fbts de r\u00e9paration potentiellement \u00e9lev\u00e9s en cas de sinistre.<\/p>\n<\/div><hr class=\"accordion__separate row__seps\"><\/div><div class=\"rows__accordion make__accordion\"><h3 class=\"accordion__title__down\"> <span class=\"acc__head__text\"> Quelle est la diff\u00e9rence entre une assurance collision et une assurance casco partielle ?<\/span><span class=\"icon__accordion__acc\"> <i class=\"fas fa-chevron-down\"><\/i>  <i class=\"fas fa-chevron-up\"><\/i> <\/span><\/h3><div class=\"accordion__hidden__shown\"><p>L\u2019assurance collision couvre, outre les prestations de la casco partielle, les dommages caus\u00e9s \u00e0 votre v\u00e9hicule lors d\u2019accidents dont vous \u00eates responsable. En revanche, l\u2019assurance casco partielle offre une protection contre le vol, le bris de glace, les \u00e9v\u00e9nements naturels et les accidents dus au gibier, mais ne couvre pas les dommages dont vous \u00eates responsable.<\/p>\n<\/div><hr class=\"accordion__separate row__seps\"><\/div><\/section>\n\n\n\n<div style=\"height:8px\" aria-hidden=\"true\" class=\"wp-block-spacer\"><\/div>\n\n<\/div><\/div>\n\n<div class=\"gb-container gb-container-9300adcd\"><div class=\"gb-inside-container\">\n<section  class=\"double-cta columns-2\">\n    <div class=\"container\">\n                    <div class=\"row\">\n                                    <div class=\"col\">\n                                                    <h4 class=\"title\">Demander des conseils<\/h4>\n                                                <p>Contactez d\u00e8s maintenant un conseiller pr\u00e8s de chez vous<\/p>\n                                                    <a class=\"button\" href=\"https:\/\/branchenversicherung.ch\/fr\/service\/nos-conseillers-a-la-clientele-se-tiennent-a-votre-disposition\/\">Conseils<\/a>\n                                            <\/div>\n                                    <div class=\"col\">\n                                                    <h4 class=\"title\">Demande d\u2019offre<\/h4>\n                                                <p>Recevez rapidement et facilement votre offre individuelle<\/p>\n                                                    <a class=\"button\" href=\"https:\/\/branchenversicherung.ch\/fr\/service\/demande-doffre\/\">Offre<\/a>\n                                            <\/div>\n                            <\/div>\n            <\/div>\n<\/section>\n\n\n<div style=\"height:39px\" aria-hidden=\"true\" class=\"wp-block-spacer\"><\/div>\n\n\n<div class=\"rows__downloads make__accordion\"><h2 class=\"cat__title__down\">Documents \u00e0 t\u00e9l\u00e9charger<span class=\"icon__accordion__down\"> <i class=\"fas fa-chevron-down\"><\/i>  <i class=\"fas fa-chevron-up\"><\/i> <\/span><\/h2><div class=\"ul__list__downlaods \"><div class=\"list__downlaods seps\"><a class=\"download__ahref\" href=\"https:\/\/branchenversicherung.ch\/wp-content\/uploads\/2022\/02\/WDPPR639F-0421_Leistungsuebersicht.pdf\" download><span class=\"title__downloads\">Liste des prestations voitures de tourisme et motocycles - Allianz (2021)<\/span> <span class=\"file__icon__size\">pdf (51,07 KB) <i class=\"fas fa-download icon__in__download\"><\/i><\/span><\/a><hr class=\"download__separate\"><\/div><\/div><hr class=\"download__separate row__seps\"><\/div>\n\n\n\n<div style=\"height:63px\" aria-hidden=\"true\" class=\"wp-block-spacer\"><\/div>\n\n\n<div class=\"gb-grid-wrapper gb-grid-wrapper-e258ee92\">\n<div class=\"gb-grid-column gb-grid-column-b95b02c7\"><div class=\"gb-container gb-container-b95b02c7 eql__column\"><div class=\"gb-inside-container\">\n\n<figure class=\"gb-block-image gb-block-image-0c8d16d1\"><img decoding=\"async\" width=\"1024\" height=\"687\" class=\"gb-image gb-image-0c8d16d1 image__full\" src=\"https:\/\/branchenversicherung.ch\/wp-content\/uploads\/2021\/11\/BV_Teaser_alle_1120x752px_Einzelunfall-1024x687.jpg\" alt=\"\" title=\"BV_Teaser_alle_1120x752px_Einzelunfall\" srcset=\"https:\/\/branchenversicherung.ch\/wp-content\/uploads\/2021\/11\/BV_Teaser_alle_1120x752px_Einzelunfall-1024x687.jpg 1024w, https:\/\/branchenversicherung.ch\/wp-content\/uploads\/2021\/11\/BV_Teaser_alle_1120x752px_Einzelunfall-300x201.jpg 300w, https:\/\/branchenversicherung.ch\/wp-content\/uploads\/2021\/11\/BV_Teaser_alle_1120x752px_Einzelunfall-768x516.jpg 768w, https:\/\/branchenversicherung.ch\/wp-content\/uploads\/2021\/11\/BV_Teaser_alle_1120x752px_Einzelunfall-1536x1031.jpg 1536w, https:\/\/branchenversicherung.ch\/wp-content\/uploads\/2021\/11\/BV_Teaser_alle_1120x752px_Einzelunfall-2048x1375.jpg 2048w\" sizes=\"(max-width: 1024px) 100vw, 1024px\" \/><\/figure>\n\n<\/div><\/div><\/div>\n\n<div class=\"gb-grid-column gb-grid-column-ed4375f2\"><div class=\"gb-container gb-container-ed4375f2 make__me__relative\"><div class=\"gb-inside-container\">\n\n<p class=\"fix__p__no__margins\" style=\"font-size:14px\">Voir aussi<\/p>\n\n\n\n<h2 class=\"gb-headline gb-headline-095d0511 gb-headline-text\">Assurance-accidents individuelle<\/h2>\n\n\n\n<p>M\u00eame avec toutes les pr\u00e9cautions n\u00e9cessaires, rien ne garantit l\u2019absence d\u2019accidents. Nous intervenons lorsque l\u2019assistance l\u00e9gale cesse de s\u2019appliquer.<\/p>\n\n\n\n<p class=\"half__button__icon adjust__bottom\"><a href=\"https:\/\/branchenversicherung.ch\/fr\/assure\/assurance-accidents-individuelle\/\" data-type=\"URL\">En savoir plus<\/a><\/p>\n\n<\/div><\/div><\/div>\n<\/div>\n\n\n<div style=\"height:35px\" aria-hidden=\"true\" class=\"wp-block-spacer\"><\/div>\n\n\n\n<div style=\"height:100px\" aria-hidden=\"true\" class=\"wp-block-spacer\"><\/div>\n\n<\/div><\/div>","protected":false},"excerpt":{"rendered":"<p>Questions relatives \u00e0 l\u2019assurance v\u00e9hicule \u00e0 moteur<\/p>\n","protected":false},"author":2,"featured_media":0,"parent":21581,"menu_order":0,"comment_status":"closed","ping_status":"closed","template":"","meta":{"_acf_changed":false,"iawp_total_views":39,"footnotes":""},"class_list":["post-20115","page","type-page","status-publish"],"acf":[],"_links":{"self":[{"href":"https:\/\/branchenversicherung.ch\/fr\/wp-json\/wp\/v2\/pages\/20115","targetHints":{"allow":["GET"]}}],"collection":[{"href":"https:\/\/branchenversicherung.ch\/fr\/wp-json\/wp\/v2\/pages"}],"about":[{"href":"https:\/\/branchenversicherung.ch\/fr\/wp-json\/wp\/v2\/types\/page"}],"author":[{"embeddable":true,"href":"https:\/\/branchenversicherung.ch\/fr\/wp-json\/wp\/v2\/users\/2"}],"replies":[{"embeddable":true,"href":"https:\/\/branchenversicherung.ch\/fr\/wp-json\/wp\/v2\/comments?post=20115"}],"version-history":[{"count":15,"href":"https:\/\/branchenversicherung.ch\/fr\/wp-json\/wp\/v2\/pages\/20115\/revisions"}],"predecessor-version":[{"id":22536,"href":"https:\/\/branchenversicherung.ch\/fr\/wp-json\/wp\/v2\/pages\/20115\/revisions\/22536"}],"up":[{"embeddable":true,"href":"https:\/\/branchenversicherung.ch\/fr\/wp-json\/wp\/v2\/pages\/21581"}],"wp:attachment":[{"href":"https:\/\/branchenversicherung.ch\/fr\/wp-json\/wp\/v2\/media?parent=20115"}],"curies":[{"name":"wp","href":"https:\/\/api.w.org\/{rel}","templated":true}]}}