{"id":20271,"date":"2025-04-03T16:54:42","date_gmt":"2025-04-03T14:54:42","guid":{"rendered":"https:\/\/branchenversicherung.ch\/?page_id=20271"},"modified":"2026-04-09T09:00:31","modified_gmt":"2026-04-09T07:00:31","slug":"assemblee-generale","status":"publish","type":"page","link":"https:\/\/branchenversicherung.ch\/fr\/a-propos-de-nous\/assemblee-generale\/","title":{"rendered":"Assembl\u00e9e g\u00e9n\u00e9rale"},"content":{"rendered":"<section id=\"halfHeader-block_b82a99f7722a46135d868b15ac020c18\" class=\"halfHeader container__page\">\n  <div class=\"inside__hero__half imagineNow\">\n    <div class=\"half__description__row\">\n            <p class=\"parent__title__single\">  <a href=\"https:\/\/branchenversicherung.ch\/fr\/a-propos-de-nous\/\">\u00c0 propos de nous<\/a><\/p>\n          <h1 class=\"hero__title__h\">Assembl\u00e9e g\u00e9n\u00e9rale <\/h1>\n            <p class=\"description__row\"> L\u2019assembl\u00e9e g\u00e9n\u00e9rale annuelle des membres est l\u2019instance supr\u00eame de la Coop\u00e9rative d\u2019assurance des m\u00e9tiers et a lieu au cours du 2e trimestre. Les membres peuvent participer \u00e0 l\u2019assembl\u00e9e g\u00e9n\u00e9rale.<\/p>\n         \n        \n                  \n      <!--<div  class=\"scroll__one__bottom with__new__arrow\"> <\/div>-->\n    <\/div>\n    <div class=\"half__image__row\">\n      <img decoding=\"async\" width=\"1680\" height=\"980\" src=\"https:\/\/branchenversicherung.ch\/wp-content\/uploads\/2025\/01\/Header_GV-Anmeldung_1680x980px_25-1.jpg\" class=\"attachment-full size-full\" alt=\"Ordentliche Generalversammlung der Branchen Versicherung.\" srcset=\"https:\/\/branchenversicherung.ch\/wp-content\/uploads\/2025\/01\/Header_GV-Anmeldung_1680x980px_25-1.jpg 1680w, https:\/\/branchenversicherung.ch\/wp-content\/uploads\/2025\/01\/Header_GV-Anmeldung_1680x980px_25-1-300x175.jpg 300w, https:\/\/branchenversicherung.ch\/wp-content\/uploads\/2025\/01\/Header_GV-Anmeldung_1680x980px_25-1-1024x597.jpg 1024w, https:\/\/branchenversicherung.ch\/wp-content\/uploads\/2025\/01\/Header_GV-Anmeldung_1680x980px_25-1-768x448.jpg 768w, https:\/\/branchenversicherung.ch\/wp-content\/uploads\/2025\/01\/Header_GV-Anmeldung_1680x980px_25-1-1536x896.jpg 1536w\" sizes=\"(max-width: 1680px) 100vw, 1680px\" \/>    <\/div>\n  <\/div>\n<\/section>\n\n\n<div class=\"gb-container gb-container-2dfcaad3\"><div class=\"gb-inside-container\">\n<div class=\"gb-grid-wrapper gb-grid-wrapper-b54a26f8\">\n<div class=\"gb-grid-column gb-grid-column-84579a6d\"><div class=\"gb-container gb-container-84579a6d\"><div class=\"gb-inside-container\">\n\n<p>Chaque membre re\u00e7oit une invitation personnelle avec l\u2019ordre du jour de l\u2019assembl\u00e9e g\u00e9n\u00e9rale. L\u2019ordre du jour est \u00e9galement publi\u00e9 sur cette page et dans d\u2019autres m\u00e9dias.<\/p>\n\n\n\n<p>La prochaine assembl\u00e9e g\u00e9n\u00e9rale ordinaire de cette ann\u00e9 la Coop\u00e9rative d\u2019assurance des m\u00e9tiers se tient <strong>le mercredi 27 mai 2026 (\u00e0 partir de 10.00 h)<\/strong> au restaurant \u00e9v\u00e9nementiel Metropol \u00e0 Zurich.<\/p>\n\n<\/div><\/div><\/div>\n<\/div>\n\n\n<div style=\"height:47px\" aria-hidden=\"true\" class=\"wp-block-spacer\"><\/div>\n\n<\/div><\/div>\n\n<section  class=\"double-cta columns-2\">\n    <div class=\"container\">\n                    <div class=\"row\">\n                                    <div class=\"col\">\n                                                    <h4 class=\"title\">S\u2019inscrire \u00e0 l\u2019AG<\/h4>\n                                                <p>Je suis membre et souhaite m\u2019inscrire \u00e0 l\u2019assembl\u00e9e g\u00e9n\u00e9rale.<\/p>\n                                                    <a class=\"button\" href=\"https:\/\/branchenversicherung.ch\/fr\/service\/inscription-lassemblee-generale\/\">S\u2019inscrire<\/a>\n                                            <\/div>\n                                    <div class=\"col\">\n                                                    <h4 class=\"title\">Changement d\u2019adresse<\/h4>\n                                                <p>Je souhaite notifier un changement d\u2019adresse.<\/p>\n                                                    <a class=\"button\" href=\"https:\/\/branchenversicherung.ch\/fr\/modifier-ladresse\/\">Saisir la nouvelle adresse<\/a>\n                                            <\/div>\n                            <\/div>\n            <\/div>\n<\/section>\n\n<div class=\"gb-container gb-container-f3d9ed71\"><div class=\"gb-inside-container\">\n\n<p><\/p>\n\n\n<div class=\"rows__downloads make__accordion\"><h2 class=\"cat__title__down\">Assembl\u00e9e g\u00e9n\u00e9rale 2025<span class=\"icon__accordion__down\"> <i class=\"fas fa-chevron-down\"><\/i>  <i class=\"fas fa-chevron-up\"><\/i> <\/span><\/h2><div class=\"ul__list__downlaods \"><div class=\"list__downlaods seps\"><a class=\"download__ahref\" download href=\"https:\/\/branchenversicherung.ch\/wp-content\/uploads\/2025\/06\/GV25_Beschlussprotokoll_202x280_FR_RZ.pdf\"><span class=\"title__downloads\">Proc\u00e8s-verbal des d\u00e9cisions 2025<\/span> <span class=\"file__icon__size\">pdf (500,66 KB) <i class=\"fas fa-download icon__in__download\"><\/i><\/span><\/a><hr class=\"download__separate\"><\/div><div class=\"list__downlaods seps\"><a class=\"download__ahref\" download href=\"https:\/\/branchenversicherung.ch\/wp-content\/uploads\/2025\/04\/BranchenVersicherung_Geschaeftsbericht2024_OR_FR_RZ.pdf\"><span class=\"title__downloads\">Rapport annuel 2024<\/span> <span class=\"file__icon__size\">pdf (363,22 KB) <i class=\"fas fa-download icon__in__download\"><\/i><\/span><\/a><hr class=\"download__separate\"><\/div><\/div><hr class=\"download__separate row__seps\"><\/div><div class=\"rows__downloads make__accordion\"><h2 class=\"cat__title__down\">Assembl\u00e9e g\u00e9n\u00e9rale 2024<span class=\"icon__accordion__down\"> <i class=\"fas fa-chevron-down\"><\/i>  <i class=\"fas fa-chevron-up\"><\/i> <\/span><\/h2><div class=\"ul__list__downlaods \"><div class=\"list__downlaods seps\"><a class=\"download__ahref\" download href=\"https:\/\/branchenversicherung.ch\/wp-content\/uploads\/2024\/06\/GV24_Beschlussprotokoll_FR.pdf\"><span class=\"title__downloads\">Proc\u00e8s-verbal des d\u00e9cisions 2024<\/span> <span class=\"file__icon__size\">pdf (53,28 KB) <i class=\"fas fa-download icon__in__download\"><\/i><\/span><\/a><hr class=\"download__separate\"><\/div><div class=\"list__downlaods seps\"><a class=\"download__ahref\" download href=\"https:\/\/branchenversicherung.ch\/wp-content\/uploads\/2024\/04\/AM-Rapport-annuel-2023.pdf\"><span class=\"title__downloads\">Rapport annuel 2023<\/span> <span class=\"file__icon__size\">pdf (2,11 MB) <i class=\"fas fa-download icon__in__download\"><\/i><\/span><\/a><hr class=\"download__separate\"><\/div><\/div><hr class=\"download__separate row__seps\"><\/div><div class=\"rows__downloads make__accordion\"><h2 class=\"cat__title__down\">Assembl\u00e9e g\u00e9n\u00e9rale 2023<span class=\"icon__accordion__down\"> <i class=\"fas fa-chevron-down\"><\/i>  <i class=\"fas fa-chevron-up\"><\/i> <\/span><\/h2><div class=\"ul__list__downlaods \"><div class=\"list__downlaods seps\"><a class=\"download__ahref\" download href=\"https:\/\/branchenversicherung.ch\/wp-content\/uploads\/2023\/06\/GV23_Beschlussprotokoll_Inserat_FR_202x280_RZ-1.pdf\"><span class=\"title__downloads\">Proc\u00e8s-verbal des d\u00e9cisions 2023<\/span> <span class=\"file__icon__size\">pdf (533,02 KB) <i class=\"fas fa-download icon__in__download\"><\/i><\/span><\/a><hr class=\"download__separate\"><\/div><div class=\"list__downlaods seps\"><a class=\"download__ahref\" download href=\"https:\/\/branchenversicherung.ch\/wp-content\/uploads\/2023\/05\/BV_GB22_Online_Zahlenteil_OR_FR_RZ_Download_Doppel.pdf\"><span class=\"title__downloads\">Rapport annuel 2022<\/span> <span class=\"file__icon__size\">pdf (2,26 MB) <i class=\"fas fa-download icon__in__download\"><\/i><\/span><\/a><hr class=\"download__separate\"><\/div><\/div><hr class=\"download__separate row__seps\"><\/div>\n\n\n\n<div style=\"height:85px\" aria-hidden=\"true\" class=\"wp-block-spacer\"><\/div>\n\n\n\n<h2 class=\"wp-block-heading\">L\u2019assembl\u00e9e g\u00e9n\u00e9rale de la Coop\u00e9rative d\u2019assurance des m\u00e9tiers<\/h2>\n\n\n\n<p>La coop\u00e9rative est une forme juridique destin\u00e9e aux entreprises qui ont des int\u00e9r\u00eats \u00e9conomiques ou sociaux communs. Dans une coop\u00e9rative, l\u2019accent est mis sur l\u2019entraide \u00e9conomique de ses membres. Les personnes sont toujours prioritaires, le b\u00e9n\u00e9fice est optimis\u00e9 et non maximis\u00e9.<\/p>\n\n\n\n<p>C\u2019est dans cet esprit que la Coop\u00e9rative d\u2019assurance des m\u00e9tiers a \u00e9t\u00e9 fond\u00e9e en&nbsp;1902 en qualit\u00e9 d\u2019organisation d\u2019entraide des ma\u00eetres-bouchers. Aujourd\u2019hui, un grand nombre de secteurs b\u00e9n\u00e9ficient des valeurs de notre coop\u00e9rative. Chaque entreprise qui souscrit une assurance chez nous devient membre et obtient ainsi une voix \u00e0 l\u2019assembl\u00e9e g\u00e9n\u00e9rale. <\/p>\n\n<\/div><\/div>\n\n<div class=\"gb-container gb-container-a1477f92\"><div class=\"gb-inside-container\">\n<div class=\"gb-grid-wrapper gb-grid-wrapper-8e4aa031\">\n<div class=\"gb-grid-column gb-grid-column-f196dc8c\"><div class=\"gb-container gb-container-f196dc8c eql__column\"><div class=\"gb-inside-container\">\n\n<figure class=\"wp-block-image size-full image__full\"><img decoding=\"async\" width=\"1650\" height=\"1200\" src=\"https:\/\/branchenversicherung.ch\/wp-content\/uploads\/2025\/04\/BV_Generalversammlung_GB_1650x1200px-1.jpg\" alt=\"\" class=\"wp-image-20614\" srcset=\"https:\/\/branchenversicherung.ch\/wp-content\/uploads\/2025\/04\/BV_Generalversammlung_GB_1650x1200px-1.jpg 1650w, https:\/\/branchenversicherung.ch\/wp-content\/uploads\/2025\/04\/BV_Generalversammlung_GB_1650x1200px-1-300x218.jpg 300w, https:\/\/branchenversicherung.ch\/wp-content\/uploads\/2025\/04\/BV_Generalversammlung_GB_1650x1200px-1-1024x745.jpg 1024w, https:\/\/branchenversicherung.ch\/wp-content\/uploads\/2025\/04\/BV_Generalversammlung_GB_1650x1200px-1-768x559.jpg 768w, https:\/\/branchenversicherung.ch\/wp-content\/uploads\/2025\/04\/BV_Generalversammlung_GB_1650x1200px-1-1536x1117.jpg 1536w\" sizes=\"(max-width: 1650px) 100vw, 1650px\" \/><\/figure>\n\n<\/div><\/div><\/div>\n\n<div class=\"gb-grid-column gb-grid-column-64251c42\"><div class=\"gb-container gb-container-64251c42 make__me__relative\"><div class=\"gb-inside-container\">\n\n<p class=\"has-small-font-size\">Cela pourrait \u00e9galement vous int\u00e9resser :<\/p>\n\n\n\n<h2 class=\"gb-headline gb-headline-c904983e gb-headline-text\">Rapport annuel 2024<\/h2>\n\n\n\n<p>Il vous fournit un aper\u00e7u complet de l\u2019\u00e9volution de l\u2019activit\u00e9 au cours de l\u2019ann\u00e9e sous revue. Vous trouverez tous les chiffres du bilan, du compte de r\u00e9sultats, du compte des flux de tr\u00e9sorerie ainsi que des explications sur la situation financi\u00e8re.<\/p>\n\n\n\n<p class=\"half__button__icon should__be__bottom has-global-color-8-color has-text-color has-link-color wp-elements-2e9717e7d905125363621c19d8173b1a\"><a href=\"http:\/\/report.branchenversicherung.ch\/fr\" data-type=\"link\" data-id=\"report.branchenversicherung.ch\">En savoir plus<\/a><\/p>\n\n<\/div><\/div><\/div>\n<\/div>\n\n\n<h2 class=\"wp-block-heading\"><\/h2>\n\n<\/div><\/div>\n\n<div class=\"gb-container gb-container-02306c13\"><div class=\"gb-inside-container\">\n<div class=\"gb-grid-wrapper gb-grid-wrapper-7da41cc9\">\n<div class=\"gb-grid-column gb-grid-column-5ed315d7\"><div class=\"gb-container gb-container-5ed315d7 eql__column\"><div class=\"gb-inside-container\">\n\n<figure class=\"wp-block-image size-large\"><img decoding=\"async\" width=\"1024\" height=\"688\" src=\"https:\/\/branchenversicherung.ch\/wp-content\/uploads\/2025\/06\/VR_BV_2025_2-1024x688.jpg\" alt=\"\" class=\"wp-image-21640\" srcset=\"https:\/\/branchenversicherung.ch\/wp-content\/uploads\/2025\/06\/VR_BV_2025_2-1024x688.jpg 1024w, https:\/\/branchenversicherung.ch\/wp-content\/uploads\/2025\/06\/VR_BV_2025_2-300x202.jpg 300w, https:\/\/branchenversicherung.ch\/wp-content\/uploads\/2025\/06\/VR_BV_2025_2-768x516.jpg 768w, https:\/\/branchenversicherung.ch\/wp-content\/uploads\/2025\/06\/VR_BV_2025_2.jpg 1114w\" sizes=\"(max-width: 1024px) 100vw, 1024px\" \/><\/figure>\n\n<\/div><\/div><\/div>\n\n<div class=\"gb-grid-column gb-grid-column-22070e33\"><div class=\"gb-container gb-container-22070e33 make__me__relative\"><div class=\"gb-inside-container\">\n\n<p class=\"has-small-font-size\">Cela pourrait \u00e9galement vous int\u00e9resser :<\/p>\n\n\n\n<h2 class=\"gb-headline gb-headline-d616a184 gb-headline-text\">Le conseil d\u2019administration de notre coop\u00e9rative<\/h2>\n\n\n\n<p>Notre conseil d\u2019administration veille \u00e0 ce que notre coop\u00e9rative exerce ses droits et respecte ses obligations. Depuis 2022, son pr\u00e9sident est Yves Gyr.<\/p>\n\n\n\n<p class=\"half__button__icon should__be__bottom has-global-color-8-color has-text-color has-link-color wp-elements-0b9361efd6613f53ce0a04ba07eb7595\"><a href=\"https:\/\/branchenversicherung.ch\/fr\/conseil-dadministration\/\" data-type=\"link\" data-id=\"https:\/\/branchenversicherung.ch\/fr\/conseil-dadministration\/\">En savoir plus<\/a><\/p>\n\n<\/div><\/div><\/div>\n<\/div>\n\n\n<h2 class=\"wp-block-heading\"><\/h2>\n\n\n<section  class=\"icon-text\">\n    <div class=\"container\">\n                    <\/div>\n<\/section>\n\n  <div id=\"downloads-block_fd2088894ddf9298e15333a79e1a956c\" class=\"downloads\">\n    <\/div>\n\n<\/div><\/div>","protected":false},"excerpt":{"rendered":"<p>L\u2019assembl\u00e9e g\u00e9n\u00e9rale de la Coop\u00e9rative d\u2019assurance des m\u00e9tiers La coop\u00e9rative est une forme juridique destin\u00e9e aux entreprises qui ont des int\u00e9r\u00eats \u00e9conomiques ou sociaux communs. Dans une coop\u00e9rative, l\u2019accent est mis sur l\u2019entraide \u00e9conomique de ses membres. Les personnes sont toujours prioritaires, le b\u00e9n\u00e9fice est optimis\u00e9 et non maximis\u00e9. C\u2019est dans cet esprit que la &#8230; <a title=\"Assembl\u00e9e g\u00e9n\u00e9rale\" class=\"read-more\" href=\"https:\/\/branchenversicherung.ch\/fr\/a-propos-de-nous\/assemblee-generale\/\" aria-label=\"Plus sur Assembl\u00e9e g\u00e9n\u00e9rale\">Lire plus<\/a><\/p>\n","protected":false},"author":2,"featured_media":0,"parent":6830,"menu_order":0,"comment_status":"closed","ping_status":"closed","template":"","meta":{"_acf_changed":false,"iawp_total_views":45,"footnotes":""},"class_list":["post-20271","page","type-page","status-publish"],"acf":[],"_links":{"self":[{"href":"https:\/\/branchenversicherung.ch\/fr\/wp-json\/wp\/v2\/pages\/20271","targetHints":{"allow":["GET"]}}],"collection":[{"href":"https:\/\/branchenversicherung.ch\/fr\/wp-json\/wp\/v2\/pages"}],"about":[{"href":"https:\/\/branchenversicherung.ch\/fr\/wp-json\/wp\/v2\/types\/page"}],"author":[{"embeddable":true,"href":"https:\/\/branchenversicherung.ch\/fr\/wp-json\/wp\/v2\/users\/2"}],"replies":[{"embeddable":true,"href":"https:\/\/branchenversicherung.ch\/fr\/wp-json\/wp\/v2\/comments?post=20271"}],"version-history":[{"count":21,"href":"https:\/\/branchenversicherung.ch\/fr\/wp-json\/wp\/v2\/pages\/20271\/revisions"}],"predecessor-version":[{"id":23074,"href":"https:\/\/branchenversicherung.ch\/fr\/wp-json\/wp\/v2\/pages\/20271\/revisions\/23074"}],"up":[{"embeddable":true,"href":"https:\/\/branchenversicherung.ch\/fr\/wp-json\/wp\/v2\/pages\/6830"}],"wp:attachment":[{"href":"https:\/\/branchenversicherung.ch\/fr\/wp-json\/wp\/v2\/media?parent=20271"}],"curies":[{"name":"wp","href":"https:\/\/api.w.org\/{rel}","templated":true}]}}