{"id":20399,"date":"2025-05-06T12:01:08","date_gmt":"2025-05-06T10:01:08","guid":{"rendered":"https:\/\/branchenversicherung.ch\/?page_id=20399"},"modified":"2025-10-17T13:53:31","modified_gmt":"2025-10-17T11:53:31","slug":"assurance-responsabilite-civile-dentreprise","status":"publish","type":"page","link":"https:\/\/branchenversicherung.ch\/fr\/assure\/assurance-responsabilite-civile-dentreprise\/","title":{"rendered":"Assurance responsabilit\u00e9 civile d\u2019entreprise"},"content":{"rendered":"<section id=\"halfHeader-block_9b2970f4be298543982e4133ca1b6cd0\" class=\"halfHeader container__page\">\n  <div class=\"inside__hero__half imagineNow\">\n    <div class=\"half__description__row\">\n            <p class=\"parent__title__single\">  <a href=\"https:\/\/branchenversicherung.ch\/fr\/assure\/\">Assurances<\/a><\/p>\n          <h1 class=\"hero__title__h\">Assurance responsabilit\u00e9 civile d\u2019entreprise <\/h1>\n            <p class=\"description__row\"> Un client tr\u00e9buche sur des marchandises dans votre magasin, un incendie de bureau endommage un b\u00e2timent voisin ou une erreur de livraison cause des dommages financiers au client. Les dommages corporels et mat\u00e9riels arrivent plus vite qu\u2019on ne le croit. L\u2019assurance responsabilit\u00e9 civile d\u2019entreprise offre \u00e0 votre entreprise une protection contre les cons\u00e9quences financi\u00e8res de tels dommages.<\/p>\n         \n        \n                  \n      <!--<div  class=\"scroll__one__bottom with__new__arrow\"> <\/div>-->\n    <\/div>\n    <div class=\"half__image__row\">\n      <img decoding=\"async\" width=\"2560\" height=\"1493\" src=\"https:\/\/branchenversicherung.ch\/wp-content\/uploads\/2021\/11\/BV_Leistung_Produkte_Header_1680x980px_Betriebshaftpflicht-scaled.jpg\" class=\"attachment-full size-full\" alt=\"\" srcset=\"https:\/\/branchenversicherung.ch\/wp-content\/uploads\/2021\/11\/BV_Leistung_Produkte_Header_1680x980px_Betriebshaftpflicht-scaled.jpg 2560w, https:\/\/branchenversicherung.ch\/wp-content\/uploads\/2021\/11\/BV_Leistung_Produkte_Header_1680x980px_Betriebshaftpflicht-300x175.jpg 300w, https:\/\/branchenversicherung.ch\/wp-content\/uploads\/2021\/11\/BV_Leistung_Produkte_Header_1680x980px_Betriebshaftpflicht-1024x597.jpg 1024w, https:\/\/branchenversicherung.ch\/wp-content\/uploads\/2021\/11\/BV_Leistung_Produkte_Header_1680x980px_Betriebshaftpflicht-768x448.jpg 768w, https:\/\/branchenversicherung.ch\/wp-content\/uploads\/2021\/11\/BV_Leistung_Produkte_Header_1680x980px_Betriebshaftpflicht-1536x896.jpg 1536w, https:\/\/branchenversicherung.ch\/wp-content\/uploads\/2021\/11\/BV_Leistung_Produkte_Header_1680x980px_Betriebshaftpflicht-2048x1195.jpg 2048w\" sizes=\"(max-width: 2560px) 100vw, 2560px\" \/>    <\/div>\n  <\/div>\n<\/section>\n\n\n<div class=\"gb-container gb-container-c1b79790\"><div class=\"gb-inside-container\">\n<div class=\"gb-grid-wrapper gb-grid-wrapper-8baafd59\">\n<div class=\"gb-grid-column gb-grid-column-a79f536a\"><div class=\"gb-container gb-container-a79f536a entry-text-093\"><div class=\"gb-inside-container\">\n<section  class=\"icon-text columns-3\">\n    <div class=\"container\">\n                            <div class=\"row\">\n                                    <div class=\"col\">\n                                                    <img decoding=\"async\" class=\"icon\" src=\"https:\/\/branchenversicherung.ch\/wp-content\/uploads\/2024\/08\/Webseite_Icon_96x96px_KTG_Personlakosten_Kalkulierbar_24.png\" \/>\n                                                                        <p>Couverture sp\u00e9cifique \u00e0 la branche<\/p>\n                    <\/div>\n                                    <div class=\"col\">\n                                                    <img decoding=\"async\" class=\"icon\" src=\"https:\/\/branchenversicherung.ch\/wp-content\/uploads\/2024\/08\/Webseite_Icon_96x96px_Provisions\u00adunabhaengigkeit_24.png\" \/>\n                                                                        <p>Recommand\u00e9e pour toutes les entreprises<\/p>\n                    <\/div>\n                                    <div class=\"col\">\n                                                    <img decoding=\"async\" class=\"icon\" src=\"https:\/\/branchenversicherung.ch\/wp-content\/uploads\/2024\/08\/Webseite_Icon_96x96px_Checkmark_24.png\" \/>\n                                                                        <p>Double garantie<\/p>\n                    <\/div>\n                            <\/div>\n            <\/div>\n<\/section>\n\n\n<div style=\"height:1px\" aria-hidden=\"true\" class=\"wp-block-spacer\"><\/div>\n\n\n<section  class=\"double-cta columns-1\">\n    <div class=\"container\">\n                    <div class=\"row\">\n                                    <div class=\"col\">\n                                                    <h4 class=\"title\">Demande d\u2019offre<\/h4>\n                                                <p>Recevez rapidement et facilement votre offre individuelle<\/p>\n                                                    <a class=\"button\" href=\"https:\/\/branchenversicherung.ch\/fr\/service\/demande-doffre\/\">Offre<\/a>\n                                            <\/div>\n                            <\/div>\n            <\/div>\n<\/section>\n\n\n<div style=\"height:45px\" aria-hidden=\"true\" class=\"wp-block-spacer\"><\/div>\n\n\n\n<h2 class=\"gb-headline gb-headline-abdaa4ab gb-headline-text\"><strong><strong><strong><strong><strong><strong>Aper\u00e7u de la responsabilit\u00e9 civile d\u2019entreprise<\/strong><\/strong><\/strong><\/strong><\/strong><\/strong><\/h2>\n\n\n\n<p>L\u2019assurance responsabilit\u00e9 civile d\u2019entreprise a le m\u00eame objectif que l\u2019assurance responsabilit\u00e9 civile priv\u00e9e, mais couvre une entreprise ou une exploitation et non un particulier. Elle offre une protection contre les cons\u00e9quences financi\u00e8res d\u2019un dommage caus\u00e9 involontairement par une entreprise \u00e0 des tiers. La responsabilit\u00e9 civile d\u2019entreprise n\u2019est pas obligatoire en Suisse mais elle est recommand\u00e9e pour toute entreprise, car selon la loi suisse sur la responsabilit\u00e9 civile, les entreprises sont responsables des dommages corporels, mat\u00e9riels ou financiers en cas de faute.<\/p>\n\n\n\n<div style=\"height:45px\" aria-hidden=\"true\" class=\"wp-block-spacer\"><\/div>\n\n\n\n<div style=\"height:45px\" aria-hidden=\"true\" class=\"wp-block-spacer\"><\/div>\n\n\n\n<h2 class=\"gb-headline gb-headline-5d924a56 gb-headline-text\"><strong><strong><strong><strong><strong>\u00c0 qui s\u2019adresse l\u2019assurance responsabilit\u00e9 civile d\u2019entreprise ?<\/strong><\/strong><\/strong><\/strong><\/strong><\/h2>\n\n\n\n<p>L\u2019assurance responsabilit\u00e9 civile d\u2019entreprise est vivement recommand\u00e9e aux entreprises, travailleurs ind\u00e9pendants et professions lib\u00e9rales, quel que soit leur branche ou leur taille. Toute entreprise peut nuire involontairement \u00e0 des tiers ou aux biens d\u2019autrui et est responsable des dommages corporels, mat\u00e9riels ou financiers qui en r\u00e9sultent. L\u2019assurance responsabilit\u00e9 civile pour les entreprises prot\u00e8ge les soci\u00e9t\u00e9s contre les risques financiers d\u00e9coulant de tels dommages.<\/p>\n\n\n\n<div style=\"height:45px\" aria-hidden=\"true\" class=\"wp-block-spacer\"><\/div>\n\n\n\n<div style=\"height:45px\" aria-hidden=\"true\" class=\"wp-block-spacer\"><\/div>\n\n\n\n<h2 class=\"gb-headline gb-headline-dd24f068 gb-headline-text\"><strong><strong><strong><strong><strong><strong>Prestations de l\u2019assurance responsabilit\u00e9 civile d\u2019entreprise<\/strong><\/strong><\/strong><\/strong><\/strong><\/strong><\/h2>\n\n\n\n<p>La responsabilit\u00e9 civile d\u2019entreprise couvre les dommages d\u00e9coulant des risques usuels de votre entreprise. En outre, les risques li\u00e9s aux produits fabriqu\u00e9s par votre entreprise sont \u00e9galement couverts.<\/p>\n\n\n\n<h3 class=\"gb-headline gb-headline-2ce1ecae gb-headline-text\"><strong><strong><strong><strong>Couverture de base<\/strong><\/strong><\/strong><\/strong><\/h3>\n\n\n\n<ul class=\"wp-block-list\">\n<li>Risques li\u00e9s \u00e0 des investissements : tous les risques d\u00e9coulant d\u2019investissements tels que terrain, \u00e9quipements d\u2019exploitation, b\u00e2timents, locaux, etc. Qu\u2019ils soient lou\u00e9s ou en propri\u00e9t\u00e9.<\/li>\n\n\n\n<li>Risques op\u00e9rationnels : tous les risques d\u00e9coulant de l\u2019activit\u00e9 de votre entreprise.<\/li>\n\n\n\n<li>Risques li\u00e9s aux produits : tous les risques d\u00e9coulant des produits que vous fabriquez ; y c. d\u00e9fauts de fabrication.<\/li>\n\n\n\n<li>Risques annexes: tous les risques li\u00e9s p.&nbsp;ex. \u00e0 des sorties d\u2019entreprise, des manifestations, des salons, etc.<\/li>\n\n\n\n<li>Risques environnementaux : tous les dangers qui surviennent soudainement et menacent l\u2019environnement de mani\u00e8re impr\u00e9vue.<\/li>\n<\/ul>\n\n\n\n<p>Ce produit d\u2019assurance est propos\u00e9 en collaboration avec <a href=\"https:\/\/www.emmental-versicherung.ch\/fr\/bienvenue\" data-type=\"link\" data-id=\"https:\/\/www.emmental-versicherung.ch\/fr\/bienvenue\" target=\"_blank\" rel=\"noopener\">emmental assurance<\/a>.<\/p>\n\n\n\n<h3 class=\"gb-headline gb-headline-786860b1 gb-headline-text\"><strong><strong><strong><strong>Prestations compl\u00e9mentaires<\/strong><\/strong><\/strong><\/strong><\/h3>\n\n\n\n<p>Les risques op\u00e9rationnels d\u2019une entreprise varient fortement en fonction de la branche. Par exemple, une boucherie n\u2019est pas expos\u00e9e aux m\u00eames risques qu\u2019une entreprise de construction. Selon votre branche ou les risques commerciaux sp\u00e9cifiques, la couverture de base de votre assurance responsabilit\u00e9 civile d\u2019entreprise peut \u00eatre compl\u00e9t\u00e9e de mani\u00e8re cibl\u00e9e pour r\u00e9pondre aux besoins de votre entreprise. Nos <a href=\"https:\/\/branchenversicherung.ch\/fr\/service\/nos-conseillers-a-la-clientele-se-tiennent-a-votre-disposition\/\" target=\"_blank\" rel=\"noreferrer noopener\">conseillers client<\/a> vous aideront volontiers \u00e0 trouver la solution la mieux adapt\u00e9e \u00e0 vos exigences.<\/p>\n\n\n\n<div style=\"height:45px\" aria-hidden=\"true\" class=\"wp-block-spacer\"><\/div>\n\n\n\n<div style=\"height:45px\" aria-hidden=\"true\" class=\"wp-block-spacer\"><\/div>\n\n\n\n<h2 class=\"gb-headline gb-headline-a49a5ee3 gb-headline-text\"><strong><strong><strong><strong><strong><strong>Avantages de l\u2019assurance responsabilit\u00e9 civile d\u2019entreprise<\/strong><\/strong><\/strong><\/strong><\/strong><\/strong><\/h2>\n\n\n\n<ul class=\"wp-block-list\">\n<li>Couverture de montants de dommages consid\u00e9rables<\/li>\n\n\n\n<li>Double garantie en cas de dommages corporels, mat\u00e9riels et financiers<\/li>\n\n\n\n<li>Protection contre les risques financiers inattendus en cas de pr\u00e9tentions en responsabilit\u00e9 civile<\/li>\n\n\n\n<li>Couverture sp\u00e9cifique \u00e0 la branche gr\u00e2ce \u00e0 diff\u00e9rents modules<\/li>\n\n\n\n<li>Conseil et soutien complets en cas d\u2019urgence<\/li>\n<\/ul>\n\n\n\n<div style=\"height:35px\" aria-hidden=\"true\" class=\"wp-block-spacer\"><\/div>\n\n\n\n<div style=\"height:45px\" aria-hidden=\"true\" class=\"wp-block-spacer\"><\/div>\n\n<\/div><\/div><\/div>\n<\/div>\n\n\n<h2 class=\"gb-headline gb-headline-dbdff6ec gb-headline-text\"><strong><strong><strong><strong><strong><strong><strong>Questions relatives \u00e0 l\u2019assurance responsabilit\u00e9 civile d\u2019entreprise<\/strong><\/strong><\/strong><\/strong><\/strong><\/strong><\/strong><\/h2>\n\n\n\n<div style=\"height:16px\" aria-hidden=\"true\" class=\"wp-block-spacer\"><\/div>\n\n\n<section id=\"accordionB-block_400ca6faa1b23c1a0c445886e6881ad6\" class=\"accordionB container__accordion\">\n  <div class=\"rows__accordion make__accordion\"><h3 class=\"accordion__title__down\"> <span class=\"acc__head__text\"> La responsabilit\u00e9 civile d\u2019entreprise est-elle obligatoire en Suisse ?<\/span><span class=\"icon__accordion__acc\"> <i class=\"fas fa-chevron-down\"><\/i>  <i class=\"fas fa-chevron-up\"><\/i> <\/span><\/h3><div class=\"accordion__hidden__shown\"><p>L\u2019assurance responsabilit\u00e9 civile n\u2019est pas obligatoire en Suisse pour les entreprises mais elle est vivement recommand\u00e9e.<br \/>\nSelon le canton et l\u2019activit\u00e9, les r\u00e9glementations cantonales peuvent pr\u00e9voir une assurance responsabilit\u00e9 civile d\u2019entreprise obligatoire, p. ex. pour la branche automobile ou le secteur de la construction.<\/p>\n<\/div><hr class=\"accordion__separate row__seps\"><\/div><div class=\"rows__accordion make__accordion\"><h3 class=\"accordion__title__down\"> <span class=\"acc__head__text\"> Combien co\u00fbte une assurance responsabilit\u00e9 civile d\u2019entreprise ?<\/span><span class=\"icon__accordion__acc\"> <i class=\"fas fa-chevron-down\"><\/i>  <i class=\"fas fa-chevron-up\"><\/i> <\/span><\/h3><div class=\"accordion__hidden__shown\"><p>Les co\u00fbts de l\u2019assurance responsabilit\u00e9 civile d\u2019entreprise d\u00e9pendent de plusieurs facteurs tels que le chiffre d\u2019affaires et la masse salariale, le secteur d\u2019activit\u00e9, la somme d\u2019assurance souhait\u00e9e et les conditions d\u2019assurance.<br \/>\nNos offres d\u2019assurance sont donc sp\u00e9cialement con\u00e7ues pour r\u00e9pondre aux besoins individuels de votre entreprise.<\/p>\n<\/div><hr class=\"accordion__separate row__seps\"><\/div><div class=\"rows__accordion make__accordion\"><h3 class=\"accordion__title__down\"> <span class=\"acc__head__text\"> Quelle est la diff\u00e9rence entre une assurance responsabilit\u00e9 civile d\u2019entreprise et une assurance responsabilit\u00e9 civile professionnelle ?<\/span><span class=\"icon__accordion__acc\"> <i class=\"fas fa-chevron-down\"><\/i>  <i class=\"fas fa-chevron-up\"><\/i> <\/span><\/h3><div class=\"accordion__hidden__shown\"><p>La principale diff\u00e9rence est que l\u2019assurance responsabilit\u00e9 civile d\u2019entreprise couvre les risques commerciaux g\u00e9n\u00e9raux d\u2019une entreprise, alors que l\u2019assurance responsabilit\u00e9 civile professionnelle est adapt\u00e9e sp\u00e9cifiquement aux risques de certains m\u00e9tiers et tient compte des activit\u00e9s professionnelles individuelles et de leurs risques de responsabilit\u00e9.<\/p>\n<\/div><hr class=\"accordion__separate row__seps\"><\/div><div class=\"rows__accordion make__accordion\"><h3 class=\"accordion__title__down\"> <span class=\"acc__head__text\"> La couverture d\u2019assurance s\u2019applique-t-elle \u00e9galement aux dommages dont je ne suis pas responsable ?<\/span><span class=\"icon__accordion__acc\"> <i class=\"fas fa-chevron-down\"><\/i>  <i class=\"fas fa-chevron-up\"><\/i> <\/span><\/h3><div class=\"accordion__hidden__shown\"><p>Oui, en tant qu\u2019assureur, nous ne couvrons pas seulement les pr\u00e9tentions justifi\u00e9es de tiers, mais nous vous soutenons aussi en cas de pr\u00e9tentions infond\u00e9es et vous d\u00e9fendons contre celles-ci.<\/p>\n<\/div><hr class=\"accordion__separate row__seps\"><\/div><div class=\"rows__accordion make__accordion\"><h3 class=\"accordion__title__down\"> <span class=\"acc__head__text\"> Qu\u2019est-ce que la double garantie ?<\/span><span class=\"icon__accordion__acc\"> <i class=\"fas fa-chevron-down\"><\/i>  <i class=\"fas fa-chevron-up\"><\/i> <\/span><\/h3><div class=\"accordion__hidden__shown\"><p>La double garantie signifie que la somme d\u2019assurance par \u00e9v\u00e9nement peut \u00eatre utilis\u00e9e deux fois par an.<\/p>\n<\/div><hr class=\"accordion__separate row__seps\"><\/div><div class=\"rows__accordion make__accordion\"><h3 class=\"accordion__title__down\"> <span class=\"acc__head__text\"> En tant qu\u2019entrepreneur ou entrepreneuse, puis-je \u00e9galement souscrire une assurance responsabilit\u00e9 civile priv\u00e9e via l\u2019Assurance des m\u00e9tiers ?<\/span><span class=\"icon__accordion__acc\"> <i class=\"fas fa-chevron-down\"><\/i>  <i class=\"fas fa-chevron-up\"><\/i> <\/span><\/h3><div class=\"accordion__hidden__shown\"><p>En tant qu\u2019entrepreneur ou entrepreneuse, vous avez la possibilit\u00e9 de souscrire une assurance responsabilit\u00e9 civile priv\u00e9e aupr\u00e8s de l\u2019Assurance des m\u00e9tiers pour b\u00e9n\u00e9ficier d\u2019une couverture d\u2019assurance globale et r\u00e9duire votre charge administrative.<\/p>\n<\/div><hr class=\"accordion__separate row__seps\"><\/div><\/section>\n\n\n\n<div style=\"height:8px\" aria-hidden=\"true\" class=\"wp-block-spacer\"><\/div>\n\n\n\n<div style=\"height:8px\" aria-hidden=\"true\" class=\"wp-block-spacer\"><\/div>\n\n<\/div><\/div>\n\n<div class=\"gb-container gb-container-9300adcd\"><div class=\"gb-inside-container\">\n<section  class=\"double-cta columns-2\">\n    <div class=\"container\">\n                    <div class=\"row\">\n                                    <div class=\"col\">\n                                                    <h4 class=\"title\">Demander des conseils<\/h4>\n                                                <p>Contactez d\u00e8s maintenant un conseiller pr\u00e8s de chez vou<\/p>\n                                                    <a class=\"button\" href=\"https:\/\/branchenversicherung.ch\/fr\/service\/nos-conseillers-a-la-clientele-se-tiennent-a-votre-disposition\/\">Conseils<\/a>\n                                            <\/div>\n                                    <div class=\"col\">\n                                                    <h4 class=\"title\">Demande d\u2019offre<\/h4>\n                                                <p>Recevez rapidement et facilement votre offre individuelle<\/p>\n                                                    <a class=\"button\" href=\"https:\/\/branchenversicherung.ch\/fr\/service\/demande-doffre\/\">Offre<\/a>\n                                            <\/div>\n                            <\/div>\n            <\/div>\n<\/section>\n\n\n<div style=\"height:39px\" aria-hidden=\"true\" class=\"wp-block-spacer\"><\/div>\n\n\n<div class=\"rows__downloads make__accordion\"><h2 class=\"cat__title__down\">Documents \u00e0 t\u00e9l\u00e9charger<span class=\"icon__accordion__down\"> <i class=\"fas fa-chevron-down\"><\/i>  <i class=\"fas fa-chevron-up\"><\/i> <\/span><\/h2><div class=\"ul__list__downlaods \"><div class=\"list__downlaods seps\"><a class=\"download__ahref\" href=\"https:\/\/branchenversicherung.ch\/wp-content\/uploads\/2023\/02\/Leistungsuebersicht_CRB_Geschaeft_WDPPR633F-0820_web.pdf\" download><span class=\"title__downloads\">Liste des prestations commerce Combirisk Business<\/span> <span class=\"file__icon__size\">pdf (1,05 MB) <i class=\"fas fa-download icon__in__download\"><\/i><\/span><\/a><hr class=\"download__separate\"><\/div><\/div><hr class=\"download__separate row__seps\"><\/div>\n\n\n\n<div style=\"height:63px\" aria-hidden=\"true\" class=\"wp-block-spacer\"><\/div>\n\n\n<div class=\"gb-grid-wrapper gb-grid-wrapper-e258ee92\">\n<div class=\"gb-grid-column gb-grid-column-b95b02c7\"><div class=\"gb-container gb-container-b95b02c7 eql__column\"><div class=\"gb-inside-container\">\n\n<figure class=\"wp-block-image size-large image__full\"><img decoding=\"async\" width=\"1024\" height=\"687\" src=\"https:\/\/branchenversicherung.ch\/wp-content\/uploads\/2021\/11\/BV_Teaser_alle_1120x752px_Kollektivunfall-1024x687.jpg\" alt=\"\" class=\"wp-image-8588\" srcset=\"https:\/\/branchenversicherung.ch\/wp-content\/uploads\/2021\/11\/BV_Teaser_alle_1120x752px_Kollektivunfall-1024x687.jpg 1024w, https:\/\/branchenversicherung.ch\/wp-content\/uploads\/2021\/11\/BV_Teaser_alle_1120x752px_Kollektivunfall-300x201.jpg 300w, https:\/\/branchenversicherung.ch\/wp-content\/uploads\/2021\/11\/BV_Teaser_alle_1120x752px_Kollektivunfall-768x516.jpg 768w, https:\/\/branchenversicherung.ch\/wp-content\/uploads\/2021\/11\/BV_Teaser_alle_1120x752px_Kollektivunfall-1536x1031.jpg 1536w, https:\/\/branchenversicherung.ch\/wp-content\/uploads\/2021\/11\/BV_Teaser_alle_1120x752px_Kollektivunfall-2048x1375.jpg 2048w\" sizes=\"(max-width: 1024px) 100vw, 1024px\" \/><\/figure>\n\n<\/div><\/div><\/div>\n\n<div class=\"gb-grid-column gb-grid-column-ed4375f2\"><div class=\"gb-container gb-container-ed4375f2 make__me__relative\"><div class=\"gb-inside-container\">\n\n<p class=\"fix__p__no__margins\" style=\"font-size:14px\">Cela pourrait aussi vous int\u00e9resser<\/p>\n\n\n\n<h2 class=\"gb-headline gb-headline-095d0511 gb-headline-text\">Assurance-accidents collective<\/h2>\n\n\n\n<p>Un accident peut \u00eatre un coup dur. Nous veillons au moins \u00e0 votre s\u00e9curit\u00e9 en mati\u00e8re financi\u00e8re.<\/p>\n\n\n\n<p class=\"half__button__icon adjust__bottom\"><a href=\"https:\/\/branchenversicherung.ch\/fr\/assure\/assurance-accidents-collective\/\" data-type=\"URL\">En savoir plus<\/a><\/p>\n\n<\/div><\/div><\/div>\n<\/div>\n\n\n<div style=\"height:35px\" aria-hidden=\"true\" class=\"wp-block-spacer\"><\/div>\n\n\n\n<div style=\"height:100px\" aria-hidden=\"true\" class=\"wp-block-spacer\"><\/div>\n\n<\/div><\/div>","protected":false},"excerpt":{"rendered":"<p>Questions relatives \u00e0 l\u2019assurance responsabilit\u00e9 civile d\u2019entreprise<\/p>\n","protected":false},"author":2,"featured_media":0,"parent":21581,"menu_order":0,"comment_status":"closed","ping_status":"closed","template":"","meta":{"_acf_changed":false,"iawp_total_views":89,"footnotes":""},"class_list":["post-20399","page","type-page","status-publish"],"acf":[],"_links":{"self":[{"href":"https:\/\/branchenversicherung.ch\/fr\/wp-json\/wp\/v2\/pages\/20399","targetHints":{"allow":["GET"]}}],"collection":[{"href":"https:\/\/branchenversicherung.ch\/fr\/wp-json\/wp\/v2\/pages"}],"about":[{"href":"https:\/\/branchenversicherung.ch\/fr\/wp-json\/wp\/v2\/types\/page"}],"author":[{"embeddable":true,"href":"https:\/\/branchenversicherung.ch\/fr\/wp-json\/wp\/v2\/users\/2"}],"replies":[{"embeddable":true,"href":"https:\/\/branchenversicherung.ch\/fr\/wp-json\/wp\/v2\/comments?post=20399"}],"version-history":[{"count":8,"href":"https:\/\/branchenversicherung.ch\/fr\/wp-json\/wp\/v2\/pages\/20399\/revisions"}],"predecessor-version":[{"id":22562,"href":"https:\/\/branchenversicherung.ch\/fr\/wp-json\/wp\/v2\/pages\/20399\/revisions\/22562"}],"up":[{"embeddable":true,"href":"https:\/\/branchenversicherung.ch\/fr\/wp-json\/wp\/v2\/pages\/21581"}],"wp:attachment":[{"href":"https:\/\/branchenversicherung.ch\/fr\/wp-json\/wp\/v2\/media?parent=20399"}],"curies":[{"name":"wp","href":"https:\/\/api.w.org\/{rel}","templated":true}]}}