{"id":21091,"date":"2025-06-02T08:59:01","date_gmt":"2025-06-02T06:59:01","guid":{"rendered":"https:\/\/branchenversicherung.ch\/?page_id=21091"},"modified":"2025-06-02T11:36:35","modified_gmt":"2025-06-02T09:36:35","slug":"releve","status":"publish","type":"page","link":"https:\/\/branchenversicherung.ch\/fr\/releve\/","title":{"rendered":"Promotion de la rel\u00e8ve"},"content":{"rendered":"<section id=\"halfHeader-block_cbb60fa5ee6e18ad87ab5d1ebe1e771e\" class=\"halfHeader container__page\">\n  <div class=\"inside__hero__half imagineNow\">\n    <div class=\"half__description__row\">\n            <h1 class=\"hero__title__h\">Promotion de la rel\u00e8ve <\/h1>\n            <p class=\"description__row\"> Avec ses axes th\u00e9matiques autour de la rel\u00e8ve, l\u2019Assurance des m\u00e9tiers assume sa responsabilit\u00e9 soci\u00e9tale en tant que coop\u00e9rative. Nous soutenons des projets qui profitent sp\u00e9cifiquement aux jeunes en formation professionnelle.<\/p>\n         \n        \n                  \n      <!--<div  class=\"scroll__one__bottom with__new__arrow\"> <\/div>-->\n    <\/div>\n    <div class=\"half__image__row\">\n      <img decoding=\"async\" width=\"1920\" height=\"1119\" src=\"https:\/\/branchenversicherung.ch\/wp-content\/uploads\/2022\/03\/BV_Ueber_uns_Vorteile_Header_1680x980px.webp\" class=\"attachment-full size-full\" alt=\"\" srcset=\"https:\/\/branchenversicherung.ch\/wp-content\/uploads\/2022\/03\/BV_Ueber_uns_Vorteile_Header_1680x980px.webp 1920w, https:\/\/branchenversicherung.ch\/wp-content\/uploads\/2022\/03\/BV_Ueber_uns_Vorteile_Header_1680x980px-300x175.webp 300w, https:\/\/branchenversicherung.ch\/wp-content\/uploads\/2022\/03\/BV_Ueber_uns_Vorteile_Header_1680x980px-1024x597.webp 1024w, https:\/\/branchenversicherung.ch\/wp-content\/uploads\/2022\/03\/BV_Ueber_uns_Vorteile_Header_1680x980px-768x448.webp 768w, https:\/\/branchenversicherung.ch\/wp-content\/uploads\/2022\/03\/BV_Ueber_uns_Vorteile_Header_1680x980px-1536x895.webp 1536w\" sizes=\"(max-width: 1920px) 100vw, 1920px\" \/>    <\/div>\n  <\/div>\n<\/section>\n\n\n<div class=\"gb-container gb-container-b6e1a868 kontakt__form__kontakt all-forms\"><div class=\"gb-inside-container\">\n<div class=\"gb-container gb-container-cedf3073\">\n\n<h2 class=\"gb-headline gb-headline-ec5ab792 gb-headline-text\">\u00ab Safety Kit \u00bb<\/h2>\n\n\n\n<p>Comme de nombreuses autres branches professionnelles, la fili\u00e8re viande applique des directives claires pour garantir la s\u00e9curit\u00e9 au travail. Une protection de base est donc obligatoire pour toutes les personnes en formation.<\/p>\n\n\n\n<p>L\u2019Assurance des m\u00e9tiers a d\u00e9velopp\u00e9 l\u2019ancien \u00ab set de s\u00e9curit\u00e9 \u00bb et lanc\u00e9 le nouveau \u00ab Safety Kit \u00bb. Les apprenti\u00b7e\u00b7s de la fili\u00e8re viande re\u00e7oivent d\u00e9sormais leur \u00e9quipement de s\u00e9curit\u00e9 sous forme d\u2019un set pratique de sacs, parfaitement adapt\u00e9 aux exigences de leur m\u00e9tier. Le sac \u00e0 dos inclus peut \u00e9galement \u00eatre utilis\u00e9 pendant les loisirs.<\/p>\n\n\n\n<p>Cette initiative en faveur de la rel\u00e8ve est soutenue par les partenaires suivants : UPSV, Victorinox, Safe at Work, Isler AG, Rausser Handelsfirma et l\u2019Association des ami\u00b7e\u00b7s de la boucherie.<\/p>\n\n<\/div>\n\n\n<div style=\"height:20px\" aria-hidden=\"true\" class=\"wp-block-spacer\"><\/div>\n\n\n<div class=\"gb-grid-wrapper gb-grid-wrapper-0a37ed4e\">\n<div class=\"gb-grid-column gb-grid-column-89137cbb\"><div class=\"gb-container gb-container-89137cbb eql__column\"><div class=\"gb-inside-container\">\n\n<figure class=\"wp-block-image size-full image__full\"><img decoding=\"async\" width=\"1024\" height=\"668\" src=\"https:\/\/branchenversicherung.ch\/wp-content\/uploads\/2025\/05\/BV_Nachwuchsforderung_SafetyKit_1024x688px.jpg\" alt=\"\" class=\"wp-image-21140\" srcset=\"https:\/\/branchenversicherung.ch\/wp-content\/uploads\/2025\/05\/BV_Nachwuchsforderung_SafetyKit_1024x688px.jpg 1024w, https:\/\/branchenversicherung.ch\/wp-content\/uploads\/2025\/05\/BV_Nachwuchsforderung_SafetyKit_1024x688px-300x196.jpg 300w, https:\/\/branchenversicherung.ch\/wp-content\/uploads\/2025\/05\/BV_Nachwuchsforderung_SafetyKit_1024x688px-768x501.jpg 768w\" sizes=\"(max-width: 1024px) 100vw, 1024px\" \/><\/figure>\n\n<\/div><\/div><\/div>\n\n<div class=\"gb-grid-column gb-grid-column-c60c3561\"><div class=\"gb-container gb-container-c60c3561 make__me__relative\"><div class=\"gb-inside-container\">\n\n<h2 class=\"gb-headline gb-headline-d7859df7 gb-headline-text\">Gratuit pour nos clients<\/h2>\n\n\n\n<p>Tous les \u00e9tablissements de la branche viande peuvent se procurer le set de sacs, incluant tous les articles de s\u00e9curit\u00e9, pour leurs apprenti\u00b7e\u00b7s. Les clientes et clients de l\u2019Assurance des m\u00e9tiers re\u00e7oivent ce set gratuitement pour les apprenti\u00b7e\u00b7s de 1\u00e8re ann\u00e9e.<\/p>\n\n\n\n<p class=\"half__button__icon should__be__bottom\"><a href=\"https:\/\/marketing.branchenversicherung.ch\/safetykit-fr\" target=\"_blank\" data-type=\"page\" data-id=\"672\" rel=\"noreferrer noopener\">En savoir plus<\/a><\/p>\n\n<\/div><\/div><\/div>\n<\/div>\n\n\n<div style=\"height:25px\" aria-hidden=\"true\" class=\"wp-block-spacer\"><\/div>\n\n\n<div class=\"gb-grid-wrapper gb-grid-wrapper-840035f9\">\n<div class=\"gb-grid-column gb-grid-column-81dd7106\"><div class=\"gb-container gb-container-81dd7106 eql__column\"><div class=\"gb-inside-container\">\n\n<figure class=\"wp-block-image size-large image__full\"><img decoding=\"async\" width=\"1024\" height=\"688\" src=\"https:\/\/branchenversicherung.ch\/wp-content\/uploads\/2021\/12\/BV_Ueber_uns_Partnerverbaende_Teaser_Marcel_Maier_1120x752px-1024x688.jpg\" alt=\"\" class=\"wp-image-10223\" srcset=\"https:\/\/branchenversicherung.ch\/wp-content\/uploads\/2021\/12\/BV_Ueber_uns_Partnerverbaende_Teaser_Marcel_Maier_1120x752px-1024x688.jpg 1024w, https:\/\/branchenversicherung.ch\/wp-content\/uploads\/2021\/12\/BV_Ueber_uns_Partnerverbaende_Teaser_Marcel_Maier_1120x752px-300x201.jpg 300w, https:\/\/branchenversicherung.ch\/wp-content\/uploads\/2021\/12\/BV_Ueber_uns_Partnerverbaende_Teaser_Marcel_Maier_1120x752px-768x516.jpg 768w, https:\/\/branchenversicherung.ch\/wp-content\/uploads\/2021\/12\/BV_Ueber_uns_Partnerverbaende_Teaser_Marcel_Maier_1120x752px.jpg 1120w\" sizes=\"(max-width: 1024px) 100vw, 1024px\" \/><\/figure>\n\n<\/div><\/div><\/div>\n\n<div class=\"gb-grid-column gb-grid-column-61cdad65\"><div class=\"gb-container gb-container-61cdad65 make__me__relative\"><div class=\"gb-inside-container\">\n\n<h2 class=\"gb-headline gb-headline-794dafb4 gb-headline-text\">Votre rel\u00e8ve a besoin de <br>soutien ?<\/h2>\n\n\n\n<p>Votre branche ou votre association souhaite soutenir la rel\u00e8ve et renforcer la s\u00e9curit\u00e9 au travail ? Alors, n\u2019h\u00e9sitez pas \u00e0 contacter Marcel Maier.<\/p>\n\n\n\n<p class=\"half__button__icon should__be__bottom\"><a href=\"mailto:marcel.maier@branchenversicherung.ch\" target=\"_blank\" rel=\"noreferrer noopener\">Nous contacter<\/a><\/p>\n\n<\/div><\/div><\/div>\n<\/div>\n<\/div><\/div>\n\n\n<div style=\"height:50px\" aria-hidden=\"true\" class=\"wp-block-spacer\"><\/div>\n\n\n\n\n\n<section id=\"BigSlider-block_1101f7f2b595f087dde56e68df695db6\" class=\"big__slider bv_image-slider-nachwuchs big__slider_wrapper\">\n        <div class=\"swiper big__s\" data-speed=\"4000\">\n        <div class=\"swiper-wrapper\">\n            <div class=\"swiper-slide\">\n            <div class=\"slide__content\">\n                <h2 class=\"slide__title\"><\/h2>\n                <p class=\"slide__text\"><\/p>\n            <\/div>\n            <img decoding=\"async\" src=\"https:\/\/branchenversicherung.ch\/wp-content\/uploads\/2025\/05\/DSC6664-Bearbeitet-scaled.jpg\" alt=\"\">\n        <\/div>\n                <div class=\"swiper-slide\">\n            <div class=\"slide__content\">\n                <h2 class=\"slide__title\"><\/h2>\n                <p class=\"slide__text\"><\/p>\n            <\/div>\n            <img decoding=\"async\" src=\"https:\/\/branchenversicherung.ch\/wp-content\/uploads\/2025\/05\/DSC6750-Bearbeitet-scaled.jpg\" alt=\"\">\n        <\/div>\n                <div class=\"swiper-slide\">\n            <div class=\"slide__content\">\n                <h2 class=\"slide__title\"><\/h2>\n                <p class=\"slide__text\"><\/p>\n            <\/div>\n            <img decoding=\"async\" src=\"https:\/\/branchenversicherung.ch\/wp-content\/uploads\/2025\/05\/DSC6828-Bearbeitet-scaled.jpg\" alt=\"\">\n        <\/div>\n                <div class=\"swiper-slide\">\n            <div class=\"slide__content\">\n                <h2 class=\"slide__title\"><\/h2>\n                <p class=\"slide__text\"><\/p>\n            <\/div>\n            <img decoding=\"async\" src=\"https:\/\/branchenversicherung.ch\/wp-content\/uploads\/2025\/05\/DSC6874-Bearbeitet-scaled.jpg\" alt=\"\">\n        <\/div>\n                <\/div>\n    <\/div>\n<\/section>\n\n\n\n<div style=\"height:50px\" aria-hidden=\"true\" class=\"wp-block-spacer\"><\/div>\n\n\n<div class=\"gb-container gb-container-11dffed0 kontakt__form__kontakt all-forms\"><div class=\"gb-inside-container\">\n<div class=\"gb-container gb-container-6a6e0050\">\n\n<h2 class=\"gb-headline gb-headline-801ad4de gb-headline-text\">Fonds d\u2019aide aux nouveaux entrepreneurs<\/h2>\n\n\n\n<p>Nous offrons des aides financi\u00e8res issues de notre fonds pour la rel\u00e8ve aux jeunes professionnels qui reprennent ou cr\u00e9ent une entreprise. De cette mani\u00e8re, nous soutenons la nouvelle g\u00e9n\u00e9ration dans nos branches partenaires. Tous les membres de nos associations partenaires peuvent b\u00e9n\u00e9ficier de ce soutien, \u00e0 condition de souscrire au moins cinq assurances d\u2019entreprise aupr\u00e8s de l\u2019Assurance des m\u00e9tiers. Cela permet d\u2019\u00e9conomiser jusqu\u2019\u00e0 50 % de la premi\u00e8re prime annuelle.<\/p>\n\n\n\n<figure class=\"gb-block-image gb-block-image-0d1f4802\"><img decoding=\"async\" width=\"2480\" height=\"1063\" class=\"gb-image gb-image-0d1f4802\" src=\"https:\/\/branchenversicherung.ch\/wp-content\/uploads\/2025\/05\/BV_Nachwuchsfond_Tabelle-2025_FR.jpg\" alt=\"\" title=\"BV_Nachwuchsfond_Tabelle-2025_FR\" srcset=\"https:\/\/branchenversicherung.ch\/wp-content\/uploads\/2025\/05\/BV_Nachwuchsfond_Tabelle-2025_FR.jpg 2480w, https:\/\/branchenversicherung.ch\/wp-content\/uploads\/2025\/05\/BV_Nachwuchsfond_Tabelle-2025_FR-300x129.jpg 300w, https:\/\/branchenversicherung.ch\/wp-content\/uploads\/2025\/05\/BV_Nachwuchsfond_Tabelle-2025_FR-1024x439.jpg 1024w, https:\/\/branchenversicherung.ch\/wp-content\/uploads\/2025\/05\/BV_Nachwuchsfond_Tabelle-2025_FR-768x329.jpg 768w, https:\/\/branchenversicherung.ch\/wp-content\/uploads\/2025\/05\/BV_Nachwuchsfond_Tabelle-2025_FR-1536x658.jpg 1536w, https:\/\/branchenversicherung.ch\/wp-content\/uploads\/2025\/05\/BV_Nachwuchsfond_Tabelle-2025_FR-2048x878.jpg 2048w\" sizes=\"(max-width: 2480px) 100vw, 2480px\" \/><\/figure>\n\n\n\n<div style=\"height:10px\" aria-hidden=\"true\" class=\"wp-block-spacer\"><\/div>\n\n\n\n<p>Cet exemple montre comment vous pouvez \u00e9conomiser un capital pr\u00e9cieux pour votre nouveau d\u00e9part gr\u00e2ce \u00e0 notre fonds pour la rel\u00e8ve.<\/p>\n\n<\/div>\n\n\n<div style=\"height:50px\" aria-hidden=\"true\" class=\"wp-block-spacer\"><\/div>\n\n\n<div class=\"gb-grid-wrapper gb-grid-wrapper-b7163f90\">\n<div class=\"gb-grid-column gb-grid-column-d142cff3\"><div class=\"gb-container gb-container-d142cff3 eql__column\"><div class=\"gb-inside-container\">\n\n<figure class=\"wp-block-image size-full image__full\"><img decoding=\"async\" width=\"1024\" height=\"688\" src=\"https:\/\/branchenversicherung.ch\/wp-content\/uploads\/2025\/04\/BV_Webseite_Kontakt-Teaser-Berater_1024x688px.jpg\" alt=\"\" class=\"wp-image-20755\" srcset=\"https:\/\/branchenversicherung.ch\/wp-content\/uploads\/2025\/04\/BV_Webseite_Kontakt-Teaser-Berater_1024x688px.jpg 1024w, https:\/\/branchenversicherung.ch\/wp-content\/uploads\/2025\/04\/BV_Webseite_Kontakt-Teaser-Berater_1024x688px-300x202.jpg 300w, https:\/\/branchenversicherung.ch\/wp-content\/uploads\/2025\/04\/BV_Webseite_Kontakt-Teaser-Berater_1024x688px-768x516.jpg 768w\" sizes=\"(max-width: 1024px) 100vw, 1024px\" \/><\/figure>\n\n<\/div><\/div><\/div>\n\n<div class=\"gb-grid-column gb-grid-column-1156b855\"><div class=\"gb-container gb-container-1156b855 make__me__relative\"><div class=\"gb-inside-container\">\n\n<h2 class=\"gb-headline gb-headline-85160dba gb-headline-text\">Discutez de vos questions avec votre conseiller personnel.<\/h2>\n\n\n\n<p>Le conseiller en assurance de votre r\u00e9gion vous accompagne gratuitement et sans commission pour toutes vos questions d\u2019assurance li\u00e9es \u00e0 la cr\u00e9ation ou \u00e0 la reprise d\u2019entreprise.<\/p>\n\n\n\n<p class=\"half__button__icon should__be__bottom\"><a href=\"https:\/\/branchenversicherung.ch\/fr\/service\/nos-conseillers-a-la-clientele-se-tiennent-a-votre-disposition\/\" target=\"_blank\" data-type=\"page\" data-id=\"672\" rel=\"noreferrer noopener\">Trouver un conseiller<\/a><\/p>\n\n<\/div><\/div><\/div>\n<\/div>\n<\/div><\/div>","protected":false},"excerpt":{"rendered":"<p>\u00ab Safety Kit \u00bb Comme de nombreuses autres branches professionnelles, la fili\u00e8re viande applique des directives claires pour garantir la s\u00e9curit\u00e9 au travail. Une protection de base est donc obligatoire pour toutes les personnes en formation. L\u2019Assurance des m\u00e9tiers a d\u00e9velopp\u00e9 l\u2019ancien \u00ab set de s\u00e9curit\u00e9 \u00bb et lanc\u00e9 le nouveau \u00ab Safety Kit \u00bb. &#8230; <a title=\"Promotion de la rel\u00e8ve\" class=\"read-more\" href=\"https:\/\/branchenversicherung.ch\/fr\/releve\/\" aria-label=\"Plus sur Promotion de la rel\u00e8ve\">Lire plus<\/a><\/p>\n","protected":false},"author":2,"featured_media":0,"parent":0,"menu_order":0,"comment_status":"closed","ping_status":"closed","template":"","meta":{"_acf_changed":false,"iawp_total_views":16,"footnotes":""},"class_list":["post-21091","page","type-page","status-publish"],"acf":[],"_links":{"self":[{"href":"https:\/\/branchenversicherung.ch\/fr\/wp-json\/wp\/v2\/pages\/21091","targetHints":{"allow":["GET"]}}],"collection":[{"href":"https:\/\/branchenversicherung.ch\/fr\/wp-json\/wp\/v2\/pages"}],"about":[{"href":"https:\/\/branchenversicherung.ch\/fr\/wp-json\/wp\/v2\/types\/page"}],"author":[{"embeddable":true,"href":"https:\/\/branchenversicherung.ch\/fr\/wp-json\/wp\/v2\/users\/2"}],"replies":[{"embeddable":true,"href":"https:\/\/branchenversicherung.ch\/fr\/wp-json\/wp\/v2\/comments?post=21091"}],"version-history":[{"count":9,"href":"https:\/\/branchenversicherung.ch\/fr\/wp-json\/wp\/v2\/pages\/21091\/revisions"}],"predecessor-version":[{"id":21297,"href":"https:\/\/branchenversicherung.ch\/fr\/wp-json\/wp\/v2\/pages\/21091\/revisions\/21297"}],"wp:attachment":[{"href":"https:\/\/branchenversicherung.ch\/fr\/wp-json\/wp\/v2\/media?parent=21091"}],"curies":[{"name":"wp","href":"https:\/\/api.w.org\/{rel}","templated":true}]}}