{"id":21581,"date":"2025-06-25T16:07:23","date_gmt":"2025-06-25T14:07:23","guid":{"rendered":"https:\/\/branchenversicherung.ch\/?page_id=21581"},"modified":"2025-06-25T21:33:27","modified_gmt":"2025-06-25T19:33:27","slug":"assure","status":"publish","type":"page","link":"https:\/\/branchenversicherung.ch\/fr\/assure\/","title":{"rendered":"Assurances"},"content":{"rendered":"<section id=\"halfHeader-block_5ef7099a4b32bc2eb58e63dabe8ad927\" class=\"halfHeader container__page\">\n  <div class=\"inside__hero__half imagineNow\">\n    <div class=\"half__description__row\">\n            <h1 class=\"hero__title__h\">Assurances pour les PME et les entrepreneurs <\/h1>\n            <p class=\"description__row\"> Notre nom dit tout. Nous nous consid\u00e9rons comme un partenaire comp\u00e9tent pour toutes les questions d\u2019assurance des PME suisses et des personnes exer\u00e7ant une activit\u00e9 ind\u00e9pendante en Suisse, op\u00e9rant dans diff\u00e9rents secteurs. Nous agissons rapidement et sans formalisme bureaucratique et vous offrons, en tant que preneur d\u2019assurance, une couverture optimale, conforme \u00e0 vos besoins.<\/p>\n         \n        \n                  \n      <!--<div  class=\"scroll__one__bottom with__new__arrow\"> <\/div>-->\n    <\/div>\n    <div class=\"half__image__row\">\n      <img decoding=\"async\" width=\"2560\" height=\"1494\" src=\"https:\/\/branchenversicherung.ch\/wp-content\/uploads\/2021\/11\/BV_Leistung_Header_1680x980px-scaled.jpg\" class=\"attachment-full size-full\" alt=\"\" srcset=\"https:\/\/branchenversicherung.ch\/wp-content\/uploads\/2021\/11\/BV_Leistung_Header_1680x980px-scaled.jpg 2560w, https:\/\/branchenversicherung.ch\/wp-content\/uploads\/2021\/11\/BV_Leistung_Header_1680x980px-300x175.jpg 300w, https:\/\/branchenversicherung.ch\/wp-content\/uploads\/2021\/11\/BV_Leistung_Header_1680x980px-1024x597.jpg 1024w, https:\/\/branchenversicherung.ch\/wp-content\/uploads\/2021\/11\/BV_Leistung_Header_1680x980px-768x448.jpg 768w, https:\/\/branchenversicherung.ch\/wp-content\/uploads\/2021\/11\/BV_Leistung_Header_1680x980px-1536x896.jpg 1536w, https:\/\/branchenversicherung.ch\/wp-content\/uploads\/2021\/11\/BV_Leistung_Header_1680x980px-2048x1195.jpg 2048w\" sizes=\"(max-width: 2560px) 100vw, 2560px\" \/>    <\/div>\n  <\/div>\n<\/section>\n\n\n<div class=\"gb-container gb-container-a79f536a entry-text-093\"><div class=\"gb-inside-container\">\n\n<div class=\"wp-block-group\"><div class=\"wp-block-group__inner-container is-layout-constrained wp-block-group-is-layout-constrained\"><section  class=\"icon-text columns-3\">\n    <div class=\"container\">\n                            <div class=\"row\">\n                                    <div class=\"col\">\n                                                    <img decoding=\"async\" class=\"icon\" src=\"https:\/\/branchenversicherung.ch\/wp-content\/uploads\/2024\/08\/Webseite_Icon_96x96px_Checkmark_24.png\" \/>\n                                                                        <p>Protection pour l\u2019entreprise et ses collaborateurs<\/p>\n                    <\/div>\n                                    <div class=\"col\">\n                                                    <img decoding=\"async\" class=\"icon\" src=\"https:\/\/branchenversicherung.ch\/wp-content\/uploads\/2024\/08\/Webseite_Icon_96x96px_Provisions\u00adunabhaengigkeit_24.png\" \/>\n                                                                        <p>Assurances obligatoires et compl\u00e9mentaires<\/p>\n                    <\/div>\n                                    <div class=\"col\">\n                                                    <img decoding=\"async\" class=\"icon\" src=\"https:\/\/branchenversicherung.ch\/wp-content\/uploads\/2024\/08\/Webseite_Icon_96x96px_Mitinhaber_24.png\" \/>\n                                                                        <p>Solutions d\u2019assurance sectorielles<\/p>\n                    <\/div>\n                            <\/div>\n            <\/div>\n<\/section><\/div><\/div>\n\n\n\n<div style=\"height:1px\" aria-hidden=\"true\" class=\"wp-block-spacer\"><\/div>\n\n\n\n<div style=\"height:45px\" aria-hidden=\"true\" class=\"wp-block-spacer\"><\/div>\n\n\n\n<div class=\"wp-block-group\"><div class=\"wp-block-group__inner-container is-layout-constrained wp-block-group-is-layout-constrained\">\n<h2 class=\"gb-headline gb-headline-abdaa4ab gb-headline-text\"><strong><strong><strong>Vue d\u2019ensemble de nos prestations d\u2019assurance<\/strong><\/strong><\/strong><\/h2>\n\n\n\n<p>Nos assurances pour les PME et personnes exer\u00e7ant une activit\u00e9 ind\u00e9pendante couvrent un large \u00e9ventail de risques et se divisent en trois cat\u00e9gories principales. Chaque prestation est parfaitement adapt\u00e9e aux besoins sp\u00e9cifiques des personnes ind\u00e9pendantes et des entreprises ainsi que de leur personnel.<\/p>\n\n\n\n<ul class=\"wp-block-list\">\n<li>Les assurances de personnes assurent la protection de vos collaboratrices et collaborateurs et vous soutiennent en cas de pertes de revenus dues \u00e0 une maladie ou un accident.<\/li>\n\n\n\n<li>Les assurances commerciales couvrent les risques d\u2019exploitation et prot\u00e8gent votre entreprise ainsi que vos ressources contre les dommages, les pr\u00e9tentions en responsabilit\u00e9 ou les litiges juridiques.<\/li>\n\n\n\n<li>Les assurances priv\u00e9es pour les entrepreneurs compl\u00e8tent la couverture professionnelle en offrant des s\u00e9curit\u00e9s individuelles pour les propri\u00e9taires d\u2019entreprise, lesquelles minimisent les risques priv\u00e9s.<\/li>\n<\/ul>\n<\/div><\/div>\n\n<\/div><\/div>\n\n<div class=\"gb-container gb-container-0bee9ed4\"><div class=\"gb-inside-container\">\n\n<h2 class=\"gb-headline gb-headline-28d7c7a6 gb-headline-text\">Aper\u00e7u de notre portefeuille<\/h2>\n\n\n\n<div class=\"wp-block-columns is-layout-flex wp-container-core-columns-is-layout-9d6595d7 wp-block-columns-is-layout-flex\">\n<div class=\"wp-block-column is-layout-flow wp-block-column-is-layout-flow\"><div class=\"gb-container gb-container-87591709 leinstungen__container\"><div class=\"gb-inside-container\">\n\n<figure class=\"wp-block-image size-large\"><img decoding=\"async\" width=\"1024\" height=\"419\" src=\"https:\/\/branchenversicherung.ch\/wp-content\/uploads\/2021\/12\/BV_Leistungen_Portfolio_Ueberblick_1100x450px_Kollektivunfall-1024x419.jpg\" alt=\"\" class=\"wp-image-10178\" srcset=\"https:\/\/branchenversicherung.ch\/wp-content\/uploads\/2021\/12\/BV_Leistungen_Portfolio_Ueberblick_1100x450px_Kollektivunfall-1024x419.jpg 1024w, https:\/\/branchenversicherung.ch\/wp-content\/uploads\/2021\/12\/BV_Leistungen_Portfolio_Ueberblick_1100x450px_Kollektivunfall-300x123.jpg 300w, https:\/\/branchenversicherung.ch\/wp-content\/uploads\/2021\/12\/BV_Leistungen_Portfolio_Ueberblick_1100x450px_Kollektivunfall-768x315.jpg 768w, https:\/\/branchenversicherung.ch\/wp-content\/uploads\/2021\/12\/BV_Leistungen_Portfolio_Ueberblick_1100x450px_Kollektivunfall-1536x629.jpg 1536w, https:\/\/branchenversicherung.ch\/wp-content\/uploads\/2021\/12\/BV_Leistungen_Portfolio_Ueberblick_1100x450px_Kollektivunfall-2048x839.jpg 2048w\" sizes=\"(max-width: 1024px) 100vw, 1024px\" \/><\/figure>\n\n\n<div class=\"gb-container gb-container-ddc02e53\"><div class=\"gb-inside-container\">\n\n<h3 class=\"gb-headline gb-headline-3c19d693 gb-headline-text\">Assurances de personnes<\/h3>\n\n\n\n<p class=\"margin__bottom__10__p\">Les accidents ou les longues absences pour cause de maladie peuvent sensiblement impacter le fonctionnement de l\u2019entreprise. Nos assurances de personnes couvrent de mani\u00e8re fiable non seulement vos collaboratrices et collaborateurs, mais aussi votre entreprise, contre les pertes \u00e9conomiques.<\/p>\n\n\n\n<ul class=\"wp-block-list list__leinstungen__items\">\n<li><a href=\"https:\/\/branchenversicherung.ch\/fr\/assure\/assurance-accidents-collective\/\" data-type=\"page\" data-id=\"4206\"><strong>Assurance-accidents collective<\/strong><\/a><\/li>\n\n\n\n<li><a href=\"https:\/\/branchenversicherung.ch\/fr\/assure\/assurance-accidents-individuelle\/\" data-type=\"page\" data-id=\"4432\"><strong>Assurance-accidents individuelle<\/strong><\/a><\/li>\n\n\n\n<li><a href=\"https:\/\/branchenversicherung.ch\/fr\/assure\/assurance-dindemnite-journaliere-maladie\/\" data-type=\"page\" data-id=\"4438\"><strong>Assurance d&rsquo;indemnit\u00e9s journali\u00e8res en cas de maladie<\/strong><\/a><\/li>\n\n\n\n<li><a href=\"https:\/\/branchenversicherung.ch\/fr\/assure\/assurance-par-convention\/\" data-type=\"page\" data-id=\"4438\"><strong>Assurance par convention<\/strong><\/a><\/li>\n<\/ul>\n\n<\/div><\/div>\n<\/div><\/div><\/div>\n\n\n\n<div class=\"wp-block-column is-layout-flow wp-block-column-is-layout-flow\"><div class=\"gb-container gb-container-56a51785 leinstungen__container\"><div class=\"gb-inside-container\">\n\n<figure class=\"wp-block-image size-large\"><img decoding=\"async\" width=\"1024\" height=\"419\" src=\"https:\/\/branchenversicherung.ch\/wp-content\/uploads\/2021\/12\/BV_Leistungen_Portfolio_Ueberblick_1100x450px_Gebaude-1024x419.jpg\" alt=\"\" class=\"wp-image-10183\" srcset=\"https:\/\/branchenversicherung.ch\/wp-content\/uploads\/2021\/12\/BV_Leistungen_Portfolio_Ueberblick_1100x450px_Gebaude-1024x419.jpg 1024w, https:\/\/branchenversicherung.ch\/wp-content\/uploads\/2021\/12\/BV_Leistungen_Portfolio_Ueberblick_1100x450px_Gebaude-300x123.jpg 300w, https:\/\/branchenversicherung.ch\/wp-content\/uploads\/2021\/12\/BV_Leistungen_Portfolio_Ueberblick_1100x450px_Gebaude-768x314.jpg 768w, https:\/\/branchenversicherung.ch\/wp-content\/uploads\/2021\/12\/BV_Leistungen_Portfolio_Ueberblick_1100x450px_Gebaude-1536x628.jpg 1536w, https:\/\/branchenversicherung.ch\/wp-content\/uploads\/2021\/12\/BV_Leistungen_Portfolio_Ueberblick_1100x450px_Gebaude-2048x838.jpg 2048w\" sizes=\"(max-width: 1024px) 100vw, 1024px\" \/><\/figure>\n\n\n<div class=\"gb-container gb-container-afb350c0\"><div class=\"gb-inside-container\">\n\n<h3 class=\"gb-headline gb-headline-5b7b2985 gb-headline-text\">Assurance commerciales<\/h3>\n\n\n\n<p class=\"margin__bottom__10__p\">Les risques d\u2019exploitation ne peuvent jamais \u00eatre totalement \u00e9vit\u00e9s \u2013 en revanche, il est possible de les assurer de mani\u00e8re cibl\u00e9e. Nos assurances commerciales prot\u00e8gent votre entreprise contre les pertes financi\u00e8res et assurent les affaires courantes de mani\u00e8re fiable.<\/p>\n\n\n\n<ul class=\"wp-block-list list__leinstungen__items\">\n<li><a href=\"https:\/\/branchenversicherung.ch\/fr\/assure\/assurance-de-choses\/\" data-type=\"page\" data-id=\"4458\"><strong>Assurance de choses<\/strong><\/a><\/li>\n\n\n\n<li><a href=\"https:\/\/branchenversicherung.ch\/fr\/assure\/assurance-batiment\/\" data-type=\"page\" data-id=\"4458\"><strong>Assurance b\u00e2timent<\/strong><\/a><\/li>\n\n\n\n<li><strong><a href=\"https:\/\/branchenversicherung.ch\/fr\/assure\/assurance-responsabilite-civile-dentreprise\/\" data-type=\"URL\" data-id=\"\/leistungen\/gebaeudeversicherung\/\">Assurance responsabilit\u00e9 civile d\u2019entreprise<\/a><\/strong> <\/li>\n\n\n\n<li><a href=\"https:\/\/branchenversicherung.ch\/fr\/assure\/assurance-protection-juridique\/\" data-type=\"page\" data-id=\"4555\"><strong>Assurance protection juridique<\/strong><\/a><\/li>\n<\/ul>\n\n<\/div><\/div>\n<\/div><\/div><\/div>\n<\/div>\n\n\n\n<div class=\"wp-block-columns is-layout-flex wp-container-core-columns-is-layout-9d6595d7 wp-block-columns-is-layout-flex\">\n<div class=\"wp-block-column is-layout-flow wp-block-column-is-layout-flow\"><div class=\"gb-container gb-container-b0db8f74 leinstungen__container\"><div class=\"gb-inside-container\">\n\n<figure class=\"wp-block-image size-large\"><img decoding=\"async\" width=\"1024\" height=\"419\" src=\"https:\/\/branchenversicherung.ch\/wp-content\/uploads\/2021\/12\/BV_Leistungen_Portfolio_Ueberblick_1100x450px_Hausrat-1024x419.jpg\" alt=\"\" class=\"wp-image-10186\" srcset=\"https:\/\/branchenversicherung.ch\/wp-content\/uploads\/2021\/12\/BV_Leistungen_Portfolio_Ueberblick_1100x450px_Hausrat-1024x419.jpg 1024w, https:\/\/branchenversicherung.ch\/wp-content\/uploads\/2021\/12\/BV_Leistungen_Portfolio_Ueberblick_1100x450px_Hausrat-300x123.jpg 300w, https:\/\/branchenversicherung.ch\/wp-content\/uploads\/2021\/12\/BV_Leistungen_Portfolio_Ueberblick_1100x450px_Hausrat-768x314.jpg 768w, https:\/\/branchenversicherung.ch\/wp-content\/uploads\/2021\/12\/BV_Leistungen_Portfolio_Ueberblick_1100x450px_Hausrat-1536x628.jpg 1536w, https:\/\/branchenversicherung.ch\/wp-content\/uploads\/2021\/12\/BV_Leistungen_Portfolio_Ueberblick_1100x450px_Hausrat-2048x838.jpg 2048w\" sizes=\"(max-width: 1024px) 100vw, 1024px\" \/><\/figure>\n\n\n<div class=\"gb-container gb-container-767a2dee\"><div class=\"gb-inside-container\">\n\n<h3 class=\"gb-headline gb-headline-486b6b6b gb-headline-text\">Assurances priv\u00e9es pour entrepreneurs<\/h3>\n\n\n\n<p class=\"margin__bottom__10__p\">En tant qu\u2019entrepreneur, \u00e9galement, veillez \u00e0 ne pas n\u00e9gliger votre couverture d\u2019assurance personnelle. Nos assurances priv\u00e9es pour les personnes exer\u00e7ant une activit\u00e9 ind\u00e9pendante couvrent vos risques individuels et garantissent votre s\u00e9curit\u00e9 financi\u00e8re au quotidien.<\/p>\n\n\n\n<ul class=\"wp-block-list list__leinstungen__items\">\n<li><a href=\"https:\/\/branchenversicherung.ch\/fr\/assure\/assurance-responsabilite-civile-privee\/\" data-type=\"page\" data-id=\"4574\"><strong>Assurance responsabilit\u00e9 civile priv\u00e9e<\/strong><\/a><\/li>\n\n\n\n<li><strong><a href=\"https:\/\/branchenversicherung.ch\/fr\/assure\/assurance-inventaire-du-menage\/\" data-type=\"page\" data-id=\"4592\">Assurance inventaire du m\u00e9nage<\/a><\/strong><\/li>\n\n\n\n<li><a href=\"https:\/\/branchenversicherung.ch\/fr\/assure\/assurance-vehicules-a-moteur\/\" data-type=\"page\" data-id=\"4620\"><strong>Assurance v\u00e9hicule \u00e0 moteur<\/strong><\/a><\/li>\n<\/ul>\n\n<\/div><\/div>\n<\/div><\/div><\/div>\n\n\n\n<div class=\"wp-block-column is-layout-flow wp-block-column-is-layout-flow\"><\/div>\n<\/div>\n\n<\/div><\/div>\n\n<div class=\"gb-container gb-container-372adc8a\"><div class=\"gb-inside-container\">\n\n<div style=\"height:30px\" aria-hidden=\"true\" class=\"wp-block-spacer\"><\/div>\n\n\n\n<h2 class=\"wp-block-heading\"><strong>Questions relatives aux assurances pour les PME et personnes exer\u00e7ant une activit\u00e9 ind\u00e9pendante<\/strong><\/h2>\n\n\n\n<div style=\"height:5px\" aria-hidden=\"true\" class=\"wp-block-spacer\"><\/div>\n\n\n<section id=\"accordionB-block_ba7cabf8d068cfaffeb090ed31928771\" class=\"accordionB container__accordion\">\n  <div class=\"rows__accordion make__accordion\"><h3 class=\"accordion__title__down\"> <span class=\"acc__head__text\"> Quelles assurances couvrent les personnes exer\u00e7ant une activit\u00e9 ind\u00e9pendante de mani\u00e8re optimale ?<\/span><span class=\"icon__accordion__acc\"> <i class=\"fas fa-chevron-down\"><\/i>  <i class=\"fas fa-chevron-up\"><\/i> <\/span><\/h3><div class=\"accordion__hidden__shown\"><p>Il n\u2019existe pas d\u2019obligation d\u2019assurance uniforme pour les personnes exer\u00e7ant une activit\u00e9 ind\u00e9pendante. Toutefois, certaines assurances sont particuli\u00e8rement recommand\u00e9es pour couvrir les risques financiers. L\u2019assurance-accidents individuelle est certes facultative, mais elle peut \u00eatre judicieuse pour pallier les pertes de revenus. Une assurance de protection juridique d\u2019entreprise couvre les revendications en dommages et int\u00e9r\u00eats de tiers, tandis que l\u2019assurance d\u2019indemnit\u00e9 journali\u00e8re en cas de maladie pour les personnes ind\u00e9pendantes prend en charge les pertes de revenus dues \u00e0 une incapacit\u00e9 de travail prolong\u00e9e. Suivant le secteur, une assurance choses ou une assurance de protection juridique peut \u00eatre pertinente \u00e9galement.<\/p>\n<\/div><hr class=\"accordion__separate row__seps\"><\/div><div class=\"rows__accordion make__accordion\"><h3 class=\"accordion__title__down\"> <span class=\"acc__head__text\"> Quelles assurances sont l\u00e9galement obligatoires pour une PME ?  <\/span><span class=\"icon__accordion__acc\"> <i class=\"fas fa-chevron-down\"><\/i>  <i class=\"fas fa-chevron-up\"><\/i> <\/span><\/h3><div class=\"accordion__hidden__shown\"><p style=\"font-weight: 400;\">Pour une PME occupant du personnel, il est obligatoire en Suisse de souscrire une assurance-accidents (AA). Celle-ci inclut l\u2019assurance-accidents professionnels (AAP), obligatoire pour tous les salari\u00e9s, ind\u00e9pendamment de leur taux d\u2019occupation. D\u00e8s qu\u2019une collaboratrice ou un collaborateur travaille pour l\u2019entreprise au moins 8\u00a0heures par semaine, l\u2019assurance-accidents non professionnels est \u00e9galement n\u00e9cessaire. D\u2019autres assurances telles que la responsabilit\u00e9 civile d\u2019entreprise, l\u2019assurance choses ou de protection juridique ne sont certes pas l\u00e9galement obligatoires, mais express\u00e9ment recommand\u00e9es afin de r\u00e9duire les risques financiers.<\/p>\n<\/div><hr class=\"accordion__separate row__seps\"><\/div><div class=\"rows__accordion make__accordion\"><h3 class=\"accordion__title__down\"> <span class=\"acc__head__text\"> Existe-t-il des assurances sectorielles pour les PME suisses ?<\/span><span class=\"icon__accordion__acc\"> <i class=\"fas fa-chevron-down\"><\/i>  <i class=\"fas fa-chevron-up\"><\/i> <\/span><\/h3><div class=\"accordion__hidden__shown\"><p>Oui, gr\u00e2ce \u00e0 des solutions d\u2019assurance flexibles, les produits peuvent \u00eatre adapt\u00e9s individuellement aux exigences des diff\u00e9rents secteurs. En tant que partenaire sp\u00e9cialis\u00e9 pour les PME actives dans les secteurs \u00e9conomiques les plus divers, l\u2019Assurance des M\u00e9tiers conna\u00eet les risques typiques des diff\u00e9rents groupes professionnels et offre une couverture cibl\u00e9e \u2013 que ce soit pour le commerce de d\u00e9tail de denr\u00e9es alimentaires, les entreprises de services, le secteur de la sant\u00e9 ou d\u2019autres branches. Il en d\u00e9coule des solutions d\u2019assurance r\u00e9pondant aux besoins, lesquelles vont au-del\u00e0 des produits standards.<\/p>\n<\/div><hr class=\"accordion__separate row__seps\"><\/div><div class=\"rows__accordion make__accordion\"><h3 class=\"accordion__title__down\"> <span class=\"acc__head__text\"> Comment optimiser mes co\u00fbts d\u2019assurance en tant que PME ?<\/span><span class=\"icon__accordion__acc\"> <i class=\"fas fa-chevron-down\"><\/i>  <i class=\"fas fa-chevron-up\"><\/i> <\/span><\/h3><div class=\"accordion__hidden__shown\"><p style=\"font-weight: 400;\">Dans le cadre de l\u2019optimisation des co\u00fbts d\u2019assurance pour une PME ou une personne exer\u00e7ant une activit\u00e9 ind\u00e9pendante, le choix des franchises joue un r\u00f4le d\u00e9cisif: des franchises sup\u00e9rieures conduisent en r\u00e8gle g\u00e9n\u00e9rale \u00e0 des primes plus avantageuses. Toutefois, elles devraient toujours \u00eatre proportionnelles au profil de risque. En outre, dans la pratique, les doubles couvertures engendrent souvent des co\u00fbts d\u2019assurance \u00e9lev\u00e9s inutiles \u2013 une analyse approfondie par des conseillers en assurance exp\u00e9riment\u00e9s aide \u00e0 identifier de tels doublons et \u00e0 les \u00e9viter. Une pr\u00e9vention des risques cibl\u00e9e \u2013 par exemple au travers de mesures de s\u00e9curit\u00e9 ou de formations \u2013 contribue aussi \u00e0 \u00e9viter les dommages et agit positivement, \u00e0 long terme, sur la fixation des primes.<\/p>\n<\/div><hr class=\"accordion__separate row__seps\"><\/div><\/section>\n\n\n\n<div style=\"height:10px\" aria-hidden=\"true\" class=\"wp-block-spacer\"><\/div>\n\n<\/div><\/div>\n\n<div class=\"gb-container gb-container-e27ca0d7 new__height__lastB\"><div class=\"gb-inside-container\">\n<div class=\"gb-grid-wrapper gb-grid-wrapper-ad873ded\">\n<div class=\"gb-grid-column gb-grid-column-ff3b5aef\"><div class=\"gb-container gb-container-ff3b5aef eql__column\"><div class=\"gb-inside-container\">\n\n<figure class=\"wp-block-image size-large image__full\"><img decoding=\"async\" width=\"1024\" height=\"690\" src=\"https:\/\/branchenversicherung.ch\/wp-content\/uploads\/2021\/11\/vortiele-banner-1024x690.webp\" alt=\"\" class=\"wp-image-7154\" srcset=\"https:\/\/branchenversicherung.ch\/wp-content\/uploads\/2021\/11\/vortiele-banner-1024x690.webp 1024w, https:\/\/branchenversicherung.ch\/wp-content\/uploads\/2021\/11\/vortiele-banner-300x202.webp 300w, https:\/\/branchenversicherung.ch\/wp-content\/uploads\/2021\/11\/vortiele-banner-768x518.webp 768w, https:\/\/branchenversicherung.ch\/wp-content\/uploads\/2021\/11\/vortiele-banner.webp 1120w\" sizes=\"(max-width: 1024px) 100vw, 1024px\" \/><\/figure>\n\n<\/div><\/div><\/div>\n\n<div class=\"gb-grid-column gb-grid-column-70dee188\"><div class=\"gb-container gb-container-70dee188 make__me__relative\"><div class=\"gb-inside-container\">\n\n<h2 class=\"gb-headline gb-headline-0d84eeb5 gb-headline-text\">Vos avantages chez nous<\/h2>\n\n\n\n<ul class=\"wp-block-list list__style__square has-normal-font-size\">\n<li>Forme juridique \u2013 Chez nous, vous \u00eates client, mais aussi un copropri\u00e9taire<\/li>\n\n\n\n<li>Conseillers \u00e0 la client\u00e8le ind\u00e9pendants des commissions \u2013 Uniquement des offres utiles<\/li>\n\n\n\n<li>Contact personnel et traitement rapide des sinistres<\/li>\n\n\n\n<li>Trilingue et pr\u00e9sent dans toute la Suisse<\/li>\n<\/ul>\n\n\n\n<p><\/p>\n\n\n\n<p class=\"half__button__icon should__be__bottom\"><a href=\"https:\/\/branchenversicherung.ch\/fr\/a-propos-de-nous\/avantages\/\">Par ici<\/a><\/p>\n\n<\/div><\/div><\/div>\n<\/div>\n<\/div><\/div>","protected":false},"excerpt":{"rendered":"<p>Vue d\u2019ensemble de nos prestations d\u2019assurance Nos assurances pour les PME et personnes exer\u00e7ant une activit\u00e9 ind\u00e9pendante couvrent un large \u00e9ventail de risques et se divisent en trois cat\u00e9gories principales. Chaque prestation est parfaitement adapt\u00e9e aux besoins sp\u00e9cifiques des personnes ind\u00e9pendantes et des entreprises ainsi que de leur personnel. Aper\u00e7u de notre portefeuille Assurances de &#8230; <a title=\"Assurances\" class=\"read-more\" href=\"https:\/\/branchenversicherung.ch\/fr\/assure\/\" aria-label=\"Plus sur Assurances\">Lire plus<\/a><\/p>\n","protected":false},"author":2,"featured_media":0,"parent":0,"menu_order":55,"comment_status":"closed","ping_status":"closed","template":"","meta":{"_acf_changed":false,"iawp_total_views":356,"footnotes":""},"class_list":["post-21581","page","type-page","status-publish"],"acf":[],"_links":{"self":[{"href":"https:\/\/branchenversicherung.ch\/fr\/wp-json\/wp\/v2\/pages\/21581","targetHints":{"allow":["GET"]}}],"collection":[{"href":"https:\/\/branchenversicherung.ch\/fr\/wp-json\/wp\/v2\/pages"}],"about":[{"href":"https:\/\/branchenversicherung.ch\/fr\/wp-json\/wp\/v2\/types\/page"}],"author":[{"embeddable":true,"href":"https:\/\/branchenversicherung.ch\/fr\/wp-json\/wp\/v2\/users\/2"}],"replies":[{"embeddable":true,"href":"https:\/\/branchenversicherung.ch\/fr\/wp-json\/wp\/v2\/comments?post=21581"}],"version-history":[{"count":12,"href":"https:\/\/branchenversicherung.ch\/fr\/wp-json\/wp\/v2\/pages\/21581\/revisions"}],"predecessor-version":[{"id":21635,"href":"https:\/\/branchenversicherung.ch\/fr\/wp-json\/wp\/v2\/pages\/21581\/revisions\/21635"}],"wp:attachment":[{"href":"https:\/\/branchenversicherung.ch\/fr\/wp-json\/wp\/v2\/media?parent=21581"}],"curies":[{"name":"wp","href":"https:\/\/api.w.org\/{rel}","templated":true}]}}