
{"id":6760,"date":"2021-11-19T16:01:04","date_gmt":"2021-11-19T15:01:04","guid":{"rendered":"https:\/\/branchenversicherung.ch\/conseil-dadministration\/"},"modified":"2025-06-06T09:49:21","modified_gmt":"2025-06-06T07:49:21","slug":"conseil-dadministration","status":"publish","type":"page","link":"https:\/\/branchenversicherung.ch\/fr\/conseil-dadministration\/","title":{"rendered":"Conseil d&rsquo;administration"},"content":{"rendered":"<section id=\"halfHeader-block_891e960c8db171ac106a25c2e814e3f6\" class=\"halfHeader container__page\">\n  <div class=\"inside__hero__half imagineNow\">\n    <div class=\"half__description__row\">\n            <h1 class=\"hero__title__h\">Conseil d&rsquo;administration <\/h1>\n            <p class=\"description__row\"> Atteindre des objectifs tout en jouant franc jeu &#8211; c&rsquo;est important pour moi !\r\nC&rsquo;est pourquoi le bonheur des coop\u00e9rateurs\/coop\u00e9ratrices ne me tient pas seulement \u00e0 c\u0153ur, mais aussi la satisfaction des collaborateurs. L\u00e0 o\u00f9 r\u00e8gne l&rsquo;estime, r\u00e8gne la satisfaction. Et l\u00e0 o\u00f9 r\u00e8gne la satisfaction, on travaille bien. \u00ab\u00a0Yves Gyr\u00a0\u00bb <\/p>\n         \n        \n                  \n      <!--<div  class=\"scroll__one__bottom with__new__arrow\"> <\/div>-->\n    <\/div>\n    <div class=\"half__image__row\">\n      <img decoding=\"async\" width=\"1680\" height=\"980\" src=\"https:\/\/branchenversicherung.ch\/wp-content\/uploads\/2025\/06\/Ueber_uns_Header_VR_GL_1680x980px_2025.jpg\" class=\"attachment-full size-full\" alt=\"\" srcset=\"https:\/\/branchenversicherung.ch\/wp-content\/uploads\/2025\/06\/Ueber_uns_Header_VR_GL_1680x980px_2025.jpg 1680w, https:\/\/branchenversicherung.ch\/wp-content\/uploads\/2025\/06\/Ueber_uns_Header_VR_GL_1680x980px_2025-300x175.jpg 300w, https:\/\/branchenversicherung.ch\/wp-content\/uploads\/2025\/06\/Ueber_uns_Header_VR_GL_1680x980px_2025-1024x597.jpg 1024w, https:\/\/branchenversicherung.ch\/wp-content\/uploads\/2025\/06\/Ueber_uns_Header_VR_GL_1680x980px_2025-768x448.jpg 768w, https:\/\/branchenversicherung.ch\/wp-content\/uploads\/2025\/06\/Ueber_uns_Header_VR_GL_1680x980px_2025-1536x896.jpg 1536w\" sizes=\"(max-width: 1680px) 100vw, 1680px\" \/>    <\/div>\n  <\/div>\n<\/section>\n\n\n<div class=\"gb-container gb-container-04676add\"><div class=\"gb-inside-container\">\n<div class=\"gb-grid-wrapper gb-grid-wrapper-151c5213\">\n<div class=\"gb-grid-column gb-grid-column-4c26a5c2\"><div class=\"gb-container gb-container-4c26a5c2\"><div class=\"gb-inside-container\">\n<section class=\"board__members\"><div id=\"MBDamian\" class=\"each__board__member\"> <h3 class=\"board__memeber__title\">Damian M\u00fcller <\/h3><p class=\"board__memeber__exactly\">Membre du conseil d'administration <\/p><p class=\"board__memeber__desc\">\u00ab Fiabilit\u00e9, confiance et responsabilit\u00e9 \u2013 ce sont pour moi des valeurs fondamentales dans le travail d\u2019un conseil d\u2019administration. Je m\u2019engage \u00e0 faire en sorte que l\u2019Assurance des m\u00e9tiers puisse prot\u00e9ger efficacement ses membres, m\u00eame dans un environnement exigeant. En tant que politicien de milice avec des racines dans le secteur de l\u2019assurance, j\u2019apporte au Conseil d\u2019administration une exp\u00e9rience pratique, une pens\u00e9e entrepreneuriale et une vision strat\u00e9gique. \u00bb <\/p><!-- wp:generateblocks\/container {\"uniqueId\":\"8c070677\",\"isDynamic\":true,\"blockVersion\":4,\"useInnerContainer\":true,\"spacing\":{\"paddingTop\":\"40px\",\"paddingRight\":\"40px\",\"paddingBottom\":\"40px\",\"paddingLeft\":\"40px\"},\"paddingSyncUnits\":true} -->\n<!-- wp:generateblocks\/grid {\"uniqueId\":\"0ecd4e85\",\"columns\":1,\"horizontalGap\":30,\"isDynamic\":true,\"blockVersion\":3,\"useLegacyRowGap\":true} -->\n<!-- wp:generateblocks\/container {\"uniqueId\":\"3079cdf2\",\"isGrid\":true,\"gridId\":\"0ecd4e85\",\"isDynamic\":true,\"blockVersion\":4,\"useInnerContainer\":true,\"sizing\":{\"width\":\"100%\",\"widthMobile\":\"100%\"},\"spacing\":{\"paddingTop\":\"0px\",\"paddingRight\":\"0px\",\"paddingBottom\":\"0px\",\"paddingLeft\":\"0px\"}} -->\n<!-- wp:paragraph {\"translatedWithWPMLTM\":\"1\"} -->\n<p><strong>Damian M\u00fcller, n\u00e9 en 1984, est membre du Conseil d\u2019administration de la Coop\u00e9rative d'assurance des m\u00e9tiers depuis 2025.<\/strong><\/p>\n<!-- \/wp:paragraph -->\n\n<!-- wp:paragraph {\"translatedWithWPMLTM\":\"1\"} -->\n<p>Apr\u00e8s une formation commerciale, Damian M\u00fcller a travaill\u00e9 plusieurs ann\u00e9es comme Key Account Manager dans diverses entreprises de commerce, avant de rejoindre Swiss Life et la Mobili\u00e8re dans le secteur de l\u2019assurance. Parall\u00e8lement \u00e0 son activit\u00e9 professionnelle, il a suivi des formations en management et en communication. <\/p>\n<!-- \/wp:paragraph -->\n\n<!-- wp:paragraph {\"translatedWithWPMLTM\":\"1\"} -->\n<p>Depuis 2015, il repr\u00e9sente le canton de Lucerne au Conseil des \u00c9tats. En tant que politicien de milice engag\u00e9, il allie exp\u00e9rience entrepreneuriale et responsabilit\u00e9 politique. Ses domaines de pr\u00e9dilection sont la politique \u00e9conomique et sociale ainsi que la politique \u00e9trang\u00e8re et de s\u00e9curit\u00e9. Il est \u00e9galement pr\u00e9sident de Swiss Medtech, de Swiss Equestrian et de l\u2019Union Professionnelle Suisse de la Viande \u2013 un bagage d\u2019exp\u00e9riences qu\u2019il met au service du travail strat\u00e9gique du conseil d\u2019administration.   <\/p>\n<!-- \/wp:paragraph -->\n<!-- \/wp:generateblocks\/container -->\n<!-- \/wp:generateblocks\/grid -->\n<!-- \/wp:generateblocks\/container --><\/div><div id=\"MBMartin\" class=\"each__board__member\"> <h3 class=\"board__memeber__title\">Martin Lehmann <\/h3><p class=\"board__memeber__exactly\">Membre du conseil d'administration <\/p><p class=\"board__memeber__desc\">\u00ab Je suis une personne communicative et j\u2019aime travailler avec les autres \u2013 de mani\u00e8re ouverte, fiable et avec c\u0153ur. \u00bb <\/p><!-- wp:generateblocks\/container {\"uniqueId\":\"8c070677\",\"isDynamic\":true,\"blockVersion\":4,\"useInnerContainer\":true,\"spacing\":{\"paddingTop\":\"40px\",\"paddingRight\":\"40px\",\"paddingBottom\":\"40px\",\"paddingLeft\":\"40px\"},\"paddingSyncUnits\":true} -->\n<!-- wp:generateblocks\/grid {\"uniqueId\":\"0ecd4e85\",\"columns\":1,\"horizontalGap\":30,\"isDynamic\":true,\"blockVersion\":3,\"useLegacyRowGap\":true} -->\n<!-- wp:generateblocks\/container {\"uniqueId\":\"3079cdf2\",\"isGrid\":true,\"gridId\":\"0ecd4e85\",\"isDynamic\":true,\"blockVersion\":4,\"useInnerContainer\":true,\"sizing\":{\"width\":\"100%\",\"widthMobile\":\"100%\"},\"spacing\":{\"paddingTop\":\"0px\",\"paddingRight\":\"0px\",\"paddingBottom\":\"0px\",\"paddingLeft\":\"0px\"}} -->\n<!-- wp:paragraph {\"translatedWithWPMLTM\":\"1\"} -->\n<p><strong>Martin Lehmann, n\u00e9 en 1967, est membre du Conseil d\u2019administration de la Coop\u00e9rative d'assurance des m\u00e9tiers depuis 2025.<\/strong><\/p>\n<!-- \/wp:paragraph -->\n\n<!-- wp:paragraph {\"translatedWithWPMLTM\":\"1\"} -->\n<p>En 1999, Martin Lehmann a cofond\u00e9 Mobilezone et a repris en 2007, apr\u00e8s avoir occup\u00e9 le poste de directeur des ventes, la fonction de CEO. Pendant son mandat, il a \u00e9galement obtenu un Executive MBA \u00e0 l\u2019Universit\u00e9 de Saint-Gall. De 2015 \u00e0 2022, il a travaill\u00e9 chez L\u00e4derach Chocolatier Suisse \u2013 d\u2019abord en tant que pr\u00e9sident de la direction, puis en tant que Chief of Retail and Sales Officer.<br\/>Depuis 2022, Martin Lehmann est CEO de LUSH (Switzerland) AG, une entreprise du secteur des cosm\u00e9tiques. Il est \u00e9galement membre du conseil d\u2019administration de Hess Investment AG depuis 2019.   <\/p>\n<!-- \/wp:paragraph -->\n<!-- \/wp:generateblocks\/container -->\n<!-- \/wp:generateblocks\/grid -->\n<!-- \/wp:generateblocks\/container --><\/div><div id=\"MBMichel\" class=\"each__board__member\"> <h3 class=\"board__memeber__title\">Michel Gerber <\/h3><p class=\"board__memeber__exactly\">vice-pr\u00e9sident du conseil d'administration <\/p><p class=\"board__memeber__desc\"> <\/p><!-- wp:generateblocks\/container {\"uniqueId\":\"8c070677\",\"isDynamic\":true,\"blockVersion\":4,\"useInnerContainer\":true,\"spacing\":{\"paddingTop\":\"40px\",\"paddingRight\":\"40px\",\"paddingBottom\":\"40px\",\"paddingLeft\":\"40px\"},\"paddingSyncUnits\":true} -->\n<!-- wp:generateblocks\/grid {\"uniqueId\":\"0ecd4e85\",\"columns\":1,\"horizontalGap\":30,\"isDynamic\":true,\"blockVersion\":3,\"useLegacyRowGap\":true} -->\n<!-- wp:generateblocks\/container {\"uniqueId\":\"3079cdf2\",\"isGrid\":true,\"gridId\":\"0ecd4e85\",\"isDynamic\":true,\"blockVersion\":4,\"useInnerContainer\":true,\"sizing\":{\"width\":\"100%\",\"widthMobile\":\"100%\"},\"spacing\":{\"paddingTop\":\"0px\",\"paddingRight\":\"0px\",\"paddingBottom\":\"0px\",\"paddingLeft\":\"0px\"}} -->\n<!-- wp:paragraph -->\n<p><strong>Michel Gerber, n\u00e9 en 1981, est membre du conseil d'administration d'Assurance des m\u00e9tiers soci\u00e9t\u00e9 coop\u00e9rative depuis 2022.<\/strong><\/p>\n<!-- \/wp:paragraph -->\n\n<!-- wp:paragraph -->\n<p>Apr\u00e8s son apprentissage de boucher qu'il termine en 2002, Michel Gerber \u00e9tudie l'\u00e9conomie en HEC \u00e0 l'universit\u00e9 de Lausanne et obtient un master en management en 2007. Apr\u00e8s ses \u00e9tudes, il effectue un stage chez Ernst &amp; Young \u00e0 Gen\u00e8ve en tant qu\u2019auditeur financier, puis travaille de 2007 \u00e0 2012 chez Honeywell International Inc., d'abord en tant qu'analyste marketing, puis en tant que responsable financier mondial pour la Business Unit \"Transportation Systems\".&nbsp;<\/p>\n<!-- \/wp:paragraph -->\n\n<!-- wp:paragraph -->\n<p>Depuis 2012, Michel Gerber travaille dans l'entreprise familiale Suter Viandes SA \u00e0 Villeneuve. Il y est CEO et membre du conseil d'administration et de ses filiales. Il est \u00e9galement membre du conseil d'administration de GVFI AG \u00e0 B\u00e2le et suppl\u00e9ant de l'administration de la coop\u00e9rative Proviande \u00e0 Berne. Il est \u00e9galement officier de milice dans l'arm\u00e9e suisse et commande un bataillon d'infanterie.<\/p>\n<!-- \/wp:paragraph -->\n<!-- \/wp:generateblocks\/container -->\n<!-- \/wp:generateblocks\/grid -->\n<!-- \/wp:generateblocks\/container -->\n\n<!-- wp:paragraph -->\n<p><\/p>\n<!-- \/wp:paragraph --><\/div><div id=\"MBYves\" class=\"each__board__member\"> <h3 class=\"board__memeber__title\">Yves Gyr <\/h3><p class=\"board__memeber__exactly\">Pr\u00e9sident du conseil d'administration <\/p><p class=\"board__memeber__desc\"> <\/p><!-- wp:acf\/headerhalf {\"name\":\"acf\/headerhalf\",\"data\":{\"image\":5196,\"_image\":\"field_613f4498c1188\",\"description\":\"\\u0022Je me consid\u00e8re comme un finisseur : il est important pour moi que notre \u00e9quipe ne se contente pas de bien jouer, mais qu'elle marque ses buts et gagne d\u00e8s que cela compte vraiment pour nos clientes et clients. J'apporte une perspective ind\u00e9pendante et des comp\u00e9tences au conseil d'administration et je m'engage de toutes mes forces pour un avenir durable de la branche Assurance et pour le bien-\u00eatre de tous les coop\u00e9rateurs (trices)\\u0022. Traduit avec www.DeepL.com\/Translator (version gratuite)\\u0022\",\"_description\":\"field_613f44a9c1189\",\"is_single\":\"1\",\"_is_single\":\"field_6141ad3c6443c\",\"fall_back_parrent\":159,\"_fall_back_parrent\":\"field_6141ad4f6443d\",\"fall_back_description\":\"Membre du conseil d'administration\",\"_fall_back_description\":\"field_6141ad876443e\"},\"mode\":\"preview\"} \/-->\n\n<!-- wp:generateblocks\/container {\"uniqueId\":\"8c070677\",\"isDynamic\":true,\"blockVersion\":4,\"useInnerContainer\":true,\"spacing\":{\"paddingTop\":\"40px\",\"paddingRight\":\"40px\",\"paddingBottom\":\"40px\",\"paddingLeft\":\"40px\"},\"paddingSyncUnits\":true} -->\n<!-- wp:generateblocks\/grid {\"uniqueId\":\"0ecd4e85\",\"columns\":1,\"horizontalGap\":30,\"isDynamic\":true,\"blockVersion\":3,\"useLegacyRowGap\":true} -->\n<!-- wp:generateblocks\/container {\"uniqueId\":\"3079cdf2\",\"isGrid\":true,\"gridId\":\"0ecd4e85\",\"isDynamic\":true,\"blockVersion\":4,\"useInnerContainer\":true,\"sizing\":{\"width\":\"100%\",\"widthMobile\":\"100%\"},\"spacing\":{\"paddingTop\":\"0px\",\"paddingRight\":\"0px\",\"paddingBottom\":\"0px\",\"paddingLeft\":\"0px\"}} -->\n<!-- wp:paragraph -->\n<p><strong>Yves Gyr, n\u00e9 en 1980, est membre du conseil d'administration de la Coop\u00e9rative d'assurance des m\u00e9tiers depuis 2018 et a assum\u00e9 le r\u00f4le de pr\u00e9sident du conseil d'administration en juin 2022.<\/strong><\/p>\n<!-- \/wp:paragraph -->\n\n<!-- wp:paragraph -->\n<p>Yves Gyr a obtenu un master en gestion d'entreprise avec sp\u00e9cialisation en gestion des m\u00e9dias et de la communication \u00e0 l'Universit\u00e9 de Saint-Gall (HSG). En 2009, Yves Gyr a compl\u00e9t\u00e9 sa formation par l'obtention, en cours d'emploi, du dipl\u00f4me f\u00e9d\u00e9ral d'expert-comptable aupr\u00e8s de la Chambre fiduciaire. Cette \u00e9tape a \u00e9galement marqu\u00e9 un changement d'orientation vers le secteur des assurances et l'audit. Apr\u00e8s avoir occup\u00e9 plusieurs postes professionnels, Yves Gyr a rejoint Forvis Mazars Suisse en juin 2024, o\u00f9 il est devenu partenaire. Depuis, il dirige le secteur des assurances et apporte son expertise d'auditeur et de consultant pour d\u00e9velopper des solutions innovantes pour le secteur.<\/p>\n<!-- \/wp:paragraph -->\n<!-- \/wp:generateblocks\/container -->\n<!-- \/wp:generateblocks\/grid -->\n<!-- \/wp:generateblocks\/container --><\/div><div id=\"MBStefanie\" class=\"each__board__member\"> <h3 class=\"board__memeber__title\">Stefanie Meier-Gubser <\/h3><p class=\"board__memeber__exactly\">Membre du conseil d'administration <\/p><p class=\"board__memeber__desc\"> <\/p><!-- wp:acf\/headerhalf {\"id\":\"block_6141a7657302c\",\"name\":\"acf\/headerhalf\",\"data\":{\"image\":5196,\"_image\":\"field_613f4498c1188\",\"description\":\"\\u0022La gouvernance d'entreprise et le droit sont des th\u00e8mes qui me tiennent personnellement \u00e0 c\u0153ur et sont deux facteurs importants pour un d\u00e9veloppement d'entreprise r\u00e9ussi et durable. Je m'y engage avec toute l'\u00e9quipe d'Assurance des m\u00e9tiers\\u0022.\",\"_description\":\"field_613f44a9c1189\",\"is_single\":\"1\",\"_is_single\":\"field_6141ad3c6443c\",\"fall_back_parrent\":159,\"_fall_back_parrent\":\"field_6141ad4f6443d\",\"fall_back_description\":\"Membre du conseil d'administration\",\"_fall_back_description\":\"field_6141ad876443e\"},\"align\":\"\",\"mode\":\"preview\"} \/-->\n\n<!-- wp:generateblocks\/container {\"uniqueId\":\"8c070677\",\"paddingTop\":\"40\",\"paddingRight\":\"40\",\"paddingBottom\":\"40\",\"paddingLeft\":\"40\",\"paddingSyncUnits\":true,\"isDynamic\":true,\"blockVersion\":2} -->\n<!-- wp:generateblocks\/grid {\"uniqueId\":\"0ecd4e85\",\"columns\":1,\"horizontalGap\":30,\"isDynamic\":true,\"blockVersion\":2} -->\n<!-- wp:generateblocks\/container {\"uniqueId\":\"3079cdf2\",\"isGrid\":true,\"gridId\":\"0ecd4e85\",\"width\":100,\"widthMobile\":100,\"paddingTop\":\"0\",\"paddingRight\":\"0\",\"paddingBottom\":\"0\",\"paddingLeft\":\"0\",\"isDynamic\":true,\"blockVersion\":2} -->\n<!-- wp:paragraph -->\n<p><strong>Stefanie Meier-Gubser, n\u00e9e en 1974, est membre du conseil d'administration de l'Assurance des m\u00e9tiers soci\u00e9t\u00e9 coop\u00e9rative depuis 2020.<\/strong><\/p>\n<!-- \/wp:paragraph -->\n\n<!-- wp:paragraph -->\n<p>Stefanie Meier-Gubser suit une formation de juriste \u00e0 la Facult\u00e9 de droit et des sciences \u00e9conomiques de l'Universit\u00e9 de Berne. En 2001, elle passe l'examen d'\u00c9tat d'avocate \u00e0 la Cour supr\u00eame du canton de Berne. De 2013 \u00e0 2014, elle obtient un Certificate of Advanced Studies (CAS) en droit du travail \u00e0 l'universit\u00e9 de Zurich. Stefanie Meier-Gubser est avocate et partenaire du cabinet d'avocats bernois \"advokatur56\". Elle dispose d'une longue exp\u00e9rience et d'un savoir-faire \u00e9prouv\u00e9 en droit du travail, dans la gestion d'associations \u00e9conomiques nationales ainsi que dans les questions de conseil d'administration et de gouvernance.<\/p>\n<!-- \/wp:paragraph -->\n\n<!-- wp:paragraph -->\n<p>Stefanie Meier-Gubser est membre du comit\u00e9 consultatif SwissBoardForum, auditrice du label Best Board Practice\u00ae de l'Association Suisse pour Syst\u00e8mes de Qualit\u00e9 et de Management (SQS) et membre de l'Institut Fiduciaire et Juridique de l'Union Suisse des Fiduciaires Treuhand|Suisse.<\/p>\n<!-- \/wp:paragraph -->\n<!-- \/wp:generateblocks\/container -->\n<!-- \/wp:generateblocks\/grid -->\n<!-- \/wp:generateblocks\/container --><\/div><\/section>\n\n<\/div><\/div><\/div>\n<\/div>\n<\/div><\/div>","protected":false},"excerpt":{"rendered":"","protected":false},"author":1,"featured_media":0,"parent":0,"menu_order":3,"comment_status":"closed","ping_status":"closed","template":"","meta":{"_acf_changed":false,"iawp_total_views":105,"footnotes":""},"class_list":["post-6760","page","type-page","status-publish","hentry"],"acf":[],"_links":{"self":[{"href":"https:\/\/branchenversicherung.ch\/fr\/wp-json\/wp\/v2\/pages\/6760","targetHints":{"allow":["GET"]}}],"collection":[{"href":"https:\/\/branchenversicherung.ch\/fr\/wp-json\/wp\/v2\/pages"}],"about":[{"href":"https:\/\/branchenversicherung.ch\/fr\/wp-json\/wp\/v2\/types\/page"}],"author":[{"embeddable":true,"href":"https:\/\/branchenversicherung.ch\/fr\/wp-json\/wp\/v2\/users\/1"}],"replies":[{"embeddable":true,"href":"https:\/\/branchenversicherung.ch\/fr\/wp-json\/wp\/v2\/comments?post=6760"}],"version-history":[{"count":16,"href":"https:\/\/branchenversicherung.ch\/fr\/wp-json\/wp\/v2\/pages\/6760\/revisions"}],"predecessor-version":[{"id":21372,"href":"https:\/\/branchenversicherung.ch\/fr\/wp-json\/wp\/v2\/pages\/6760\/revisions\/21372"}],"wp:attachment":[{"href":"https:\/\/branchenversicherung.ch\/fr\/wp-json\/wp\/v2\/media?parent=6760"}],"curies":[{"name":"wp","href":"https:\/\/api.w.org\/{rel}","templated":true}]}}