{"id":6814,"date":"2021-11-23T15:36:15","date_gmt":"2021-11-23T14:36:15","guid":{"rendered":"https:\/\/branchenversicherung.ch\/service\/"},"modified":"2022-04-28T15:16:10","modified_gmt":"2022-04-28T13:16:10","slug":"service","status":"publish","type":"page","link":"https:\/\/branchenversicherung.ch\/fr\/service\/","title":{"rendered":"Service"},"content":{"rendered":"<section id=\"halfHeader-block_615c3f7899c1a\" class=\"halfHeader container__page\">\n  <div class=\"inside__hero__half imagineNow\">\n    <div class=\"half__description__row\">\n            <h1 class=\"hero__title__h\">En bref. <\/h1>\n            <p class=\"description__row\"> Nous nous consid\u00e9rons comme des g\u00e9n\u00e9ralistes qualifi\u00e9s pour toutes les questions d&rsquo;assurance. Une action rapide et non bureaucratique ainsi que l&rsquo;ambition de trouver la meilleure solution sur mesure nous caract\u00e9risent. <\/p>\n         \n        \n                  \n      <!--<div  class=\"scroll__one__bottom with__new__arrow\"> <\/div>-->\n    <\/div>\n    <div class=\"half__image__row\">\n      <img decoding=\"async\" width=\"2560\" height=\"1493\" src=\"https:\/\/branchenversicherung.ch\/wp-content\/uploads\/2021\/11\/BV_Service_Header_1680x980px-scaled.jpg\" class=\"attachment-full size-full\" alt=\"\" srcset=\"https:\/\/branchenversicherung.ch\/wp-content\/uploads\/2021\/11\/BV_Service_Header_1680x980px-scaled.jpg 2560w, https:\/\/branchenversicherung.ch\/wp-content\/uploads\/2021\/11\/BV_Service_Header_1680x980px-300x175.jpg 300w, https:\/\/branchenversicherung.ch\/wp-content\/uploads\/2021\/11\/BV_Service_Header_1680x980px-1024x597.jpg 1024w, https:\/\/branchenversicherung.ch\/wp-content\/uploads\/2021\/11\/BV_Service_Header_1680x980px-768x448.jpg 768w, https:\/\/branchenversicherung.ch\/wp-content\/uploads\/2021\/11\/BV_Service_Header_1680x980px-1536x896.jpg 1536w, https:\/\/branchenversicherung.ch\/wp-content\/uploads\/2021\/11\/BV_Service_Header_1680x980px-2048x1195.jpg 2048w\" sizes=\"(max-width: 2560px) 100vw, 2560px\" \/>    <\/div>\n  <\/div>\n<\/section>\n\n\n<div class=\"gb-container gb-container-0f13c589\"><div class=\"gb-inside-container\">\n<div class=\"gb-grid-wrapper gb-grid-wrapper-cdeb5f13\">\n<div class=\"gb-grid-column gb-grid-column-0308b766\"><div class=\"gb-container gb-container-0308b766\"><div class=\"gb-inside-container\">\n\n<p>Nous ne consid\u00e9rons pas les clients comme de simples num\u00e9ros. Ce n&rsquo;est pas du jargon marketing, c&rsquo;est vraiment ce que nous faisons. Nous sommes fiers d&rsquo;offrir des solutions sur mesure qui sont aussi correspondre efficacement \u00e0 l&rsquo;entreprise. Et nos conseillers client\u00e8le travaillent m\u00eame sans commission pour offrir aux entreprises la couverture dont elles ont r\u00e9ellement besoin.<\/p>\n\n\n\n<h2 class=\"gb-headline gb-headline-ec5ab792 gb-headline-text\">D\u00e9clarer le sinistre.<\/h2>\n\n<\/div><\/div><\/div>\n\n<div class=\"gb-grid-column gb-grid-column-8df4a17b\"><div class=\"gb-container gb-container-8df4a17b\"><div class=\"gb-inside-container\">\n\n<p>Que ce soit au travail ou pendant les loisirs, un accident peut avoir des cons\u00e9quences financi\u00e8res et \u00e9motionnelles importantes. Nous veillons au moins \u00e0 votre s\u00e9curit\u00e9 en mati\u00e8re financi\u00e8re.<\/p>\n\n<\/div><\/div><\/div>\n\n<div class=\"gb-grid-column gb-grid-column-116d98e6\"><div class=\"gb-container gb-container-116d98e6\"><div class=\"gb-inside-container\">\n<section id=\"schadenList-block_61e67d6f159db\" class=\"schadenList container__schadenM__list\">\n  <ul class=\"list__schadenM__ul no__ul__this\">      <li>\n        <a href=\"https:\/\/branchenversicherung.bbtclaims.ch\/fr\/sunet\/create\/\" target=\"_blank\" rel=\"noopener\">\n          <span class=\"title__schadenM__list\"> D\u00e9clarer une maladie ou un accident<\/span> <span class=\"go__to__schadenM__mehr\">  <span class=\"mehr__arrow__schadenM\"><\/span>\n        <\/a>\n                <hr class=\"schadenM__hr\">\n      <\/li>\n\n        <li>\n        <a href=\"https:\/\/www.bbtsoftware.ch\/fr\/declarations-de-sinistre.html\" target=\"_blank\" rel=\"noopener\">\n          <span class=\"title__schadenM__list\"> Pour plusieurs d\u00e9clarations d&rsquo;accident et de maladie par an<\/span> <span class=\"go__to__schadenM__mehr\">  <span class=\"mehr__arrow__schadenM\"><\/span>\n        <\/a>\n                <hr class=\"schadenM__hr\">\n      <\/li>\n\n        <li>\n        <a href=\"https:\/\/www.allianz.ch\/fr\/clients-entreprises\/services\/mon-assurance\/declaration-de-sinistre.html\" target=\"_blank\" rel=\"noopener\">\n          <span class=\"title__schadenM__list\"> D\u00e9clarer des cas de responsabilit\u00e9<\/span> <span class=\"go__to__schadenM__mehr\">  <span class=\"mehr__arrow__schadenM\"><\/span>\n        <\/a>\n                <hr class=\"schadenM__hr\">\n      <\/li>\n\n        <li>\n        <a href=\"https:\/\/service.dextra.ch\/fr\/connexion\/\" target=\"_blank\" rel=\"noopener\">\n          <span class=\"title__schadenM__list\"> Demander une protection juridique<\/span> <span class=\"go__to__schadenM__mehr\">  <span class=\"mehr__arrow__schadenM\"><\/span>\n        <\/a>\n                <hr class=\"schadenM__hr\">\n      <\/li>\n\n        <li>\n        <a href=\"https:\/\/www.allianz.ch\/adp\/privatecustomer\/claim-notification\/motorvehicle\/#\/welcome\" target=\"_blank\" rel=\"noopener\">\n          <span class=\"title__schadenM__list\"> D\u00e9clarer un sinistre sur un v\u00e9hicule \u00e0 moteur<\/span> <span class=\"go__to__schadenM__mehr\">  <span class=\"mehr__arrow__schadenM\"><\/span>\n        <\/a>\n                <hr class=\"schadenM__hr\">\n      <\/li>\n\n        <li>\n        <a href=\"\/wp-content\/uploads\/2022\/01\/Avis_de_Sinistre.pdf\" target=\"_blank\" >\n          <span class=\"title__schadenM__list\"> D\u00e9clarer un dommage mat\u00e9riel<\/span> <span class=\"go__to__schadenM__mehr\">  <span class=\"mehr__arrow__schadenM\"><\/span>\n        <\/a>\n                <hr class=\"schadenM__hr\">\n      <\/li>\n\n        <li>\n        <a href=\"https:\/\/branchenversicherung.ch\/fr\/service\/nos-conseillers-a-la-clientele-se-tiennent-a-votre-disposition\/\" target=\"_blank\">\n          <span class=\"title__schadenM__list\"> Nous sommes \u00e0 vos c\u00f4t\u00e9s pour vous conseiller<\/span> <span class=\"go__to__schadenM__mehr\">  <span class=\"mehr__arrow__schadenM\"><\/span>\n        <\/a>\n                <hr class=\"schadenM__hr\">\n      <\/li>\n\n  <\/section>\n\n\n<div class=\"gb-button-wrapper gb-button-wrapper-399ba023\">\n\n<a class=\"gb-button gb-button-734a1d7b gb-button-text button__bold text__align__left__mobile\" href=\"https:\/\/branchenversicherung.ch\/fr\/prenez-contact-sans-engagement\/\">Vous avez des questions sur la d\u00e9claration de sinistre ?<\/a>\n\n<\/div>\n<\/div><\/div><\/div>\n<\/div>\n<\/div><\/div>\n\n<div class=\"gb-container gb-container-c495c3ea\"><div class=\"gb-inside-container\">\n<div class=\"gb-grid-wrapper gb-grid-wrapper-583513ab\">\n<div class=\"gb-grid-column gb-grid-column-928cc86c\"><div class=\"gb-container gb-container-928cc86c eql__column\"><div class=\"gb-inside-container\">\n\n<figure class=\"wp-block-image size-large image__full\"><img decoding=\"async\" width=\"1024\" height=\"688\" src=\"https:\/\/branchenversicherung.ch\/wp-content\/uploads\/2021\/11\/BV_Teaser_Service_Wir-stehen_Rat_und_Tat_1120x752px-1024x688.jpg\" alt=\"\" class=\"wp-image-7160\" srcset=\"https:\/\/branchenversicherung.ch\/wp-content\/uploads\/2021\/11\/BV_Teaser_Service_Wir-stehen_Rat_und_Tat_1120x752px-1024x688.jpg 1024w, https:\/\/branchenversicherung.ch\/wp-content\/uploads\/2021\/11\/BV_Teaser_Service_Wir-stehen_Rat_und_Tat_1120x752px-300x201.jpg 300w, https:\/\/branchenversicherung.ch\/wp-content\/uploads\/2021\/11\/BV_Teaser_Service_Wir-stehen_Rat_und_Tat_1120x752px-768x516.jpg 768w, https:\/\/branchenversicherung.ch\/wp-content\/uploads\/2021\/11\/BV_Teaser_Service_Wir-stehen_Rat_und_Tat_1120x752px.jpg 1120w\" sizes=\"(max-width: 1024px) 100vw, 1024px\" \/><\/figure>\n\n<\/div><\/div><\/div>\n\n<div class=\"gb-grid-column gb-grid-column-8b503fd2\"><div class=\"gb-container gb-container-8b503fd2 make__me__relative\"><div class=\"gb-inside-container\">\n\n<h2 class=\"gb-headline gb-headline-e58749d8 gb-headline-text\">Nous sommes l\u00e0 pour vous.<\/h2>\n\n\n\n<p>Les assurances sont complexes et ne fonctionnent que sur la base de la confiance et de la transparence. N&rsquo;h\u00e9sitez pas \u00e0 nous contacter. Nous sommes des amies et des amis du dialogue et nous vous aiderons rapidement et avec plaisir.<\/p>\n\n\n\n<p class=\"half__button__icon should__be__bottom\"><a href=\"https:\/\/branchenversicherung.ch\/fr\/service\/nos-conseillers-a-la-clientele-se-tiennent-a-votre-disposition\/\" data-type=\"page\" data-id=\"672\">Par ici<\/a><\/p>\n\n<\/div><\/div><\/div>\n<\/div>\n<\/div><\/div>\n\n<div class=\"gb-container gb-container-9ec851a0\"><div class=\"gb-inside-container\">\n<div class=\"gb-grid-wrapper gb-grid-wrapper-65d1c002\">\n<div class=\"gb-grid-column gb-grid-column-98550302\"><div class=\"gb-container gb-container-98550302\"><div class=\"gb-inside-container\">\n\n<h2 class=\"gb-headline gb-headline-4d3c8f95 gb-headline-text\">Esp\u00e9rer le meilleur et s&rsquo;attendre \u00e0 tout.<\/h2>\n\n<\/div><\/div><\/div>\n\n<div class=\"gb-grid-column gb-grid-column-35299a04\"><div class=\"gb-container gb-container-35299a04\"><div class=\"gb-inside-container\">\n\n<p><strong>Je souhaite recevoir une offre pour les produits suivants :<\/strong><\/p>\n\n\n\n  \n  \n  \n    <div id=\"checkboxes-block_615c2c09f51e2\" class=\"checkboxes\">\n    <form class=\"checkboxes__group__form\" onsubmit=\"return false\" >\n      <div class=\"seprate__checkboxes__group\">\n                <div class=\"form__group\">\n            <input type=\"checkbox\" id=\"Assurance-accidents collective\" name=\"Assurance-accidents collective\" value=\"Assurance-accidents collective\">\n            <label for=\"Assurance-accidents collective\"> Assurance-accidents collective<\/label>\n\n          <\/div>\n                <div class=\"form__group\">\n            <input type=\"checkbox\" id=\"Assurance-accidents individuelle\" name=\"Assurance-accidents individuelle\" value=\"Assurance-accidents individuelle\">\n            <label for=\"Assurance-accidents individuelle\"> Assurance-accidents individuelle<\/label>\n\n          <\/div>\n                <div class=\"form__group\">\n            <input type=\"checkbox\" id=\"Assurance indemnite journaliere en cas de maladie\" name=\"Assurance indemnit\u00e9 journali\u00e8re en cas de maladie\" value=\"Assurance indemnite journaliere en cas de maladie\">\n            <label for=\"Assurance indemnite journaliere en cas de maladie\"> Assurance indemnit\u00e9 journali\u00e8re en cas de maladie<\/label>\n\n          <\/div>\n          <\/div>\n        <div class=\"seprate__checkboxes__group\">\n                <div class=\"form__group\">\n            <input type=\"checkbox\" id=\"Assurance responsabilite civile privee\" name=\"Assurance responsabilit\u00e9 civile priv\u00e9e\" value=\"Assurance responsabilite civile privee\">\n            <label for=\"Assurance responsabilite civile privee\"> Assurance responsabilit\u00e9 civile priv\u00e9e<\/label>\n\n          <\/div>\n                <div class=\"form__group\">\n            <input type=\"checkbox\" id=\"Assurance responsabilite civile d\u2019entreprise\" name=\"Assurance responsabilit\u00e9 civile d\u2019entreprise\" value=\"Assurance responsabilite civile d\u2019entreprise\">\n            <label for=\"Assurance responsabilite civile d\u2019entreprise\"> Assurance responsabilit\u00e9 civile d\u2019entreprise<\/label>\n\n          <\/div>\n                <div class=\"form__group\">\n            <input type=\"checkbox\" id=\"Assurance protection juridique\" name=\"Assurance protection juridique\" value=\"Assurance protection juridique\">\n            <label for=\"Assurance protection juridique\"> Assurance protection juridique<\/label>\n\n          <\/div>\n          <\/div>\n        <div class=\"seprate__checkboxes__group\">\n                <div class=\"form__group\">\n            <input type=\"checkbox\" id=\"Assurance commerciale\" name=\"Assurance commerciale\" value=\"Assurance commerciale\">\n            <label for=\"Assurance commerciale\"> Assurance commerciale<\/label>\n\n          <\/div>\n                <div class=\"form__group\">\n            <input type=\"checkbox\" id=\"Assurance batiment\" name=\"Assurance b\u00e2timent\" value=\"Assurance batiment\">\n            <label for=\"Assurance batiment\"> Assurance b\u00e2timent<\/label>\n\n          <\/div>\n                <div class=\"form__group\">\n            <input type=\"checkbox\" id=\"Assurance menage\" name=\"Assurance m\u00e9nage\" value=\"Assurance menage\">\n            <label for=\"Assurance menage\"> Assurance m\u00e9nage<\/label>\n\n          <\/div>\n          <\/div>\n        <div class=\"seprate__checkboxes__group\">\n                <div class=\"form__group\">\n            <input type=\"checkbox\" id=\"Assurance vehicules a moteur\" name=\"Assurance v\u00e9hicules \u00e0 moteur\" value=\"Assurance vehicules a moteur\">\n            <label for=\"Assurance vehicules a moteur\"> Assurance v\u00e9hicules \u00e0 moteur<\/label>\n\n          <\/div>\n          <\/div>\n      <button  data-link=\"\/fr\/service\/demande-doffre\/\" id=\"checkboxesLeinstungen\" type=\"submit\" class=\"default__red__button button__bold\"> Continuer <\/button>\n  <\/form>\n  <\/div>\n\n\n<\/div><\/div><\/div>\n<\/div>\n<\/div><\/div>","protected":false},"excerpt":{"rendered":"","protected":false},"author":1,"featured_media":0,"parent":0,"menu_order":76,"comment_status":"closed","ping_status":"closed","template":"","meta":{"_acf_changed":false,"iawp_total_views":397,"footnotes":""},"class_list":["post-6814","page","type-page","status-publish"],"acf":[],"_links":{"self":[{"href":"https:\/\/branchenversicherung.ch\/fr\/wp-json\/wp\/v2\/pages\/6814","targetHints":{"allow":["GET"]}}],"collection":[{"href":"https:\/\/branchenversicherung.ch\/fr\/wp-json\/wp\/v2\/pages"}],"about":[{"href":"https:\/\/branchenversicherung.ch\/fr\/wp-json\/wp\/v2\/types\/page"}],"author":[{"embeddable":true,"href":"https:\/\/branchenversicherung.ch\/fr\/wp-json\/wp\/v2\/users\/1"}],"replies":[{"embeddable":true,"href":"https:\/\/branchenversicherung.ch\/fr\/wp-json\/wp\/v2\/comments?post=6814"}],"version-history":[{"count":47,"href":"https:\/\/branchenversicherung.ch\/fr\/wp-json\/wp\/v2\/pages\/6814\/revisions"}],"predecessor-version":[{"id":23107,"href":"https:\/\/branchenversicherung.ch\/fr\/wp-json\/wp\/v2\/pages\/6814\/revisions\/23107"}],"wp:attachment":[{"href":"https:\/\/branchenversicherung.ch\/fr\/wp-json\/wp\/v2\/media?parent=6814"}],"curies":[{"name":"wp","href":"https:\/\/api.w.org\/{rel}","templated":true}]}}