{"id":6828,"date":"2021-11-23T15:54:16","date_gmt":"2021-11-23T14:54:16","guid":{"rendered":"https:\/\/branchenversicherung.ch\/prenez-contact-sans-engagement\/"},"modified":"2025-04-11T09:10:34","modified_gmt":"2025-04-11T07:10:34","slug":"prenez-contact-sans-engagement","status":"publish","type":"page","link":"https:\/\/branchenversicherung.ch\/fr\/prenez-contact-sans-engagement\/","title":{"rendered":"Contact"},"content":{"rendered":"<section id=\"halfHeader-block_13955b02abd310dd98937ced482f6aeb\" class=\"halfHeader container__page\">\n  <div class=\"inside__hero__half imagineNow\">\n    <div class=\"half__description__row\">\n            <h1 class=\"hero__title__h\">Contact &#8211; nous vous aidons volontiers <\/h1>\n            <p class=\"description__row\"> Les assurances sont complexes et ne fonctionnent que sur la base de la confiance et de la transparence. Et le fait que des questions ou des incertitudes surgissent ici ou l\u00e0 n\u2019est pas seulement habituel, mais tout \u00e0 fait compr\u00e9hensible. N\u2019h\u00e9sitez pas \u00e0 nous contacter dans un tel cas. Nous sommes des amies et des amis du dialogue et nous vous aiderons rapidement et avec plaisir.<\/p>\n         \n        \n                  \n      <!--<div  class=\"scroll__one__bottom with__new__arrow\"> <\/div>-->\n    <\/div>\n    <div class=\"half__image__row\">\n      <img decoding=\"async\" width=\"1680\" height=\"980\" src=\"https:\/\/branchenversicherung.ch\/wp-content\/uploads\/2025\/04\/BV_Webseite_Kontakt-Header_1680x980px.jpg\" class=\"attachment-full size-full\" alt=\"\" srcset=\"https:\/\/branchenversicherung.ch\/wp-content\/uploads\/2025\/04\/BV_Webseite_Kontakt-Header_1680x980px.jpg 1680w, https:\/\/branchenversicherung.ch\/wp-content\/uploads\/2025\/04\/BV_Webseite_Kontakt-Header_1680x980px-300x175.jpg 300w, https:\/\/branchenversicherung.ch\/wp-content\/uploads\/2025\/04\/BV_Webseite_Kontakt-Header_1680x980px-1024x597.jpg 1024w, https:\/\/branchenversicherung.ch\/wp-content\/uploads\/2025\/04\/BV_Webseite_Kontakt-Header_1680x980px-768x448.jpg 768w, https:\/\/branchenversicherung.ch\/wp-content\/uploads\/2025\/04\/BV_Webseite_Kontakt-Header_1680x980px-1536x896.jpg 1536w\" sizes=\"(max-width: 1680px) 100vw, 1680px\" \/>    <\/div>\n  <\/div>\n<\/section>\n\n\n\n<div style=\"height:0px\" aria-hidden=\"true\" class=\"wp-block-spacer\"><\/div>\n\n\n<div class=\"gb-container gb-container-b6e1a868 kontakt__form__kontakt all-forms\"><div class=\"gb-inside-container\">\n<div class=\"gb-grid-wrapper gb-grid-wrapper-aaa44586\">\n<div class=\"gb-grid-column gb-grid-column-ade8554f\"><div class=\"gb-container gb-container-ade8554f\"><div class=\"gb-inside-container\">\n\n<div style=\"height:20px\" aria-hidden=\"true\" class=\"wp-block-spacer\"><\/div>\n\n\n\n<h3 class=\"gb-headline gb-headline-c0b7eee0 gb-headline-text\">Coop\u00e9rative d\u2019assurance des m\u00e9tiers<\/h3>\n\n\n\n<p><br>Sihlquai 255<br>Case postale<br>8031 Zurich<\/p>\n\n\n\n<p>T\u00e9l <a href=\"tel:+41442676161\">+41 44 267 61 61<\/a><br>Fax +41 44 261 52 02<br><a href=\"mailto:info@assurancedesmetiers.ch\">info@assurancedesmetiers.ch<\/a><\/p>\n\n<\/div><\/div><\/div>\n\n<div class=\"gb-grid-column gb-grid-column-baaa43c7\"><div class=\"gb-container gb-container-baaa43c7\" id=\"map\"><div class=\"gb-inside-container\">\n\n<div class=\"branche__map\" data-zoom=\"16\">\n        <div class=\"marker\" data-lat=\"47.38802714548573\" data-lng=\"8.528922540499972\"><\/div>\n    <\/div>\n\n<\/div><\/div><\/div>\n<\/div>\n\n\n<div style=\"height:75px\" aria-hidden=\"true\" class=\"wp-block-spacer\"><\/div>\n\n\n<div class=\"gb-grid-wrapper gb-grid-wrapper-0a37ed4e\">\n<div class=\"gb-grid-column gb-grid-column-89137cbb\"><div class=\"gb-container gb-container-89137cbb eql__column\"><div class=\"gb-inside-container\">\n\n<figure class=\"wp-block-image size-full image__full\"><img decoding=\"async\" width=\"1024\" height=\"688\" src=\"https:\/\/branchenversicherung.ch\/wp-content\/uploads\/2025\/04\/BV_Webseite_Kontakt-Teaser-Berater_1024x688px.jpg\" alt=\"\" class=\"wp-image-20755\" srcset=\"https:\/\/branchenversicherung.ch\/wp-content\/uploads\/2025\/04\/BV_Webseite_Kontakt-Teaser-Berater_1024x688px.jpg 1024w, https:\/\/branchenversicherung.ch\/wp-content\/uploads\/2025\/04\/BV_Webseite_Kontakt-Teaser-Berater_1024x688px-300x202.jpg 300w, https:\/\/branchenversicherung.ch\/wp-content\/uploads\/2025\/04\/BV_Webseite_Kontakt-Teaser-Berater_1024x688px-768x516.jpg 768w\" sizes=\"(max-width: 1024px) 100vw, 1024px\" \/><\/figure>\n\n<\/div><\/div><\/div>\n\n<div class=\"gb-grid-column gb-grid-column-c60c3561\"><div class=\"gb-container gb-container-c60c3561 make__me__relative\"><div class=\"gb-inside-container\">\n\n<h2 class=\"gb-headline gb-headline-d7859df7 gb-headline-text\">Contacter une conseill\u00e8re ou un conseiller ?<\/h2>\n\n\n\n<p>Vous souhaitez trouver ou contacter une conseill\u00e8re ou un conseiller personnel dans votre r\u00e9gion ? Notre \u00e9quipe est l\u00e0 pour vous accompagner !<\/p>\n\n\n\n<p class=\"half__button__icon should__be__bottom\"><a href=\"https:\/\/branchenversicherung.ch\/fr\/service\/nos-conseillers-a-la-clientele-se-tiennent-a-votre-disposition\/\" data-type=\"page\" data-id=\"672\">Trouver un conseiller<\/a><\/p>\n\n<\/div><\/div><\/div>\n<\/div>\n\n\n<div style=\"height:25px\" aria-hidden=\"true\" class=\"wp-block-spacer\"><\/div>\n\n\n<div class=\"gb-grid-wrapper gb-grid-wrapper-840035f9\">\n<div class=\"gb-grid-column gb-grid-column-81dd7106\"><div class=\"gb-container gb-container-81dd7106 eql__column\"><div class=\"gb-inside-container\">\n\n<figure class=\"wp-block-image size-large image__full\"><img decoding=\"async\" width=\"1024\" height=\"688\" src=\"https:\/\/branchenversicherung.ch\/wp-content\/uploads\/2021\/11\/BV_Teaser_Service_Wir-stehen_Rat_und_Tat_1120x752px-1024x688.jpg\" alt=\"\" class=\"wp-image-7159\" srcset=\"https:\/\/branchenversicherung.ch\/wp-content\/uploads\/2021\/11\/BV_Teaser_Service_Wir-stehen_Rat_und_Tat_1120x752px-1024x688.jpg 1024w, https:\/\/branchenversicherung.ch\/wp-content\/uploads\/2021\/11\/BV_Teaser_Service_Wir-stehen_Rat_und_Tat_1120x752px-300x201.jpg 300w, https:\/\/branchenversicherung.ch\/wp-content\/uploads\/2021\/11\/BV_Teaser_Service_Wir-stehen_Rat_und_Tat_1120x752px-768x516.jpg 768w, https:\/\/branchenversicherung.ch\/wp-content\/uploads\/2021\/11\/BV_Teaser_Service_Wir-stehen_Rat_und_Tat_1120x752px.jpg 1120w\" sizes=\"(max-width: 1024px) 100vw, 1024px\" \/><\/figure>\n\n<\/div><\/div><\/div>\n\n<div class=\"gb-grid-column gb-grid-column-61cdad65\"><div class=\"gb-container gb-container-61cdad65 make__me__relative\"><div class=\"gb-inside-container\">\n\n<h2 class=\"gb-headline gb-headline-794dafb4 gb-headline-text\">Vous avez des questions g\u00e9n\u00e9rales sur les assurances ?<\/h2>\n\n\n\n<p>Alain Baumann \u2013 Responsable du service externe \u2013 et son \u00e9quipe de conseillers client\u00e8le sont \u00e0 votre disposition \u00e0 tout moment. Nous nous r\u00e9jouissons de votre prise de contact.<\/p>\n\n\n\n<p class=\"half__button__icon should__be__bottom\"><a href=\"mailto:alain.baumann@branchenversicherung.ch\" target=\"_blank\" rel=\"noreferrer noopener\">Nous contacter<\/a><\/p>\n\n<\/div><\/div><\/div>\n<\/div>\n<\/div><\/div>\n\n<div class=\"gb-container gb-container-24bcd2a7\"><div class=\"gb-inside-container\">\n<div class=\"gb-grid-wrapper gb-grid-wrapper-9e3f5fda\">\n<div class=\"gb-grid-column gb-grid-column-17f6b406\"><div class=\"gb-container gb-container-17f6b406\"><div class=\"gb-inside-container\">\n<section  class=\"double-cta columns-2\">\n    <div class=\"container\">\n                    <div class=\"row\">\n                                    <div class=\"col\">\n                                                    <h4 class=\"title\">Demande d\u2019offre<\/h4>\n                                                <p>Recevez rapidement et facilement votre offre individuelle<\/p>\n                                                    <a class=\"button\" href=\"https:\/\/branchenversicherung.ch\/fr\/service\/demande-doffre\/\">Demander maintenant<\/a>\n                                            <\/div>\n                                    <div class=\"col\">\n                                                    <h4 class=\"title\">D\u00e9clarer un sinistre<\/h4>\n                                                <p>D\u00e9clarez votre sinistre simplement et facilement.<\/p>\n                                                    <a class=\"button\" href=\"https:\/\/branchenversicherung.ch\/fr\/service\/declarer-un-sinistre\/\">D\u00e9clarer maintenant<\/a>\n                                            <\/div>\n                            <\/div>\n            <\/div>\n<\/section>\n<\/div><\/div><\/div>\n<\/div>\n<\/div><\/div>\n\n<div class=\"gb-container gb-container-8d1631e6 kontakt__form__kontakt all-forms\"><div class=\"gb-inside-container\">\n\n<h2 class=\"wp-block-heading\" style=\"font-size:22px\"><br>Demande g\u00e9n\u00e9rale<\/h2>\n\n\n\n<p>Vous avez une demande g\u00e9n\u00e9rale ? Contactez-nous simplement et directement via le formulaire de contact ci-dessous.<\/p>\n\n\n\n<div style=\"height:25px\" aria-hidden=\"true\" class=\"wp-block-spacer\"><\/div>\n\n\n\n<script type=\"text\/javascript\" src=\"\/\/marketing.branchenversicherung.ch\/form\/generate.js?id=13\"><\/script>\n\n<\/div><\/div>","protected":false},"excerpt":{"rendered":"<p>Demande g\u00e9n\u00e9rale Vous avez une demande g\u00e9n\u00e9rale ? Contactez-nous simplement et directement via le formulaire de contact ci-dessous.<\/p>\n","protected":false},"author":1,"featured_media":0,"parent":0,"menu_order":83,"comment_status":"closed","ping_status":"closed","template":"","meta":{"_acf_changed":false,"iawp_total_views":906,"footnotes":""},"class_list":["post-6828","page","type-page","status-publish"],"acf":[],"_links":{"self":[{"href":"https:\/\/branchenversicherung.ch\/fr\/wp-json\/wp\/v2\/pages\/6828","targetHints":{"allow":["GET"]}}],"collection":[{"href":"https:\/\/branchenversicherung.ch\/fr\/wp-json\/wp\/v2\/pages"}],"about":[{"href":"https:\/\/branchenversicherung.ch\/fr\/wp-json\/wp\/v2\/types\/page"}],"author":[{"embeddable":true,"href":"https:\/\/branchenversicherung.ch\/fr\/wp-json\/wp\/v2\/users\/1"}],"replies":[{"embeddable":true,"href":"https:\/\/branchenversicherung.ch\/fr\/wp-json\/wp\/v2\/comments?post=6828"}],"version-history":[{"count":27,"href":"https:\/\/branchenversicherung.ch\/fr\/wp-json\/wp\/v2\/pages\/6828\/revisions"}],"predecessor-version":[{"id":20814,"href":"https:\/\/branchenversicherung.ch\/fr\/wp-json\/wp\/v2\/pages\/6828\/revisions\/20814"}],"wp:attachment":[{"href":"https:\/\/branchenversicherung.ch\/fr\/wp-json\/wp\/v2\/media?parent=6828"}],"curies":[{"name":"wp","href":"https:\/\/api.w.org\/{rel}","templated":true}]}}