{"id":6830,"date":"2021-11-23T16:13:24","date_gmt":"2021-11-23T15:13:24","guid":{"rendered":"https:\/\/branchenversicherung.ch\/a-propos-de-nous\/"},"modified":"2022-03-21T14:40:25","modified_gmt":"2022-03-21T13:40:25","slug":"a-propos-de-nous","status":"publish","type":"page","link":"https:\/\/branchenversicherung.ch\/fr\/a-propos-de-nous\/","title":{"rendered":"\u00c0 propos de nous"},"content":{"rendered":"<section id=\"halfHeader-block_615bfb7011213\" class=\"halfHeader container__page\">\n  <div class=\"inside__hero__half imagineNow\">\n    <div class=\"half__description__row\">\n            <h1 class=\"hero__title__h\">Avec un engagement total pour vous. <\/h1>\n            <p class=\"description__row\"> Nous mettons tout en \u0153uvre pour que nos clients soient satisfaits &#8211; la meilleure repr\u00e9sentation possible de leurs int\u00e9r\u00eats est en fin de compte notre m\u00e9tier. Nous prenons le temps d&rsquo;\u00e9couter et d&rsquo;\u00e9laborer ensemble votre solution d&rsquo;assurance optimale.<\/p>\n         \n        \n                  \n      <!--<div  class=\"scroll__one__bottom with__new__arrow\"> <\/div>-->\n    <\/div>\n    <div class=\"half__image__row\">\n      <img decoding=\"async\" width=\"1920\" height=\"1119\" src=\"https:\/\/branchenversicherung.ch\/wp-content\/uploads\/2022\/03\/BV_Ueber_uns_Vorteile_Header_1680x980px.webp\" class=\"attachment-full size-full\" alt=\"\" srcset=\"https:\/\/branchenversicherung.ch\/wp-content\/uploads\/2022\/03\/BV_Ueber_uns_Vorteile_Header_1680x980px.webp 1920w, https:\/\/branchenversicherung.ch\/wp-content\/uploads\/2022\/03\/BV_Ueber_uns_Vorteile_Header_1680x980px-300x175.webp 300w, https:\/\/branchenversicherung.ch\/wp-content\/uploads\/2022\/03\/BV_Ueber_uns_Vorteile_Header_1680x980px-1024x597.webp 1024w, https:\/\/branchenversicherung.ch\/wp-content\/uploads\/2022\/03\/BV_Ueber_uns_Vorteile_Header_1680x980px-768x448.webp 768w, https:\/\/branchenversicherung.ch\/wp-content\/uploads\/2022\/03\/BV_Ueber_uns_Vorteile_Header_1680x980px-1536x895.webp 1536w\" sizes=\"(max-width: 1920px) 100vw, 1920px\" \/>    <\/div>\n  <\/div>\n<\/section>\n\n\n<div class=\"gb-container gb-container-568723d7\"><div class=\"gb-inside-container\">\n<div class=\"gb-grid-wrapper gb-grid-wrapper-6e83b622\">\n<div class=\"gb-grid-column gb-grid-column-45437568\"><div class=\"gb-container gb-container-45437568 fix__uber__p\"><div class=\"gb-inside-container\">\n\n<h2 class=\"gb-headline gb-headline-28c6b497 gb-headline-text\">Vos avantages en d\u00e9tail.<\/h2>\n\n\n\n<p><strong>Plus de 100 ans d&rsquo;exp\u00e9rience pour les commerces et les entreprises<\/strong><\/p>\n\n\n\n<p>Depuis 1902, nous ne cessons de d\u00e9velopper notre exp\u00e9rience et d&rsquo;affiner notre savoir-faire. Ainsi, nous sommes \u00e9galement l&rsquo;assureur de niche suisse qualifi\u00e9 pour votre branche. Nos sp\u00e9cialistes pour toutes les questions d&rsquo;assurance agissent rapidement, sans bureaucratie et d\u00e9veloppent votre solution sur mesure.<\/p>\n\n<\/div><\/div><\/div>\n\n<div class=\"gb-grid-column gb-grid-column-5376f418\"><div class=\"gb-container gb-container-5376f418 fix__uber__p\"><div class=\"gb-inside-container\">\n\n<p><strong>Ristournes coop\u00e9ratives<\/strong><\/p>\n\n\n\n<p>Au sein de notre coop\u00e9rative (Branchen Versicherungen Genossenschaft), vous n&rsquo;\u00eates pas seulement client, mais aussi propri\u00e9taire. En tant que tel, vous profitez des b\u00e9n\u00e9fices que nous r\u00e9alisons solidairement et que nous redistribuons sous forme de ristournes annuelles.<\/p>\n\n<\/div><\/div><\/div>\n\n<div class=\"gb-grid-column gb-grid-column-d62f7157\"><div class=\"gb-container gb-container-d62f7157 fix__uber__p\"><div class=\"gb-inside-container\">\n\n<p><strong>Ind\u00e9pendance vis-\u00e0-vis des commissions<\/strong><\/p>\n\n\n\n<p>Ind\u00e9pendance vis-\u00e0-vis des commissions Il en va de m\u00eame pour nous. Ce n&rsquo;est pas pour rien que notre service ext\u00e9rieur travaille sans commissions.<\/p>\n\n\n\n<p>Inhabituel, mais judicieux : nos conseillers en assurance per\u00e7oivent des salaires fixes et ne sont donc pas soumis \u00e0 des pressions pour les gonfler en vendant des produits suppl\u00e9mentaires. Nous pla\u00e7ons ainsi vos besoins au centre de nos efforts &#8211; ce qui, fid\u00e8le \u00e0 la devise \u00ab\u00a0client heureux, assureur heureux\u00a0\u00bb, correspond \u00e0 nouveau \u00e0 nos objectifs. Dans votre int\u00e9r\u00eat, nos conseillers sont donc en permanence \u00e0 la recherche des meilleures solutions et des meilleurs avantages pour vous. Une situation clairement gagnant-gagnant.<\/p>\n\n<\/div><\/div><\/div>\n\n<div class=\"gb-grid-column gb-grid-column-5aa00d75\"><div class=\"gb-container gb-container-5aa00d75 fix__uber__p\"><div class=\"gb-inside-container\">\n\n<p><strong>Notre engagement envers les jeunes entrepreneurs<\/strong><\/p>\n\n\n\n<p>La rel\u00e8ve est la meilleure garantie pour l&rsquo;avenir. Notre fonds pour les jeunes et les personnes motiv\u00e9es qui font bouger les choses est un soutien actif pour les prochaines g\u00e9n\u00e9rations de nos secteurs partenaires. Les subventions de notre fonds pour la rel\u00e8ve peuvent \u00eatre demand\u00e9es par tous ceux qui sont membres de nos associations partenaires. Celui qui a souscrit chez nous quatre \u00e0 cinq assurances pour son entreprise en fait partie.<\/p>\n\n\n\n<p>Il est pr\u00e9f\u00e9rable de discuter suffisamment t\u00f4t de la cr\u00e9ation de votre entreprise avec votre conseiller en assurances. Celui-ci conna\u00eet parfaitement les sp\u00e9cificit\u00e9s et les d\u00e9fis de votre secteur.<\/p>\n\n<\/div><\/div><\/div>\n\n<div class=\"gb-grid-column gb-grid-column-1f44c564\"><div class=\"gb-container gb-container-1f44c564 fix__uber__p\"><div class=\"gb-inside-container\">\n\n<p><strong>S\u00e9curit\u00e9 des coffres-forts<\/strong><\/p>\n\n\n\n<p>Prot\u00e9gez ce qui vous est cher. Les recettes du jour, les bijoux, les h\u00e9ritages, les documents confidentiels ou les copies de donn\u00e9es ont souvent un prix qu&rsquo;il est difficile de r\u00e9gler. Nous vous montrons comment rendre la t\u00e2che difficile aux cambrioleurs dans votre entreprise ou votre maison &#8211; et comment vous prot\u00e9ger contre la perte de valeurs mat\u00e9rielles et \u00e9motionnelles. Gr\u00e2ce \u00e0 notre collaboration avec Rigi Tresorbau AG, vous b\u00e9n\u00e9ficiez de 50% sur chaque coffre-fort &#8211; \u00e0 condition que vous ayez souscrit une assurance contre le vol aupr\u00e8s de la Coop\u00e9rative Assurance des m\u00e9tiers.<\/p>\n\n<\/div><\/div><\/div>\n\n<div class=\"gb-grid-column gb-grid-column-bfb577d0\"><div class=\"gb-container gb-container-bfb577d0 fix__uber__p\"><div class=\"gb-inside-container\">\n\n<p><strong>Notre engagement pour la pr\u00e9vention des dommages<\/strong><\/p>\n\n\n\n<p>Il est bien connu que la pr\u00e9vention co\u00fbte moins cher que la r\u00e9paration de dommages co\u00fbteux, c&rsquo;est pourquoi nous investissons depuis des ann\u00e9es dans la pr\u00e9vention des dommages. Les mesures choisies sont une \u00e9valuation qualifi\u00e9e des risques, des conseils pratiques sur divers domaines \u00e0 risque, des articles d&rsquo;usage courant, une sensibilisation permanente \u00e0 la pr\u00e9vention des accidents de loisirs et la coop\u00e9ration avec le Bureau de pr\u00e9vention des accidents (bpa).<\/p>\n\n<\/div><\/div><\/div>\n\n<div class=\"gb-grid-column gb-grid-column-4e8bed70\"><div class=\"gb-container gb-container-4e8bed70 fix__uber__p\"><div class=\"gb-inside-container\">\n\n<p><strong>Partenaire en mati\u00e8re de s\u00e9curit\u00e9 :<\/strong><\/p>\n\n\n\n<p><a href=\"https:\/\/www.safeatwork.ch\/fr\" target=\"_blank\" rel=\"noreferrer noopener\">Safe at work<\/a> Pr\u00e9venir les accidents, sauver des vies<br><a href=\"https:\/\/www.bfu.ch\/fr\" data-type=\"URL\" data-id=\"https:\/\/www.bfu.ch\/fr\" target=\"_blank\" rel=\"noreferrer noopener\">BPA<\/a> Bureau de pr\u00e9vention des accidents<br><a href=\"https:\/\/www.abzspiez.ch\/fr\" data-type=\"URL\" data-id=\"https:\/\/www.abzspiez.ch\/fr\" target=\"_blank\" rel=\"noreferrer noopener\">ABZ Spiez<\/a> S\u00e9curit\u00e9 et protection de la sant\u00e9 au travail<\/p>\n\n\n\n<p>La mise en \u0153uvre correcte de la s\u00e9curit\u00e9 au travail rel\u00e8ve de la responsabilit\u00e9 de votre association professionnelle. La mise en \u0153uvre correcte de la s\u00e9curit\u00e9 au travail rel\u00e8ve de la responsabilit\u00e9 de votre association professionnelle. Vous y trouverez un soutien utile et de pr\u00e9cieux conseils pour la pratique.<\/p>\n\n\n\n<p>Vous trouverez <a href=\"https:\/\/branchenversicherung.ch\/fr\/service\/courtiers-et-partenaires\/\" data-type=\"page\" data-id=\"453\">ici<\/a> nos associations partenaires.<\/p>\n\n<\/div><\/div><\/div>\n<\/div>\n<\/div><\/div>\n\n<div class=\"gb-container gb-container-263616bc\"><div class=\"gb-inside-container\">\n<div class=\"gb-grid-wrapper gb-grid-wrapper-0c4876f0\">\n<div class=\"gb-grid-column gb-grid-column-2ea6b614\"><div class=\"gb-container gb-container-2ea6b614 eql__column\"><div class=\"gb-inside-container\">\n\n<figure class=\"wp-block-image size-large image__full\"><img decoding=\"async\" width=\"1024\" height=\"688\" src=\"https:\/\/branchenversicherung.ch\/wp-content\/uploads\/2021\/11\/BV_Teaser_Service_Lernen_Sie_Team_Kennen_1120x752px-1024x688.jpg\" alt=\"\" class=\"wp-image-7165\" srcset=\"https:\/\/branchenversicherung.ch\/wp-content\/uploads\/2021\/11\/BV_Teaser_Service_Lernen_Sie_Team_Kennen_1120x752px-1024x688.jpg 1024w, https:\/\/branchenversicherung.ch\/wp-content\/uploads\/2021\/11\/BV_Teaser_Service_Lernen_Sie_Team_Kennen_1120x752px-300x201.jpg 300w, https:\/\/branchenversicherung.ch\/wp-content\/uploads\/2021\/11\/BV_Teaser_Service_Lernen_Sie_Team_Kennen_1120x752px-768x516.jpg 768w, https:\/\/branchenversicherung.ch\/wp-content\/uploads\/2021\/11\/BV_Teaser_Service_Lernen_Sie_Team_Kennen_1120x752px.jpg 1120w\" sizes=\"(max-width: 1024px) 100vw, 1024px\" \/><\/figure>\n\n<\/div><\/div><\/div>\n\n<div class=\"gb-grid-column gb-grid-column-1059047a\"><div class=\"gb-container gb-container-1059047a make__me__relative\"><div class=\"gb-inside-container\">\n\n<p class=\"margin__bottom__10__p\">voir aussi<\/p>\n\n\n\n<h2 class=\"gb-headline gb-headline-c80ac8d2 gb-headline-text\">Faites connaissance avec toute notre \u00e9quipe<\/h2>\n\n\n\n<p>D\u00e9couvrez des faits int\u00e9ressants et obtenez un aper\u00e7u personnel de notre organisation.<\/p>\n\n\n\n<p class=\"half__button__icon should__be__bottom\"><a href=\"\/fr\/a-propos-de-nous\/organisation\/\" data-type=\"page\" target=\"_blank\" rel=\"noreferrer noopener\">L&rsquo;\u00e9quipe<\/a><\/p>\n\n<\/div><\/div><\/div>\n<\/div>\n<\/div><\/div>\n\n<div class=\"gb-container gb-container-d2c2336e\"><div class=\"gb-inside-container\">\n<div class=\"gb-grid-wrapper gb-grid-wrapper-b2a9a87a\">\n<div class=\"gb-grid-column gb-grid-column-c5eb1a7d\"><div class=\"gb-container gb-container-c5eb1a7d\"><div class=\"gb-inside-container\">\n\n<h2 class=\"gb-headline gb-headline-3cd01c98 gb-headline-text\">Nos partenaires<\/h2>\n\n\n\n<p class=\"padding__left__right__20\">En tant qu&rsquo;assurance sectorielle suisse, la solution sur mesure est notre priorit\u00e9 absolue. Nous travaillons donc en \u00e9troite collaboration avec de nombreuses associations afin de proposer une assurance parfaitement adapt\u00e9e. Mais cela ne signifie pas que nous ne proposons des solutions que dans ces secteurs. Notre \u00e9quipe de conseillers ainsi que notre gamme de produits sont tr\u00e8s larges et l&rsquo;exp\u00e9rience montre que nous disposons de la solution adapt\u00e9e \u00e0 presque tous les secteurs.<\/p>\n\n\n<section id=\"partnerLogos-block_615c038a11214\" class=\"partnerLogos container__partner__logos\">\n  <div class=\"partners__row\">\n             <div class=\"logos__columns\">\n                                <a class=\"smooth-scroll\" href=\"https:\/\/branchenversicherung.ch\/fr\/a-propos-de-nous\/associations-partenaires\/#Partner08\">\n                     <\/a>\n                                <figure>\n                 <img decoding=\"async\" width=\"720\" height=\"280\" src=\"https:\/\/branchenversicherung.ch\/wp-content\/uploads\/2021\/09\/BV_Startseite_Partner_Logo_720x280px_ASMAS.svg\" class=\"attachment-large size-large\" alt=\"\" \/>               <\/figure>\n\n             <\/div>\n\n  \n             <div class=\"logos__columns\">\n                                <a class=\"smooth-scroll\" href=\"https:\/\/branchenversicherung.ch\/fr\/a-propos-de-nous\/associations-partenaires\/#Partner07\">\n                     <\/a>\n                                <figure>\n                 <img decoding=\"async\" width=\"720\" height=\"280\" src=\"https:\/\/branchenversicherung.ch\/wp-content\/uploads\/2021\/09\/BV_Startseite_Partner_Logo_720x280px_Multimedia.svg\" class=\"attachment-large size-large\" alt=\"\" \/>               <\/figure>\n\n             <\/div>\n\n  \n             <div class=\"logos__columns\">\n                                <a class=\"smooth-scroll\" href=\"https:\/\/branchenversicherung.ch\/fr\/a-propos-de-nous\/associations-partenaires\/#Partner03\">\n                     <\/a>\n                                <figure>\n                 <img decoding=\"async\" width=\"720\" height=\"280\" src=\"https:\/\/branchenversicherung.ch\/wp-content\/uploads\/2021\/09\/BV_Startseite_Partner_Logo_720x280px_Optikschweiz_DE.svg\" class=\"attachment-large size-large\" alt=\"\" \/>               <\/figure>\n\n             <\/div>\n\n  \n             <div class=\"logos__columns\">\n                                <a class=\"smooth-scroll\" href=\"https:\/\/branchenversicherung.ch\/fr\/a-propos-de-nous\/associations-partenaires\/#Partner01\">\n                     <\/a>\n                                <figure>\n                 <img decoding=\"async\" width=\"720\" height=\"280\" src=\"https:\/\/branchenversicherung.ch\/wp-content\/uploads\/2021\/09\/BV_Startseite_Partner_Logo_720x280px_SFF.svg\" class=\"attachment-large size-large\" alt=\"\" \/>               <\/figure>\n\n             <\/div>\n\n  \n             <div class=\"logos__columns\">\n                                <a class=\"smooth-scroll\" href=\"https:\/\/branchenversicherung.ch\/fr\/a-propos-de-nous\/associations-partenaires\/#Partner02\">\n                     <\/a>\n                                <figure>\n                 <img decoding=\"async\" width=\"720\" height=\"280\" src=\"https:\/\/branchenversicherung.ch\/wp-content\/uploads\/2021\/09\/BV_Startseite_Partner_Logo_720x280px_Drogerie.svg\" class=\"attachment-large size-large\" alt=\"\" \/>               <\/figure>\n\n             <\/div>\n\n  \n             <div class=\"logos__columns\">\n                                <a class=\"smooth-scroll\" href=\"https:\/\/branchenversicherung.ch\/fr\/a-propos-de-nous\/associations-partenaires\/#Partner06\">\n                     <\/a>\n                                <figure>\n                 <img decoding=\"async\" width=\"720\" height=\"280\" src=\"https:\/\/branchenversicherung.ch\/wp-content\/uploads\/2021\/09\/BV_Startseite_Partner_Logo_720x280px_Imaging_DE.svg\" class=\"attachment-large size-large\" alt=\"\" \/>               <\/figure>\n\n             <\/div>\n\n  \n             <div class=\"logos__columns\">\n                                <a class=\"smooth-scroll\" href=\"https:\/\/branchenversicherung.ch\/fr\/a-propos-de-nous\/associations-partenaires\/#Partner05\">\n                     <\/a>\n                                <figure>\n                 <img decoding=\"async\" width=\"720\" height=\"280\" src=\"https:\/\/branchenversicherung.ch\/wp-content\/uploads\/2021\/11\/BV_Startseite_Partner_Logo_720x280px_Schuhschweiz.svg\" class=\"attachment-large size-large\" alt=\"\" \/>               <\/figure>\n\n             <\/div>\n\n  \n             <div class=\"logos__columns\">\n                                <a class=\"smooth-scroll\" href=\"https:\/\/branchenversicherung.ch\/fr\/a-propos-de-nous\/associations-partenaires\/#Partner04\">\n                     <\/a>\n                                <figure>\n                 <img decoding=\"async\" width=\"720\" height=\"280\" src=\"https:\/\/branchenversicherung.ch\/wp-content\/uploads\/2021\/11\/BV_Startseite_Partner_Logo_720x280px_VSSU.svg\" class=\"attachment-large size-large\" alt=\"\" \/>               <\/figure>\n\n             <\/div>\n\n  \n             <div class=\"logos__columns\">\n                                <a class=\"smooth-scroll\" href=\"https:\/\/branchenversicherung.ch\/fr\/a-propos-de-nous\/associations-partenaires\/#Partner09\">\n                     <\/a>\n                                <figure>\n                 <img decoding=\"async\" width=\"720\" height=\"280\" src=\"https:\/\/branchenversicherung.ch\/wp-content\/uploads\/2021\/11\/BV_Startseite_Partner_Logo_720x280px_VSRLD_DE.svg\" class=\"attachment-large size-large\" alt=\"\" \/>               <\/figure>\n\n             <\/div>\n\n    <div class=\"empty__logo__column\">\n    <a   href=\"\/fr\/prenez-contact-sans-engagement\/\"> <\/a>\n    <p> Votre association manque ? Pas de probl\u00e8me. Nous avons \u00e9galement la solution qui vous convient.<\/p>\n    <button  href=\"\/fr\/prenez-contact-sans-engagement\/\" class=\"default__red__button button__bold\"> Vers la demande <\/button>\n  <\/div>\n  <div><\/section>\n\n<\/div><\/div><\/div>\n<\/div>\n<\/div><\/div>\n\n<div class=\"gb-container gb-container-fc3e409e\"><div class=\"gb-inside-container\">\n<div class=\"gb-grid-wrapper gb-grid-wrapper-b470cb57\"><\/div>\n<\/div><\/div>","protected":false},"excerpt":{"rendered":"","protected":false},"author":1,"featured_media":0,"parent":0,"menu_order":98,"comment_status":"closed","ping_status":"closed","template":"","meta":{"_acf_changed":false,"iawp_total_views":227,"footnotes":""},"class_list":["post-6830","page","type-page","status-publish"],"acf":[],"_links":{"self":[{"href":"https:\/\/branchenversicherung.ch\/fr\/wp-json\/wp\/v2\/pages\/6830","targetHints":{"allow":["GET"]}}],"collection":[{"href":"https:\/\/branchenversicherung.ch\/fr\/wp-json\/wp\/v2\/pages"}],"about":[{"href":"https:\/\/branchenversicherung.ch\/fr\/wp-json\/wp\/v2\/types\/page"}],"author":[{"embeddable":true,"href":"https:\/\/branchenversicherung.ch\/fr\/wp-json\/wp\/v2\/users\/1"}],"replies":[{"embeddable":true,"href":"https:\/\/branchenversicherung.ch\/fr\/wp-json\/wp\/v2\/comments?post=6830"}],"version-history":[{"count":29,"href":"https:\/\/branchenversicherung.ch\/fr\/wp-json\/wp\/v2\/pages\/6830\/revisions"}],"predecessor-version":[{"id":12504,"href":"https:\/\/branchenversicherung.ch\/fr\/wp-json\/wp\/v2\/pages\/6830\/revisions\/12504"}],"wp:attachment":[{"href":"https:\/\/branchenversicherung.ch\/fr\/wp-json\/wp\/v2\/media?parent=6830"}],"curies":[{"name":"wp","href":"https:\/\/api.w.org\/{rel}","templated":true}]}}