{"id":6832,"date":"2021-11-23T16:51:24","date_gmt":"2021-11-23T15:51:24","guid":{"rendered":"https:\/\/branchenversicherung.ch\/a-propos-de-nous\/portrait\/"},"modified":"2026-02-06T12:33:37","modified_gmt":"2026-02-06T11:33:37","slug":"portrait","status":"publish","type":"page","link":"https:\/\/branchenversicherung.ch\/fr\/a-propos-de-nous\/portrait\/","title":{"rendered":"Portrait"},"content":{"rendered":"<section id=\"halfHeader-block_5ccd3be3177c379814e661b1d8d2c62e\" class=\"halfHeader container__page\">\n  <div class=\"inside__hero__half imagineNow\">\n    <div class=\"half__description__row\">\n            <p class=\"parent__title__single\">  <a href=\"https:\/\/branchenversicherung.ch\/fr\/a-propos-de-nous\/\">\u00c0 propos de nous<\/a><\/p>\n          <h1 class=\"hero__title__h\">Portrait <\/h1>\n            <p class=\"description__row\"> Notre entreprise a \u00e9t\u00e9 fond\u00e9e en 1902 en tant qu\u2019organisation d\u2019entraide des ma\u00eetres-bouchers Aujourd\u2019hui, nous soutenons des entreprises dans une grande vari\u00e9t\u00e9 de branches. <\/p>\n         \n        \n                  \n      <!--<div  class=\"scroll__one__bottom with__new__arrow\"> <\/div>-->\n    <\/div>\n    <div class=\"half__image__row\">\n      <img decoding=\"async\" width=\"2560\" height=\"1493\" src=\"https:\/\/branchenversicherung.ch\/wp-content\/uploads\/2021\/11\/BV_Organisation_Header_1680x980px-scaled.jpg\" class=\"attachment-full size-full\" alt=\"\" srcset=\"https:\/\/branchenversicherung.ch\/wp-content\/uploads\/2021\/11\/BV_Organisation_Header_1680x980px-scaled.jpg 2560w, https:\/\/branchenversicherung.ch\/wp-content\/uploads\/2021\/11\/BV_Organisation_Header_1680x980px-300x175.jpg 300w, https:\/\/branchenversicherung.ch\/wp-content\/uploads\/2021\/11\/BV_Organisation_Header_1680x980px-1024x597.jpg 1024w, https:\/\/branchenversicherung.ch\/wp-content\/uploads\/2021\/11\/BV_Organisation_Header_1680x980px-768x448.jpg 768w, https:\/\/branchenversicherung.ch\/wp-content\/uploads\/2021\/11\/BV_Organisation_Header_1680x980px-1536x896.jpg 1536w, https:\/\/branchenversicherung.ch\/wp-content\/uploads\/2021\/11\/BV_Organisation_Header_1680x980px-2048x1195.jpg 2048w\" sizes=\"(max-width: 2560px) 100vw, 2560px\" \/>    <\/div>\n  <\/div>\n<\/section>\n\n\n<div class=\"gb-container gb-container-4eacd986\"><div class=\"gb-inside-container\">\n<div class=\"gb-grid-wrapper gb-grid-wrapper-994ab79b\">\n<div class=\"gb-grid-column gb-grid-column-b412b045\"><div class=\"gb-container gb-container-b412b045\"><div class=\"gb-inside-container\">\n\n<p>D\u00e9j\u00e0 \u00e0 l\u2019\u00e9poque, les besoins de nos clients passaient avant le profit. Depuis, les temps ont chang\u00e9 \u2013 mais pas notre objectif.<\/p>\n\n\n\n<p>En tant qu\u2019assureur suisse de niche, la \u00abCoop\u00e9rative d\u2019assurance des m\u00e9tiers\u00bb s\u2019est sp\u00e9cialis\u00e9e dans les entreprises d\u2019une s\u00e9lection de branches. Gr\u00e2ce \u00e0 notre structure juridique coop\u00e9rative, vous \u00eates client mais aussi copropri\u00e9taire \u2013 et profitez de nos b\u00e9n\u00e9fices. Nous nous consid\u00e9rons comme des g\u00e9n\u00e9ralistes qualifi\u00e9s pour toutes les questions d\u2019assurance. Caract\u00e9ris\u00e9s par notre approche rapide et non bureaucratique, nous avons pour ambition de trouver la meilleure solution sur mesure. Nous vous assistons \u00e9galement avec un <a href=\"https:\/\/branchenversicherung.ch\/fr\/a-propos-de-nous\/avantages\/#ind\u00e9pendance-vis-\u00e0-vis-des-commissions\">service externe ind\u00e9pendant face aux commissions<\/a>.<\/p>\n\n<\/div><\/div><\/div>\n<\/div>\n<\/div><\/div>\n\n<div class=\"gb-container gb-container-e95dff03\"><div class=\"gb-inside-container\">\n<div class=\"gb-grid-wrapper gb-grid-wrapper-49e11efc\">\n<div class=\"gb-grid-column gb-grid-column-25f5ebdc\"><div class=\"gb-container gb-container-25f5ebdc\"><div class=\"gb-inside-container\">\n\n<h2 class=\"wp-block-heading\" id=\"unsere-strategie\">Notre strat\u00e9gie<\/h2>\n\n\n\n<p>Bien que la relation avec nos clients soit bas\u00e9e sur des contrats d\u2019assurance, elle est appuy\u00e9e et renforc\u00e9e par la confiance mutuelle. C\u2019est pourquoi il nous tient \u00e0 c\u0153ur de mener un dialogue ouvert et honn\u00eate, sur un pied d\u2019\u00e9galit\u00e9 Nos clients re\u00e7oivent des conseils et un soutien personnels de notre service externe, directement dans leur r\u00e9gion. Celui-ci travaille sans commission et peut donc r\u00e9pondre pleinement aux besoins individuels.<\/p>\n\n\n\n<p>La constance est l\u2019une de nos plus grandes forces. Nous visons ainsi une croissance coh\u00e9rente et durable. Ce faisant, nous attachons une grande importance au respect, \u00e0 la rigueur et \u00e0 une gouvernance d\u2019entreprise appropri\u00e9e. En cons\u00e9quence, nous entretenons une collaboration \u00e9quitable avec nos clients, nos partenaires commerciaux et nos collaborateurs.<\/p>\n\n\n\n<p>Pour nous permettre de contribuer aux \u00e9volutions de notre \u00e9poque, nous optimisons et \u00e9largissons constamment notre offre de produits et de services gr\u00e2ce \u00e0 des solutions innovantes.<\/p>\n\n\n\n<p>Notre organigramme est si simple et all\u00e9g\u00e9 qu\u2019il permet la prise de d\u00e9cisions rapides. Nos chiffres sont \u00e9galement fiables, car nous poursuivons une strat\u00e9gie d\u2019investissement \u00e9quilibr\u00e9e et durable. Nous les examinons \u00e0 intervalles r\u00e9guliers et proc\u00e9dons \u00e0 des ajustements si n\u00e9cessaire. <\/p>\n\n<\/div><\/div><\/div>\n<\/div>\n<\/div><\/div>\n\n<div class=\"gb-container gb-container-d25fae6b\"><div class=\"gb-inside-container\">\n<div class=\"gb-grid-wrapper gb-grid-wrapper-be6356cc\">\n<div class=\"gb-grid-column gb-grid-column-80c4ad6f\"><div class=\"gb-container gb-container-80c4ad6f\"><div class=\"gb-inside-container\">\n\n<h2 class=\"wp-block-heading\" id=\"unsere-kunden\">Nos clients<\/h2>\n\n\n\n<p>Nous avons beaucoup de points communs avec nos clients, mais deux choses en particulier: le point de vue de l\u2019employeur et la connaissance du m\u00e9tier. <\/p>\n\n\n\n<p>Nous accompagnons des clients ayant une entreprise ou un domicile en Suisse. Il s\u2019agit principalement de membres de nos associations partenaires, de propri\u00e9taires d\u2019entreprises et de leurs familles, par exemple de bouchers, de droguistes, d\u2019opticiens, de prestataires de services de s\u00e9curit\u00e9, de d\u00e9taillants de chaussures, de magasins de photographie, de commerces sp\u00e9cialis\u00e9s en radio, t\u00e9l\u00e9vision et multim\u00e9dia, de magasins d\u2019articles de sport ou encore de d\u00e9taillants d\u2019articles de voyage et de maroquinerie.<\/p>\n\n<\/div><\/div><\/div>\n<\/div>\n<\/div><\/div>\n\n<div class=\"gb-container gb-container-1d895be4\"><div class=\"gb-inside-container\">\n<div class=\"gb-grid-wrapper gb-grid-wrapper-d3eb1093\">\n<div class=\"gb-grid-column gb-grid-column-f8ffe19a\"><div class=\"gb-container gb-container-f8ffe19a\"><div class=\"gb-inside-container\">\n\n<h2 class=\"wp-block-heading\" id=\"unser-leitbild\">Notre charte<\/h2>\n\n\n\n<p><strong>Coop\u00e9rative<\/strong> <br>Nous sommes une coop\u00e9rative active dans le secteur des assurances non vie, en tant qu\u2019assureur de niches. Nos clients sont les propri\u00e9taires de l\u2019entreprise et profitent \u00e0 ce titre de ses b\u00e9n\u00e9fices.<\/p>\n\n\n\n<p><strong>Croissance <br><\/strong>Nous visons une croissance continue et durable.<\/p>\n\n\n\n<p><strong>Comportement<\/strong> <br>L\u2019\u00e9thique, le respect, la minutie et une gouvernance d\u2019entreprise appropri\u00e9e sont des valeurs qui nous tiennent \u00e0 c\u0153ur. Nous pratiquons une collaboration honn\u00eate, dans un esprit de partenariat, avec notre personnel, les clients et les partenaires commerciaux.<\/p>\n\n\n\n<p><strong>Communication<\/strong> <br>Nous communiquons activement, de mani\u00e8re franche et ouverte.<\/p>\n\n\n\n<div style=\"height:100px\" aria-hidden=\"true\" class=\"wp-block-spacer\"><\/div>\n\n<\/div><\/div><\/div>\n\n<div class=\"gb-grid-column gb-grid-column-538164f4\"><div class=\"gb-container gb-container-538164f4\"><div class=\"gb-inside-container\">\n\n<h2 class=\"wp-block-heading\" id=\"unser-leitbild\">Archives rapports annuels num\u00e9riques<\/h2>\n\n\n\n<ul class=\"wp-block-list\">\n<li>Rapport annuel 2022 &#8211; <a href=\"https:\/\/report.branchenversicherung.ch\/2022\/fr\/\" target=\"_blank\" rel=\"noreferrer noopener\">Par ici pour le site web<\/a><\/li>\n<\/ul>\n\n<\/div><\/div><\/div>\n<\/div>\n<\/div><\/div>\n\n<div class=\"gb-container gb-container-43a2daf0\"><div class=\"gb-inside-container\">\n<div class=\"gb-grid-wrapper gb-grid-wrapper-15d638b4\">\n<div class=\"gb-grid-column gb-grid-column-fedd1dd3\"><div class=\"gb-container gb-container-fedd1dd3\"><div class=\"gb-inside-container\">\n<div class=\"rows__downloads make__accordion\"><h2 class=\"cat__title__down\">Documents \u00e0 t\u00e9l\u00e9charger<span class=\"icon__accordion__down\"> <i class=\"fas fa-chevron-down\"><\/i>  <i class=\"fas fa-chevron-up\"><\/i> <\/span><\/h2><div class=\"ul__list__downlaods \"><div class=\"list__downlaods seps\"><a class=\"download__ahref\" download href=\"https:\/\/branchenversicherung.ch\/wp-content\/uploads\/2026\/02\/BV_Organigramm-Abteilungen_A4_FR_20260205.pdf\"><span class=\"title__downloads\">Organigramme<\/span> <span class=\"file__icon__size\">pdf (42,91 KB) <i class=\"fas fa-download icon__in__download\"><\/i><\/span><\/a><hr class=\"download__separate\"><\/div><div class=\"list__downlaods seps\"><a class=\"download__ahref\" download href=\"https:\/\/branchenversicherung.ch\/wp-content\/uploads\/2021\/11\/BV_Strategie_Leitbild_Flyer_FR_RZ_21.pdf\"><span class=\"title__downloads\">Charte et strat\u00e9gie<\/span> <span class=\"file__icon__size\">pdf (1,93 MB) <i class=\"fas fa-download icon__in__download\"><\/i><\/span><\/a><hr class=\"download__separate\"><\/div><\/div><hr class=\"download__separate row__seps\"><\/div>\n\n<\/div><\/div><\/div>\n<\/div>\n<\/div><\/div>\n\n<div class=\"gb-container gb-container-c30641fd\"><div class=\"gb-inside-container\">\n<div class=\"gb-grid-wrapper gb-grid-wrapper-fdb5e883\">\n<div class=\"gb-grid-column gb-grid-column-769f64e5\"><div class=\"gb-container gb-container-769f64e5 eql__column\"><div class=\"gb-inside-container\">\n\n<figure class=\"wp-block-image size-large image__full\"><img decoding=\"async\" width=\"1024\" height=\"688\" src=\"https:\/\/branchenversicherung.ch\/wp-content\/uploads\/2021\/12\/BV_Ueber_uns_Portrait_Teaser_Meilenstein_1120x752neu-1024x688.webp\" alt=\"\" class=\"wp-image-9176\" srcset=\"https:\/\/branchenversicherung.ch\/wp-content\/uploads\/2021\/12\/BV_Ueber_uns_Portrait_Teaser_Meilenstein_1120x752neu-1024x688.webp 1024w, https:\/\/branchenversicherung.ch\/wp-content\/uploads\/2021\/12\/BV_Ueber_uns_Portrait_Teaser_Meilenstein_1120x752neu-300x201.webp 300w, https:\/\/branchenversicherung.ch\/wp-content\/uploads\/2021\/12\/BV_Ueber_uns_Portrait_Teaser_Meilenstein_1120x752neu-768x516.webp 768w, https:\/\/branchenversicherung.ch\/wp-content\/uploads\/2021\/12\/BV_Ueber_uns_Portrait_Teaser_Meilenstein_1120x752neu.webp 1120w\" sizes=\"(max-width: 1024px) 100vw, 1024px\" \/><\/figure>\n\n<\/div><\/div><\/div>\n\n<div class=\"gb-grid-column gb-grid-column-2a63d9c2\"><div class=\"gb-container gb-container-2a63d9c2 make__me__relative\"><div class=\"gb-inside-container\">\n\n<p class=\"fix__p__no__margins\" style=\"font-size:14px\">Cela pourrait aussi vous int\u00e9resser<\/p>\n\n\n\n<h2 class=\"gb-headline gb-headline-2a022cb5 gb-headline-text\">Seul celui qui conna\u00eet le pass\u00e9 a un avenir<\/h2>\n\n\n\n<p>Certes, nous nous concentrons sur l&rsquo;avenir, mais nous sommes \u00e9galement fiers de notre pass\u00e9 et savons o\u00f9 sont nos racines.<\/p>\n\n\n\n<p class=\"half__button__icon adjust__bottom\"><a href=\"https:\/\/branchenversicherung.ch\/fr\/a-propos-de-nous\/nos-etapes-cles\/\" data-type=\"page\" data-id=\"262\">Vers les \u00e9tapes cl\u00e9s<\/a><\/p>\n\n<\/div><\/div><\/div>\n<\/div>\n<\/div><\/div>","protected":false},"excerpt":{"rendered":"","protected":false},"author":1,"featured_media":0,"parent":6830,"menu_order":60,"comment_status":"closed","ping_status":"closed","template":"","meta":{"_acf_changed":false,"iawp_total_views":93,"footnotes":""},"class_list":["post-6832","page","type-page","status-publish"],"acf":[],"_links":{"self":[{"href":"https:\/\/branchenversicherung.ch\/fr\/wp-json\/wp\/v2\/pages\/6832","targetHints":{"allow":["GET"]}}],"collection":[{"href":"https:\/\/branchenversicherung.ch\/fr\/wp-json\/wp\/v2\/pages"}],"about":[{"href":"https:\/\/branchenversicherung.ch\/fr\/wp-json\/wp\/v2\/types\/page"}],"author":[{"embeddable":true,"href":"https:\/\/branchenversicherung.ch\/fr\/wp-json\/wp\/v2\/users\/1"}],"replies":[{"embeddable":true,"href":"https:\/\/branchenversicherung.ch\/fr\/wp-json\/wp\/v2\/comments?post=6832"}],"version-history":[{"count":32,"href":"https:\/\/branchenversicherung.ch\/fr\/wp-json\/wp\/v2\/pages\/6832\/revisions"}],"predecessor-version":[{"id":22944,"href":"https:\/\/branchenversicherung.ch\/fr\/wp-json\/wp\/v2\/pages\/6832\/revisions\/22944"}],"up":[{"embeddable":true,"href":"https:\/\/branchenversicherung.ch\/fr\/wp-json\/wp\/v2\/pages\/6830"}],"wp:attachment":[{"href":"https:\/\/branchenversicherung.ch\/fr\/wp-json\/wp\/v2\/media?parent=6832"}],"curies":[{"name":"wp","href":"https:\/\/api.w.org\/{rel}","templated":true}]}}