{"id":6834,"date":"2021-11-23T16:55:24","date_gmt":"2021-11-23T15:55:24","guid":{"rendered":"https:\/\/branchenversicherung.ch\/a-propos-de-nous\/avantages\/"},"modified":"2025-06-16T14:02:23","modified_gmt":"2025-06-16T12:02:23","slug":"avantages","status":"publish","type":"page","link":"https:\/\/branchenversicherung.ch\/fr\/a-propos-de-nous\/avantages\/","title":{"rendered":"Avantages"},"content":{"rendered":"<section id=\"halfHeader-block_ffabab7f63d6d1e1fa8726877b5a12f3\" class=\"halfHeader container__page\">\n  <div class=\"inside__hero__half imagineNow\">\n    <div class=\"half__description__row\">\n            <p class=\"parent__title__single\">  <a href=\"https:\/\/branchenversicherung.ch\/fr\/a-propos-de-nous\/\">\u00c0 propos de nous<\/a><\/p>\n          <h1 class=\"hero__title__h\">Avantages <\/h1>\n            <p class=\"description__row\"> La s\u00e9curit\u00e9 vous concerne, vous et l\u2019ensemble de votre environnement \u2013 un sujet quotidien et complexe. Nous faisons tout pour que vous puissiez vous concentrer sur d\u2019autres choses sans vous inqui\u00e9ter.\r\n\r\n\r\n<\/p>\n         \n        \n                  \n      <!--<div  class=\"scroll__one__bottom with__new__arrow\"> <\/div>-->\n    <\/div>\n    <div class=\"half__image__row\">\n      <img decoding=\"async\" width=\"1920\" height=\"1119\" src=\"https:\/\/branchenversicherung.ch\/wp-content\/uploads\/2022\/03\/BV_Ueber_uns_Vorteile_Header_1680x980px.webp\" class=\"attachment-full size-full\" alt=\"\" srcset=\"https:\/\/branchenversicherung.ch\/wp-content\/uploads\/2022\/03\/BV_Ueber_uns_Vorteile_Header_1680x980px.webp 1920w, https:\/\/branchenversicherung.ch\/wp-content\/uploads\/2022\/03\/BV_Ueber_uns_Vorteile_Header_1680x980px-300x175.webp 300w, https:\/\/branchenversicherung.ch\/wp-content\/uploads\/2022\/03\/BV_Ueber_uns_Vorteile_Header_1680x980px-1024x597.webp 1024w, https:\/\/branchenversicherung.ch\/wp-content\/uploads\/2022\/03\/BV_Ueber_uns_Vorteile_Header_1680x980px-768x448.webp 768w, https:\/\/branchenversicherung.ch\/wp-content\/uploads\/2022\/03\/BV_Ueber_uns_Vorteile_Header_1680x980px-1536x895.webp 1536w\" sizes=\"(max-width: 1920px) 100vw, 1920px\" \/>    <\/div>\n  <\/div>\n<\/section>\n\n\n<div class=\"gb-container gb-container-35d42bf1 grid__background__gray\"><div class=\"gb-inside-container\">\n<div class=\"gb-grid-wrapper gb-grid-wrapper-000e3c65\">\n<div class=\"gb-grid-column gb-grid-column-ac8083db\"><div class=\"gb-container gb-container-ac8083db\"><div class=\"gb-inside-container\">\n\n<h2 class=\"gb-headline gb-headline-d5bd6833 gb-headline-text\">Plus de 100 ans d\u2019exp\u00e9rience pour l\u2019industrie et les entreprises<\/h2>\n\n\n\n<p>Depuis 1902, nous n\u2019avons cess\u00e9 d\u2019\u00e9largir notre exp\u00e9rience et de perfectionner notre savoir-faire. Cela fait de nous l\u2019assureur suisse de niche qualifi\u00e9 pour votre branche. Nos sp\u00e9cialistes pour toutes les questions d\u2019assurance agissent rapidement, sans bureaucratie et \u00e9laborent votre solution sur mesure.<\/p>\n\n<\/div><\/div><\/div>\n<\/div>\n<\/div><\/div>\n\n<div class=\"gb-container gb-container-c7537581 grid__background__gray\" id=\"ind\u00e9pendance-vis-\u00e0-vis-des-commissions\"><div class=\"gb-inside-container\">\n<div class=\"gb-grid-wrapper gb-grid-wrapper-e8563949\">\n<div class=\"gb-grid-column gb-grid-column-adc2d4cb\"><div class=\"gb-container gb-container-adc2d4cb\"><div class=\"gb-inside-container\">\n\n<h2 class=\"gb-headline gb-headline-f80924e8 gb-headline-text\">Ristournes coop\u00e9ratives<\/h2>\n\n\n\n<p>Dans notre coop\u00e9rative (Coop\u00e9rative d\u2019Assurance des m\u00e9tiers), vous n\u2019\u00eates pas seulement client mais aussi propri\u00e9taire. Vous profitez ainsi du b\u00e9n\u00e9fice que nous g\u00e9n\u00e9rons dans un esprit de solidarit\u00e9 et que nous redistribuons sous forme de ristournes annuelles.<\/p>\n\n<\/div><\/div><\/div>\n\n<div class=\"gb-grid-column gb-grid-column-cce59109\"><div class=\"gb-container gb-container-cce59109\"><div class=\"gb-inside-container\">\n\n<h2 class=\"gb-headline gb-headline-3f2eab37 gb-headline-text\" id=\"ind\u00e9pendance-vis-\u00e0-vis-des-commissions\">Ind\u00e9pendance face aux commissions<\/h2>\n\n\n\n<p>L\u2019objectivit\u00e9 est g\u00e9n\u00e9ralement la meilleure alli\u00e9e des conseils &#8211; chez nous en tout cas. C\u2019est la raison pour laquelle nos collaborateurs du service externe travaillent sans commission.<\/p>\n\n\n\n<p>Peu commun, mais judicieux: nos conseillers en assurance re\u00e7oivent des salaires fixes, ils ne sont donc soumis \u00e0 aucune pression pour augmenter leur salaire en vendant des produits suppl\u00e9mentaires. Nous pla\u00e7ons ainsi vos besoins au centre de nos efforts \u2013 ce qui, conform\u00e9ment \u00e0 la devise \u00abClient heureux, assureur heureux\u00bb, correspond \u00e0 nos objectifs. Nos conseillers sont donc constamment \u00e0 la recherche des meilleures solutions et des avantages dont vous pouvez b\u00e9n\u00e9ficier. Une situation clairement gagnante pour tous.<\/p>\n\n<\/div><\/div><\/div>\n\n<div class=\"gb-grid-column gb-grid-column-0b8d1424\"><div class=\"gb-container gb-container-0b8d1424\"><div class=\"gb-inside-container\">\n\n<h2 class=\"gb-headline gb-headline-fd4d7cbb gb-headline-text\">Notre engagement envers les jeunes entrepreneurs<\/h2>\n\n\n\n<p>La nouvelle g\u00e9n\u00e9ration, la meilleure s\u00e9curit\u00e9 pour l\u2019avenir. Notre fonds pour les jeunes entrepreneurs motiv\u00e9s est un soutien actif aux prochaines g\u00e9n\u00e9rations de nos branches partenaires. Tous les membres de nos associations partenaires peuvent demander une subvention de notre fonds d\u2019aide aux nouveaux entrepreneurs. En fait partie toute personne ayant souscrit chez nous quatre ou cinq assurances pour son entreprise.<\/p>\n\n\n\n<p>Nous vous conseillons de parler en temps utile de la cr\u00e9ation de votre entreprise avec&nbsp;<a href=\"https:\/\/branchenversicherung.ch\/fr\/service\/nos-conseillers-a-la-clientele-se-tiennent-a-votre-disposition\/\" data-type=\"page\">votre conseiller en assurance<\/a>. Votre conseiller en assurance conna\u00eet bien les particularit\u00e9s et les d\u00e9fis de votre branche.<\/p>\n\n<\/div><\/div><\/div>\n\n<div class=\"gb-grid-column gb-grid-column-8c6d1bdf\"><div class=\"gb-container gb-container-8c6d1bdf\"><div class=\"gb-inside-container\">\n\n<h2 class=\"gb-headline gb-headline-a836017c gb-headline-text\">Notre engagement pour la pr\u00e9vention des sinistres<\/h2>\n\n\n\n<p>Il est bien connu que la pr\u00e9vention est moins co\u00fbteuse que la r\u00e9paration des dommages, c\u2019est pourquoi nous investissons dans la pr\u00e9vention des sinistres depuis des ann\u00e9es. Parmi les mesures choisies, citons une \u00e9valuation qualifi\u00e9e des risques, des conseils pratiques sur les diff\u00e9rents domaines \u00e0 risque, des biens de consommation pratiques, une sensibilisation permanente \u00e0 la pr\u00e9vention des accidents non-professionnels et la coop\u00e9ration avec le Bureau de pr\u00e9vention des accidents (bpa).<\/p>\n\n\n\n<p><strong>Partenaire en mati\u00e8re de s\u00e9curit\u00e9:<\/strong><\/p>\n\n\n\n<p><a href=\"https:\/\/www.safeatwork.ch\/fr\" target=\"_blank\" rel=\"noreferrer noopener\">Safe at work<\/a> Pr\u00e9venir les accidents, sauver des vies<br><a href=\"https:\/\/www.bfu.ch\/fr\" target=\"_blank\" rel=\"noreferrer noopener\">BPA<\/a> Bureau de pr\u00e9vention des accidents<br><a href=\"https:\/\/www.abzspiez.ch\/fr\/conseils-suisse\/sst\" target=\"_blank\" rel=\"noreferrer noopener\">SFF Centre de formation<\/a> S\u00e9curit\u00e9 et protection de la sant\u00e9 au travail<\/p>\n\n\n\n<p>La mise en \u0153uvre correcte de la s\u00e9curit\u00e9 au travail rel\u00e8ve de la responsabilit\u00e9 de votre association professionnelle. Le SFF Centre de formation \u00e0 Spiez est responsable de la branche de la production bouch\u00e8re. Vous y recevrez un soutien utile et de pr\u00e9cieux conseils pratiques.<\/p>\n\n\n\n<p>Vous pouvez trouver nos associations partenaires <a href=\"https:\/\/branchenversicherung.ch\/fr\/a-propos-de-nous\/associations-partenaires\/\">ici<\/a>. <\/p>\n\n<\/div><\/div><\/div>\n<\/div>\n<\/div><\/div>\n\n<div class=\"gb-container gb-container-e92480b8\"><div class=\"gb-inside-container\">\n<div class=\"gb-grid-wrapper gb-grid-wrapper-e9245ce7\"><\/div>\n<\/div><\/div>","protected":false},"excerpt":{"rendered":"","protected":false},"author":1,"featured_media":0,"parent":6830,"menu_order":63,"comment_status":"closed","ping_status":"closed","template":"","meta":{"_acf_changed":false,"iawp_total_views":28,"footnotes":""},"class_list":["post-6834","page","type-page","status-publish"],"acf":[],"_links":{"self":[{"href":"https:\/\/branchenversicherung.ch\/fr\/wp-json\/wp\/v2\/pages\/6834","targetHints":{"allow":["GET"]}}],"collection":[{"href":"https:\/\/branchenversicherung.ch\/fr\/wp-json\/wp\/v2\/pages"}],"about":[{"href":"https:\/\/branchenversicherung.ch\/fr\/wp-json\/wp\/v2\/types\/page"}],"author":[{"embeddable":true,"href":"https:\/\/branchenversicherung.ch\/fr\/wp-json\/wp\/v2\/users\/1"}],"replies":[{"embeddable":true,"href":"https:\/\/branchenversicherung.ch\/fr\/wp-json\/wp\/v2\/comments?post=6834"}],"version-history":[{"count":27,"href":"https:\/\/branchenversicherung.ch\/fr\/wp-json\/wp\/v2\/pages\/6834\/revisions"}],"predecessor-version":[{"id":21435,"href":"https:\/\/branchenversicherung.ch\/fr\/wp-json\/wp\/v2\/pages\/6834\/revisions\/21435"}],"up":[{"embeddable":true,"href":"https:\/\/branchenversicherung.ch\/fr\/wp-json\/wp\/v2\/pages\/6830"}],"wp:attachment":[{"href":"https:\/\/branchenversicherung.ch\/fr\/wp-json\/wp\/v2\/media?parent=6834"}],"curies":[{"name":"wp","href":"https:\/\/api.w.org\/{rel}","templated":true}]}}