{"id":6842,"date":"2021-11-24T11:29:52","date_gmt":"2021-11-24T10:29:52","guid":{"rendered":"https:\/\/branchenversicherung.ch\/a-propos-de-nous\/blog-mediatheque\/"},"modified":"2022-02-27T13:26:08","modified_gmt":"2022-02-27T12:26:08","slug":"blog-mediatheque","status":"publish","type":"page","link":"https:\/\/branchenversicherung.ch\/fr\/a-propos-de-nous\/blog-mediatheque\/","title":{"rendered":"Blog &amp; M\u00e9diath\u00e8que"},"content":{"rendered":"<section id=\"fullHeaderNoImg-block_6141caa473b13\" class=\"fullHeaderNoImg container__page__fullNoImg\">\n  <div class=\"inside__hero__half wth__desc__adjust imagineNowFullNoImg\">\n    <div class=\"fullNoImg__description__row\">\n                <p class=\"parent__title__single__fni\">\n      <a href=\"https:\/\/branchenversicherung.ch\/fr\/a-propos-de-nous\/\">\u00c0 propos de nous<\/a><\/p>\n          <h1 class=\"hero__title__h__fni\">Blog &amp; M\u00e9diath\u00e8que <\/h1>\n      \n      <p class=\"description__row__fni\"> Vous trouverez ici des articles actuels et archiv\u00e9s et\nsujets int\u00e9ressants<\/p>\n          <!-- <img decoding=\"async\" src=\"\/wp-content\/uploads\/2021\/09\/arrow-to-next.svg\" class=\"scroll__one__bottom\"> -->\n          <\/div>\n  <\/div>\n<\/section>\n\n\n<div class=\"gb-container gb-container-25fd8786\"><div class=\"gb-inside-container\">\n<div class=\"gb-grid-wrapper gb-grid-wrapper-1dcbb254\">\n<div class=\"gb-grid-column gb-grid-column-e271ad32\"><div class=\"gb-container gb-container-e271ad32\"><div class=\"gb-inside-container\">\n<form class=\"ajax__filter__blog\" \"action=\"https:\/\/branchenversicherung.ch \/wp-admin\/admin-ajax.php\" method=\"POST\" id=\"filter__blog\"><ul class=\"js-category-blog\" name=\"categoryfilterblog\"><li class=\"active\" value=\"all\">Tout<\/li><li value=\"43\">News<\/li><li value=\"42\">Conseils pratiques<\/li><li value=\"176\">Pr\u00e9voyance<\/li><li value=\"41\">Pr\u00e9vention<\/li><li value=\"175\">Archives<\/li><\/ul><input type=\"hidden\" name=\"action\" value=\"myfilter\"><\/form>\n\n\n<section class=\"blogs__rows response-ajax-filter-blog\"><div class=\"single__post__wraper col__nr__1 \"><a class=\"href__wrapper__post\" href=\"https:\/\/branchenversicherung.ch\/fr\/nouveau-membre-de-la-direction-kevin-brand\/\"><div class=\"wrapper__image__blog\"><figure class=\"normal__image\"><img decoding=\"async\" width=\"1650\" height=\"1200\" src=\"https:\/\/branchenversicherung.ch\/wp-content\/uploads\/2026\/01\/Ueber-uns_KevinBrand-Bild1_1650x1200px.jpg\" class=\"attachment-full size-full\" alt=\"\" srcset=\"https:\/\/branchenversicherung.ch\/wp-content\/uploads\/2026\/01\/Ueber-uns_KevinBrand-Bild1_1650x1200px.jpg 1650w, https:\/\/branchenversicherung.ch\/wp-content\/uploads\/2026\/01\/Ueber-uns_KevinBrand-Bild1_1650x1200px-300x218.jpg 300w, https:\/\/branchenversicherung.ch\/wp-content\/uploads\/2026\/01\/Ueber-uns_KevinBrand-Bild1_1650x1200px-1024x745.jpg 1024w, https:\/\/branchenversicherung.ch\/wp-content\/uploads\/2026\/01\/Ueber-uns_KevinBrand-Bild1_1650x1200px-768x559.jpg 768w, https:\/\/branchenversicherung.ch\/wp-content\/uploads\/2026\/01\/Ueber-uns_KevinBrand-Bild1_1650x1200px-1536x1117.jpg 1536w\" sizes=\"(max-width: 1650px) 100vw, 1650px\" \/><\/figure><\/div><div class=\"wrapper__infos__blog have__feat \"><p class=\"category__name__blog\">News<\/p><h2 class=\"title__blog__wrap have__feat\">Nouveau membre de la Direction : Kevin Brand<\/h2><a class=\"go__to__blog\" href=\"https:\/\/branchenversicherung.ch\/fr\/nouveau-membre-de-la-direction-kevin-brand\/\"><div class=\"arrow__hover__team\"><\/div><\/a><\/div><\/a><\/div><div class=\"single__post__wraper col__nr__2 \"><a class=\"href__wrapper__post\" href=\"https:\/\/branchenversicherung.ch\/fr\/securite-au-travail-comment-les-entreprises-peuvent-prevenir-les-risques\/\"><div class=\"wrapper__image__blog\"><figure class=\"normal__image\"><img decoding=\"async\" width=\"1800\" height=\"900\" src=\"https:\/\/branchenversicherung.ch\/wp-content\/uploads\/2025\/10\/BV_Newsletter_202509_SicherheitAmArbeitsplatz_1800x900px.jpg\" class=\"attachment-full size-full\" alt=\"\" srcset=\"https:\/\/branchenversicherung.ch\/wp-content\/uploads\/2025\/10\/BV_Newsletter_202509_SicherheitAmArbeitsplatz_1800x900px.jpg 1800w, https:\/\/branchenversicherung.ch\/wp-content\/uploads\/2025\/10\/BV_Newsletter_202509_SicherheitAmArbeitsplatz_1800x900px-300x150.jpg 300w, https:\/\/branchenversicherung.ch\/wp-content\/uploads\/2025\/10\/BV_Newsletter_202509_SicherheitAmArbeitsplatz_1800x900px-1024x512.jpg 1024w, https:\/\/branchenversicherung.ch\/wp-content\/uploads\/2025\/10\/BV_Newsletter_202509_SicherheitAmArbeitsplatz_1800x900px-768x384.jpg 768w, https:\/\/branchenversicherung.ch\/wp-content\/uploads\/2025\/10\/BV_Newsletter_202509_SicherheitAmArbeitsplatz_1800x900px-1536x768.jpg 1536w\" sizes=\"(max-width: 1800px) 100vw, 1800px\" \/><\/figure><\/div><div class=\"wrapper__infos__blog have__feat \"><p class=\"category__name__blog\">Conseils pratiques<\/p><h2 class=\"title__blog__wrap have__feat\">S\u00e9curit\u00e9 au travail : comment les entreprises peuvent pr\u00e9venir les risques<\/h2><a class=\"go__to__blog\" href=\"https:\/\/branchenversicherung.ch\/fr\/securite-au-travail-comment-les-entreprises-peuvent-prevenir-les-risques\/\"><div class=\"arrow__hover__team\"><\/div><\/a><\/div><\/a><\/div><div class=\"single__post__wraper col__nr__3 \"><a class=\"href__wrapper__post\" href=\"https:\/\/branchenversicherung.ch\/fr\/en-suisse-ces-assurances-sont-obligatoires-pour-les-entreprises\/\"><div class=\"wrapper__image__blog\"><figure class=\"normal__image\"><img decoding=\"async\" width=\"1800\" height=\"900\" src=\"https:\/\/branchenversicherung.ch\/wp-content\/uploads\/2025\/10\/Titelbild-obligatorische-Versicherungen-fuer-Unternehmen-in-der-Schweiz.jpg\" class=\"attachment-full size-full\" alt=\"Titelbild Blog Obligatorische Versicherungen f\u00fcr Unternehmen in der Schweiz\" srcset=\"https:\/\/branchenversicherung.ch\/wp-content\/uploads\/2025\/10\/Titelbild-obligatorische-Versicherungen-fuer-Unternehmen-in-der-Schweiz.jpg 1800w, https:\/\/branchenversicherung.ch\/wp-content\/uploads\/2025\/10\/Titelbild-obligatorische-Versicherungen-fuer-Unternehmen-in-der-Schweiz-300x150.jpg 300w, https:\/\/branchenversicherung.ch\/wp-content\/uploads\/2025\/10\/Titelbild-obligatorische-Versicherungen-fuer-Unternehmen-in-der-Schweiz-1024x512.jpg 1024w, https:\/\/branchenversicherung.ch\/wp-content\/uploads\/2025\/10\/Titelbild-obligatorische-Versicherungen-fuer-Unternehmen-in-der-Schweiz-768x384.jpg 768w, https:\/\/branchenversicherung.ch\/wp-content\/uploads\/2025\/10\/Titelbild-obligatorische-Versicherungen-fuer-Unternehmen-in-der-Schweiz-1536x768.jpg 1536w\" sizes=\"(max-width: 1800px) 100vw, 1800px\" \/><\/figure><\/div><div class=\"wrapper__infos__blog have__feat \"><p class=\"category__name__blog\">Conseils pratiques<\/p><h2 class=\"title__blog__wrap have__feat\">En Suisse, ces assurances sont obligatoires pour les entreprises<\/h2><a class=\"go__to__blog\" href=\"https:\/\/branchenversicherung.ch\/fr\/en-suisse-ces-assurances-sont-obligatoires-pour-les-entreprises\/\"><div class=\"arrow__hover__team\"><\/div><\/a><\/div><\/a><\/div><div class=\"single__post__wraper col__nr__4 \"><a class=\"href__wrapper__post\" href=\"https:\/\/branchenversicherung.ch\/fr\/frame-the-magic-merveilles-de-la-nature-le-concours-photo-2025\/\"><div class=\"wrapper__image__blog\"><figure class=\"normal__image\"><img decoding=\"async\" width=\"2560\" height=\"1707\" src=\"https:\/\/branchenversicherung.ch\/wp-content\/uploads\/2025\/10\/linde_eiskleid-scaled.jpg\" class=\"attachment-full size-full\" alt=\"\" srcset=\"https:\/\/branchenversicherung.ch\/wp-content\/uploads\/2025\/10\/linde_eiskleid-scaled.jpg 2560w, https:\/\/branchenversicherung.ch\/wp-content\/uploads\/2025\/10\/linde_eiskleid-300x200.jpg 300w, https:\/\/branchenversicherung.ch\/wp-content\/uploads\/2025\/10\/linde_eiskleid-1024x683.jpg 1024w, https:\/\/branchenversicherung.ch\/wp-content\/uploads\/2025\/10\/linde_eiskleid-768x512.jpg 768w, https:\/\/branchenversicherung.ch\/wp-content\/uploads\/2025\/10\/linde_eiskleid-1536x1024.jpg 1536w, https:\/\/branchenversicherung.ch\/wp-content\/uploads\/2025\/10\/linde_eiskleid-2048x1365.jpg 2048w\" sizes=\"(max-width: 2560px) 100vw, 2560px\" \/><\/figure><\/div><div class=\"wrapper__infos__blog have__feat \"><p class=\"category__name__blog\">News<\/p><h2 class=\"title__blog__wrap have__feat\">\u00ab Frame The Magic \u2013 Merveilles de la nature \u00bb : le concours photo 2025<\/h2><a class=\"go__to__blog\" href=\"https:\/\/branchenversicherung.ch\/fr\/frame-the-magic-merveilles-de-la-nature-le-concours-photo-2025\/\"><div class=\"arrow__hover__team\"><\/div><\/a><\/div><\/a><\/div><div class=\"single__post__wraper col__nr__5 \"><a class=\"href__wrapper__post\" href=\"https:\/\/branchenversicherung.ch\/fr\/nouveau-partenariat-entre-lassurance-des-metiers-et-emmental-assurance\/\"><div class=\"wrapper__image__blog\"><figure class=\"normal__image\"><img decoding=\"async\" width=\"900\" height=\"450\" src=\"https:\/\/branchenversicherung.ch\/wp-content\/uploads\/2025\/10\/BV_Blogbeitraege_KooperationEmmental_900x450px.jpg\" class=\"attachment-full size-full\" alt=\"Logo der Emmentalversicherung\" srcset=\"https:\/\/branchenversicherung.ch\/wp-content\/uploads\/2025\/10\/BV_Blogbeitraege_KooperationEmmental_900x450px.jpg 900w, https:\/\/branchenversicherung.ch\/wp-content\/uploads\/2025\/10\/BV_Blogbeitraege_KooperationEmmental_900x450px-300x150.jpg 300w, https:\/\/branchenversicherung.ch\/wp-content\/uploads\/2025\/10\/BV_Blogbeitraege_KooperationEmmental_900x450px-768x384.jpg 768w\" sizes=\"(max-width: 900px) 100vw, 900px\" \/><\/figure><\/div><div class=\"wrapper__infos__blog have__feat \"><p class=\"category__name__blog\">News<\/p><h2 class=\"title__blog__wrap have__feat\">Nouveau partenariat entre l\u2019Assurance des m\u00e9tiers et emmental assurance<\/h2><a class=\"go__to__blog\" href=\"https:\/\/branchenversicherung.ch\/fr\/nouveau-partenariat-entre-lassurance-des-metiers-et-emmental-assurance\/\"><div class=\"arrow__hover__team\"><\/div><\/a><\/div><\/a><\/div><div class=\"single__post__wraper col__nr__6 \"><a class=\"href__wrapper__post\" href=\"https:\/\/branchenversicherung.ch\/fr\/nouveaux-membres-du-conseil-dadministration-et-depart-de-bruno-de-gennaro\/\"><div class=\"wrapper__image__blog\"><figure class=\"normal__image\"><img decoding=\"async\" width=\"1114\" height=\"749\" src=\"https:\/\/branchenversicherung.ch\/wp-content\/uploads\/2025\/06\/VR_BV_2025_2.jpg\" class=\"attachment-full size-full\" alt=\"\" srcset=\"https:\/\/branchenversicherung.ch\/wp-content\/uploads\/2025\/06\/VR_BV_2025_2.jpg 1114w, https:\/\/branchenversicherung.ch\/wp-content\/uploads\/2025\/06\/VR_BV_2025_2-300x202.jpg 300w, https:\/\/branchenversicherung.ch\/wp-content\/uploads\/2025\/06\/VR_BV_2025_2-1024x688.jpg 1024w, https:\/\/branchenversicherung.ch\/wp-content\/uploads\/2025\/06\/VR_BV_2025_2-768x516.jpg 768w\" sizes=\"(max-width: 1114px) 100vw, 1114px\" \/><\/figure><\/div><div class=\"wrapper__infos__blog have__feat \"><p class=\"category__name__blog\">News<\/p><h2 class=\"title__blog__wrap have__feat\">Nouveaux membres du Conseil d\u2019administration et d\u00e9part de Bruno de Gennaro<\/h2><a class=\"go__to__blog\" href=\"https:\/\/branchenversicherung.ch\/fr\/nouveaux-membres-du-conseil-dadministration-et-depart-de-bruno-de-gennaro\/\"><div class=\"arrow__hover__team\"><\/div><\/a><\/div><\/a><\/div><\/section><div class=\"blog-pagination\" style=\"display: none;\"><span aria-current=\"page\" class=\"page-numbers current\">1<\/span>\n<a class=\"page-numbers\" href=\"https:\/\/branchenversicherung.ch\/fr\/wp-json\/wp\/v2\/pages\/6842\/page\/2\/\">2<\/a>\n<a class=\"page-numbers\" href=\"https:\/\/branchenversicherung.ch\/fr\/wp-json\/wp\/v2\/pages\/6842\/page\/3\/\">3<\/a>\n<a class=\"next page-numbers\" href=\"https:\/\/branchenversicherung.ch\/fr\/wp-json\/wp\/v2\/pages\/6842\/page\/2\/\">Next \u00bb<\/a><\/div><div id=\"blog_loadmore\">Charger davantage<\/div>\n\n<\/div><\/div><\/div>\n<\/div>\n<\/div><\/div>","protected":false},"excerpt":{"rendered":"","protected":false},"author":1,"featured_media":0,"parent":6830,"menu_order":94,"comment_status":"closed","ping_status":"closed","template":"","meta":{"_acf_changed":false,"iawp_total_views":51,"footnotes":""},"class_list":["post-6842","page","type-page","status-publish","hentry"],"acf":[],"_links":{"self":[{"href":"https:\/\/branchenversicherung.ch\/fr\/wp-json\/wp\/v2\/pages\/6842","targetHints":{"allow":["GET"]}}],"collection":[{"href":"https:\/\/branchenversicherung.ch\/fr\/wp-json\/wp\/v2\/pages"}],"about":[{"href":"https:\/\/branchenversicherung.ch\/fr\/wp-json\/wp\/v2\/types\/page"}],"author":[{"embeddable":true,"href":"https:\/\/branchenversicherung.ch\/fr\/wp-json\/wp\/v2\/users\/1"}],"replies":[{"embeddable":true,"href":"https:\/\/branchenversicherung.ch\/fr\/wp-json\/wp\/v2\/comments?post=6842"}],"version-history":[{"count":5,"href":"https:\/\/branchenversicherung.ch\/fr\/wp-json\/wp\/v2\/pages\/6842\/revisions"}],"predecessor-version":[{"id":11910,"href":"https:\/\/branchenversicherung.ch\/fr\/wp-json\/wp\/v2\/pages\/6842\/revisions\/11910"}],"up":[{"embeddable":true,"href":"https:\/\/branchenversicherung.ch\/fr\/wp-json\/wp\/v2\/pages\/6830"}],"wp:attachment":[{"href":"https:\/\/branchenversicherung.ch\/fr\/wp-json\/wp\/v2\/media?parent=6842"}],"curies":[{"name":"wp","href":"https:\/\/api.w.org\/{rel}","templated":true}]}}