{"id":19180,"date":"2024-07-04T12:23:39","date_gmt":"2024-07-04T10:23:39","guid":{"rendered":"https:\/\/branchenversicherung.ch\/servizi\/abredeversicherung\/"},"modified":"2025-10-06T16:01:31","modified_gmt":"2025-10-06T14:01:31","slug":"assicurazione-mediante-convenzione","status":"publish","type":"page","link":"https:\/\/branchenversicherung.ch\/it\/servizi\/assicurazione-mediante-convenzione\/","title":{"rendered":"Assicurazione mediante convenzione"},"content":{"rendered":"<section id=\"halfHeader-block_dabbd5d316efa4d6b9c5a0e40ae6c056\" class=\"halfHeader container__page\">\n  <div class=\"inside__hero__half imagineNow\">\n    <div class=\"half__description__row\">\n            <p class=\"parent__title__single\">  <a href=\"https:\/\/branchenversicherung.ch\/it\/servizi\/\">Assicurazioni<\/a><\/p>\n          <h1 class=\"hero__title__h\">Assicurazione mediante convenzione <\/h1>\n            <p class=\"description__row\"> Le ragioni di un\u2019interruzione del lavoro possono essere molteplici. Con un\u2019assicurazione mediante convenzione siete completamente assicurati in caso di infortunio, fino a 6 mesi dopo il termine della copertura assicurativa obbligatoria contro gli infortuni non professionali.<\/p>\n         \n        \n                  \n      <!--<div  class=\"scroll__one__bottom with__new__arrow\"> <\/div>-->\n    <\/div>\n    <div class=\"half__image__row\">\n      <img decoding=\"async\" width=\"1680\" height=\"980\" src=\"https:\/\/branchenversicherung.ch\/wp-content\/uploads\/2024\/08\/Headerbild-Produkteseite-Abredeversicherung.jpg\" class=\"attachment-full size-full\" alt=\"Headerbild der Produkteseite Abredeversicherung\" srcset=\"https:\/\/branchenversicherung.ch\/wp-content\/uploads\/2024\/08\/Headerbild-Produkteseite-Abredeversicherung.jpg 1680w, https:\/\/branchenversicherung.ch\/wp-content\/uploads\/2024\/08\/Headerbild-Produkteseite-Abredeversicherung-300x175.jpg 300w, https:\/\/branchenversicherung.ch\/wp-content\/uploads\/2024\/08\/Headerbild-Produkteseite-Abredeversicherung-1024x597.jpg 1024w, https:\/\/branchenversicherung.ch\/wp-content\/uploads\/2024\/08\/Headerbild-Produkteseite-Abredeversicherung-768x448.jpg 768w, https:\/\/branchenversicherung.ch\/wp-content\/uploads\/2024\/08\/Headerbild-Produkteseite-Abredeversicherung-1536x896.jpg 1536w\" sizes=\"(max-width: 1680px) 100vw, 1680px\" \/>    <\/div>\n  <\/div>\n<\/section>\n\n\n\n<div class=\"wp-block-group\"><div class=\"wp-block-group__inner-container is-layout-constrained wp-block-group-is-layout-constrained\"><div class=\"gb-container gb-container-669d6bba\"><div class=\"gb-inside-container\">\n<div class=\"gb-container gb-container-67655085\">\n<div class=\"gb-container gb-container-05751fa6\">\n<section  class=\"icon-text columns-3\">\n    <div class=\"container\">\n                            <div class=\"row\">\n                                    <div class=\"col\">\n                                                    <img decoding=\"async\" class=\"icon\" src=\"https:\/\/branchenversicherung.ch\/wp-content\/uploads\/2024\/08\/Webseite_Icon_96x96px_Checkmark_24.png\" \/>\n                                                                        <p>In caso di interruzione del lavoro superiore a 31 giorni<\/p>\n                    <\/div>\n                                    <div class=\"col\">\n                                                    <img decoding=\"async\" class=\"icon\" src=\"https:\/\/branchenversicherung.ch\/wp-content\/uploads\/2024\/08\/Webseite_Icon_96x96px_Kleingeld_24.png\" \/>\n                                                                        <p>Premio mensile: CHF 45<\/p>\n                    <\/div>\n                                    <div class=\"col\">\n                                                    <img decoding=\"async\" class=\"icon\" src=\"https:\/\/branchenversicherung.ch\/wp-content\/uploads\/2024\/08\/Webseite_Icon_96x96px_Globus_24.png\" \/>\n                                                                        <p>Copertura assicurativa in tutto il mondo<\/p>\n                    <\/div>\n                            <\/div>\n            <\/div>\n<\/section>\n<\/div>\n\n\n<div style=\"height:44px\" aria-hidden=\"true\" class=\"wp-block-spacer\"><\/div>\n\n\n<section  class=\"double-cta columns-2\">\n    <div class=\"container\">\n                    <div class=\"row\">\n                                    <div class=\"col\">\n                                                    <h4 class=\"title\">Stipulare un&#8217;assicurazione mediante convenzione<\/h4>\n                                                                                                    <a class=\"button\" href=\"https:\/\/branchenversicherung.ch\/it\/servizio\/stipulare-unassicurazione-convenzionale\/\">Stipulare<\/a>\n                                            <\/div>\n                                    <div class=\"col\">\n                                                    <h4 class=\"title\">Prolungare l&#8217;assicurazione mediante convenzione<\/h4>\n                                                                                                    <a class=\"button\" href=\"https:\/\/branchenversicherung.ch\/it\/servizio\/estendere-lassicurazione-mediante-convenzione\/\">Prolungare<\/a>\n                                            <\/div>\n                            <\/div>\n            <\/div>\n<\/section>\n\n\n<div style=\"height:52px\" aria-hidden=\"true\" class=\"wp-block-spacer\"><\/div>\n\n\n\n<h2 class=\"gb-headline gb-headline-6d0f17b4 gb-headline-text\">L\u2019assicurazione mediante convenzione in sintesi<\/h2>\n\n\n\n<p>Al termine di un rapporto di lavoro, i dipendenti rimangono assicurati per 31 giorni (termine suppletivo di copertura) contro gli infortuni non professionali (INP) presso l\u2019ultimo datore di lavoro. Un\u2019assicurazione mediante convenzione consente di prolungare tale copertura assicurativa fino a 6 mesi.<\/p>\n\n\n\n<p>L\u2019assicurazione mediante convenzione colma le lacune assicurative che si verificano, ad esempio,<\/p>\n\n\n\n<ul class=\"wp-block-list\">\n<li>al termine di un rapporto di lavoro,<\/li>\n\n\n\n<li>durante un congedo non retribuito, oppure<\/li>\n\n\n\n<li>alla riduzione del grado di occupazione a meno di 8 ore settimanali.<\/li>\n<\/ul>\n\n<\/div>\n\n\n<p><strong>Importante:<\/strong> Affinch\u00e9 siate protetti contro gli infortuni non professionali, il premio d\u2019assicurazione per l\u2019assicurazione mediante convenzione va pagato prima della scadenza dei 31 giorni.<\/p>\n\n\n\n<div style=\"height:85px\" aria-hidden=\"true\" class=\"wp-block-spacer\"><\/div>\n\n\n\n<h5 class=\"wp-block-heading\">Esempio: Dal giorno in cui cessa il diritto al salario all\u2019assicurazione mediante convenzione<\/h5>\n\n\n\n<figure class=\"wp-block-image size-large\"><img decoding=\"async\" width=\"1024\" height=\"378\" src=\"https:\/\/branchenversicherung.ch\/wp-content\/uploads\/2024\/09\/Infografik_Assecurazione_mediante_Convenzione_RZ_24-1024x378.jpg\" alt=\"Infografica sull'assicurazione temporanea a partire dalla data dell'ultima retribuzione che d\u00e0 diritto all'assicurazione temporanea\" class=\"wp-image-19342\" srcset=\"https:\/\/branchenversicherung.ch\/wp-content\/uploads\/2024\/09\/Infografik_Assecurazione_mediante_Convenzione_RZ_24-1024x378.jpg 1024w, https:\/\/branchenversicherung.ch\/wp-content\/uploads\/2024\/09\/Infografik_Assecurazione_mediante_Convenzione_RZ_24-300x111.jpg 300w, https:\/\/branchenversicherung.ch\/wp-content\/uploads\/2024\/09\/Infografik_Assecurazione_mediante_Convenzione_RZ_24-768x284.jpg 768w, https:\/\/branchenversicherung.ch\/wp-content\/uploads\/2024\/09\/Infografik_Assecurazione_mediante_Convenzione_RZ_24-1536x567.jpg 1536w, https:\/\/branchenversicherung.ch\/wp-content\/uploads\/2024\/09\/Infografik_Assecurazione_mediante_Convenzione_RZ_24-2048x756.jpg 2048w\" sizes=\"(max-width: 1024px) 100vw, 1024px\" \/><\/figure>\n\n\n\n<div style=\"height:95px\" aria-hidden=\"true\" class=\"wp-block-spacer\"><\/div>\n\n\n\n<h2 class=\"wp-block-heading\"><strong>A chi si rivolge l\u2019assicurazione mediante convenzione?<\/strong><span style=\"font-family: -webkit-standard; font-size: medium; white-space: normal;\"><\/span><\/h2>\n\n\n\n<p>L\u2019assicurazione mediante convenzione si rivolge a tutti i dipendenti obbligatoriamente assicurati contro gli&nbsp;infortuni non professionali ai sensi della LAINF e che lasciano un\u2019azienda. L\u2019assicurazione contro gli infortuni viene pertanto estesa anche dopo la cessazione del rapporto di lavoro o in caso di congedo non retribuito. Vale la pena stipulare un\u2019assicurazione&nbsp;mediante convenzione anche&nbsp;se non si inizia un nuovo lavoro dopo un congedo di maternit\u00e0 o se l\u2019orario di lavoro settimanale si riduce al di sotto delle 8 ore.<\/p>\n\n\n\n<p><strong>Importante:<\/strong> \u00c8 possibile stipulare un\u2019assicurazione mediante convenzione presso l\u2019Assicurazione dei mestieri solo se con l\u2019ultimo datore di lavoro siete stati assicurati obbligatoriamente contro gli INP presso l\u2019Assicurazione dei mestieri.<\/p>\n\n\n\n<div style=\"height:85px\" aria-hidden=\"true\" class=\"wp-block-spacer\"><\/div>\n\n\n\n<div class=\"wp-block-group has-base-background-color has-background\"><div class=\"wp-block-group__inner-container is-layout-constrained wp-block-group-is-layout-constrained\">\n<h2 class=\"wp-block-heading\"><strong>Entit\u00e0 delle prestazioni dell\u2019assicurazione&nbsp;mediante convenzione<\/strong><span style=\"font-family: -webkit-standard; font-size: medium; white-space: normal;\"><\/span><\/h2>\n\n\n\n<p>L\u2019assicurazione mediante convenzione copre tutte le prestazioni ai sensi della LAINF e offre alcuni vantaggi rispetto alla copertura contro gli infortuni con la cassa malati.<\/p>\n\n\n\n<ul class=\"wp-block-list\">\n<li>Prestazione completa ai sensi della LAINF<\/li>\n\n\n\n<li>Spese di cura senza partecipazione ai costi (franchigia&nbsp;e aliquota percentuale non applicate)<\/li>\n\n\n\n<li>Indennit\u00e0 giornaliera \u2013 80% a partire dal 3\u00b0 giorno<\/li>\n\n\n\n<li>Prestazioni sotto forma di rendita in caso di invalidit\u00e0 e decesso<\/li>\n\n\n\n<li>Indennit\u00e0 per menomazione dell\u2019integrit\u00e0 in caso di invalidit\u00e0<\/li>\n<\/ul>\n<\/div><\/div>\n\n\n\n<div style=\"height:85px\" aria-hidden=\"true\" class=\"wp-block-spacer\"><\/div>\n\n\n\n<h2 class=\"wp-block-heading\"><strong>I vantaggi dell\u2019assicurazione mediante convenzione in sintesi<\/strong><span style=\"font-family: -webkit-standard; font-size: medium; white-space: normal;\"><\/span><\/h2>\n\n\n\n<ul class=\"wp-block-list\">\n<li>Mitigazione dei rischi finanziari<\/li>\n\n\n\n<li>Tranquillit\u00e0 d\u2019animo che permette di concentrarsi sulla ripresa<\/li>\n\n\n\n<li>Protezione per le emergenze<\/li>\n\n\n\n<li>Eventuale estensione fino a 6 mesi<\/li>\n<\/ul>\n\n\n\n<div style=\"height:54px\" aria-hidden=\"true\" class=\"wp-block-spacer\"><\/div>\n\n\n\n<h2 class=\"wp-block-heading\"><strong>Costi dell\u2019assicurazione mediante convenzione<\/strong><span style=\"font-family: -webkit-standard; font-size: medium; white-space: normal;\"><\/span><\/h2>\n\n\n\n<p>I costi ammontano a CHF 45.00 per mese intero o frazione mensile. Il premio d\u2019assicurazione va pagato non oltre il giorno di scadenza della copertura assicurativa&nbsp;contro gli INP. \u00c8 escluso il rimborso dei premi. Per tale ragione risulta opportuno stipulare un\u2019assicurazione mediante convenzione solo per il periodo richiesto ed estenderla all\u2019occorrenza.<\/p>\n\n<\/div><\/div>\n\n\n<h2 class=\"wp-block-heading\"><\/h2>\n<\/div><\/div>\n\n\n<div class=\"gb-container gb-container-ced2359d\"><div class=\"gb-inside-container\">\n<div class=\"gb-grid-wrapper gb-grid-wrapper-1e072a4c\">\n<div class=\"gb-grid-column gb-grid-column-e7d67451\"><div class=\"gb-container gb-container-e7d67451\"><div class=\"gb-inside-container\">\n<section  class=\"double-cta columns-2\">\n    <div class=\"container\">\n                    <div class=\"row\">\n                                    <div class=\"col\">\n                                                    <h4 class=\"title\">Stipulare un&#8217;assicurazione mediante convenzione<\/h4>\n                                                                                                    <a class=\"button\" href=\"https:\/\/branchenversicherung.ch\/it\/servizio\/stipulare-unassicurazione-convenzionale\/\">Stipulare<\/a>\n                                            <\/div>\n                                    <div class=\"col\">\n                                                    <h4 class=\"title\">Prolungare l&#8217;assicurazione mediante convenzione<\/h4>\n                                                                                                    <a class=\"button\" href=\"https:\/\/branchenversicherung.ch\/it\/servizio\/estendere-lassicurazione-mediante-convenzione\/\">Prolungare<\/a>\n                                            <\/div>\n                            <\/div>\n            <\/div>\n<\/section>\n\n\n<div style=\"height:60px\" aria-hidden=\"true\" class=\"wp-block-spacer\"><\/div>\n\n\n\n<h2 class=\"wp-block-heading\"><strong>Domande frequenti sull\u2019assicurazione mediante convenzione<\/strong><\/h2>\n\n\n\n<div style=\"height:11px\" aria-hidden=\"true\" class=\"wp-block-spacer\"><\/div>\n\n\n\n<h2 class=\"wp-block-heading\"><br><\/h2>\n\n\n<section id=\"accordionB-block_c60a58ef6bf77093a30a22d12c800aa1\" class=\"accordionB container__accordion\">\n  <div class=\"rows__accordion make__accordion\"><h3 class=\"accordion__title__down\"> <span class=\"acc__head__text\"> Quali vantaggi offre l\u2019assicurazione mediante convenzione rispetto alla cassa malati?<\/span><span class=\"icon__accordion__acc\"> <i class=\"fas fa-chevron-down\"><\/i>  <i class=\"fas fa-chevron-up\"><\/i> <\/span><\/h3><div class=\"accordion__hidden__shown\"><p style=\"font-weight: 400;\">La copertura contro gli infortuni nell\u2019ambito dell\u2019assicurazione malattie obbligatoria copre solo le spese di cura, in considerazione della franchigia concordata e dell\u2019aliquota percentuale prevista per legge. <span style=\"font-weight: 400;\">Oltre ai costi per le spese di cura, l\u2019assicurazione mediante convenzione prevede anche prestazioni per cure domiciliari, mezzi ausiliari, spese di viaggio, trasporto e soccorso, prestazioni di indennit\u00e0 giornaliere e sotto forma di rendite.<\/span><\/p>\n<\/div><hr class=\"accordion__separate row__seps\"><\/div><div class=\"rows__accordion make__accordion\"><h3 class=\"accordion__title__down\"> <span class=\"acc__head__text\"> Quanto costa l\u2019assicurazione mediante convenzione?<\/span><span class=\"icon__accordion__acc\"> <i class=\"fas fa-chevron-down\"><\/i>  <i class=\"fas fa-chevron-up\"><\/i> <\/span><\/h3><div class=\"accordion__hidden__shown\"><p style=\"font-weight: 400;\">Il premio ammonta a CHF 45.00 per mese intero o iniziato. Non \u00e8 possibile il rimborso dei premi.<\/p>\n<\/div><hr class=\"accordion__separate row__seps\"><\/div><div class=\"rows__accordion make__accordion\"><h3 class=\"accordion__title__down\"> <span class=\"acc__head__text\"> Quando \u00e8 possibile stipulare un\u2019assicurazione mediante convenzione?<\/span><span class=\"icon__accordion__acc\"> <i class=\"fas fa-chevron-down\"><\/i>  <i class=\"fas fa-chevron-up\"><\/i> <\/span><\/h3><div class=\"accordion__hidden__shown\"><p>\u00c8 possibile stipulare l\u2019assicurazione mediante convenzione comodamente online. Prerequisito: Presso il vostro attuale\/ultimo datore di lavoro siete o eravate assicurati obbligatoriamente contro gli INP presso l\u2019Assicurazione dei mestieri. L\u2019assicurazione mediante convenzione va pagata non oltre il giorno di scadenza dell\u2019assicurazione contro gli infortuni non professionali. Non \u00e8 possibile il rimborso dei premi. Non esitate a rivolgervi alla nostra Assistenza alla vendita per domande o consulenza +41 44 267 61 61 o <span lang=\"IT-CH\"><a href=\"mailto:abrede@branchenversicherung.ch\">abrede@branchenversicherung.ch<\/a>.<\/span><\/p>\n<\/div><hr class=\"accordion__separate row__seps\"><\/div><div class=\"rows__accordion make__accordion\"><h3 class=\"accordion__title__down\"> <span class=\"acc__head__text\"> Cosa fare in caso di infortunio?<\/span><span class=\"icon__accordion__acc\"> <i class=\"fas fa-chevron-down\"><\/i>  <i class=\"fas fa-chevron-up\"><\/i> <\/span><\/h3><div class=\"accordion__hidden__shown\"><p style=\"font-weight: 400;\">Notificate il prima possibile l\u2019infortunio all\u2019Assicurazione dei mestieri. In caso di decesso, i superstiti aventi diritto sono tenuti a notificare il decesso.<\/p>\n<\/div><hr class=\"accordion__separate row__seps\"><\/div><div class=\"rows__accordion make__accordion\"><h3 class=\"accordion__title__down\"> <span class=\"acc__head__text\"> \u00c8 possibile prolungare l\u2019assicurazione mediante convezione dopo 6 mesi?<\/span><span class=\"icon__accordion__acc\"> <i class=\"fas fa-chevron-down\"><\/i>  <i class=\"fas fa-chevron-up\"><\/i> <\/span><\/h3><div class=\"accordion__hidden__shown\"><div><span lang=\"IT-CH\">\u00c8 possibile stipulare l\u2019assicurazione mediante convenzione per 6 mesi. In seguito, la copertura contro gli infortuni deve essere necessariamente inclusa presso la vostra cassa malati.<\/span><\/div>\n<\/div><hr class=\"accordion__separate row__seps\"><\/div><div class=\"rows__accordion make__accordion\"><h3 class=\"accordion__title__down\"> <span class=\"acc__head__text\"> In caso di disdetta di due contratti di lavoro presso datori di lavoro diversi, l\u2019assicurazione mediante convenzione va stipulata due volte?<\/span><span class=\"icon__accordion__acc\"> <i class=\"fas fa-chevron-down\"><\/i>  <i class=\"fas fa-chevron-up\"><\/i> <\/span><\/h3><div class=\"accordion__hidden__shown\"><p style=\"font-weight: 400;\">S\u00ec. In caso di sinistro, l\u2019indennit\u00e0 giornaliera viene calcolata sulla base di entrambi i salari. Altrimenti \u00e8 assicurato solo il salario precedente di uno dei datori di lavoro.<\/p>\n<\/div><hr class=\"accordion__separate row__seps\"><\/div><div class=\"rows__accordion make__accordion\"><h3 class=\"accordion__title__down\"> <span class=\"acc__head__text\"> L\u2019assicurazione mediante convenzione vale anche all\u2019estero?<\/span><span class=\"icon__accordion__acc\"> <i class=\"fas fa-chevron-down\"><\/i>  <i class=\"fas fa-chevron-up\"><\/i> <\/span><\/h3><div class=\"accordion__hidden__shown\"><div><span lang=\"IT-CH\">S\u00ec. Con <\/span>un\u2019assicurazione mediante convenzione siete assicurati anche all\u2019estero perch\u00e9 la copertura vale in tutto il mondo. In caso di necessit\u00e0 di trattamento medico all\u2019estero, gli assicurati ricevono un rimborso massimo pari al doppio dei costi che avrebbero dovuto sostenere per il trattamento in Svizzera.<\/div>\n<\/div><hr class=\"accordion__separate row__seps\"><\/div><div class=\"rows__accordion make__accordion\"><h3 class=\"accordion__title__down\"> <span class=\"acc__head__text\"> \u00c8 possibile disdire l\u2019assicurazione convenzionale?<\/span><span class=\"icon__accordion__acc\"> <i class=\"fas fa-chevron-down\"><\/i>  <i class=\"fas fa-chevron-up\"><\/i> <\/span><\/h3><div class=\"accordion__hidden__shown\"><p>No. Non \u00e8 possibile disdire l\u2019assicurazione mediante convenzione. Inoltre, non \u00e8 possibile il rimborso dei premi.<\/p>\n<\/div><hr class=\"accordion__separate row__seps\"><\/div><div class=\"rows__accordion make__accordion\"><h3 class=\"accordion__title__down\"> <span class=\"acc__head__text\"> \u00c8 necessaria l\u2019assicurazione mediante convenzione in caso di disoccupazione?<\/span><span class=\"icon__accordion__acc\"> <i class=\"fas fa-chevron-down\"><\/i>  <i class=\"fas fa-chevron-up\"><\/i> <\/span><\/h3><div class=\"accordion__hidden__shown\"><div><span lang=\"IT-CH\">No. I disoccupati che hanno diritto a o ricevono l\u2019indennit\u00e0 di disoccupazione sono obbligatoriamente assicurati contro gli infortuni presso la Suva. \u00c8 possibile stipulare l\u2019assicurazione mediante convenzione se non \u00e8 ancora stata presa una decisione sul diritto all\u2019indennit\u00e0 di disoccupazione.<\/span><\/div>\n<\/div><hr class=\"accordion__separate row__seps\"><\/div><div class=\"rows__accordion make__accordion\"><h3 class=\"accordion__title__down\"> <span class=\"acc__head__text\"> Dopo il congedo di maternit\u00e0 \u00e8 necessaria l\u2019assicurazione mediante convenzione?<\/span><span class=\"icon__accordion__acc\"> <i class=\"fas fa-chevron-down\"><\/i>  <i class=\"fas fa-chevron-up\"><\/i> <\/span><\/h3><div class=\"accordion__hidden__shown\"><div><span class=\"markedcontent\"><span lang=\"IT-CH\">Durante il congedo di maternit\u00e0 si applica la stessa copertura dell\u2019assicurazione prevista per il periodo d\u2019impiego regolare. Alla scadenza dell\u2019indennit\u00e0 di maternit\u00e0 segue il regolare termine suppletivo di copertura di 31 giorni. Alla scadenza del termine suppletivo di copertura \u00e8 raccomandabile la stipula di un\u2019assicurazione mediante convenzione per il restante periodo di congedo non retribuito (per un massimo di 6 mesi).<\/span><\/span><\/div>\n<\/div><hr class=\"accordion__separate row__seps\"><\/div><div class=\"rows__accordion make__accordion\"><h3 class=\"accordion__title__down\"> <span class=\"acc__head__text\"> Cosa accade se gli straordinari vengono pagati successivamente all\u2019uscita da un\u2019azienda?<\/span><span class=\"icon__accordion__acc\"> <i class=\"fas fa-chevron-down\"><\/i>  <i class=\"fas fa-chevron-up\"><\/i> <\/span><\/h3><div class=\"accordion__hidden__shown\"><p style=\"font-weight: 400;\"><span style=\"font-weight: 400;\">Talvolta i dipendenti ricevono un risarcimento per gli straordinari, il lavoro nel fine settimana, il saldo orario flessibile ecc. prestati durante il rapporto di lavoro solo successivamente al termine del rapporto di lavoro stesso. Ci\u00f2 non estende la durata del pagamento del salario poich\u00e9 il diritto al risarcimento non \u00e8 sorto successivamente alla cessazione dell\u2019attivit\u00e0. La decorrenza del termine di 31 giorni ai sensi dell\u2019art. 3 cpv. 2 LAINF inizia pertanto dalla ricezione dell\u2019ultimo salario ordinario. L\u2019assicurazione mediante convenzione inizia pertanto non prima del termine di 31 giorni.<\/span><\/p>\n<p>&nbsp;<\/p>\n<\/div><hr class=\"accordion__separate row__seps\"><\/div><\/section>\n\n<\/div><\/div><\/div>\n<\/div>\n\n<div class=\"gb-container gb-container-60166c8b\">\n\n<p><\/p>\n\n<\/div>\n<\/div><\/div>\n\n<div class=\"gb-container gb-container-3e2d6fd9\"><div class=\"gb-inside-container\">\n<div class=\"gb-grid-wrapper gb-grid-wrapper-a4ce8958\">\n<div class=\"gb-grid-column gb-grid-column-c680eb45\"><div class=\"gb-container gb-container-c680eb45\"><div class=\"gb-inside-container\"><\/div><\/div><\/div>\n<\/div>\n\n<div class=\"rows__downloads make__accordion\"><h2 class=\"cat__title__down\">Downloads<span class=\"icon__accordion__down\"> <i class=\"fas fa-chevron-down\"><\/i>  <i class=\"fas fa-chevron-up\"><\/i> <\/span><\/h2><div class=\"ul__list__downlaods \"><div class=\"list__downlaods seps\"><a class=\"download__ahref\" download href=\"https:\/\/branchenversicherung.ch\/wp-content\/uploads\/2024\/09\/Factsheet_Assicurazione_mediante-convenzione-1.pdf\"><span class=\"title__downloads\">Factsheet Assicurazione mediante convenzione<\/span> <span class=\"file__icon__size\">pdf (1,07 MB) <i class=\"fas fa-download icon__in__download\"><\/i><\/span><\/a><hr class=\"download__separate\"><\/div><\/div><hr class=\"download__separate row__seps\"><\/div>\n\n\n\n<div style=\"height:54px\" aria-hidden=\"true\" class=\"wp-block-spacer\"><\/div>\n\n\n<div class=\"gb-container gb-container-8a678fb9\"><\/div>\n<\/div><\/div>","protected":false},"excerpt":{"rendered":"<p>L\u2019assicurazione mediante convenzione in sintesi Al termine di un rapporto di lavoro, i dipendenti rimangono assicurati per 31 giorni (termine suppletivo di copertura) contro gli infortuni non professionali (INP) presso l\u2019ultimo datore di lavoro. Un\u2019assicurazione mediante convenzione consente di prolungare tale copertura assicurativa fino a 6 mesi. L\u2019assicurazione mediante convenzione colma le lacune assicurative che &#8230; <a title=\"Assicurazione mediante convenzione\" class=\"read-more\" href=\"https:\/\/branchenversicherung.ch\/it\/servizi\/assicurazione-mediante-convenzione\/\" aria-label=\"More on Assicurazione mediante convenzione\">Leggi tutto<\/a><\/p>\n","protected":false},"author":2,"featured_media":0,"parent":21582,"menu_order":14,"comment_status":"closed","ping_status":"closed","template":"","meta":{"_acf_changed":false,"iawp_total_views":45,"footnotes":""},"class_list":["post-19180","page","type-page","status-publish"],"acf":[],"_links":{"self":[{"href":"https:\/\/branchenversicherung.ch\/it\/wp-json\/wp\/v2\/pages\/19180","targetHints":{"allow":["GET"]}}],"collection":[{"href":"https:\/\/branchenversicherung.ch\/it\/wp-json\/wp\/v2\/pages"}],"about":[{"href":"https:\/\/branchenversicherung.ch\/it\/wp-json\/wp\/v2\/types\/page"}],"author":[{"embeddable":true,"href":"https:\/\/branchenversicherung.ch\/it\/wp-json\/wp\/v2\/users\/2"}],"replies":[{"embeddable":true,"href":"https:\/\/branchenversicherung.ch\/it\/wp-json\/wp\/v2\/comments?post=19180"}],"version-history":[{"count":14,"href":"https:\/\/branchenversicherung.ch\/it\/wp-json\/wp\/v2\/pages\/19180\/revisions"}],"predecessor-version":[{"id":22095,"href":"https:\/\/branchenversicherung.ch\/it\/wp-json\/wp\/v2\/pages\/19180\/revisions\/22095"}],"up":[{"embeddable":true,"href":"https:\/\/branchenversicherung.ch\/it\/wp-json\/wp\/v2\/pages\/21582"}],"wp:attachment":[{"href":"https:\/\/branchenversicherung.ch\/it\/wp-json\/wp\/v2\/media?parent=19180"}],"curies":[{"name":"wp","href":"https:\/\/api.w.org\/{rel}","templated":true}]}}