{"id":20125,"date":"2025-05-06T12:21:51","date_gmt":"2025-05-06T10:21:51","guid":{"rendered":"https:\/\/branchenversicherung.ch\/?page_id=20125"},"modified":"2025-10-17T11:41:55","modified_gmt":"2025-10-17T09:41:55","slug":"assicurazione-veicoli-a-motore","status":"publish","type":"page","link":"https:\/\/branchenversicherung.ch\/it\/servizi\/assicurazione-veicoli-a-motore\/","title":{"rendered":"Assicurazione veicoli a motore"},"content":{"rendered":"<section id=\"halfHeader-block_b9796cd90b510d65d40de18ef331419a\" class=\"halfHeader container__page\">\n  <div class=\"inside__hero__half imagineNow\">\n    <div class=\"half__description__row\">\n            <p class=\"parent__title__single\">  <a href=\"https:\/\/branchenversicherung.ch\/it\/servizi\/\">Assicurazioni<\/a><\/p>\n          <h1 class=\"hero__title__h\">Assicurazione veicoli a motore <\/h1>\n            <p class=\"description__row\"> Guidare in condizioni di ghiaccio o neve pu\u00f2 comportare rapidamente costi elevati. Con la nostra assicurazione veicoli a motore potrete beneficiare di una copertura ottimale e viaggiare tutelati, senza preoccupazioni.<\/p>\n         \n        \n                  \n      <!--<div  class=\"scroll__one__bottom with__new__arrow\"> <\/div>-->\n    <\/div>\n    <div class=\"half__image__row\">\n      <img decoding=\"async\" width=\"1000\" height=\"480\" src=\"https:\/\/branchenversicherung.ch\/wp-content\/uploads\/2022\/04\/BV_Startseite_beliebtesten_Produkte_Motorradversicherung_1000x480px.webp\" class=\"attachment-full size-full\" alt=\"\" srcset=\"https:\/\/branchenversicherung.ch\/wp-content\/uploads\/2022\/04\/BV_Startseite_beliebtesten_Produkte_Motorradversicherung_1000x480px.webp 1000w, https:\/\/branchenversicherung.ch\/wp-content\/uploads\/2022\/04\/BV_Startseite_beliebtesten_Produkte_Motorradversicherung_1000x480px-300x144.webp 300w, https:\/\/branchenversicherung.ch\/wp-content\/uploads\/2022\/04\/BV_Startseite_beliebtesten_Produkte_Motorradversicherung_1000x480px-768x369.webp 768w, https:\/\/branchenversicherung.ch\/wp-content\/uploads\/2022\/04\/BV_Startseite_beliebtesten_Produkte_Motorradversicherung_1000x480px-500x240.webp 500w\" sizes=\"(max-width: 1000px) 100vw, 1000px\" \/>    <\/div>\n  <\/div>\n<\/section>\n\n\n<div class=\"gb-container gb-container-c1b79790\"><div class=\"gb-inside-container\">\n<div class=\"gb-grid-wrapper gb-grid-wrapper-8baafd59\">\n<div class=\"gb-grid-column gb-grid-column-a79f536a\"><div class=\"gb-container gb-container-a79f536a entry-text-093\"><div class=\"gb-inside-container\">\n<section  class=\"icon-text columns-3\">\n    <div class=\"container\">\n                            <div class=\"row\">\n                                    <div class=\"col\">\n                                                    <img decoding=\"async\" class=\"icon\" src=\"https:\/\/branchenversicherung.ch\/wp-content\/uploads\/2024\/08\/Webseite_Icon_96x96px_KTG_Personlakosten_Kalkulierbar_24.png\" \/>\n                                                                        <p>Responsabilit\u00e0 civile e casco (casco parziale, danni di parcheggio, collisione)<\/p>\n                    <\/div>\n                                    <div class=\"col\">\n                                                    <img decoding=\"async\" class=\"icon\" src=\"https:\/\/branchenversicherung.ch\/wp-content\/uploads\/2024\/08\/Webseite_Icon_96x96px_Personalisierte_Versicherungsangebote_24.png\" \/>\n                                                                        <p>Viaggiare in modo sicuro anche privatamente come imprenditrice o imprenditore<\/p>\n                    <\/div>\n                                    <div class=\"col\">\n                                                    <img decoding=\"async\" class=\"icon\" src=\"https:\/\/branchenversicherung.ch\/wp-content\/uploads\/2024\/08\/Webseite_Icon_96x96px_Checkmark_24.png\" \/>\n                                                                        <p>Prestazioni complementari opzionali<\/p>\n                    <\/div>\n                            <\/div>\n            <\/div>\n<\/section>\n\n<section  class=\"double-cta columns-1\">\n    <div class=\"container\">\n                    <div class=\"row\">\n                                    <div class=\"col\">\n                                                    <h4 class=\"title\">Richiesta di preventivo<\/h4>\n                                                <p>Ricevere l\u2019offerta in modo semplice e veloce<\/p>\n                                                    <a class=\"button\" href=\"https:\/\/branchenversicherung.ch\/it\/servizio\/richiesta-di-preventivo\/\">Offerta<\/a>\n                                            <\/div>\n                            <\/div>\n            <\/div>\n<\/section>\n\n\n<h2 class=\"wp-block-heading\"><strong>L\u2019assicurazione veicoli a motore in sintesi<\/strong><\/h2>\n\n\n\n<p>L\u2019assicurazione veicoli a motore \u00e8 concepita per l\u2019assicurazione di veicoli come auto, moto, autocarri o altri veicoli a motore e offre una protezione finanziaria in caso di danni subiti o causati dal veicolo assicurato, nonch\u00e9 per richieste di risarcimento nei confronti di terzi.<\/p>\n\n\n\n<p>Nell\u2019assicurazione dei veicoli a motore si distingue tra la responsabilit\u00e0 civile obbligatoria e la casco facoltativa. L\u2019assicurazione di responsabilit\u00e0 civile obbligatoria copre i danni a terzi, mentre la casco parziale offre protezione in caso di furto, rottura vetri ed eventi naturali e la collisione copre anche i danni al proprio veicolo in caso di infortuni imputabili a colpa della persona assicurata.<\/p>\n\n\n\n<div style=\"height:45px\" aria-hidden=\"true\" class=\"wp-block-spacer\"><\/div>\n\n\n\n<h2 class=\"gb-headline gb-headline-abdaa4ab gb-headline-text\"><strong>A chi si rivolge l\u2019assicurazione veicoli a motore<\/strong><\/h2>\n\n\n\n<h3 class=\"gb-headline gb-headline-e4c53197 gb-headline-text\"><strong>Assicurazione responsabilit\u00e0 civile obbligatoria per veicoli a motore<\/strong><\/h3>\n\n\n\n<p>In Svizzera l\u2019assicurazione responsabilit\u00e0 civile per veicoli a motore \u00e8 prevista per legge. In altri termini, tutte le proprietarie e tutti i proprietari di un veicolo devono stipulare tale assicurazione per il proprio veicolo. Potranno cos\u00ec beneficiare di una protezione dalle conseguenze finanziarie in caso di danno causato dal veicolo ad altre persone o alle relative propriet\u00e0.<\/p>\n\n\n\n<div style=\"height:35px\" aria-hidden=\"true\" class=\"wp-block-spacer\"><\/div>\n\n\n\n<h3 class=\"gb-headline gb-headline-128c7078 gb-headline-text\"><strong>Assicurazioni facoltative casco parziale e casco totale<\/strong><\/h3>\n\n\n\n<p>Le assicurazioni casco parziale e casco totale non sono obbligatorie. La loro idoneit\u00e0 dipende dal veicolo assicurato, dalla detentrice o dal detentore del veicolo e dalle sue preferenze individuali.<\/p>\n\n\n\n<div class=\"wp-block-group\"><div class=\"wp-block-group__inner-container is-layout-constrained wp-block-group-is-layout-constrained\">\n<h4 class=\"gb-headline gb-headline-e07c114c gb-headline-text\"><strong>Assicurazione casco parziale<\/strong><\/h4>\n\n\n\n<p>La casco parziale \u00e8 sempre consigliata e copre, ad esempio, i danni causati da incendio, furto, eventi naturali (grandine) e acqua. Si pu\u00f2 talvolta rinunciare alla casco parziale quando il veicolo \u00e8 molto vecchio e il suo valore \u00e8 molto basso. Tuttavia, ci\u00f2 richiede sempre una valutazione individuale.<\/p>\n\n\n\n<h4 class=\"gb-headline gb-headline-4d6cb69f gb-headline-text\"><strong>Assicurazione casco collisione<\/strong><\/h4>\n\n\n\n<p>La copertura \u00abcollisione\u00bb \u00e8 invece indicata per veicoli nuovi o di alto valore, nonch\u00e9 per i conducenti alle prime armi. Offre una protezione pi\u00f9 completa, poich\u00e9 copre anche i danni al proprio veicolo, anche quando l\u2019incidente \u00e8 stato causato dal conducente. Inoltre, la copertura \u00abcollisione\u00bb \u00e8 spesso richiesta nei contratti di leasing o di finanziamento, per garantire un\u2019adeguata protezione del veicolo e ridurre le potenziali perdite per il proprietario.<\/p>\n<\/div><\/div>\n\n\n\n<h3 class=\"gb-headline gb-headline-5f0e5265 gb-headline-text\"><strong>Viaggiare in modo sicuro anche privatamente come imprenditrice o imprenditore<\/strong><\/h3>\n\n\n\n<p>L\u2019assicurazione veicoli a motore dell\u2019Assicurazione dei mestieri si rivolge in primo luogo alle persone private che assicurano (parzialmente) la loro impresa presso l\u2019Assicurazione dei mestieri. Come imprenditrici o imprenditori potrete cos\u00ec contare su un partner competente per le questioni di natura assicurativa non solo in ambito professionale, ma anche in ambito privato. Ci\u00f2 vi permetter\u00e0 inoltre di ridurre i vostri oneri amministrativi.<\/p>\n\n\n<section  class=\"table\">\n    <div class=\"container\">\n                <h2 class=\"title\">Entit\u00e0 delle prestazioni dell\u2019assicurazione veicoli a motore<\/h2>\n                            <p>Con noi potete mettere a punto una protezione ottimale per la vostra auto o per la vostra moto su misura in base le vostre esigenze individuali.<\/p>\n                            <div class=\"wrapper\">\n                <table style='width: 1036px; table-layout: fixed'>\n                                            <colgroup>\n                                                            <col style=\"width: 295px\">\n                                                            <col style=\"width: 370px\">\n                                                            <col style=\"width: 371px\">\n                                                    <\/colgroup>\n                                                                                        <tr>\n                                                                                                                                    <td style='background: #cccccc'><p><strong>Assicurazioni<\/strong><\/p>\n<\/td>\n                                                                                                        <td style='background: #cccccc'><p><strong>Copertura di base<br \/>\n<\/strong><\/p>\n<\/td>\n                                                                                                        <td style='background: #cccccc'><p><strong>Prestazioni complementari opzionali<br \/>\n<\/strong><\/p>\n<\/td>\n                                                                                    <\/tr>\n                                                                                            <tr>\n                                                                                                                                    <td style='background: #f4f4f4'><p>Assicurazione responsabilit\u00e0 civile<\/p>\n<\/td>\n                                                                                                        <td ><ul style=\"padding-left: 15px;\">\n<li>Difesa da richieste di risarcimento infondate<\/li>\n<li>Copertura delle richieste di risarcimento fondate (somma assicurata CHF 100 mln.)<\/li>\n<li>Grave negligenza<\/li>\n<\/ul>\n<\/td>\n                                                                                                        <td ><ul style=\"padding-left: 15px;\">\n<li>Veicoli aziendali: danni propri da 10 veicoli in su e condizioni particolari<\/li>\n<li>Veicoli privati: inclusi<\/li>\n<\/ul>\n<\/td>\n                                                                                    <\/tr>\n                                                                                            <tr>\n                                                                                                                                    <td style='background: #f4f4f4'><p>Assicurazione casco parziale<\/p>\n<\/td>\n                                                                                                        <td ><ul style=\"padding-left: 15px;\">\n<li>Danni causati da furto<\/li>\n<li>Danni causati da rottura vetri<\/li>\n<li>Danni di animali<\/li>\n<li>Oggetti trasportati<\/li>\n<li>e altro ancora<\/li>\n<\/ul>\n<\/td>\n                                                                                                        <td ><ul style=\"padding-left: 15px;\">\n<li>Danni al veicolo parcheggiato<\/li>\n<li>e altro ancora<\/li>\n<\/ul>\n<\/td>\n                                                                                    <\/tr>\n                                                                                            <tr>\n                                                                                                                                    <td style='background: #f4f4f4'><p>Assicurazione collisione<\/p>\n<\/td>\n                                                                                                        <td ><ul style=\"padding-left: 15px;\">\n<li>Copertura dei danni al proprio veicolo<\/li>\n<li>Grave negligenza<\/li>\n<\/ul>\n<\/td>\n                                                                                                        <td ><ul style=\"padding-left: 15px;\">\n<li>Protezione del prezzo di acquisto<\/li>\n<\/ul>\n<\/td>\n                                                                                    <\/tr>\n                                                            <\/table>\n            <\/div>\n            <\/div>\n<\/section>\n\n\n<p class=\"bv_minus-margin-top\">Le prestazioni di assistenza, come il soccorso stradale, la copertura delle spese in caso di veicolo in panne e il rimpatrio, possono essere assicurate come copertura complementare. Inoltre \u00e8 possibile estendere la copertura assicurativa includendo un\u2019assicurazione contro gli infortuni per conducente e passeggeri e i danni all\u2019estero.<\/p>\n\n\n\n<p>L\u2019assicurazione veicoli a motore rientra nella nostra collaborazione con <a href=\"https:\/\/www.emmental-versicherung.ch\/de\/Willkommen\" data-type=\"link\" data-id=\"https:\/\/www.emmental-versicherung.ch\/de\/Willkommen\" target=\"_blank\" rel=\"noopener\">emmental assicurazione<\/a>.<\/p>\n\n\n\n<div style=\"height:35px\" aria-hidden=\"true\" class=\"wp-block-spacer\"><\/div>\n\n\n\n<h2 class=\"wp-block-heading\"><strong>Vantaggi dell\u2019assicurazione moto e auto<\/strong><\/h2>\n\n\n\n<ul class=\"wp-block-list\">\n<li>Copertura finanziaria da spese di riparazione o sostituzione elevate<\/li>\n\n\n\n<li>Copertura assicurativa flessibile, su misura in base alle esigenze individuali e alle preferenze di rischio<\/li>\n\n\n\n<li>Grave negligenza inclusa nella copertura di base<\/li>\n<\/ul>\n\n\n\n<div style=\"height:35px\" aria-hidden=\"true\" class=\"wp-block-spacer\"><\/div>\n\n\n\n<div style=\"height:35px\" aria-hidden=\"true\" class=\"wp-block-spacer\"><\/div>\n\n<\/div><\/div><\/div>\n<\/div>\n\n\n<h2 class=\"wp-block-heading\"><strong>Domande sull\u2019assicurazione veicoli a motore<\/strong><\/h2>\n\n\n\n<div style=\"height:16px\" aria-hidden=\"true\" class=\"wp-block-spacer\"><\/div>\n\n\n<section id=\"accordionB-block_fbc7066e0e90878ba00a244502c39316\" class=\"accordionB container__accordion\">\n  <div class=\"rows__accordion make__accordion\"><h3 class=\"accordion__title__down\"> <span class=\"acc__head__text\"> L\u2019assicurazione veicoli a motore \u00e8 obbligatoria? <\/span><span class=\"icon__accordion__acc\"> <i class=\"fas fa-chevron-down\"><\/i>  <i class=\"fas fa-chevron-up\"><\/i> <\/span><\/h3><div class=\"accordion__hidden__shown\"><p>In Svizzera l\u2019assicurazione responsabilit\u00e0 civile per veicoli a motore \u00e8 prevista per legge. Le assicurazioni casco parziale e collisione sono invece facoltative.<\/p>\n<\/div><hr class=\"accordion__separate row__seps\"><\/div><div class=\"rows__accordion make__accordion\"><h3 class=\"accordion__title__down\"> <span class=\"acc__head__text\"> Quanto costa l\u2019assicurazione veicoli a motore?<\/span><span class=\"icon__accordion__acc\"> <i class=\"fas fa-chevron-down\"><\/i>  <i class=\"fas fa-chevron-up\"><\/i> <\/span><\/h3><div class=\"accordion__hidden__shown\"><p>I costi di un\u2019assicurazione moto o auto varano in base al modello assicurativo (responsabilit\u00e0 civile, casco parziale, collisione) e alle coperture aggiuntive, ad esempio la quota parte a carico dell\u2019assicurato, il tipo di veicolo, l\u2019et\u00e0 del veicolo e il relativo comportamento di guida.<\/p>\n<\/div><hr class=\"accordion__separate row__seps\"><\/div><div class=\"rows__accordion make__accordion\"><h3 class=\"accordion__title__down\"> <span class=\"acc__head__text\"> Da quando non conviene pi\u00f9 la copertura collisione?<\/span><span class=\"icon__accordion__acc\"> <i class=\"fas fa-chevron-down\"><\/i>  <i class=\"fas fa-chevron-up\"><\/i> <\/span><\/h3><div class=\"accordion__hidden__shown\"><p>Nella maggior parte dei casi, la copertura collisione \u00e8 vantaggiosa. Per i veicoli pi\u00f9 datati, pu\u00f2 per\u00f2 essere sensato passare soltanto a un\u2019assicurazione casco parziale. Ci\u00f2 dipende tuttavia molto dal veicolo in questione e dalle esigenze individuali. Per questo motivo vale sempre la pena effettuare una verifica accurata.<\/p>\n<p>Prima di effettuare il cambiamento, \u00e8 comunque consigliabile confrontare la differenza di premio tra collisione e casco parziale e verificare l\u2019attuale valore di rimpiazzo del veicolo. Allo stesso tempo, assicuratevi di potervi permettere i potenzialmente elevati costi di riparazione in caso di sinistro.<\/p>\n<\/div><hr class=\"accordion__separate row__seps\"><\/div><div class=\"rows__accordion make__accordion\"><h3 class=\"accordion__title__down\"> <span class=\"acc__head__text\"> Qual \u00e8 la differenza tra un\u2019assicurazione collisione e un\u2019assicurazione casco parziale?<\/span><span class=\"icon__accordion__acc\"> <i class=\"fas fa-chevron-down\"><\/i>  <i class=\"fas fa-chevron-up\"><\/i> <\/span><\/h3><div class=\"accordion__hidden__shown\"><p>Oltre alle prestazioni della casco parziale, l\u2019assicurazione collisione copre anche i danni al proprio veicolo in caso di infortuni imputabili a colpa della persona assicurata, mentre l\u2019assicurazione casco parziale offre principalmente protezione contro furto, rottura vetri, eventi naturali e incidenti con animali selvatici, ma non interviene in caso di danni imputabili a colpa della persona assicurata.<\/p>\n<\/div><hr class=\"accordion__separate row__seps\"><\/div><\/section>\n\n\n\n<div style=\"height:8px\" aria-hidden=\"true\" class=\"wp-block-spacer\"><\/div>\n\n<\/div><\/div>\n\n<div class=\"gb-container gb-container-9300adcd\"><div class=\"gb-inside-container\">\n<section  class=\"double-cta columns-2\">\n    <div class=\"container\">\n                    <div class=\"row\">\n                                    <div class=\"col\">\n                                                    <h4 class=\"title\">Chiedere consiglio<\/h4>\n                                                <p>Contattate subito un consulente vicino a voi<\/p>\n                                                    <a class=\"button\" href=\"https:\/\/branchenversicherung.ch\/it\/servizio\/i-nostri-consulenti-clienti-saranno-felici-di-aiutarvi\/\">Consulenza<\/a>\n                                            <\/div>\n                                    <div class=\"col\">\n                                                    <h4 class=\"title\">Richiesta di preventivo<\/h4>\n                                                <p>Ricevere l\u2019offerta in modo semplice e veloce<\/p>\n                                                    <a class=\"button\" href=\"https:\/\/branchenversicherung.ch\/it\/servizio\/richiesta-di-preventivo\/\">Offerta<\/a>\n                                            <\/div>\n                            <\/div>\n            <\/div>\n<\/section>\n\n\n<div style=\"height:39px\" aria-hidden=\"true\" class=\"wp-block-spacer\"><\/div>\n\n\n<div class=\"rows__downloads make__accordion\"><h2 class=\"cat__title__down\">Documenti da scaricare<span class=\"icon__accordion__down\"> <i class=\"fas fa-chevron-down\"><\/i>  <i class=\"fas fa-chevron-up\"><\/i> <\/span><\/h2><div class=\"ul__list__downlaods \"><div class=\"list__downlaods seps\"><a class=\"download__ahref\" href=\"https:\/\/branchenversicherung.ch\/wp-content\/uploads\/2022\/02\/WDPPR639I-0421_Leistungsuebersicht.pdf\" download><span class=\"title__downloads\">Quadro prestazioni auto e moto - Allianz (2021)<\/span> <span class=\"file__icon__size\">pdf (50,05 KB) <i class=\"fas fa-download icon__in__download\"><\/i><\/span><\/a><hr class=\"download__separate\"><\/div><\/div><hr class=\"download__separate row__seps\"><\/div>\n\n\n\n<div style=\"height:63px\" aria-hidden=\"true\" class=\"wp-block-spacer\"><\/div>\n\n\n<div class=\"gb-grid-wrapper gb-grid-wrapper-e258ee92\">\n<div class=\"gb-grid-column gb-grid-column-b95b02c7\"><div class=\"gb-container gb-container-b95b02c7 eql__column\"><div class=\"gb-inside-container\">\n\n<figure class=\"gb-block-image gb-block-image-0c8d16d1\"><img decoding=\"async\" width=\"1024\" height=\"687\" class=\"gb-image gb-image-0c8d16d1 image__full\" src=\"https:\/\/branchenversicherung.ch\/wp-content\/uploads\/2021\/11\/BV_Teaser_alle_1120x752px_Einzelunfall-1024x687.jpg\" alt=\"\" title=\"BV_Teaser_alle_1120x752px_Einzelunfall\" srcset=\"https:\/\/branchenversicherung.ch\/wp-content\/uploads\/2021\/11\/BV_Teaser_alle_1120x752px_Einzelunfall-1024x687.jpg 1024w, https:\/\/branchenversicherung.ch\/wp-content\/uploads\/2021\/11\/BV_Teaser_alle_1120x752px_Einzelunfall-300x201.jpg 300w, https:\/\/branchenversicherung.ch\/wp-content\/uploads\/2021\/11\/BV_Teaser_alle_1120x752px_Einzelunfall-768x516.jpg 768w, https:\/\/branchenversicherung.ch\/wp-content\/uploads\/2021\/11\/BV_Teaser_alle_1120x752px_Einzelunfall-1536x1031.jpg 1536w, https:\/\/branchenversicherung.ch\/wp-content\/uploads\/2021\/11\/BV_Teaser_alle_1120x752px_Einzelunfall-2048x1375.jpg 2048w\" sizes=\"(max-width: 1024px) 100vw, 1024px\" \/><\/figure>\n\n<\/div><\/div><\/div>\n\n<div class=\"gb-grid-column gb-grid-column-ed4375f2\"><div class=\"gb-container gb-container-ed4375f2 make__me__relative\"><div class=\"gb-inside-container\">\n\n<p class=\"fix__p__no__margins\" style=\"font-size:14px\">Questo potrebbe anche interessarti<\/p>\n\n\n\n<h2 class=\"gb-headline gb-headline-095d0511 gb-headline-text\">Assicurazione individuale contro gli infortuni<\/h2>\n\n\n\n<p>Malgrado tutta l\u2019attenzione non \u00e8 possibile escludere completamente l\u2019eventualit\u00e0 di un infortunio. Noi vi affianchiamo laddove termina il supporto dovuto per legge.<\/p>\n\n\n\n<p class=\"half__button__icon adjust__bottom\"><a href=\"https:\/\/branchenversicherung.ch\/it\/servizi\/assicurazione-individuale-contro-gli-infortuni\/\" data-type=\"URL\">Per saperne di Pi\u00f9<\/a><\/p>\n\n<\/div><\/div><\/div>\n<\/div>\n\n\n<div style=\"height:35px\" aria-hidden=\"true\" class=\"wp-block-spacer\"><\/div>\n\n\n\n<div style=\"height:100px\" aria-hidden=\"true\" class=\"wp-block-spacer\"><\/div>\n\n<\/div><\/div>","protected":false},"excerpt":{"rendered":"<p>Domande sull\u2019assicurazione veicoli a motore<\/p>\n","protected":false},"author":2,"featured_media":0,"parent":21582,"menu_order":0,"comment_status":"closed","ping_status":"closed","template":"","meta":{"_acf_changed":false,"iawp_total_views":19,"footnotes":""},"class_list":["post-20125","page","type-page","status-publish"],"acf":[],"_links":{"self":[{"href":"https:\/\/branchenversicherung.ch\/it\/wp-json\/wp\/v2\/pages\/20125","targetHints":{"allow":["GET"]}}],"collection":[{"href":"https:\/\/branchenversicherung.ch\/it\/wp-json\/wp\/v2\/pages"}],"about":[{"href":"https:\/\/branchenversicherung.ch\/it\/wp-json\/wp\/v2\/types\/page"}],"author":[{"embeddable":true,"href":"https:\/\/branchenversicherung.ch\/it\/wp-json\/wp\/v2\/users\/2"}],"replies":[{"embeddable":true,"href":"https:\/\/branchenversicherung.ch\/it\/wp-json\/wp\/v2\/comments?post=20125"}],"version-history":[{"count":16,"href":"https:\/\/branchenversicherung.ch\/it\/wp-json\/wp\/v2\/pages\/20125\/revisions"}],"predecessor-version":[{"id":22538,"href":"https:\/\/branchenversicherung.ch\/it\/wp-json\/wp\/v2\/pages\/20125\/revisions\/22538"}],"up":[{"embeddable":true,"href":"https:\/\/branchenversicherung.ch\/it\/wp-json\/wp\/v2\/pages\/21582"}],"wp:attachment":[{"href":"https:\/\/branchenversicherung.ch\/it\/wp-json\/wp\/v2\/media?parent=20125"}],"curies":[{"name":"wp","href":"https:\/\/api.w.org\/{rel}","templated":true}]}}