{"id":20231,"date":"2025-05-06T12:13:50","date_gmt":"2025-05-06T10:13:50","guid":{"rendered":"https:\/\/branchenversicherung.ch\/?page_id=20231"},"modified":"2025-10-17T12:10:16","modified_gmt":"2025-10-17T10:10:16","slug":"assicurazione-mobilia-domestica","status":"publish","type":"page","link":"https:\/\/branchenversicherung.ch\/it\/servizi\/assicurazione-mobilia-domestica\/","title":{"rendered":"Assicurazione mobilia domestica per i privati"},"content":{"rendered":"<section id=\"halfHeader-block_55101b6b80f97ade74f5adbdb57a409d\" class=\"halfHeader container__page\">\n  <div class=\"inside__hero__half imagineNow\">\n    <div class=\"half__description__row\">\n            <p class=\"parent__title__single\">  <a href=\"https:\/\/branchenversicherung.ch\/it\/servizi\/\">Assicurazioni<\/a><\/p>\n          <h1 class=\"hero__title__h\">Assicurazione mobilia domestica per i privati <\/h1>\n            <p class=\"description__row\"> Fuoco, acqua, vento \u2013 la natura pu\u00f2 mettere a dura prova i vostri beni. Anche una rapina o un furto possono comportare rapidamente costi elevati. Con l\u2019assicurazione mobilia domestica, vi proteggete contro le conseguenze finanziarie di danni arrecati in casa vostra o quando viaggiate.<\/p>\n         \n        \n                  \n      <!--<div  class=\"scroll__one__bottom with__new__arrow\"> <\/div>-->\n    <\/div>\n    <div class=\"half__image__row\">\n      <img decoding=\"async\" width=\"2560\" height=\"1493\" src=\"https:\/\/branchenversicherung.ch\/wp-content\/uploads\/2021\/11\/BV_Leistung_Produkte_Header_1680x980px_Hausrat-scaled.jpg\" class=\"attachment-full size-full\" alt=\"\" srcset=\"https:\/\/branchenversicherung.ch\/wp-content\/uploads\/2021\/11\/BV_Leistung_Produkte_Header_1680x980px_Hausrat-scaled.jpg 2560w, https:\/\/branchenversicherung.ch\/wp-content\/uploads\/2021\/11\/BV_Leistung_Produkte_Header_1680x980px_Hausrat-300x175.jpg 300w, https:\/\/branchenversicherung.ch\/wp-content\/uploads\/2021\/11\/BV_Leistung_Produkte_Header_1680x980px_Hausrat-1024x597.jpg 1024w, https:\/\/branchenversicherung.ch\/wp-content\/uploads\/2021\/11\/BV_Leistung_Produkte_Header_1680x980px_Hausrat-768x448.jpg 768w, https:\/\/branchenversicherung.ch\/wp-content\/uploads\/2021\/11\/BV_Leistung_Produkte_Header_1680x980px_Hausrat-1536x896.jpg 1536w, https:\/\/branchenversicherung.ch\/wp-content\/uploads\/2021\/11\/BV_Leistung_Produkte_Header_1680x980px_Hausrat-2048x1195.jpg 2048w\" sizes=\"(max-width: 2560px) 100vw, 2560px\" \/>    <\/div>\n  <\/div>\n<\/section>\n\n\n<div class=\"gb-container gb-container-c1b79790\"><div class=\"gb-inside-container\">\n<div class=\"gb-grid-wrapper gb-grid-wrapper-8baafd59\">\n<div class=\"gb-grid-column gb-grid-column-a79f536a\"><div class=\"gb-container gb-container-a79f536a entry-text-093\"><div class=\"gb-inside-container\">\n<section  class=\"icon-text columns-3\">\n    <div class=\"container\">\n                            <div class=\"row\">\n                                    <div class=\"col\">\n                                                    <img decoding=\"async\" class=\"icon\" src=\"https:\/\/branchenversicherung.ch\/wp-content\/uploads\/2024\/08\/Webseite_Icon_96x96px_KTG_Personlakosten_Kalkulierbar_24.png\" \/>\n                                                                        <p>Proteggetevi come imprenditrici\/imprenditori anche a livello privato<\/p>\n                    <\/div>\n                                    <div class=\"col\">\n                                                    <img decoding=\"async\" class=\"icon\" src=\"https:\/\/branchenversicherung.ch\/wp-content\/uploads\/2024\/08\/Webseite_Icon_96x96px_EU_Kapitalzahlungen_24.png\" \/>\n                                                                        <p>Copertura di base con o senza prestazioni complementari<\/p>\n                    <\/div>\n                                    <div class=\"col\">\n                                                    <img decoding=\"async\" class=\"icon\" src=\"https:\/\/branchenversicherung.ch\/wp-content\/uploads\/2024\/08\/Webseite_Icon_96x96px_Personalisierte_Versicherungsangebote_24.png\" \/>\n                                                                        <p>Su misura per la vostra economia domestica<\/p>\n                    <\/div>\n                            <\/div>\n            <\/div>\n<\/section>\n\n\n<div style=\"height:1px\" aria-hidden=\"true\" class=\"wp-block-spacer\"><\/div>\n\n\n<section  class=\"double-cta columns-1\">\n    <div class=\"container\">\n                    <div class=\"row\">\n                                    <div class=\"col\">\n                                                    <h4 class=\"title\">Richiesta di preventivo<\/h4>\n                                                <p>Ricevere l\u2019offerta in modo semplice e veloce<\/p>\n                                                    <a class=\"button\" href=\"https:\/\/branchenversicherung.ch\/it\/servizio\/richiesta-di-preventivo\/\">Offerta<\/a>\n                                            <\/div>\n                            <\/div>\n            <\/div>\n<\/section>\n\n\n<div style=\"height:45px\" aria-hidden=\"true\" class=\"wp-block-spacer\"><\/div>\n\n\n\n<h2 class=\"gb-headline gb-headline-abdaa4ab gb-headline-text\"><strong><strong><strong>L\u2019assicurazione mobilia domestica in sintesi<\/strong><\/strong><\/strong><\/h2>\n\n\n\n<p>L\u2019assicurazione mobilia domestica copre i danni arrecati a diversi oggetti di valore, causati da eventi come furto con scasso, incendio, danni causati dall\u2019acqua o tempesta.<\/p>\n\n\n\n<p>Spesso solo una perdita mostra il vero valore delle cose. Per proteggervi almeno dal danno materiale, con la nostra assicurazione mobilia domestica assicuriamo tutta la vostra mobilia domestica al valore a nuovo.<\/p>\n\n\n\n<div style=\"height:45px\" aria-hidden=\"true\" class=\"wp-block-spacer\"><\/div>\n\n\n\n<div style=\"height:45px\" aria-hidden=\"true\" class=\"wp-block-spacer\"><\/div>\n\n\n\n<h2 class=\"gb-headline gb-headline-5d924a56 gb-headline-text\"><strong><strong>A chi si rivolge l\u2019assicurazione mobilia domestica?<\/strong><\/strong><\/h2>\n\n\n\n<p>Nei cantoni di Nidvaldo, Friburgo, Giura e Vaud, un\u2019assicurazione contro l\u2019incendio e i danni della natura \u00e8 prescritta dalla legge. Negli altri cantoni, l\u2019assicurazione mobilia domestica non \u00e8 obbligatoria n\u00e9 per gli inquilini n\u00e9 per i proprietari. \u00c8 tuttavia fortemente raccomandata a chiunque desideri proteggere i propri beni da danni e perdite imprevedibili. Offre una sicurezza finanziaria e consente di tornare rapidamente alla normalit\u00e0 in caso di sinistro.<\/p>\n\n\n\n<p>Informazione: Proponiamo in via prioritaria l\u2019assicurazione mobilia domestica ai privati la cui azienda \u00e8 (parzialmente) assicurata presso l\u2019Assicurazione dei mestieri. In questo modo, come imprenditore o imprenditrice, potete contare su un partner competente in materia assicurativa sia per le esigenze professionali sia per quelle private. Ci\u00f2 consente inoltre di ridurre il carico amministrativo.<\/p>\n\n\n\n<div style=\"height:45px\" aria-hidden=\"true\" class=\"wp-block-spacer\"><\/div>\n\n\n\n<div style=\"height:45px\" aria-hidden=\"true\" class=\"wp-block-spacer\"><\/div>\n\n\n\n<h2 class=\"gb-headline gb-headline-fb4c7d23 gb-headline-text\"><strong><strong>Entit\u00e0 delle prestazioni dell\u2019assicurazione mobilia domestica<\/strong><\/strong><\/h2>\n\n\n\n<p>L\u2019assicurazione mobilia domestica \u00e8 composta dalla copertura di base e da diverse prestazioni complementari liberamente selezionabili. Pu\u00f2 quindi essere adattata individualmente in base alle vostre esigenze e alla vostra situazione di vita attuale.<\/p>\n\n\n\n<figure class=\"wp-block-image size-large\"><img decoding=\"async\" width=\"1024\" height=\"649\" src=\"https:\/\/branchenversicherung.ch\/wp-content\/uploads\/2025\/02\/BV_Leistungsumfang-Hausratsversicherung_IT-1024x649.jpg\" alt=\"Ambito grafico delle prestazioni dell'assicurazione mobilia domestica\" class=\"wp-image-20232\" srcset=\"https:\/\/branchenversicherung.ch\/wp-content\/uploads\/2025\/02\/BV_Leistungsumfang-Hausratsversicherung_IT-1024x649.jpg 1024w, https:\/\/branchenversicherung.ch\/wp-content\/uploads\/2025\/02\/BV_Leistungsumfang-Hausratsversicherung_IT-300x190.jpg 300w, https:\/\/branchenversicherung.ch\/wp-content\/uploads\/2025\/02\/BV_Leistungsumfang-Hausratsversicherung_IT-768x486.jpg 768w, https:\/\/branchenversicherung.ch\/wp-content\/uploads\/2025\/02\/BV_Leistungsumfang-Hausratsversicherung_IT-1536x973.jpg 1536w, https:\/\/branchenversicherung.ch\/wp-content\/uploads\/2025\/02\/BV_Leistungsumfang-Hausratsversicherung_IT-2048x1297.jpg 2048w\" sizes=\"(max-width: 1024px) 100vw, 1024px\" \/><\/figure>\n\n\n\n<div style=\"height:45px\" aria-hidden=\"true\" class=\"wp-block-spacer\"><\/div>\n\n\n\n<h3 class=\"gb-headline gb-headline-e4c53197 gb-headline-text\"><strong><strong>Copertura di base dell\u2019assicurazione mobilia domestica<\/strong><\/strong><\/h3>\n\n\n\n<p>La copertura di base della nostra assicurazione mobilia domestica protegge dai seguenti danni:<\/p>\n\n\n\n<ul class=\"wp-block-list\">\n<li>Danni causati da incendio e da eventi naturali come incendi, tempeste e piene<\/li>\n\n\n\n<li>Danni causati dall\u2019acqua<\/li>\n\n\n\n<li>Furto, rapina e furto semplice<\/li>\n<\/ul>\n\n\n\n<h3 class=\"gb-headline gb-headline-655da99e gb-headline-text\"><strong><strong>Prestazioni complementari dell\u2019assicurazione mobilia domestica<\/strong><\/strong><\/h3>\n\n\n\n<p>Tramite le prestazioni complementari liberamente selezionabili potete coassicurare i seguenti ulteriori danni e adattare l\u2019assicurazione mobilia domestica su misura in base alle vostre esigenze:<\/p>\n\n\n\n<ul class=\"wp-block-list\">\n<li>Rottura di vetri (mobili e\/o vetrate di edifici)<\/li>\n\n\n\n<li>Furto semplice fuori domicilio, furto di bagagli e abuso fraudolento della carta di credito<\/li>\n\n\n\n<li>Oggetti di valore (gioielli, pellicce, dipinti e oggetti d\u2019arte, strumenti musicali)<\/li>\n\n\n\n<li>Strutture di case mobili e veicoli (ad es. apicoltura, stalla per piccoli animali, ecc.)<\/li>\n\n\n\n<li>Apparecchiature elettroniche e attrezzature sportive<\/li>\n<\/ul>\n\n\n\n<div style=\"height:45px\" aria-hidden=\"true\" class=\"wp-block-spacer\"><\/div>\n\n\n\n<div style=\"height:45px\" aria-hidden=\"true\" class=\"wp-block-spacer\"><\/div>\n\n\n\n<h2 class=\"gb-headline gb-headline-a49a5ee3 gb-headline-text\"><strong><strong><strong>Vantaggi dell\u2019assicurazione mobilia domestica<\/strong><\/strong><\/strong><\/h2>\n\n\n\n<ul class=\"wp-block-list\">\n<li>Copertura delle spese conseguenti:&nbsp; le spese conseguenti derivanti dal danno, ad esempio l\u2019alloggio temporaneo o le spese di sistemazione, sgombero dopo un caso di danno.<\/li>\n\n\n\n<li>Flessibilit\u00e0: soluzione assicurativa su misura per la vostra mobilia domestica.<\/li>\n\n\n\n<li>Copertura finanziaria:&nbsp; protezione da rischi finanziari imprevisti che possono verificarsi a causa di un evento naturale o di un furto.<\/li>\n<\/ul>\n\n\n\n<div style=\"height:35px\" aria-hidden=\"true\" class=\"wp-block-spacer\"><\/div>\n\n\n\n<div style=\"height:45px\" aria-hidden=\"true\" class=\"wp-block-spacer\"><\/div>\n\n<\/div><\/div><\/div>\n<\/div>\n\n\n<h2 class=\"gb-headline gb-headline-dbdff6ec gb-headline-text\"><strong><strong><strong><strong>Domande sull\u2019assicurazione mobilia domestica<\/strong><\/strong><\/strong><\/strong><\/h2>\n\n\n\n<div style=\"height:16px\" aria-hidden=\"true\" class=\"wp-block-spacer\"><\/div>\n\n\n<section id=\"accordionB-block_98e6696b650fa78590315e4d0a36b269\" class=\"accordionB container__accordion\">\n  <div class=\"rows__accordion make__accordion\"><h3 class=\"accordion__title__down\"> <span class=\"acc__head__text\"> Quanto costa l\u2019assicurazione mobilia domestica?<\/span><span class=\"icon__accordion__acc\"> <i class=\"fas fa-chevron-down\"><\/i>  <i class=\"fas fa-chevron-up\"><\/i> <\/span><\/h3><div class=\"accordion__hidden__shown\"><p>Il premio dell\u2019assicurazione mobilia domestica viene calcolato in base alla dimensione dell\u2019abitazione e al valore della vostra mobilia domestica assicurata. \u00c8 fondamentale che la somma assicurata concordata sia realistica e attuale. Dovreste pertanto verificarla e modificarla regolarmente insieme al vostro consulente assicurativo.<\/p>\n<\/div><hr class=\"accordion__separate row__seps\"><\/div><div class=\"rows__accordion make__accordion\"><h3 class=\"accordion__title__down\"> <span class=\"acc__head__text\"> L\u2019assicurazione della mobilia domestica \u00e8 obbligatoria?<\/span><span class=\"icon__accordion__acc\"> <i class=\"fas fa-chevron-down\"><\/i>  <i class=\"fas fa-chevron-up\"><\/i> <\/span><\/h3><div class=\"accordion__hidden__shown\"><p>No, assicurare la propria mobilia domestica non \u00e8 previsto per legge. Tuttavia, un\u2019assicurazione mobilia domestica offre protezione dalle conseguenze finanziarie dei danni causati da acqua, incendio, vento e furto. Per tale ragione \u00e8 raccomandata a tutte le persone che desiderano proteggersi da questi rischi finanziari.<br \/>\nUn caso particolare \u00e8 costituito dai cantoni di Nidvaldo, Friburgo, Giura e Vaud, dove sussiste un obbligo legale di assicurarsi contro i danni causati da incendio e da eventi naturali.<\/p>\n<\/div><hr class=\"accordion__separate row__seps\"><\/div><div class=\"rows__accordion make__accordion\"><h3 class=\"accordion__title__down\"> <span class=\"acc__head__text\"> In caso di trasloco, pu\u00f2 essere rilevata l\u2019assicurazione mobilia domestica?<\/span><span class=\"icon__accordion__acc\"> <i class=\"fas fa-chevron-down\"><\/i>  <i class=\"fas fa-chevron-up\"><\/i> <\/span><\/h3><div class=\"accordion__hidden__shown\"><p>In caso di trasloco il vostro contratto in essere pu\u00f2 essere semplicemente modificato, comunicando al vostro assicuratore il vostro nuovo indirizzo di residenza. \u00c8 importante anche verificare se la somma assicurata originariamente concordata e le prestazioni coperte si adattano ancora alla vostra nuova situazione abitativa.<\/p>\n<\/div><hr class=\"accordion__separate row__seps\"><\/div><div class=\"rows__accordion make__accordion\"><h3 class=\"accordion__title__down\"> <span class=\"acc__head__text\"> Come si possono confrontare tra loro le assicurazioni economia domestica?<\/span><span class=\"icon__accordion__acc\"> <i class=\"fas fa-chevron-down\"><\/i>  <i class=\"fas fa-chevron-up\"><\/i> <\/span><\/h3><div class=\"accordion__hidden__shown\"><p>Per confrontare le assicurazioni economia domestica \u00e8 fondamentale considerare non solo i premi assicurativi, ma anche pi\u00f9 fattori chiave. In primo luogo dovreste valutare la copertura assicurativa, per verificare che siano coperti tutti i rischi per voi rilevanti. Verificate inoltre se sono coperti anche costi aggiuntivi, come ad esempio i costi consequenziali.<\/p>\n<\/div><hr class=\"accordion__separate row__seps\"><\/div><div class=\"rows__accordion make__accordion\"><h3 class=\"accordion__title__down\"> <span class=\"acc__head__text\"> Qual \u00e8 la differenza tra un\u2019assicurazione mobilia domestica e un\u2019assicurazione economia domestica?<\/span><span class=\"icon__accordion__acc\"> <i class=\"fas fa-chevron-down\"><\/i>  <i class=\"fas fa-chevron-up\"><\/i> <\/span><\/h3><div class=\"accordion__hidden__shown\"><p>L\u2019assicurazione mobilia domestica fa parte dell\u2019assicurazione economia domestica. Quest\u2019ultima, oltre all\u2019assicurazione mobilia domestica, include anche <a href=\"https:\/\/branchenversicherung.ch\/it\/servizi\/assicurazione-responsabilita-civile-privata\/\" target=\"_blank\" rel=\"noopener\">un\u2019assicurazione responsabilit\u00e0 civile privata<\/a> che offre protezione qualora causiate un danno ad altre persone o a loro propriet\u00e0.<\/p>\n<\/div><hr class=\"accordion__separate row__seps\"><\/div><div class=\"rows__accordion make__accordion\"><h3 class=\"accordion__title__down\"> <span class=\"acc__head__text\"> Qual \u00e8 la differenza tra un\u2019assicurazione mobilia domestica e tra un\u2019assicurazione responsabilit\u00e0 civile?<\/span><span class=\"icon__accordion__acc\"> <i class=\"fas fa-chevron-down\"><\/i>  <i class=\"fas fa-chevron-up\"><\/i> <\/span><\/h3><div class=\"accordion__hidden__shown\"><p><a href=\"https:\/\/branchenversicherung.ch\/it\/servizi\/assicurazione-responsabilita-civile-privata\/\" target=\"_blank\" rel=\"noopener\">L\u2019assicurazione responsabilit\u00e0 civile<\/a> protegge dalle pretese finanziarie di terzi per danni causati dall\u2019assicurato. L\u2019assicurazione mobilia domestica protegge invece la propriet\u00e0 mobile dell\u2019assicurato da danni dovuti a diversi rischi come danni causati da incendio e da eventi naturali o furto.<\/p>\n<\/div><hr class=\"accordion__separate row__seps\"><\/div><\/section>\n\n\n\n<div style=\"height:8px\" aria-hidden=\"true\" class=\"wp-block-spacer\"><\/div>\n\n\n\n<div style=\"height:8px\" aria-hidden=\"true\" class=\"wp-block-spacer\"><\/div>\n\n\n\n<h3 class=\"gb-headline gb-headline-68fc93f3 gb-headline-text\"><strong><strong>Consiglio \u2013 valutare correttamente la somma assicurata<\/strong><\/strong><\/h3>\n\n\n\n<p>Affinch\u00e9 la somma assicurata corrisponda alla realt\u00e0, chiedete al vostro consulente assicurativo di verificare regolarmente la vostra assicurazione mobilia domestica.<\/p>\n\n<\/div><\/div>\n\n<div class=\"gb-container gb-container-9300adcd\"><div class=\"gb-inside-container\">\n<section  class=\"double-cta columns-2\">\n    <div class=\"container\">\n                    <div class=\"row\">\n                                    <div class=\"col\">\n                                                    <h4 class=\"title\">Chiedere consiglio<\/h4>\n                                                <p>Contattate subito un consulente vicino a voi<\/p>\n                                                    <a class=\"button\" href=\"https:\/\/branchenversicherung.ch\/it\/servizio\/i-nostri-consulenti-clienti-saranno-felici-di-aiutarvi\/\">Consulenza<\/a>\n                                            <\/div>\n                                    <div class=\"col\">\n                                                    <h4 class=\"title\">Richiesta di preventivo<\/h4>\n                                                <p>Ricevere l\u2019offerta in modo semplice e veloce<\/p>\n                                                    <a class=\"button\" href=\"https:\/\/branchenversicherung.ch\/it\/servizio\/richiesta-di-preventivo\/\">Offerta<\/a>\n                                            <\/div>\n                            <\/div>\n            <\/div>\n<\/section>\n\n\n<div style=\"height:39px\" aria-hidden=\"true\" class=\"wp-block-spacer\"><\/div>\n\n\n\n<div style=\"height:39px\" aria-hidden=\"true\" class=\"wp-block-spacer\"><\/div>\n\n\n<div class=\"rows__downloads make__accordion\"><h2 class=\"cat__title__down\">Documenti da scaricare<span class=\"icon__accordion__down\"> <i class=\"fas fa-chevron-down\"><\/i>  <i class=\"fas fa-chevron-up\"><\/i> <\/span><\/h2><div class=\"ul__list__downlaods \"><div class=\"list__downlaods seps\"><a class=\"download__ahref\" download href=\"https:\/\/branchenversicherung.ch\/wp-content\/uploads\/2022\/06\/BV_Produktesheet_Hausrat_Wertsachen_IT_RZ_22.pdf\"><span class=\"title__downloads\">Scheda Assicurazione mobilia domestica<\/span> <span class=\"file__icon__size\">pdf (2,09 MB) <i class=\"fas fa-download icon__in__download\"><\/i><\/span><\/a><hr class=\"download__separate\"><\/div><\/div><hr class=\"download__separate row__seps\"><\/div>\n\n\n\n<div style=\"height:63px\" aria-hidden=\"true\" class=\"wp-block-spacer\"><\/div>\n\n\n\n<div style=\"height:63px\" aria-hidden=\"true\" class=\"wp-block-spacer\"><\/div>\n\n\n<div class=\"gb-grid-wrapper gb-grid-wrapper-e258ee92\">\n<div class=\"gb-grid-column gb-grid-column-b95b02c7\"><div class=\"gb-container gb-container-b95b02c7 eql__column\"><div class=\"gb-inside-container\">\n\n<figure class=\"wp-block-image size-large image__full\"><img decoding=\"async\" width=\"1024\" height=\"691\" src=\"https:\/\/branchenversicherung.ch\/wp-content\/uploads\/2021\/11\/BV_Teaser_alle_1120x752px_Privathaftpflicht-1024x691.jpg\" alt=\"\" class=\"wp-image-8607\" srcset=\"https:\/\/branchenversicherung.ch\/wp-content\/uploads\/2021\/11\/BV_Teaser_alle_1120x752px_Privathaftpflicht-1024x691.jpg 1024w, https:\/\/branchenversicherung.ch\/wp-content\/uploads\/2021\/11\/BV_Teaser_alle_1120x752px_Privathaftpflicht-300x202.jpg 300w, https:\/\/branchenversicherung.ch\/wp-content\/uploads\/2021\/11\/BV_Teaser_alle_1120x752px_Privathaftpflicht-768x518.jpg 768w, https:\/\/branchenversicherung.ch\/wp-content\/uploads\/2021\/11\/BV_Teaser_alle_1120x752px_Privathaftpflicht-1536x1036.jpg 1536w, https:\/\/branchenversicherung.ch\/wp-content\/uploads\/2021\/11\/BV_Teaser_alle_1120x752px_Privathaftpflicht-2048x1382.jpg 2048w\" sizes=\"(max-width: 1024px) 100vw, 1024px\" \/><\/figure>\n\n<\/div><\/div><\/div>\n\n<div class=\"gb-grid-column gb-grid-column-ed4375f2\"><div class=\"gb-container gb-container-ed4375f2 make__me__relative\"><div class=\"gb-inside-container\">\n\n<p class=\"fix__p__no__margins\" style=\"font-size:14px\">Questo potrebbe anche interessarti<\/p>\n\n\n\n<h2 class=\"gb-headline gb-headline-095d0511 gb-headline-text\">Assicurazione di responsabilit\u00e0 civile personale<\/h2>\n\n\n\n<p>L\u2019assicurazione di responsabilit\u00e0 civile personale \u00e8 il vostro angelo custode personale in caso di reclami per responsabilit\u00e0 civile<\/p>\n\n\n\n<p class=\"half__button__icon adjust__bottom\"><a href=\"https:\/\/branchenversicherung.ch\/it\/servizi\/assicurazione-responsabilita-civile-privata\/\" data-type=\"URL\">Per saperne di pi\u00f9<\/a><\/p>\n\n<\/div><\/div><\/div>\n<\/div>\n\n\n<div style=\"height:35px\" aria-hidden=\"true\" class=\"wp-block-spacer\"><\/div>\n\n\n\n<div style=\"height:100px\" aria-hidden=\"true\" class=\"wp-block-spacer\"><\/div>\n\n<\/div><\/div>","protected":false},"excerpt":{"rendered":"<p>Domande sull\u2019assicurazione mobilia domestica Consiglio \u2013 valutare correttamente la somma assicurata Affinch\u00e9 la somma assicurata corrisponda alla realt\u00e0, chiedete al vostro consulente assicurativo di verificare regolarmente la vostra assicurazione mobilia domestica.<\/p>\n","protected":false},"author":2,"featured_media":0,"parent":21582,"menu_order":0,"comment_status":"closed","ping_status":"closed","template":"","meta":{"_acf_changed":false,"iawp_total_views":27,"footnotes":""},"class_list":["post-20231","page","type-page","status-publish"],"acf":[],"_links":{"self":[{"href":"https:\/\/branchenversicherung.ch\/it\/wp-json\/wp\/v2\/pages\/20231","targetHints":{"allow":["GET"]}}],"collection":[{"href":"https:\/\/branchenversicherung.ch\/it\/wp-json\/wp\/v2\/pages"}],"about":[{"href":"https:\/\/branchenversicherung.ch\/it\/wp-json\/wp\/v2\/types\/page"}],"author":[{"embeddable":true,"href":"https:\/\/branchenversicherung.ch\/it\/wp-json\/wp\/v2\/users\/2"}],"replies":[{"embeddable":true,"href":"https:\/\/branchenversicherung.ch\/it\/wp-json\/wp\/v2\/comments?post=20231"}],"version-history":[{"count":11,"href":"https:\/\/branchenversicherung.ch\/it\/wp-json\/wp\/v2\/pages\/20231\/revisions"}],"predecessor-version":[{"id":22544,"href":"https:\/\/branchenversicherung.ch\/it\/wp-json\/wp\/v2\/pages\/20231\/revisions\/22544"}],"up":[{"embeddable":true,"href":"https:\/\/branchenversicherung.ch\/it\/wp-json\/wp\/v2\/pages\/21582"}],"wp:attachment":[{"href":"https:\/\/branchenversicherung.ch\/it\/wp-json\/wp\/v2\/media?parent=20231"}],"curies":[{"name":"wp","href":"https:\/\/api.w.org\/{rel}","templated":true}]}}