{"id":20749,"date":"2025-05-06T11:25:31","date_gmt":"2025-05-06T09:25:31","guid":{"rendered":"https:\/\/branchenversicherung.ch\/?page_id=20749"},"modified":"2025-10-17T14:07:19","modified_gmt":"2025-10-17T12:07:19","slug":"assicurazione-di-cose","status":"publish","type":"page","link":"https:\/\/branchenversicherung.ch\/it\/servizi\/assicurazione-di-cose\/","title":{"rendered":"Assicurazione di cose"},"content":{"rendered":"<section id=\"halfHeader-block_d6942a2ca1f865a12d5958be4245a717\" class=\"halfHeader container__page\">\n  <div class=\"inside__hero__half imagineNow\">\n    <div class=\"half__description__row\">\n            <p class=\"parent__title__single\">  <a href=\"https:\/\/branchenversicherung.ch\/it\/servizi\/\">Assicurazioni<\/a><\/p>\n          <h1 class=\"hero__title__h\">Assicurazione di cose per la vostra impresa <\/h1>\n            <p class=\"description__row\"> La propria attivit\u00e0 \u00e8 il capitale di base pi\u00f9 importante per le imprenditrici e gli imprenditori. La nostra assicurazione di cose vi consente di proteggere in maniera completa dai rischi imprevisti le vostre attrezzature d\u2019esercizio, il vostro inventario e la vostra merce aziendale.<\/p>\n         \n        \n                  \n      <!--<div  class=\"scroll__one__bottom with__new__arrow\"> <\/div>-->\n    <\/div>\n    <div class=\"half__image__row\">\n      <img decoding=\"async\" width=\"2560\" height=\"1493\" src=\"https:\/\/branchenversicherung.ch\/wp-content\/uploads\/2021\/11\/BV_Leistung_Produkte_Header_1680x980px_Geschaefts-scaled.jpg\" class=\"attachment-full size-full\" alt=\"\" srcset=\"https:\/\/branchenversicherung.ch\/wp-content\/uploads\/2021\/11\/BV_Leistung_Produkte_Header_1680x980px_Geschaefts-scaled.jpg 2560w, https:\/\/branchenversicherung.ch\/wp-content\/uploads\/2021\/11\/BV_Leistung_Produkte_Header_1680x980px_Geschaefts-300x175.jpg 300w, https:\/\/branchenversicherung.ch\/wp-content\/uploads\/2021\/11\/BV_Leistung_Produkte_Header_1680x980px_Geschaefts-1024x597.jpg 1024w, https:\/\/branchenversicherung.ch\/wp-content\/uploads\/2021\/11\/BV_Leistung_Produkte_Header_1680x980px_Geschaefts-768x448.jpg 768w, https:\/\/branchenversicherung.ch\/wp-content\/uploads\/2021\/11\/BV_Leistung_Produkte_Header_1680x980px_Geschaefts-1536x896.jpg 1536w, https:\/\/branchenversicherung.ch\/wp-content\/uploads\/2021\/11\/BV_Leistung_Produkte_Header_1680x980px_Geschaefts-2048x1195.jpg 2048w\" sizes=\"(max-width: 2560px) 100vw, 2560px\" \/>    <\/div>\n  <\/div>\n<\/section>\n\n\n<div class=\"gb-container gb-container-c1b79790\"><div class=\"gb-inside-container\">\n<div class=\"gb-grid-wrapper gb-grid-wrapper-8baafd59\">\n<div class=\"gb-grid-column gb-grid-column-a79f536a\"><div class=\"gb-container gb-container-a79f536a entry-text-093\"><div class=\"gb-inside-container\">\n<section  class=\"icon-text columns-3\">\n    <div class=\"container\">\n                            <div class=\"row\">\n                                    <div class=\"col\">\n                                                    <img decoding=\"async\" class=\"icon\" src=\"https:\/\/branchenversicherung.ch\/wp-content\/uploads\/2024\/08\/Webseite_Icon_96x96px_Checkmark_24.png\" \/>\n                                                                        <p>Adeguamento flessibile in funzione della vostra attivit\u00e0<\/p>\n                    <\/div>\n                                    <div class=\"col\">\n                                                    <img decoding=\"async\" class=\"icon\" src=\"https:\/\/branchenversicherung.ch\/wp-content\/uploads\/2024\/08\/Webseite_Icon_96x96px_Provisions\u00adunabhaengigkeit_24.png\" \/>\n                                                                        <p>Assicurazioni complementari opzionali<\/p>\n                    <\/div>\n                                    <div class=\"col\">\n                                                    <img decoding=\"async\" class=\"icon\" src=\"https:\/\/branchenversicherung.ch\/wp-content\/uploads\/2024\/08\/Webseite_Icon_96x96px_Mitinhaber_24.png\" \/>\n                                                                        <p>Modulo \u00abInterruzione d\u2019attivit\u00e0\u00bb<\/p>\n                    <\/div>\n                            <\/div>\n            <\/div>\n<\/section>\n\n\n<div style=\"height:1px\" aria-hidden=\"true\" class=\"wp-block-spacer\"><\/div>\n\n\n<section  class=\"double-cta columns-1\">\n    <div class=\"container\">\n                    <div class=\"row\">\n                                    <div class=\"col\">\n                                                    <h4 class=\"title\">Richiesta di offerta<\/h4>\n                                                <p>Ricevere l\u2019offerta in modo semplice e veloce<\/p>\n                                                    <a class=\"button\" href=\"https:\/\/branchenversicherung.ch\/it\/servizio\/richiesta-di-preventivo\/\">Offerta<\/a>\n                                            <\/div>\n                            <\/div>\n            <\/div>\n<\/section>\n\n\n<div style=\"height:45px\" aria-hidden=\"true\" class=\"wp-block-spacer\"><\/div>\n\n\n\n<h2 class=\"gb-headline gb-headline-abdaa4ab gb-headline-text\"><strong><strong><strong>L\u2019assicurazione di cose in sintesi<\/strong><\/strong><\/strong><\/h2>\n\n\n\n<p>Un\u2019assicurazione di cose, anche nota come assicurazione di cose per aziende o assicurazione dei beni mobili, \u00e8 l\u2019\u00abassicurazione mobilia domestica\u00bb per imprese. Questa assicurazione protegge dalle conseguenze finanziarie di danni alle vostre attrezzature d\u2019esercizio e ai vostri valori reali mobili, ad esempio a causa di incendio, furto con scasso o danni causati dall\u2019acqua.<\/p>\n\n\n\n<div style=\"height:45px\" aria-hidden=\"true\" class=\"wp-block-spacer\"><\/div>\n\n\n\n<div style=\"height:45px\" aria-hidden=\"true\" class=\"wp-block-spacer\"><\/div>\n\n\n\n<h2 class=\"gb-headline gb-headline-5d924a56 gb-headline-text\"><strong><strong>A chi si rivolge l\u2019assicurazione di cose<\/strong>?<\/strong><\/h2>\n\n\n\n<p>L\u2019assicurazione di cose per aziende \u00e8 ideale per le imprese di qualsiasi settore e dimensione che vogliono assicurare le loro attrezzature d\u2019esercizio, la loro merce aziendale e la loro mobilia contro rischi come l\u2019incendio, il furto o danni causati dall\u2019acqua.<\/p>\n\n\n\n<div style=\"height:45px\" aria-hidden=\"true\" class=\"wp-block-spacer\"><\/div>\n\n\n\n<div style=\"height:45px\" aria-hidden=\"true\" class=\"wp-block-spacer\"><\/div>\n\n\n\n<h2 class=\"gb-headline gb-headline-fb4c7d23 gb-headline-text\"><strong><strong>Entit\u00e0 delle prestazioni dell\u2019assicurazione di cose<\/strong><\/strong><\/h2>\n\n\n\n<h3 class=\"gb-headline gb-headline-e4c53197 gb-headline-text\"><strong><strong>Copertura di base dell\u2019assicurazione di cose per imprese<\/strong><\/strong><\/h3>\n\n\n\n<p>La copertura di base della nostra assicurazione di cose include danni a:<\/p>\n\n\n\n<ul class=\"wp-block-list\">\n<li>attrezzature d\u2019esercizio;<\/li>\n\n\n\n<li>merce aziendale.<\/li>\n<\/ul>\n\n\n\n<p>Tali danni sono coperti se causati da:<\/p>\n\n\n\n<ul class=\"wp-block-list\">\n<li>incendio;<\/li>\n\n\n\n<li>eventi naturali (ad esempio tempesta, grandine);<\/li>\n\n\n\n<li>furto;<\/li>\n\n\n\n<li>acqua.<\/li>\n<\/ul>\n\n\n\n<h3 class=\"gb-headline gb-headline-655da99e gb-headline-text\"><strong><strong>Prestazioni complementari opzionali dell\u2019assicurazione di cose<\/strong><\/strong><\/h3>\n\n\n\n<p>La copertura di base pu\u00f2 essere ampliata individualmente con assicurazioni complementari \u2013 a seconda di ci\u00f2 che desiderate proteggere nella vostra impresa e dei rischi specifici a cui la vostra impresa \u00e8 esposta. Essa include, tra l\u2019altro:<\/p>\n\n\n\n<ul class=\"wp-block-list\">\n<li>assicurazione rottura vetri;<\/li>\n\n\n\n<li>InventarioPlus (All Risk)<\/li>\n\n\n\n<li>NaturaPlus (impianti frigoriferi, prodotti alimentari)<\/li>\n\n\n\n<li>VirusPlus (cyber)<\/li>\n\n\n\n<li>Interruzione dell\u2019attivit\u00e0<\/li>\n<\/ul>\n\n\n\n<p>Con questa <strong>offerta modulare<\/strong> potete essere certi che la vostra copertura assicurativa sia perfettamente adeguata alla vostra azienda.<\/p>\n\n\n\n<p>Per questo prodotto assicurativo collaboriamo con <a href=\"https:\/\/www.emmental-versicherung.ch\/de\/Willkommen\" data-type=\"link\" data-id=\"https:\/\/www.emmental-versicherung.ch\/de\/Willkommen\" target=\"_blank\" rel=\"noopener\">emmental assicurazione<\/a>.<\/p>\n\n\n\n<div style=\"height:45px\" aria-hidden=\"true\" class=\"wp-block-spacer\"><\/div>\n\n\n\n<div style=\"height:45px\" aria-hidden=\"true\" class=\"wp-block-spacer\"><\/div>\n\n\n\n<h2 class=\"gb-headline gb-headline-a49a5ee3 gb-headline-text\"><strong><strong><strong>Vantaggi di un\u2019assicurazione di cose per aziende<\/strong><\/strong><\/strong><\/h2>\n\n\n\n<ul class=\"wp-block-list\">\n<li>Protezione completa per il vostro inventario aziendale<\/li>\n\n\n\n<li>Pacchetti assicurativi personalizzabili<\/li>\n\n\n\n<li>Consulenza senza provvigioni da parte dei nostri esperti<\/li>\n\n\n\n<li>Rapida liquidazione del sinistro per interruzioni d\u2019esercizio minime<\/li>\n<\/ul>\n\n\n\n<div style=\"height:35px\" aria-hidden=\"true\" class=\"wp-block-spacer\"><\/div>\n\n\n\n<div style=\"height:45px\" aria-hidden=\"true\" class=\"wp-block-spacer\"><\/div>\n\n\n\n<div class=\"wp-block-group has-base-2-background-color has-background\"><div class=\"wp-block-group__inner-container is-layout-constrained wp-block-group-is-layout-constrained\">\n<h3 class=\"gb-headline gb-headline-68fc93f3 gb-headline-text\"><strong><strong>Consiglio \u2013 Interruzione d\u2019attivit\u00e0<\/strong><\/strong><\/h3>\n\n\n\n<p>Con il modulo \u00abInterruzione d\u2019attivit\u00e0\u00bb vi assicurate contro le conseguenze finanziarie di eventuali interruzioni nella vostra impresa o nelle imprese di fornitori e clienti primari.<\/p>\n<\/div><\/div>\n\n\n\n<div style=\"height:35px\" aria-hidden=\"true\" class=\"wp-block-spacer\"><\/div>\n\n\n\n<div style=\"height:45px\" aria-hidden=\"true\" class=\"wp-block-spacer\"><\/div>\n\n<\/div><\/div><\/div>\n<\/div>\n\n\n<h2 class=\"gb-headline gb-headline-dbdff6ec gb-headline-text\"><strong><strong><strong><strong>Domande sull\u2019assicurazione di cose per aziende<\/strong><\/strong><\/strong><\/strong><\/h2>\n\n\n\n<div style=\"height:16px\" aria-hidden=\"true\" class=\"wp-block-spacer\"><\/div>\n\n\n<section id=\"accordionB-block_058f81c5c40974ab61640dacba77b517\" class=\"accordionB container__accordion\">\n  <div class=\"rows__accordion make__accordion\"><h3 class=\"accordion__title__down\"> <span class=\"acc__head__text\"> Qual \u00e8 la differenza tra assicurazione di cose e assicurazione edificio?<\/span><span class=\"icon__accordion__acc\"> <i class=\"fas fa-chevron-down\"><\/i>  <i class=\"fas fa-chevron-up\"><\/i> <\/span><\/h3><div class=\"accordion__hidden__shown\"><p>L\u2019assicurazione di cose copre tutti gli oggetti mobili, come la mobilia, le macchine e la merce aziendale. Gli oggetti installati in modo fisso, come le pareti, le finestre o il tetto, fanno invece parte della struttura dell\u2019edificio e vengono assicurati tramite un\u2019<a href=\"https:\/\/branchenversicherung.ch\/leistungen\/gebaeudeversicherung\/\">assicurazione edificio<\/a>.<\/p>\n<\/div><hr class=\"accordion__separate row__seps\"><\/div><div class=\"rows__accordion make__accordion\"><h3 class=\"accordion__title__down\"> <span class=\"acc__head__text\"> Come imprenditore individuale lavoro da casa. Un\u2019assicurazione mobilia domestica privata \u00e8 sufficiente per assicurare il mio inventario aziendale?<\/span><span class=\"icon__accordion__acc\"> <i class=\"fas fa-chevron-down\"><\/i>  <i class=\"fas fa-chevron-up\"><\/i> <\/span><\/h3><div class=\"accordion__hidden__shown\"><p>L\u2019<a href=\"https:\/\/branchenversicherung.ch\/it\/servizi\/assicurazione-mobilia-domestica\/\">assicurazione mobilia domestica <\/a>copre tutti gli oggetti mobili destinati all\u2019uso privato e di propriet\u00e0 della persona assicurata. Gli utensili professionali sono coassicurati solo in misura limitata. Poich\u00e9 il magazzino e le dotazioni aziendali non sono coperti dall\u2019assicurazione mobilia domestica, \u00e8 consigliabile stipulare un\u2019assicurazione di cose separata a nome dell\u2019azienda o dell\u2019imprenditore individuale.<\/p>\n<\/div><hr class=\"accordion__separate row__seps\"><\/div><div class=\"rows__accordion make__accordion\"><h3 class=\"accordion__title__down\"> <span class=\"acc__head__text\"> Quanto costa un\u2019assicurazione di cose per aziende?<\/span><span class=\"icon__accordion__acc\"> <i class=\"fas fa-chevron-down\"><\/i>  <i class=\"fas fa-chevron-up\"><\/i> <\/span><\/h3><div class=\"accordion__hidden__shown\"><p>I costi di un\u2019assicurazione di cose variano a seconda della dimensione dell\u2019azienda, dei fattori di rischio e dell\u2019estensione della copertura selezionata. Saremo lieti di redigere per voi un\u2019offerta individuale.<\/p>\n<\/div><hr class=\"accordion__separate row__seps\"><\/div><div class=\"rows__accordion make__accordion\"><h3 class=\"accordion__title__down\"> <span class=\"acc__head__text\"> In Svizzera l\u2019assicurazione di cose \u00e8 obbligatoria?<\/span><span class=\"icon__accordion__acc\"> <i class=\"fas fa-chevron-down\"><\/i>  <i class=\"fas fa-chevron-up\"><\/i> <\/span><\/h3><div class=\"accordion__hidden__shown\"><p>L\u2019assicurazione di cose per aziende non \u00e8 prevista per legge in Svizzera, tuttavia \u00e8 altamente raccomandata per assicurare la vostra impresa contro eventi imprevisti. In assenza di un\u2019adeguata copertura assicurativa, danni, causati ad esempio da incendio o dall\u2019acqua, possono causare improvvisamente costi elevati, che possono comportare pesanti oneri finanziari per la vostra impresa o persino metterne a rischio l\u2019esistenza.<\/p>\n<\/div><hr class=\"accordion__separate row__seps\"><\/div><div class=\"rows__accordion make__accordion\"><h3 class=\"accordion__title__down\"> <span class=\"acc__head__text\"> Come si possono confrontare le assicurazioni dei beni mobili?<\/span><span class=\"icon__accordion__acc\"> <i class=\"fas fa-chevron-down\"><\/i>  <i class=\"fas fa-chevron-up\"><\/i> <\/span><\/h3><div class=\"accordion__hidden__shown\"><p>Un confronto dovrebbe considerare le estensioni delle coperture, le prestazioni complementari e l\u2019importo del premio. Saremo lieti di aiutarvi a trovate l\u2019assicurazione che fa per voi.<\/p>\n<\/div><hr class=\"accordion__separate row__seps\"><\/div><\/section>\n\n\n\n<div style=\"height:8px\" aria-hidden=\"true\" class=\"wp-block-spacer\"><\/div>\n\n\n\n<div style=\"height:8px\" aria-hidden=\"true\" class=\"wp-block-spacer\"><\/div>\n\n<\/div><\/div>\n\n<div class=\"gb-container gb-container-9300adcd\"><div class=\"gb-inside-container\">\n<section  class=\"double-cta columns-2\">\n    <div class=\"container\">\n                    <div class=\"row\">\n                                    <div class=\"col\">\n                                                    <h4 class=\"title\">Chiedere consiglio<\/h4>\n                                                <p>Contattate subito un consulente vicino a voi<\/p>\n                                                    <a class=\"button\" href=\"https:\/\/branchenversicherung.ch\/it\/servizio\/i-nostri-consulenti-clienti-saranno-felici-di-aiutarvi\/\">Consulenza<\/a>\n                                            <\/div>\n                                    <div class=\"col\">\n                                                    <h4 class=\"title\">Richiesta di preventivo<\/h4>\n                                                <p>Ricevere l\u2019offerta in modo semplice e veloce<\/p>\n                                                    <a class=\"button\" href=\"https:\/\/branchenversicherung.ch\/it\/servizio\/richiesta-di-preventivo\/\">Offerta<\/a>\n                                            <\/div>\n                            <\/div>\n            <\/div>\n<\/section>\n\n\n<div style=\"height:39px\" aria-hidden=\"true\" class=\"wp-block-spacer\"><\/div>\n\n\n\n<div style=\"height:39px\" aria-hidden=\"true\" class=\"wp-block-spacer\"><\/div>\n\n\n<div class=\"rows__downloads make__accordion\"><h2 class=\"cat__title__down\">Downloads<span class=\"icon__accordion__down\"> <i class=\"fas fa-chevron-down\"><\/i>  <i class=\"fas fa-chevron-up\"><\/i> <\/span><\/h2><div class=\"ul__list__downlaods \"><div class=\"list__downlaods seps\"><a class=\"download__ahref\" href=\"https:\/\/branchenversicherung.ch\/wp-content\/uploads\/2025\/05\/BV_Produktesheet_Sachversicherung_IT_RZ_25.pdf\" download><span class=\"title__downloads\">Factsheet Sachversicherung<\/span> <span class=\"file__icon__size\">pdf (769,48 KB) <i class=\"fas fa-download icon__in__download\"><\/i><\/span><\/a><hr class=\"download__separate\"><\/div><\/div><hr class=\"download__separate row__seps\"><\/div>\n\n\n\n<div style=\"height:63px\" aria-hidden=\"true\" class=\"wp-block-spacer\"><\/div>\n\n\n\n<div style=\"height:63px\" aria-hidden=\"true\" class=\"wp-block-spacer\"><\/div>\n\n\n<div class=\"gb-grid-wrapper gb-grid-wrapper-e258ee92\">\n<div class=\"gb-grid-column gb-grid-column-b95b02c7\"><div class=\"gb-container gb-container-b95b02c7 eql__column\"><div class=\"gb-inside-container\">\n\n<figure class=\"wp-block-image size-large image__full\"><img decoding=\"async\" width=\"1024\" height=\"691\" src=\"https:\/\/branchenversicherung.ch\/wp-content\/uploads\/2021\/11\/BV_Teaser_alle_1120x752px_Privathaftpflicht-1024x691.jpg\" alt=\"\" class=\"wp-image-8607\" srcset=\"https:\/\/branchenversicherung.ch\/wp-content\/uploads\/2021\/11\/BV_Teaser_alle_1120x752px_Privathaftpflicht-1024x691.jpg 1024w, https:\/\/branchenversicherung.ch\/wp-content\/uploads\/2021\/11\/BV_Teaser_alle_1120x752px_Privathaftpflicht-300x202.jpg 300w, https:\/\/branchenversicherung.ch\/wp-content\/uploads\/2021\/11\/BV_Teaser_alle_1120x752px_Privathaftpflicht-768x518.jpg 768w, https:\/\/branchenversicherung.ch\/wp-content\/uploads\/2021\/11\/BV_Teaser_alle_1120x752px_Privathaftpflicht-1536x1036.jpg 1536w, https:\/\/branchenversicherung.ch\/wp-content\/uploads\/2021\/11\/BV_Teaser_alle_1120x752px_Privathaftpflicht-2048x1382.jpg 2048w\" sizes=\"(max-width: 1024px) 100vw, 1024px\" \/><\/figure>\n\n<\/div><\/div><\/div>\n\n<div class=\"gb-grid-column gb-grid-column-ed4375f2\"><div class=\"gb-container gb-container-ed4375f2 make__me__relative\"><div class=\"gb-inside-container\">\n\n<p class=\"fix__p__no__margins\" style=\"font-size:14px\">Questo potrebbe anche interessarti<\/p>\n\n\n\n<h2 class=\"gb-headline gb-headline-095d0511 gb-headline-text\">Assicurazione di responsabilit\u00e0 civile personale<\/h2>\n\n\n\n<p>L\u2019assicurazione di responsabilit\u00e0 civile personale \u00e8 il vostro angelo custode personale in caso di reclami per responsabilit\u00e0 civile.<br><a href=\"https:\/\/branchenversicherung.ch\/it\/servizi\/assicurazione-mobilia-domestica\/\" data-type=\"URL\"><br>Per saperne di pi\u00f9<\/a><\/p>\n\n<\/div><\/div><\/div>\n<\/div>\n\n\n<div style=\"height:35px\" aria-hidden=\"true\" class=\"wp-block-spacer\"><\/div>\n\n\n\n<div style=\"height:100px\" aria-hidden=\"true\" class=\"wp-block-spacer\"><\/div>\n\n<\/div><\/div>\n\n\n<p><\/p>\n","protected":false},"excerpt":{"rendered":"<p>Domande sull\u2019assicurazione di cose per aziende<\/p>\n","protected":false},"author":2,"featured_media":0,"parent":21582,"menu_order":15,"comment_status":"closed","ping_status":"closed","template":"","meta":{"_acf_changed":false,"iawp_total_views":35,"footnotes":""},"class_list":["post-20749","page","type-page","status-publish"],"acf":[],"_links":{"self":[{"href":"https:\/\/branchenversicherung.ch\/it\/wp-json\/wp\/v2\/pages\/20749","targetHints":{"allow":["GET"]}}],"collection":[{"href":"https:\/\/branchenversicherung.ch\/it\/wp-json\/wp\/v2\/pages"}],"about":[{"href":"https:\/\/branchenversicherung.ch\/it\/wp-json\/wp\/v2\/types\/page"}],"author":[{"embeddable":true,"href":"https:\/\/branchenversicherung.ch\/it\/wp-json\/wp\/v2\/users\/2"}],"replies":[{"embeddable":true,"href":"https:\/\/branchenversicherung.ch\/it\/wp-json\/wp\/v2\/comments?post=20749"}],"version-history":[{"count":11,"href":"https:\/\/branchenversicherung.ch\/it\/wp-json\/wp\/v2\/pages\/20749\/revisions"}],"predecessor-version":[{"id":22571,"href":"https:\/\/branchenversicherung.ch\/it\/wp-json\/wp\/v2\/pages\/20749\/revisions\/22571"}],"up":[{"embeddable":true,"href":"https:\/\/branchenversicherung.ch\/it\/wp-json\/wp\/v2\/pages\/21582"}],"wp:attachment":[{"href":"https:\/\/branchenversicherung.ch\/it\/wp-json\/wp\/v2\/media?parent=20749"}],"curies":[{"name":"wp","href":"https:\/\/api.w.org\/{rel}","templated":true}]}}