{"id":21582,"date":"2025-06-25T15:51:44","date_gmt":"2025-06-25T13:51:44","guid":{"rendered":"https:\/\/branchenversicherung.ch\/?page_id=21582"},"modified":"2025-06-25T21:27:22","modified_gmt":"2025-06-25T19:27:22","slug":"servizi","status":"publish","type":"page","link":"https:\/\/branchenversicherung.ch\/it\/servizi\/","title":{"rendered":"Assicurazioni"},"content":{"rendered":"<section id=\"halfHeader-block_47d95f8afa6a320b296f191d5edcdf0d\" class=\"halfHeader container__page\">\n  <div class=\"inside__hero__half imagineNow\">\n    <div class=\"half__description__row\">\n            <h1 class=\"hero__title__h\">Assicurazioni per PMI, imprenditrici e imprenditori <\/h1>\n            <p class=\"description__row\"> Il nostro nome \u00e8 un concetto. Ci vediamo come partner di competenza per le esigenze assicurative delle PMI, delle lavoratrici e dei lavoratori autonomi svizzeri operanti in molteplici settori. Agiamo rapidamente e senza burocrazia e offriamo una copertura ottimale su misura per voi contraenti delle assicurazioni.<\/p>\n         \n        \n                  \n      <!--<div  class=\"scroll__one__bottom with__new__arrow\"> <\/div>-->\n    <\/div>\n    <div class=\"half__image__row\">\n      <img decoding=\"async\" width=\"2560\" height=\"1494\" src=\"https:\/\/branchenversicherung.ch\/wp-content\/uploads\/2021\/11\/BV_Leistung_Header_1680x980px-scaled.jpg\" class=\"attachment-full size-full\" alt=\"\" srcset=\"https:\/\/branchenversicherung.ch\/wp-content\/uploads\/2021\/11\/BV_Leistung_Header_1680x980px-scaled.jpg 2560w, https:\/\/branchenversicherung.ch\/wp-content\/uploads\/2021\/11\/BV_Leistung_Header_1680x980px-300x175.jpg 300w, https:\/\/branchenversicherung.ch\/wp-content\/uploads\/2021\/11\/BV_Leistung_Header_1680x980px-1024x597.jpg 1024w, https:\/\/branchenversicherung.ch\/wp-content\/uploads\/2021\/11\/BV_Leistung_Header_1680x980px-768x448.jpg 768w, https:\/\/branchenversicherung.ch\/wp-content\/uploads\/2021\/11\/BV_Leistung_Header_1680x980px-1536x896.jpg 1536w, https:\/\/branchenversicherung.ch\/wp-content\/uploads\/2021\/11\/BV_Leistung_Header_1680x980px-2048x1195.jpg 2048w\" sizes=\"(max-width: 2560px) 100vw, 2560px\" \/>    <\/div>\n  <\/div>\n<\/section>\n\n\n<div class=\"gb-container gb-container-a79f536a entry-text-093\"><div class=\"gb-inside-container\">\n\n<div class=\"wp-block-group\"><div class=\"wp-block-group__inner-container is-layout-constrained wp-block-group-is-layout-constrained\"><section  class=\"icon-text columns-3\">\n    <div class=\"container\">\n                            <div class=\"row\">\n                                    <div class=\"col\">\n                                                    <img decoding=\"async\" class=\"icon\" src=\"https:\/\/branchenversicherung.ch\/wp-content\/uploads\/2024\/08\/Webseite_Icon_96x96px_Checkmark_24.png\" \/>\n                                                                        <p>Protezione per aziende e dipendenti<\/p>\n                    <\/div>\n                                    <div class=\"col\">\n                                                    <img decoding=\"async\" class=\"icon\" src=\"https:\/\/branchenversicherung.ch\/wp-content\/uploads\/2024\/08\/Webseite_Icon_96x96px_Provisions\u00adunabhaengigkeit_24.png\" \/>\n                                                                        <p>Assicurazioni obbligatorie e complementari<\/p>\n                    <\/div>\n                                    <div class=\"col\">\n                                                    <img decoding=\"async\" class=\"icon\" src=\"https:\/\/branchenversicherung.ch\/wp-content\/uploads\/2024\/08\/Webseite_Icon_96x96px_Mitinhaber_24.png\" \/>\n                                                                        <p>Soluzioni assicurative settoriali<\/p>\n                    <\/div>\n                            <\/div>\n            <\/div>\n<\/section><\/div><\/div>\n\n\n\n<div style=\"height:1px\" aria-hidden=\"true\" class=\"wp-block-spacer\"><\/div>\n\n\n\n<div style=\"height:45px\" aria-hidden=\"true\" class=\"wp-block-spacer\"><\/div>\n\n\n\n<div class=\"wp-block-group\"><div class=\"wp-block-group__inner-container is-layout-constrained wp-block-group-is-layout-constrained\">\n<h2 class=\"gb-headline gb-headline-abdaa4ab gb-headline-text\"><strong><strong>Le nostre prestazioni assicurative in sintesi<\/strong><\/strong><\/h2>\n\n\n\n<p>Le nostre assicurazioni per PMI, lavoratrici e lavoratori autonomi coprono un ampio ventaglio di rischi e si suddividono in tre categorie principali. Ogni prestazione \u00e8 concepita per le esigenze specifiche delle lavoratrici e dei lavoratori autonomi, delle aziende e dei loro dipendenti.<\/p>\n\n\n\n<ul class=\"wp-block-list\">\n<li>Le assicurazioni di persone offrono protezione per i vostri dipendenti e garantiscono un supporto in caso di perdite di guadagno dovute a malattia o infortunio.<br><\/li>\n\n\n\n<li>Le assicurazioni di cose per aziende coprono i rischi d\u2019impresa e proteggono la vostra azienda e le sue attrezzature d\u2019esercizio da danni, richieste di risarcimento o controversie giuridiche.<br><\/li>\n\n\n\n<li>Le assicurazioni private per imprenditrici e imprenditori integrano la copertura per i rischi d\u2019impresa con assicurazioni individuali per imprenditrici e imprenditori, al fine di ridurre al minimo i rischi privati.<\/li>\n<\/ul>\n<\/div><\/div>\n\n<\/div><\/div>\n\n<div class=\"gb-container gb-container-0bee9ed4\"><div class=\"gb-inside-container\">\n\n<h2 class=\"gb-headline gb-headline-28d7c7a6 gb-headline-text\">Il nostro portafoglio in sintesi<\/h2>\n\n\n\n<div class=\"wp-block-columns is-layout-flex wp-container-core-columns-is-layout-9d6595d7 wp-block-columns-is-layout-flex\">\n<div class=\"wp-block-column is-layout-flow wp-block-column-is-layout-flow\"><div class=\"gb-container gb-container-87591709 leinstungen__container\"><div class=\"gb-inside-container\">\n\n<figure class=\"wp-block-image size-large\"><img decoding=\"async\" width=\"1024\" height=\"419\" src=\"https:\/\/branchenversicherung.ch\/wp-content\/uploads\/2021\/12\/BV_Leistungen_Portfolio_Ueberblick_1100x450px_Kollektivunfall-1024x419.jpg\" alt=\"\" class=\"wp-image-10178\" srcset=\"https:\/\/branchenversicherung.ch\/wp-content\/uploads\/2021\/12\/BV_Leistungen_Portfolio_Ueberblick_1100x450px_Kollektivunfall-1024x419.jpg 1024w, https:\/\/branchenversicherung.ch\/wp-content\/uploads\/2021\/12\/BV_Leistungen_Portfolio_Ueberblick_1100x450px_Kollektivunfall-300x123.jpg 300w, https:\/\/branchenversicherung.ch\/wp-content\/uploads\/2021\/12\/BV_Leistungen_Portfolio_Ueberblick_1100x450px_Kollektivunfall-768x315.jpg 768w, https:\/\/branchenversicherung.ch\/wp-content\/uploads\/2021\/12\/BV_Leistungen_Portfolio_Ueberblick_1100x450px_Kollektivunfall-1536x629.jpg 1536w, https:\/\/branchenversicherung.ch\/wp-content\/uploads\/2021\/12\/BV_Leistungen_Portfolio_Ueberblick_1100x450px_Kollektivunfall-2048x839.jpg 2048w\" sizes=\"(max-width: 1024px) 100vw, 1024px\" \/><\/figure>\n\n\n<div class=\"gb-container gb-container-ddc02e53\"><div class=\"gb-inside-container\">\n\n<h3 class=\"gb-headline gb-headline-3c19d693 gb-headline-text\">Assocurazioni personale<\/h3>\n\n\n\n<p class=\"margin__bottom__10__p\">Un infortunio o un\u2019assenza prolungata per malattia possono avere ripercussioni significative sull\u2019andamento dell\u2019azienda. Le nostre assicurazioni di persone proteggono in modo affidabile sia i vostri dipendenti sia la vostra azienda contro le conseguenze economiche di tali eventi.<\/p>\n\n\n\n<ul class=\"wp-block-list list__leinstungen__items\">\n<li><a href=\"https:\/\/branchenversicherung.ch\/it\/servizi\/assicurazione-collettiva-contro-gli-infortuni\/\" data-type=\"page\" data-id=\"4206\"><strong>Assicurazione colletiva contro gli infortuni<\/strong><\/a><\/li>\n\n\n\n<li><a href=\"https:\/\/branchenversicherung.ch\/it\/servizi\/assicurazione-individuale-contro-gli-infortuni\/\" data-type=\"page\" data-id=\"4432\"><strong>Assicurazione individuale contro gli infortuni<\/strong><\/a><\/li>\n\n\n\n<li><a href=\"https:\/\/branchenversicherung.ch\/it\/servizi\/assicurazione-dindennita-giornaliera-per-malattia\/\" data-type=\"page\" data-id=\"4438\"><strong>Assicurazione d&#8217;indennt\u00e0 giornaliera di malattia<\/strong><\/a><\/li>\n\n\n\n<li><a href=\"https:\/\/branchenversicherung.ch\/it\/servizi\/assicurazione-mediante-convenzione\/\" data-type=\"page\" data-id=\"4438\"><strong>Assicurazione mediante convenzione<\/strong><\/a><\/li>\n<\/ul>\n\n<\/div><\/div>\n<\/div><\/div><\/div>\n\n\n\n<div class=\"wp-block-column is-layout-flow wp-block-column-is-layout-flow\"><div class=\"gb-container gb-container-56a51785 leinstungen__container\"><div class=\"gb-inside-container\">\n\n<figure class=\"wp-block-image size-large\"><img decoding=\"async\" width=\"1024\" height=\"419\" src=\"https:\/\/branchenversicherung.ch\/wp-content\/uploads\/2021\/12\/BV_Leistungen_Portfolio_Ueberblick_1100x450px_Gebaude-1024x419.jpg\" alt=\"\" class=\"wp-image-10183\" srcset=\"https:\/\/branchenversicherung.ch\/wp-content\/uploads\/2021\/12\/BV_Leistungen_Portfolio_Ueberblick_1100x450px_Gebaude-1024x419.jpg 1024w, https:\/\/branchenversicherung.ch\/wp-content\/uploads\/2021\/12\/BV_Leistungen_Portfolio_Ueberblick_1100x450px_Gebaude-300x123.jpg 300w, https:\/\/branchenversicherung.ch\/wp-content\/uploads\/2021\/12\/BV_Leistungen_Portfolio_Ueberblick_1100x450px_Gebaude-768x314.jpg 768w, https:\/\/branchenversicherung.ch\/wp-content\/uploads\/2021\/12\/BV_Leistungen_Portfolio_Ueberblick_1100x450px_Gebaude-1536x628.jpg 1536w, https:\/\/branchenversicherung.ch\/wp-content\/uploads\/2021\/12\/BV_Leistungen_Portfolio_Ueberblick_1100x450px_Gebaude-2048x838.jpg 2048w\" sizes=\"(max-width: 1024px) 100vw, 1024px\" \/><\/figure>\n\n\n<div class=\"gb-container gb-container-afb350c0\"><div class=\"gb-inside-container\">\n\n<h3 class=\"gb-headline gb-headline-5b7b2985 gb-headline-text\">Assicurazione commerziale<\/h3>\n\n\n\n<p class=\"margin__bottom__10__p\">I rischi d\u2019impresa non possono essere mai totalmente eliminati \u2013 ma si possono assicurare in modo mirato. Le nostre assicurazioni di cose per aziende proteggono la vostra azienda dalle perdite finanziarie e assicurano in modo affidabile la continuazione dell\u2019attivit\u00e0.<\/p>\n\n\n\n<ul class=\"wp-block-list list__leinstungen__items\">\n<li><a href=\"https:\/\/branchenversicherung.ch\/it\/servizi\/assicurazione-di-cose\/\" data-type=\"page\" data-id=\"4458\"><strong>Assicurazione di cose<\/strong><\/a><\/li>\n\n\n\n<li><a href=\"https:\/\/branchenversicherung.ch\/it\/servizi\/assicurazione-edificio\/\" data-type=\"page\" data-id=\"4458\"><strong>Assicurazione edificio<\/strong><\/a><\/li>\n\n\n\n<li><strong><a href=\"https:\/\/branchenversicherung.ch\/it\/servizi\/assicurazione-responsabilita-civile-per-imprese\/\" data-type=\"URL\" data-id=\"\/leistungen\/gebaeudeversicherung\/\">Assicurazione responsabilit\u00e0 civile per imprese<\/a><\/strong><\/li>\n\n\n\n<li><a href=\"https:\/\/branchenversicherung.ch\/it\/servizi\/assicurazione-di-protezione-giuridica\/\" data-type=\"page\" data-id=\"4555\"><strong>Assicurazione di protezione giuridica<\/strong><\/a><\/li>\n<\/ul>\n\n<\/div><\/div>\n<\/div><\/div><\/div>\n<\/div>\n\n\n\n<div class=\"wp-block-columns is-layout-flex wp-container-core-columns-is-layout-9d6595d7 wp-block-columns-is-layout-flex\">\n<div class=\"wp-block-column is-layout-flow wp-block-column-is-layout-flow\"><div class=\"gb-container gb-container-b0db8f74 leinstungen__container\"><div class=\"gb-inside-container\">\n\n<figure class=\"wp-block-image size-large\"><img decoding=\"async\" width=\"1024\" height=\"419\" src=\"https:\/\/branchenversicherung.ch\/wp-content\/uploads\/2021\/12\/BV_Leistungen_Portfolio_Ueberblick_1100x450px_Hausrat-1024x419.jpg\" alt=\"\" class=\"wp-image-10186\" srcset=\"https:\/\/branchenversicherung.ch\/wp-content\/uploads\/2021\/12\/BV_Leistungen_Portfolio_Ueberblick_1100x450px_Hausrat-1024x419.jpg 1024w, https:\/\/branchenversicherung.ch\/wp-content\/uploads\/2021\/12\/BV_Leistungen_Portfolio_Ueberblick_1100x450px_Hausrat-300x123.jpg 300w, https:\/\/branchenversicherung.ch\/wp-content\/uploads\/2021\/12\/BV_Leistungen_Portfolio_Ueberblick_1100x450px_Hausrat-768x314.jpg 768w, https:\/\/branchenversicherung.ch\/wp-content\/uploads\/2021\/12\/BV_Leistungen_Portfolio_Ueberblick_1100x450px_Hausrat-1536x628.jpg 1536w, https:\/\/branchenversicherung.ch\/wp-content\/uploads\/2021\/12\/BV_Leistungen_Portfolio_Ueberblick_1100x450px_Hausrat-2048x838.jpg 2048w\" sizes=\"(max-width: 1024px) 100vw, 1024px\" \/><\/figure>\n\n\n<div class=\"gb-container gb-container-767a2dee\"><div class=\"gb-inside-container\">\n\n<h3 class=\"gb-headline gb-headline-486b6b6b gb-headline-text\">Assicurazioni private per imprenditori<\/h3>\n\n\n\n<p class=\"margin__bottom__10__p\">Anche come imprenditrici e imprenditori \u00e8 bene non trascurare una copertura assicurativa personale. Le nostre assicurazioni private per lavoratrici e lavoratori autonomi offrono protezione contro i rischi individuali e sicurezza finanziaria nella vita quotidiana.<\/p>\n\n\n\n<ul class=\"wp-block-list list__leinstungen__items\">\n<li><a href=\"https:\/\/branchenversicherung.ch\/it\/servizi\/assicurazione-responsabilita-civile-privata\/\" data-type=\"page\" data-id=\"4574\"><strong>Assicurazione responsabilit\u00e0 civile privata<\/strong><\/a><\/li>\n\n\n\n<li><strong><a href=\"https:\/\/branchenversicherung.ch\/it\/servizi\/assicurazione-mobilia-domestica\/\" data-type=\"page\" data-id=\"4592\">Assicurazione mobilia domestica per i privati<\/a><\/strong><\/li>\n\n\n\n<li><a href=\"https:\/\/branchenversicherung.ch\/it\/servizi\/assicurazione-veicoli-a-motore\/\" data-type=\"page\" data-id=\"4620\"><strong>Assicurazione veicoli a motore<\/strong><\/a><\/li>\n<\/ul>\n\n<\/div><\/div>\n<\/div><\/div><\/div>\n\n\n\n<div class=\"wp-block-column is-layout-flow wp-block-column-is-layout-flow\"><\/div>\n<\/div>\n\n<\/div><\/div>\n\n<div class=\"gb-container gb-container-372adc8a\"><div class=\"gb-inside-container\">\n\n<div style=\"height:30px\" aria-hidden=\"true\" class=\"wp-block-spacer\"><\/div>\n\n\n\n<h2 class=\"wp-block-heading\"><strong><strong>Domande sulle assicurazioni per PMI, lavoratrici e lavoratori autonomi<\/strong><\/strong><\/h2>\n\n\n\n<div style=\"height:5px\" aria-hidden=\"true\" class=\"wp-block-spacer\"><\/div>\n\n\n<section id=\"accordionB-block_57ace47e7862a184f6bf08406076b6d6\" class=\"accordionB container__accordion\">\n  <div class=\"rows__accordion make__accordion\"><h3 class=\"accordion__title__down\"> <span class=\"acc__head__text\"> Quali assicurazioni sono indicate ai fini di una protezione ottimale per lavoratrici e lavoratori autonomi?<\/span><span class=\"icon__accordion__acc\"> <i class=\"fas fa-chevron-down\"><\/i>  <i class=\"fas fa-chevron-up\"><\/i> <\/span><\/h3><div class=\"accordion__hidden__shown\"><p>Per le lavoratrici e i lavoratori autonomi non sussiste un obbligo assicurativo uniforme, tuttavia alcune assicurazioni sono particolarmente consigliabili per proteggersi contro i rischi finanziari. Un\u2019assicurazione individuale contro gli infortuni, pur essendo volontaria, pu\u00f2 essere opportuna per assicurarsi contro le perdite di guadagno. Un\u2019assicurazione responsabilit\u00e0 civile per imprese protegge contro le richieste di risarcimento danni da parte di terzi, mentre l\u2019assicurazione di indennit\u00e0 giornaliera per malattia per lavoratrici e lavoratori autonomi permette di sopperire alle perdite di guadagno in caso di inabilit\u00e0 al lavoro prolungata. A seconda del settore di attivit\u00e0, inoltre, possono essere indicate un\u2019assicurazione di cose o un\u2019assicurazione di protezione giuridica.<\/p>\n<\/div><hr class=\"accordion__separate row__seps\"><\/div><div class=\"rows__accordion make__accordion\"><h3 class=\"accordion__title__down\"> <span class=\"acc__head__text\"> Quali assicurazioni sono prescritte per legge per una PMI?<\/span><span class=\"icon__accordion__acc\"> <i class=\"fas fa-chevron-down\"><\/i>  <i class=\"fas fa-chevron-up\"><\/i> <\/span><\/h3><div class=\"accordion__hidden__shown\"><p style=\"font-weight: 400;\">In Svizzera, per una PMI con dipendenti \u00e8 obbligatoria la stipula di un\u2019assicurazione contro gli infortuni (AINF). Questa comprende l\u2019assicurazione contro gli infortuni professionali (AIP), che copre tutte le collaboratrici e tutti i collaboratori indipendentemente dal grado di occupazione. Le collaboratrici e i collaboratori devono anche essere assicurati contro gli infortuni non professionali (AINP) se sono impiegati nell\u2019azienda per almeno 8 ore a settimana. Ulteriori assicurazioni, come l\u2019assicurazione responsabilit\u00e0 civile per imprese, l\u2019assicurazione di cose o l\u2019assicurazione di protezione giuridica, non sono prescritte per legge ma sono comunque estremamente consigliabili per contenere i rischi finanziari.<\/p>\n<\/div><hr class=\"accordion__separate row__seps\"><\/div><div class=\"rows__accordion make__accordion\"><h3 class=\"accordion__title__down\"> <span class=\"acc__head__text\"> Esistono assicurazioni specifiche di settore per le PMI in Svizzera?<\/span><span class=\"icon__accordion__acc\"> <i class=\"fas fa-chevron-down\"><\/i>  <i class=\"fas fa-chevron-up\"><\/i> <\/span><\/h3><div class=\"accordion__hidden__shown\"><p>S\u00ec. Grazie a soluzioni assicurative flessibili \u00e8 possibile realizzare prodotti su misura per le esigenze specifiche di diversi settori di attivit\u00e0. In quanto partner specializzato per le PMI di diversi settori dell\u2019economia, l\u2019Assicurazione dei mestieri conosce i rischi tipici di singole categorie professionali e offre una copertura mirata \u2013 dal commercio al dettaglio di generi alimentari alle imprese di servizi, dal settore sanitario ad altri ambiti di attivit\u00e0. In questo modo \u00e8 possibile avvalersi di soluzioni assicurative adatte alle proprie esigenze, che vanno oltre i prodotti standard.<\/p>\n<\/div><hr class=\"accordion__separate row__seps\"><\/div><div class=\"rows__accordion make__accordion\"><h3 class=\"accordion__title__down\"> <span class=\"acc__head__text\"> In che modo posso ottimizzare i miei costi di assicurazione come PMI?<\/span><span class=\"icon__accordion__acc\"> <i class=\"fas fa-chevron-down\"><\/i>  <i class=\"fas fa-chevron-up\"><\/i> <\/span><\/h3><div class=\"accordion__hidden__shown\"><p style=\"font-weight: 400;\">Per ottimizzare i costi di assicurazione per una PMI, una lavoratrice o un lavoratore indipendente, \u00e8 determinante valutare le franchigie: franchigie pi\u00f9 alte comportano generalmente premi pi\u00f9 bassi, tuttavia dovrebbero essere sempre commisurate al profilo di rischio. Inoltre, in termini pratici le doppie coperture determinano spesso costi di assicurazione inutilmente elevati. Un\u2019analisi accurata con consulenti assicurativi esperti aiuta a riconoscere tali sovrapposizioni e a evitarle in modo mirato. Anche la prevenzione mirata dei rischi \u2013 ad esempio mediante misure di sicurezza o corsi di formazione \u2013 contribuisce a evitare danni e ha un effetto positivo a lungo termine sulla strutturazione dei premi.<\/p>\n<\/div><hr class=\"accordion__separate row__seps\"><\/div><\/section>\n\n\n\n<div style=\"height:10px\" aria-hidden=\"true\" class=\"wp-block-spacer\"><\/div>\n\n<\/div><\/div>\n\n<div class=\"gb-container gb-container-e27ca0d7 new__height__lastB\"><div class=\"gb-inside-container\">\n<div class=\"gb-grid-wrapper gb-grid-wrapper-ad873ded\">\n<div class=\"gb-grid-column gb-grid-column-ff3b5aef\"><div class=\"gb-container gb-container-ff3b5aef eql__column\"><div class=\"gb-inside-container\">\n\n<figure class=\"wp-block-image size-large image__full\"><img decoding=\"async\" width=\"1024\" height=\"690\" src=\"https:\/\/branchenversicherung.ch\/wp-content\/uploads\/2021\/11\/vortiele-banner-1024x690.webp\" alt=\"\" class=\"wp-image-7154\" srcset=\"https:\/\/branchenversicherung.ch\/wp-content\/uploads\/2021\/11\/vortiele-banner-1024x690.webp 1024w, https:\/\/branchenversicherung.ch\/wp-content\/uploads\/2021\/11\/vortiele-banner-300x202.webp 300w, https:\/\/branchenversicherung.ch\/wp-content\/uploads\/2021\/11\/vortiele-banner-768x518.webp 768w, https:\/\/branchenversicherung.ch\/wp-content\/uploads\/2021\/11\/vortiele-banner.webp 1120w\" sizes=\"(max-width: 1024px) 100vw, 1024px\" \/><\/figure>\n\n<\/div><\/div><\/div>\n\n<div class=\"gb-grid-column gb-grid-column-70dee188\"><div class=\"gb-container gb-container-70dee188 make__me__relative\"><div class=\"gb-inside-container\">\n\n<h2 class=\"gb-headline gb-headline-0d84eeb5 gb-headline-text\">I vostri vantaggi con noi<\/h2>\n\n\n\n<ul class=\"wp-block-list list__style__square has-normal-font-size\">\n<li>La nostra forma giuridica \u2013 Con noi non sei solo un cliente ma anche un comproprietario<\/li>\n\n\n\n<li>Consulenti indipendenti dalle commissioni \u2013 viene offerto solo ci\u00f2 che ha senso<\/li>\n\n\n\n<li>Contatto personale e gestione rapida dei sinistri<\/li>\n\n\n\n<li>Trilingue e rappresentato in tutta la Svizzera<\/li>\n<\/ul>\n\n\n\n<p><\/p>\n\n\n\n<p class=\"half__button__icon should__be__bottom\"><a href=\"https:\/\/branchenversicherung.ch\/it\/chi-siamo\/vantaggi\/\">In questo modo<\/a><\/p>\n\n<\/div><\/div><\/div>\n<\/div>\n<\/div><\/div>","protected":false},"excerpt":{"rendered":"<p>Le nostre prestazioni assicurative in sintesi Le nostre assicurazioni per PMI, lavoratrici e lavoratori autonomi coprono un ampio ventaglio di rischi e si suddividono in tre categorie principali. Ogni prestazione \u00e8 concepita per le esigenze specifiche delle lavoratrici e dei lavoratori autonomi, delle aziende e dei loro dipendenti. Il nostro portafoglio in sintesi Assocurazioni personale &#8230; <a title=\"Assicurazioni\" class=\"read-more\" href=\"https:\/\/branchenversicherung.ch\/it\/servizi\/\" aria-label=\"More on Assicurazioni\">Leggi tutto<\/a><\/p>\n","protected":false},"author":2,"featured_media":0,"parent":0,"menu_order":55,"comment_status":"closed","ping_status":"closed","template":"","meta":{"_acf_changed":false,"iawp_total_views":50,"footnotes":""},"class_list":["post-21582","page","type-page","status-publish"],"acf":[],"_links":{"self":[{"href":"https:\/\/branchenversicherung.ch\/it\/wp-json\/wp\/v2\/pages\/21582","targetHints":{"allow":["GET"]}}],"collection":[{"href":"https:\/\/branchenversicherung.ch\/it\/wp-json\/wp\/v2\/pages"}],"about":[{"href":"https:\/\/branchenversicherung.ch\/it\/wp-json\/wp\/v2\/types\/page"}],"author":[{"embeddable":true,"href":"https:\/\/branchenversicherung.ch\/it\/wp-json\/wp\/v2\/users\/2"}],"replies":[{"embeddable":true,"href":"https:\/\/branchenversicherung.ch\/it\/wp-json\/wp\/v2\/comments?post=21582"}],"version-history":[{"count":9,"href":"https:\/\/branchenversicherung.ch\/it\/wp-json\/wp\/v2\/pages\/21582\/revisions"}],"predecessor-version":[{"id":21633,"href":"https:\/\/branchenversicherung.ch\/it\/wp-json\/wp\/v2\/pages\/21582\/revisions\/21633"}],"wp:attachment":[{"href":"https:\/\/branchenversicherung.ch\/it\/wp-json\/wp\/v2\/media?parent=21582"}],"curies":[{"name":"wp","href":"https:\/\/api.w.org\/{rel}","templated":true}]}}