{"id":8412,"date":"2021-11-29T11:05:03","date_gmt":"2021-11-29T10:05:03","guid":{"rendered":"https:\/\/branchenversicherung.ch\/segnala-un-danno\/"},"modified":"2026-04-16T11:24:10","modified_gmt":"2026-04-16T09:24:10","slug":"notificare-un-sinistro","status":"publish","type":"page","link":"https:\/\/branchenversicherung.ch\/it\/servizio\/notificare-un-sinistro\/","title":{"rendered":"Notificare un sinistro"},"content":{"rendered":"<section id=\"fullHeaderNoImg-block_886a8e4950bff922ea078f1f609550c4\" class=\"fullHeaderNoImg container__page__fullNoImg\">\n  <div class=\"inside__hero__half  imagineNowFullNoImg\">\n    <div class=\"fullNoImg__description__row\">\n                <p class=\"parent__title__single__fni\">\n      <a href=\"https:\/\/branchenversicherung.ch\/it\/servizio\/\">Servizio<\/a><\/p>\n          <h1 class=\"hero__title__h__fni\">Notificare un sinistro <\/h1>\n            <!-- <img decoding=\"async\" src=\"\/wp-content\/uploads\/2021\/09\/arrow-to-next.svg\" class=\"scroll__one__bottom\"> -->\n          <\/div>\n  <\/div>\n<\/section>\n\n\n<div class=\"gb-container gb-container-5db600da\"><div class=\"gb-inside-container\">\n<div class=\"gb-grid-wrapper gb-grid-wrapper-482769dc\">\n<div class=\"gb-grid-column gb-grid-column-ac36eabe\"><div class=\"gb-container gb-container-ac36eabe\"><div class=\"gb-inside-container\">\n<div class=\"gb-grid-wrapper gb-grid-wrapper-34cc7a73\">\n<div class=\"gb-grid-column gb-grid-column-cc4967be\"><div class=\"gb-container gb-container-cc4967be\"><div class=\"gb-inside-container\">\n\n<p class=\"some__height__new__header\"> Qui notifica il suo sinistro in tutta rapidit\u00e0 e semplicit\u00e0. Compili in tutte le sue parti il modulo sinistri adeguato e ce lo spedisca tramite posta ordinaria o e-mail.<\/p>\n\n\n\n<div class=\"scroll__one__bottom new__page__arrow\"> <\/div>\n\n<\/div><\/div><\/div>\n<\/div>\n\n<section id=\"schadenList-block_dd8b8ed051dcf27ab65f95ab1018c756\" class=\"schadenList container__schadenM__list\">\n  <ul class=\"list__schadenM__ul no__ul__this\">      <li>\n        <a href=\"https:\/\/branchenversicherung.bbtclaims.ch\/it\/sunet\/create\/\" target=\"_blank\" rel=\"noopener\">\n          <span class=\"title__schadenM__list\"> Segnalare una malattia o un incidente<\/span> <span class=\"go__to__schadenM__mehr\">  <span class=\"mehr__arrow__schadenM\"><\/span>\n        <\/a>\n                <p class=\"sch__desc\"> Ci notifichi un infortunio o una malattia.  <\/p>\n                <hr class=\"schadenM__hr\">\n      <\/li>\n\n        <li>\n        <a href=\"https:\/\/bbtsoftware.ch\/it\/assistenza-sunetplus\/\" target=\"_self\" rel=\"noopener\">\n          <span class=\"title__schadenM__list\"> Per diverse notifiche di incidenti e malattie all&#8217;anno<\/span> <span class=\"go__to__schadenM__mehr\">  <span class=\"mehr__arrow__schadenM\"><\/span>\n        <\/a>\n                <p class=\"sch__desc\"> Il nostro consiglio: semplice e veloce con Sunetplus Se si inseriscono pi\u00f9 di 15 rapporti di infortunio e malattia all&#8217;anno, si consiglia l&#8217;elaborazione elettronica dei sinistri con Sunetplus. Con l&#8217;importazione di dati salariali e personali, questo programma permette di inviare reclami rapidamente e facilmente. <\/p>\n                <hr class=\"schadenM__hr\">\n      <\/li>\n\n        <li>\n        <a href=\"\/wp-content\/uploads\/2021\/11\/Avviso_di_sinistro.pdf\" target=\"_blank\" >\n          <span class=\"title__schadenM__list\"> Assicurazioni di cose<\/span> <span class=\"go__to__schadenM__mehr\">  <span class=\"mehr__arrow__schadenM\"><\/span>\n        <\/a>\n                <p class=\"sch__desc\"> Puoi usare il seguente modulo per segnalare un danno alla tua propriet\u00e0, al tuo edificio o un furto:<br \/>\r\nModulo per la segnalazione di danni alla propriet\u00e0 <\/p>\n                <hr class=\"schadenM__hr\">\n      <\/li>\n\n        <li>\n        <a href=\"https:\/\/emmental-versicherung.ch\/de\/services\/schaden-melden\/\" target=\"_blank\" rel=\"noopener\">\n          <span class=\"title__schadenM__list\"> Dichiarare i casi di responsabilit\u00e0 civile<\/span> <span class=\"go__to__schadenM__mehr\">  <span class=\"mehr__arrow__schadenM\"><\/span>\n        <\/a>\n                <p class=\"sch__desc\"> Qui potete inserire i casi di responsabilit\u00e0. I casi di responsabilit\u00e0 civile sono gestiti dal nostro partner di responsabilit\u00e0 civile, emmental assicurazione. <\/p>\n                <hr class=\"schadenM__hr\">\n      <\/li>\n\n        <li>\n        <a href=\"https:\/\/service.dextra.ch\/it\/accesso\" target=\"_blank\" rel=\"noopener\">\n          <span class=\"title__schadenM__list\"> Dichiarare i casi di responsabilit\u00e0<\/span> <span class=\"go__to__schadenM__mehr\">  <span class=\"mehr__arrow__schadenM\"><\/span>\n        <\/a>\n                <p class=\"sch__desc\"> Qui potete inserire i casi di responsabilit\u00e0. I casi di responsabilit\u00e0 civile sono gestiti dal nostro partner di responsabilit\u00e0 civile, Dextra. <\/p>\n                <hr class=\"schadenM__hr\">\n      <\/li>\n\n        <li>\n        <a href=\"https:\/\/emmental-versicherung.ch\/de\/services\/schaden-melden\/\" target=\"_blank\" rel=\"noopener\">\n          <span class=\"title__schadenM__list\"> Segnalazione di danni ai veicoli a motore<\/span> <span class=\"go__to__schadenM__mehr\">  <span class=\"mehr__arrow__schadenM\"><\/span>\n        <\/a>\n                <p class=\"sch__desc\"> Segnalate i danni al vostro veicolo a motore: Vai qui per segnalare i danni ai veicoli a motore. I danni ai veicoli a motore sono gestiti dal nostro partner, emmental assicurazione. <\/p>\n                <hr class=\"schadenM__hr\">\n      <\/li>\n\n  <\/section>\n\n<\/div><\/div><\/div>\n<\/div>\n<\/div><\/div>\n\n<div class=\"gb-container gb-container-791683f9\"><div class=\"gb-inside-container\">\n<div class=\"gb-grid-wrapper gb-grid-wrapper-9392e505\">\n<div class=\"gb-grid-column gb-grid-column-9e90f4ad\"><div class=\"gb-container gb-container-9e90f4ad\"><div class=\"gb-inside-container\">\n\n<h3 class=\"gb-headline gb-headline-cbac88a5 gb-headline-text\"><strong>Ha delle domande circa la notifica di sinistri?<\/strong><\/h3>\n\n\n\n<p class=\"gb-headline gb-headline-10cf7233 gb-headline-text\">Orari di apertura<\/p>\n\n\n\n<p class=\"gb-headline gb-headline-ac7cd593 gb-headline-text\">Lunedi &#8211; Venerd\u00ec 07:30-12:00 | 13:00-17:00<\/p>\n\n\n\n<p class=\"gb-headline gb-headline-1f803bd6 gb-headline-text\">+41 44 267 61 61<\/p>\n\n\n<div class=\"gb-button-wrapper gb-button-wrapper-d066b64f\">\n\n<a class=\"gb-button gb-button-24d5b447 gb-button-text button__bold\" href=\"mailto:schaden@branchenversicherung.ch\">Scrivere un&#8217;e-mail<\/a>\n\n<\/div>\n<\/div><\/div><\/div>\n<\/div>\n<\/div><\/div>\n\n<div class=\"gb-container gb-container-06635c61\"><div class=\"gb-inside-container\">\n<div class=\"gb-grid-wrapper gb-grid-wrapper-0a37ed4e\">\n<div class=\"gb-grid-column gb-grid-column-89137cbb\"><div class=\"gb-container gb-container-89137cbb eql__column\"><div class=\"gb-inside-container\">\n\n<figure class=\"wp-block-image size-large image__full\"><img decoding=\"async\" width=\"1024\" height=\"688\" src=\"https:\/\/branchenversicherung.ch\/wp-content\/uploads\/2021\/11\/BV_Teaser_Sunetplus_1120x752px-1024x688.jpg\" alt=\"\" class=\"wp-image-8532\" srcset=\"https:\/\/branchenversicherung.ch\/wp-content\/uploads\/2021\/11\/BV_Teaser_Sunetplus_1120x752px-1024x688.jpg 1024w, https:\/\/branchenversicherung.ch\/wp-content\/uploads\/2021\/11\/BV_Teaser_Sunetplus_1120x752px-300x201.jpg 300w, https:\/\/branchenversicherung.ch\/wp-content\/uploads\/2021\/11\/BV_Teaser_Sunetplus_1120x752px-768x516.jpg 768w, https:\/\/branchenversicherung.ch\/wp-content\/uploads\/2021\/11\/BV_Teaser_Sunetplus_1120x752px.jpg 1120w\" sizes=\"(max-width: 1024px) 100vw, 1024px\" \/><\/figure>\n\n<\/div><\/div><\/div>\n\n<div class=\"gb-grid-column gb-grid-column-c60c3561\"><div class=\"gb-container gb-container-c60c3561 make__me__relative \"><div class=\"gb-inside-container\">\n\n<figure class=\"wp-block-image size-large is-resized\"><img decoding=\"async\" width=\"120\" height=\"74\" src=\"https:\/\/branchenversicherung.ch\/wp-content\/uploads\/\/2021\/09\/SunetPlus-removebg-preview-v3__FitWzEyMCwxMjBd.svg\" alt=\"\" class=\"wp-image-5807\" style=\"width:110px;height:68px\"\/><\/figure>\n\n\n\n<h2 class=\"gb-headline gb-headline-d7859df7 gb-headline-text\">Rapporti multipli di incidenti e malattie?<\/h2>\n\n\n\n<p>Per numerose notifiche di infortuni e malattia all\u2019anno, consigliamo la gestione elettronica dei sinistri tramite Sunetplus. <\/p>\n\n\n\n<p class=\"half__button__icon should__be__bottom\"><a href=\"https:\/\/bbtsoftware.ch\/it\/assistenza-sunetplus\/\" target=\"_blank\" rel=\"noreferrer noopener\">avanti<\/a><\/p>\n\n<\/div><\/div><\/div>\n<\/div>\n<\/div><\/div>","protected":false},"excerpt":{"rendered":"","protected":false},"author":1,"featured_media":0,"parent":8730,"menu_order":72,"comment_status":"closed","ping_status":"closed","template":"","meta":{"_acf_changed":false,"iawp_total_views":154,"footnotes":""},"class_list":["post-8412","page","type-page","status-publish"],"acf":[],"_links":{"self":[{"href":"https:\/\/branchenversicherung.ch\/it\/wp-json\/wp\/v2\/pages\/8412","targetHints":{"allow":["GET"]}}],"collection":[{"href":"https:\/\/branchenversicherung.ch\/it\/wp-json\/wp\/v2\/pages"}],"about":[{"href":"https:\/\/branchenversicherung.ch\/it\/wp-json\/wp\/v2\/types\/page"}],"author":[{"embeddable":true,"href":"https:\/\/branchenversicherung.ch\/it\/wp-json\/wp\/v2\/users\/1"}],"replies":[{"embeddable":true,"href":"https:\/\/branchenversicherung.ch\/it\/wp-json\/wp\/v2\/comments?post=8412"}],"version-history":[{"count":53,"href":"https:\/\/branchenversicherung.ch\/it\/wp-json\/wp\/v2\/pages\/8412\/revisions"}],"predecessor-version":[{"id":23104,"href":"https:\/\/branchenversicherung.ch\/it\/wp-json\/wp\/v2\/pages\/8412\/revisions\/23104"}],"up":[{"embeddable":true,"href":"https:\/\/branchenversicherung.ch\/it\/wp-json\/wp\/v2\/pages\/8730"}],"wp:attachment":[{"href":"https:\/\/branchenversicherung.ch\/it\/wp-json\/wp\/v2\/media?parent=8412"}],"curies":[{"name":"wp","href":"https:\/\/api.w.org\/{rel}","templated":true}]}}