{"id":8521,"date":"2021-11-29T11:40:40","date_gmt":"2021-11-29T10:40:40","guid":{"rendered":"https:\/\/branchenversicherung.ch\/dal-2014-collaboriamo-strettamente-con-lupi-lufficio-prevenzione-infortuni-con-i-cosiddetti-safetykit-vi-aiutiamo-a-evitare-danni-e-infortuni\/"},"modified":"2022-03-21T14:40:14","modified_gmt":"2022-03-21T13:40:14","slug":"chi-siamo","status":"publish","type":"page","link":"https:\/\/branchenversicherung.ch\/it\/chi-siamo\/","title":{"rendered":"Chi Siamo"},"content":{"rendered":"<section id=\"halfHeader-block_615bfb7011213\" class=\"halfHeader container__page\">\n  <div class=\"inside__hero__half imagineNow\">\n    <div class=\"half__description__row\">\n            <h1 class=\"hero__title__h\">Una breve presentazione <\/h1>\n            <p class=\"description__row\"> Diamo il tutto per tutto per clienti soddisfatti: in fin dei conti, il nostro lavoro \u00e8 rappresentare al meglio i vostri interessi. Ci\u00f2 significa che ci prendiamo il tempo necessario e che vi ascoltiamo per elaborare insieme la soluzione assicurativa ottimale.<\/p>\n         \n        \n                  \n      <!--<div  class=\"scroll__one__bottom with__new__arrow\"> <\/div>-->\n    <\/div>\n    <div class=\"half__image__row\">\n      <img decoding=\"async\" width=\"1920\" height=\"1119\" src=\"https:\/\/branchenversicherung.ch\/wp-content\/uploads\/2022\/03\/BV_Ueber_uns_Vorteile_Header_1680x980px.webp\" class=\"attachment-full size-full\" alt=\"\" srcset=\"https:\/\/branchenversicherung.ch\/wp-content\/uploads\/2022\/03\/BV_Ueber_uns_Vorteile_Header_1680x980px.webp 1920w, https:\/\/branchenversicherung.ch\/wp-content\/uploads\/2022\/03\/BV_Ueber_uns_Vorteile_Header_1680x980px-300x175.webp 300w, https:\/\/branchenversicherung.ch\/wp-content\/uploads\/2022\/03\/BV_Ueber_uns_Vorteile_Header_1680x980px-1024x597.webp 1024w, https:\/\/branchenversicherung.ch\/wp-content\/uploads\/2022\/03\/BV_Ueber_uns_Vorteile_Header_1680x980px-768x448.webp 768w, https:\/\/branchenversicherung.ch\/wp-content\/uploads\/2022\/03\/BV_Ueber_uns_Vorteile_Header_1680x980px-1536x895.webp 1536w\" sizes=\"(max-width: 1920px) 100vw, 1920px\" \/>    <\/div>\n  <\/div>\n<\/section>\n\n\n<div class=\"gb-container gb-container-568723d7\"><div class=\"gb-inside-container\">\n<div class=\"gb-grid-wrapper gb-grid-wrapper-6e83b622\">\n<div class=\"gb-grid-column gb-grid-column-45437568\"><div class=\"gb-container gb-container-45437568 fix__uber__p\"><div class=\"gb-inside-container\">\n\n<h2 class=\"gb-headline gb-headline-28c6b497 gb-headline-text\">I vostri vantaggi in dettaglio.<\/h2>\n\n\n\n<p><strong>Pi\u00f9 di 100 anni di esperienza a livello commerciale e aziendale<\/strong><\/p>\n\n\n\n<p>Dal 1902 ampliamo costantemente la nostra esperienza e raffiniamo il nostro know-how specialistico. Per cui siamo l\u2019assicuratore di nicchia svizzero specializzato anche nel vostro settore di attivit\u00e0. I nostri specialisti per tutte le questioni assicurative agiscono in modo rapido e snello, realizzando cos\u00ec soluzioni su misura per voi.  <\/p>\n\n<\/div><\/div><\/div>\n\n<div class=\"gb-grid-column gb-grid-column-5376f418\"><div class=\"gb-container gb-container-5376f418 fix__uber__p\"><div class=\"gb-inside-container\">\n\n<p><strong>Rimborsi della cooperativa<\/strong><\/p>\n\n\n\n<p>Da noi non siete solo clienti della cooperativa (Cooperativa assicurazione dei mestieri), bens\u00ec anche proprietari. In quanto tali, approfittate dell\u2019utile che realizziamo solidalmente e che ridistribuiamo sotto forma di rimborsi annuali. <\/p>\n\n<\/div><\/div><\/div>\n\n<div class=\"gb-grid-column gb-grid-column-d62f7157\"><div class=\"gb-container gb-container-d62f7157 fix__uber__p\"><div class=\"gb-inside-container\">\n\n<p><strong>Indipendenza da provvigioni<\/strong><\/p>\n\n\n\n<p>L&#8217;obiettivit\u00e0 \u00e8 quasi sempre la migliore consigliera. Questa regola vale anche per noi. Non per niente i nostri collaboratori del servizio esterno lavorano senza provvigioni  <\/p>\n\n\n\n<p>Inusuale, ma intelligente: i nostri consulenti assicurativi ricevono salari fissi, ovvero non sono sottoposti alla pressione di dover vendere a tutti i costi dei prodotti in pi\u00f9. In questo modo, le vostre necessit\u00e0 sono al centro dei nostri sforzi: il che, all\u2019insegna del motto \u00abCliente felice, assicuratore felice\u00bb, corrisponde ai nostri obiettivi. I nostri consulenti sono costantemente alla ricerca delle soluzioni e dei vantaggi migliori per voi, solo nel vostro interesse. Una chiara situazione win-win.   <\/p>\n\n<\/div><\/div><\/div>\n\n<div class=\"gb-grid-column gb-grid-column-5aa00d75\"><div class=\"gb-container gb-container-5aa00d75 fix__uber__p\"><div class=\"gb-inside-container\">\n\n<p><strong>Il nostro impegno per i giovani imprenditori<\/strong><\/p>\n\n\n\n<p>Le nuove leve sono la migliore garanzia per il futuro. Il nostro fondo per giovani e motivati imprenditori rappresenta un supporto reale per le prossime generazioni dei nostri settori partner. Tutti coloro che sono membri delle nostre associazioni partner possono richiedere sovvenzioni dal nostro Fondo per giovani imprenditori. Sono inclusi coloro che hanno sottoscritto con noi da quattro a cinque assicurazioni per la propria impresa.   <\/p>\n\n\n\n<p>Il consiglio migliore \u00e8 discutere la creazione della vostra azienda per tempo con il vostro consulente assicurativo. Poich\u00e9 il consulente conosce al meglio le caratteristiche e le sfide del vostro settore di attivit\u00e0. <\/p>\n\n<\/div><\/div><\/div>\n\n<div class=\"gb-grid-column gb-grid-column-1f44c564\"><div class=\"gb-container gb-container-1f44c564 fix__uber__p\"><div class=\"gb-inside-container\">\n\n<p><strong>Casseforti sicure<\/strong><\/p>\n\n\n\n<p>Proteggete ci\u00f2 che vi sta a cuore ed \u00e8 caro. Incassi giornalieri, gioielli, cimeli di famiglia, documenti riservati o copie di dati spesso non hanno prezzo. Noi vi mostriamo come rendere difficili le cose a potenziali ladri nella vostra azienda o abitazione e come proteggervi contro la perdita di valori materiali ed emotivi. Grazie alla nostra collaborazione con Rigi Tresorbau AG approfittate del 50% di sconto su qualsiasi cassaforte se avete un\u2019assicurazione contro il furto con la Cooperativa assicurazione dei mestieri.   <\/p>\n\n<\/div><\/div><\/div>\n\n<div class=\"gb-grid-column gb-grid-column-bfb577d0\"><div class=\"gb-container gb-container-bfb577d0 fix__uber__p\"><div class=\"gb-inside-container\">\n\n<p><strong>Il nostro impegno per la prevenzione dei sinistri<\/strong><\/p>\n\n\n\n<p>Prevenire \u00e8 notoriamente pi\u00f9 economico che curare danni costosi, ecco perch\u00e9 da anni investiamo nella prevenzione dei sinistri. Tra le misure selezionate troviamo: valutazione qualificata del rischio, consigli pratici per diverse aree di rischio, pratici articoli di consumo, sensibilizzazione costante per la prevenzione degli infortuni nel tempo libero e cooperazione con l\u2019Ufficio prevenzione infortuni (upi). <\/p>\n\n<\/div><\/div><\/div>\n\n<div class=\"gb-grid-column gb-grid-column-4e8bed70\"><div class=\"gb-container gb-container-4e8bed70 fix__uber__p\"><div class=\"gb-inside-container\">\n\n<p><strong>Partner in questioni di sicurezza:<\/strong><\/p>\n\n\n\n<p><a href=\"https:\/\/www.safeatwork.ch\/it\" data-type=\"URL\" data-id=\"https:\/\/www.safeatwork.ch\/it\" target=\"_blank\" rel=\"noreferrer noopener\">Safe at work<\/a> Prevenire infortuni, salvare vite<br><a href=\"https:\/\/www.bfu.ch\/it\" data-type=\"URL\" data-id=\"https:\/\/www.bfu.ch\/it\" target=\"_blank\" rel=\"noreferrer noopener\">UPI<\/a> Ufficio prevenzione infortuni<br><a href=\"https:\/\/www.abzspiez.ch\/it\" data-type=\"URL\" data-id=\"https:\/\/www.abzspiez.ch\/it\" target=\"_blank\" rel=\"noreferrer noopener\">ABZ Spiez<\/a> Protezione della sicurezza e della salute sul posto di lavoro<\/p>\n\n\n\n<p>L\u2019applicazione corretta delle misure per la sicurezza sul posto di lavoro \u00e8 di responsabilit\u00e0 dell\u2019associazione professionale. Mentre per il settore specialistico della carne il responsabile \u00e8 il Centro di formazione Spiez (ABZ). Qui ricevete supporti utili e consigli preziosi per la pratica.  <\/p>\n\n\n\n<p><a href=\"\/it\/servizio\/broker-e-partner\/\" data-type=\"URL\" data-id=\"\/it\/servizio\/broker-e-partner\/\">Qui <\/a>trovate le nostre associazioni partner.<\/p>\n\n<\/div><\/div><\/div>\n<\/div>\n<\/div><\/div>\n\n<div class=\"gb-container gb-container-263616bc\"><div class=\"gb-inside-container\">\n<div class=\"gb-grid-wrapper gb-grid-wrapper-0c4876f0\">\n<div class=\"gb-grid-column gb-grid-column-2ea6b614\"><div class=\"gb-container gb-container-2ea6b614 eql__column\"><div class=\"gb-inside-container\">\n\n<figure class=\"wp-block-image size-large image__full\"><img decoding=\"async\" width=\"1024\" height=\"688\" src=\"https:\/\/branchenversicherung.ch\/wp-content\/uploads\/2021\/11\/BV_Teaser_Service_Lernen_Sie_Team_Kennen_1120x752px-1024x688.jpg\" alt=\"\" class=\"wp-image-7166\" srcset=\"https:\/\/branchenversicherung.ch\/wp-content\/uploads\/2021\/11\/BV_Teaser_Service_Lernen_Sie_Team_Kennen_1120x752px-1024x688.jpg 1024w, https:\/\/branchenversicherung.ch\/wp-content\/uploads\/2021\/11\/BV_Teaser_Service_Lernen_Sie_Team_Kennen_1120x752px-300x201.jpg 300w, https:\/\/branchenversicherung.ch\/wp-content\/uploads\/2021\/11\/BV_Teaser_Service_Lernen_Sie_Team_Kennen_1120x752px-768x516.jpg 768w, https:\/\/branchenversicherung.ch\/wp-content\/uploads\/2021\/11\/BV_Teaser_Service_Lernen_Sie_Team_Kennen_1120x752px.jpg 1120w\" sizes=\"(max-width: 1024px) 100vw, 1024px\" \/><\/figure>\n\n<\/div><\/div><\/div>\n\n<div class=\"gb-grid-column gb-grid-column-1059047a\"><div class=\"gb-container gb-container-1059047a make__me__relative\"><div class=\"gb-inside-container\">\n\n<p class=\"margin__bottom__10__p\">Questo potrebbe anche interessarti<\/p>\n\n\n\n<h2 class=\"gb-headline gb-headline-c80ac8d2 gb-headline-text\">Conosci tutto il nostro team<\/h2>\n\n\n\n<p>Impara fatti interessanti e ottieni approfondimenti personali sulla nostra organizzazione.<\/p>\n\n\n\n<p class=\"half__button__icon should__be__bottom\"><a href=\"\/it\/chi-siamo\/organizzazione\/\" data-type=\"page\" target=\"_blank\" rel=\"noreferrer noopener\">La squadra<\/a><\/p>\n\n<\/div><\/div><\/div>\n<\/div>\n<\/div><\/div>\n\n<div class=\"gb-container gb-container-d2c2336e\"><div class=\"gb-inside-container\">\n<div class=\"gb-grid-wrapper gb-grid-wrapper-b2a9a87a\">\n<div class=\"gb-grid-column gb-grid-column-c5eb1a7d\"><div class=\"gb-container gb-container-c5eb1a7d\"><div class=\"gb-inside-container\">\n\n<h2 class=\"gb-headline gb-headline-3cd01c98 gb-headline-text\">I nostri partner<\/h2>\n\n\n\n<p class=\"padding__left__right__20\">Come compagnia assicurativa del settore svizzero, le soluzioni su misura sono la nostra priorit\u00e0 assoluta. Lavoriamo quindi a stretto contatto con numerose associazioni per offrire un&#8217;assicurazione perfettamente adeguata. Tuttavia, questo non significa che offriamo solo soluzioni in questi settori. Il nostro team di consulenti e la nostra gamma di prodotti sono molto ampi e l&#8217;esperienza ha dimostrato che abbiamo la soluzione giusta per quasi ogni settore.<\/p>\n\n\n<section id=\"partnerLogos-block_615c038a11214\" class=\"partnerLogos container__partner__logos\">\n  <div class=\"partners__row\">\n             <div class=\"logos__columns\">\n                                <a class=\"smooth-scroll\" href=\"https:\/\/branchenversicherung.ch\/it\/chi-siamo\/associazioni-partner\/#Partner08\">\n                     <\/a>\n                                <figure>\n                 <img decoding=\"async\" width=\"720\" height=\"280\" src=\"https:\/\/branchenversicherung.ch\/wp-content\/uploads\/2021\/09\/BV_Startseite_Partner_Logo_720x280px_ASMAS.svg\" class=\"attachment-large size-large\" alt=\"\" \/>               <\/figure>\n\n             <\/div>\n\n  \n             <div class=\"logos__columns\">\n                                <a class=\"smooth-scroll\" href=\"https:\/\/branchenversicherung.ch\/it\/chi-siamo\/associazioni-partner\/#Partner07\">\n                     <\/a>\n                                <figure>\n                 <img decoding=\"async\" width=\"720\" height=\"280\" src=\"https:\/\/branchenversicherung.ch\/wp-content\/uploads\/2021\/09\/BV_Startseite_Partner_Logo_720x280px_Multimedia.svg\" class=\"attachment-large size-large\" alt=\"\" \/>               <\/figure>\n\n             <\/div>\n\n  \n             <div class=\"logos__columns\">\n                                <a class=\"smooth-scroll\" href=\"https:\/\/branchenversicherung.ch\/it\/chi-siamo\/associazioni-partner\/#Partner03\">\n                     <\/a>\n                                <figure>\n                 <img decoding=\"async\" width=\"720\" height=\"280\" src=\"https:\/\/branchenversicherung.ch\/wp-content\/uploads\/2021\/09\/BV_Startseite_Partner_Logo_720x280px_Optikschweiz_DE.svg\" class=\"attachment-large size-large\" alt=\"\" \/>               <\/figure>\n\n             <\/div>\n\n  \n             <div class=\"logos__columns\">\n                                <a class=\"smooth-scroll\" href=\"https:\/\/branchenversicherung.ch\/it\/chi-siamo\/associazioni-partner\/#Partner01\">\n                     <\/a>\n                                <figure>\n                 <img decoding=\"async\" width=\"720\" height=\"280\" src=\"https:\/\/branchenversicherung.ch\/wp-content\/uploads\/2021\/09\/BV_Startseite_Partner_Logo_720x280px_SFF.svg\" class=\"attachment-large size-large\" alt=\"\" \/>               <\/figure>\n\n             <\/div>\n\n  \n             <div class=\"logos__columns\">\n                                <a class=\"smooth-scroll\" href=\"https:\/\/branchenversicherung.ch\/it\/chi-siamo\/associazioni-partner\/#Partner02\">\n                     <\/a>\n                                <figure>\n                 <img decoding=\"async\" width=\"720\" height=\"280\" src=\"https:\/\/branchenversicherung.ch\/wp-content\/uploads\/2021\/09\/BV_Startseite_Partner_Logo_720x280px_Drogerie.svg\" class=\"attachment-large size-large\" alt=\"\" \/>               <\/figure>\n\n             <\/div>\n\n  \n             <div class=\"logos__columns\">\n                                <a class=\"smooth-scroll\" href=\"https:\/\/branchenversicherung.ch\/it\/chi-siamo\/associazioni-partner\/#Partner06\">\n                     <\/a>\n                                <figure>\n                 <img decoding=\"async\" width=\"720\" height=\"280\" src=\"https:\/\/branchenversicherung.ch\/wp-content\/uploads\/2021\/09\/BV_Startseite_Partner_Logo_720x280px_Imaging_DE.svg\" class=\"attachment-large size-large\" alt=\"\" \/>               <\/figure>\n\n             <\/div>\n\n  \n             <div class=\"logos__columns\">\n                                <a class=\"smooth-scroll\" href=\"https:\/\/branchenversicherung.ch\/it\/chi-siamo\/associazioni-partner\/#Partner05\">\n                     <\/a>\n                                <figure>\n                 <img decoding=\"async\" width=\"720\" height=\"280\" src=\"https:\/\/branchenversicherung.ch\/wp-content\/uploads\/2021\/11\/BV_Startseite_Partner_Logo_720x280px_Schuhschweiz.svg\" class=\"attachment-large size-large\" alt=\"\" \/>               <\/figure>\n\n             <\/div>\n\n  \n             <div class=\"logos__columns\">\n                                <a class=\"smooth-scroll\" href=\"https:\/\/branchenversicherung.ch\/it\/chi-siamo\/associazioni-partner\/#Partner04\">\n                     <\/a>\n                                <figure>\n                 <img decoding=\"async\" width=\"720\" height=\"280\" src=\"https:\/\/branchenversicherung.ch\/wp-content\/uploads\/2021\/11\/BV_Startseite_Partner_Logo_720x280px_VSSU.svg\" class=\"attachment-large size-large\" alt=\"\" \/>               <\/figure>\n\n             <\/div>\n\n  \n             <div class=\"logos__columns\">\n                                <a class=\"smooth-scroll\" href=\"https:\/\/branchenversicherung.ch\/it\/chi-siamo\/associazioni-partner\/#Partner09\">\n                     <\/a>\n                                <figure>\n                 <img decoding=\"async\" width=\"720\" height=\"280\" src=\"https:\/\/branchenversicherung.ch\/wp-content\/uploads\/2021\/11\/BV_Startseite_Partner_Logo_720x280px_VSRLD_DE.svg\" class=\"attachment-large size-large\" alt=\"\" \/>               <\/figure>\n\n             <\/div>\n\n    <div class=\"empty__logo__column\">\n    <a   href=\"\/it\/contattateci-senza-alcun-obbligo\/\"> <\/a>\n    <p> La tua associazione \u00e8 scomparsa? Nessun problema. Abbiamo anche la soluzione giusta per voi.<\/p>\n    <button  href=\"\/it\/contattateci-senza-alcun-obbligo\/\" class=\"default__red__button button__bold\"> Alla richiesta  <\/button>\n  <\/div>\n  <div><\/section>\n\n<\/div><\/div><\/div>\n<\/div>\n<\/div><\/div>\n\n<div class=\"gb-container gb-container-fc3e409e\"><div class=\"gb-inside-container\">\n<div class=\"gb-grid-wrapper gb-grid-wrapper-b470cb57\"><\/div>\n<\/div><\/div>","protected":false},"excerpt":{"rendered":"","protected":false},"author":1,"featured_media":0,"parent":0,"menu_order":97,"comment_status":"closed","ping_status":"closed","template":"","meta":{"_acf_changed":false,"iawp_total_views":54,"footnotes":""},"class_list":["post-8521","page","type-page","status-publish"],"acf":[],"_links":{"self":[{"href":"https:\/\/branchenversicherung.ch\/it\/wp-json\/wp\/v2\/pages\/8521","targetHints":{"allow":["GET"]}}],"collection":[{"href":"https:\/\/branchenversicherung.ch\/it\/wp-json\/wp\/v2\/pages"}],"about":[{"href":"https:\/\/branchenversicherung.ch\/it\/wp-json\/wp\/v2\/types\/page"}],"author":[{"embeddable":true,"href":"https:\/\/branchenversicherung.ch\/it\/wp-json\/wp\/v2\/users\/1"}],"replies":[{"embeddable":true,"href":"https:\/\/branchenversicherung.ch\/it\/wp-json\/wp\/v2\/comments?post=8521"}],"version-history":[{"count":36,"href":"https:\/\/branchenversicherung.ch\/it\/wp-json\/wp\/v2\/pages\/8521\/revisions"}],"predecessor-version":[{"id":12502,"href":"https:\/\/branchenversicherung.ch\/it\/wp-json\/wp\/v2\/pages\/8521\/revisions\/12502"}],"wp:attachment":[{"href":"https:\/\/branchenversicherung.ch\/it\/wp-json\/wp\/v2\/media?parent=8521"}],"curies":[{"name":"wp","href":"https:\/\/api.w.org\/{rel}","templated":true}]}}