{"id":8567,"date":"2021-11-29T11:57:11","date_gmt":"2021-11-29T10:57:11","guid":{"rendered":"https:\/\/branchenversicherung.ch\/chi-siamo\/ritratto\/"},"modified":"2026-02-06T12:34:45","modified_gmt":"2026-02-06T11:34:45","slug":"ritratto","status":"publish","type":"page","link":"https:\/\/branchenversicherung.ch\/it\/chi-siamo\/ritratto\/","title":{"rendered":"Ritratto"},"content":{"rendered":"<section id=\"halfHeader-block_f036f832936c1af8326419b1950017f8\" class=\"halfHeader container__page\">\n  <div class=\"inside__hero__half imagineNow\">\n    <div class=\"half__description__row\">\n            <p class=\"parent__title__single\">  <a href=\"https:\/\/branchenversicherung.ch\/it\/chi-siamo\/\">Chi Siamo<\/a><\/p>\n          <h1 class=\"hero__title__h\">Ritratto <\/h1>\n            <p class=\"description__row\"> La nostra azienda \u00e8 stata fondata nel 1902 sotto forma di organizzazione di autoaiuto dei macellai. Oggi rappresentiamo aziende dei pi\u00f9 diversi settori di attivit\u00e0.  <\/p>\n         \n        \n                  \n      <!--<div  class=\"scroll__one__bottom with__new__arrow\"> <\/div>-->\n    <\/div>\n    <div class=\"half__image__row\">\n      <img decoding=\"async\" width=\"2560\" height=\"1493\" src=\"https:\/\/branchenversicherung.ch\/wp-content\/uploads\/2021\/11\/BV_Organisation_Header_1680x980px-scaled.jpg\" class=\"attachment-full size-full\" alt=\"\" srcset=\"https:\/\/branchenversicherung.ch\/wp-content\/uploads\/2021\/11\/BV_Organisation_Header_1680x980px-scaled.jpg 2560w, https:\/\/branchenversicherung.ch\/wp-content\/uploads\/2021\/11\/BV_Organisation_Header_1680x980px-300x175.jpg 300w, https:\/\/branchenversicherung.ch\/wp-content\/uploads\/2021\/11\/BV_Organisation_Header_1680x980px-1024x597.jpg 1024w, https:\/\/branchenversicherung.ch\/wp-content\/uploads\/2021\/11\/BV_Organisation_Header_1680x980px-768x448.jpg 768w, https:\/\/branchenversicherung.ch\/wp-content\/uploads\/2021\/11\/BV_Organisation_Header_1680x980px-1536x896.jpg 1536w, https:\/\/branchenversicherung.ch\/wp-content\/uploads\/2021\/11\/BV_Organisation_Header_1680x980px-2048x1195.jpg 2048w\" sizes=\"(max-width: 2560px) 100vw, 2560px\" \/>    <\/div>\n  <\/div>\n<\/section>\n\n\n<div class=\"gb-container gb-container-4eacd986\"><div class=\"gb-inside-container\">\n<div class=\"gb-grid-wrapper gb-grid-wrapper-994ab79b\">\n<div class=\"gb-grid-column gb-grid-column-b412b045\"><div class=\"gb-container gb-container-b412b045\"><div class=\"gb-inside-container\">\n\n<p>Gi\u00e0 allora, le necessit\u00e0 dei clienti venivano poste prima dei profitti. Nel frattempo le cose sono cambiate, ma la nostra focalizzazione no.<\/p>\n\n\n\n<p>La \u00abCooperativa Assicurazione dei mestieri\u00bb, quale assicuratore di nicchia svizzero, si \u00e8 specializzata nel servizio alle aziende operanti in settori selezionati. Grazie alla nostra struttura giuridica di cooperativa, voi siete sia clienti sia comproprietari \u2013 e beneficiate dell\u2019utile da noi prodotto. Ci vediamo come generalisti qualificati per tutte le necessit\u00e0 di assicurazione. Ci distinguiamo per la velocit\u00e0 e l\u2019assenza di burocrazia del nostro agire e per l\u2019ambizione di offrire la miglior soluzione su misura. Sar\u00e0 nostro piacere fornirvi una consulenza con un <a href=\"https:\/\/branchenversicherung.ch\/it\/chi-siamo\/vantaggi\/#indipenza\" data-type=\"URL\" data-id=\"\/it\/chi-siamo\/vantaggi\/#indipenza\">servizio<\/a><a href=\"https:\/\/branchenversicherung.ch\/it\/chi-siamo\/vantaggi\/#provisionsunabhaengigkeit\" data-type=\"URL\"> <\/a><a href=\"https:\/\/branchenversicherung.ch\/it\/chi-siamo\/vantaggi\/#indipenza\" data-type=\"URL\" data-id=\"\/it\/chi-siamo\/vantaggi\/#indipenza\">esterno indipendente da provvigioni.<\/a>    <\/p>\n\n<\/div><\/div><\/div>\n<\/div>\n<\/div><\/div>\n\n<div class=\"gb-container gb-container-e95dff03\"><div class=\"gb-inside-container\">\n<div class=\"gb-grid-wrapper gb-grid-wrapper-49e11efc\">\n<div class=\"gb-grid-column gb-grid-column-25f5ebdc\"><div class=\"gb-container gb-container-25f5ebdc\"><div class=\"gb-inside-container\">\n\n<h2 class=\"wp-block-heading\" id=\"unsere-strategie\">La nostra strategia<\/h2>\n\n\n\n<p>La relazione con i nostri clienti si basa su contratti assicurativi e tuttavia \u00e8 sostenuta e consolidata dalla fiducia reciproca. Ecco perch\u00e9 scegliamo il dialogo aperto e onesto. Il nostro servizio esterno fornisce consulenza e supporto personale ai nostri clienti, direttamente nella loro regione. Tale servizio lavora senza provvigioni e pu\u00f2 quindi focalizzarsi sulle necessit\u00e0 individuali.   <\/p>\n\n\n\n<p>La costanza \u00e8 uno dei nostri punti di forza: con essa miriamo a una crescita continua e sostenibile che dia la giusta importanza a rispetto, attenzione e a una corporate governance adeguata. Di conseguenza, intratteniamo una collaborazione leale con i nostri clienti, partner commerciali e dipendenti.   <\/p>\n\n\n\n<p>Per poter contribuire a plasmare le evoluzioni del nostro tempo, ottimizziamo e ampliamo continuamente la nostra offerta di prodotti e servizi con soluzioni innovative.<\/p>\n\n\n\n<p>Il nostro organigramma \u00e8 strutturato in maniera tanto semplice e snella che possiamo contare su un processo decisionale molto rapido. Facciamo altres\u00ec affidamento sulle nostre cifre, poich\u00e9 perseguiamo una strategia d\u2019investimento bilanciata e sostenibile. Verifichiamo tale strategia a intervalli regolari e, se necessario, la adeguiamo.   <\/p>\n\n<\/div><\/div><\/div>\n<\/div>\n<\/div><\/div>\n\n<div class=\"gb-container gb-container-d25fae6b\"><div class=\"gb-inside-container\">\n<div class=\"gb-grid-wrapper gb-grid-wrapper-be6356cc\">\n<div class=\"gb-grid-column gb-grid-column-80c4ad6f\"><div class=\"gb-container gb-container-80c4ad6f\"><div class=\"gb-inside-container\">\n\n<h2 class=\"wp-block-heading\" id=\"unsere-kunden\">I nostri clienti<\/h2>\n\n\n\n<p>Con i nostri clienti abbiamo molto in comune, ma in particolare due cose: il punto di vista del datore di lavoro e la conoscenza della professione. <\/p>\n\n\n\n<p>Assistiamo clienti con un\u2019azienda o con domicilio in Svizzera. Dei nostri clienti fanno soprattutto parte le nostre associazioni partner, i titolari di aziende e loro famigliari, ad es. macellai, droghieri, ottici, fornitori di servizi per la sicurezza, commercianti di scarpe al dettaglio, commercianti specializzati in foto, radio, TV e multimedia, commercianti specializzati nello sport oppure dettaglianti di articoli di viaggio e in pelle. <\/p>\n\n<\/div><\/div><\/div>\n<\/div>\n<\/div><\/div>\n\n<div class=\"gb-container gb-container-1d895be4\"><div class=\"gb-inside-container\">\n<div class=\"gb-grid-wrapper gb-grid-wrapper-d3eb1093\">\n<div class=\"gb-grid-column gb-grid-column-f8ffe19a\"><div class=\"gb-container gb-container-f8ffe19a\"><div class=\"gb-inside-container\">\n\n<h2 class=\"wp-block-heading\" id=\"unser-leitbild\">Le nostre linee guida<\/h2>\n\n\n\n<p><strong>Cooperativa<\/strong> <br>Siamo una cooperativa di assicuratori di nicchia del ramo non vita organizzati. I nostri clienti sono i proprietari dell\u2019azienda e beneficiano dei proventi della societ\u00e0. <\/p>\n\n\n\n<p><strong>Crescita <br><\/strong>Perseguiamo una crescita costante e sostenibile.<\/p>\n\n\n\n<p><strong>Condotta<\/strong> <br>Assegniamo importanza all&#8217;etica, al rispetto, alla diligenza e alla corporate governance. Intratteniamo un rapporto di collaborazione paritetico e leale con i nostri clienti, partner commerciali e dipendenti. <\/p>\n\n\n\n<p><strong>Comunicazione<\/strong> <br>Comunichiamo in modo attivo, aperto e sincero.<\/p>\n\n\n\n<div style=\"height:100px\" aria-hidden=\"true\" class=\"wp-block-spacer\"><\/div>\n\n<\/div><\/div><\/div>\n\n<div class=\"gb-grid-column gb-grid-column-fc8c251a\"><div class=\"gb-container gb-container-fc8c251a\"><div class=\"gb-inside-container\">\n\n<h2 class=\"wp-block-heading\" id=\"unser-leitbild\">Archivio di relazioni annuali digitali<\/h2>\n\n\n\n<ul class=\"wp-block-list\">\n<li>Rapporto annuale 2022 &#8211; <a href=\"https:\/\/report.branchenversicherung.ch\/2022\/it\/\" target=\"_blank\" rel=\"noreferrer noopener\">Da qui al sito web<\/a><\/li>\n<\/ul>\n\n<\/div><\/div><\/div>\n<\/div>\n<\/div><\/div>\n\n<div class=\"gb-container gb-container-43a2daf0\"><div class=\"gb-inside-container\">\n<div class=\"gb-grid-wrapper gb-grid-wrapper-15d638b4\">\n<div class=\"gb-grid-column gb-grid-column-fedd1dd3\"><div class=\"gb-container gb-container-fedd1dd3\"><div class=\"gb-inside-container\">\n<div class=\"rows__downloads make__accordion\"><h2 class=\"cat__title__down\">Documenti da scaricare<span class=\"icon__accordion__down\"> <i class=\"fas fa-chevron-down\"><\/i>  <i class=\"fas fa-chevron-up\"><\/i> <\/span><\/h2><div class=\"ul__list__downlaods \"><div class=\"list__downlaods seps\"><a class=\"download__ahref\" download href=\"https:\/\/branchenversicherung.ch\/wp-content\/uploads\/2026\/02\/BV_Organigramm-Abteilungen_A4_IT_20260205.pdf\"><span class=\"title__downloads\">Organigramma<\/span> <span class=\"file__icon__size\">pdf (42,77 KB) <i class=\"fas fa-download icon__in__download\"><\/i><\/span><\/a><hr class=\"download__separate\"><\/div><div class=\"list__downlaods seps\"><a class=\"download__ahref\" download href=\"https:\/\/branchenversicherung.ch\/wp-content\/uploads\/2021\/11\/BV_Strategie_Leitbild_Flyer_FR_RZ_21.pdf\"><span class=\"title__downloads\">Strategia e linee guida (Disponibile solo in francese)<\/span> <span class=\"file__icon__size\">pdf (1,93 MB) <i class=\"fas fa-download icon__in__download\"><\/i><\/span><\/a><hr class=\"download__separate\"><\/div><div class=\"list__downlaods seps\"><a class=\"download__ahref\" download href=\"https:\/\/branchenversicherung.ch\/wp-content\/uploads\/2021\/11\/20210420-_BV_GB20_IT.pdf\"><span class=\"title__downloads\">Sintesi del rendiconto della gestione 2020<\/span> <span class=\"file__icon__size\">pdf (83,20 KB) <i class=\"fas fa-download icon__in__download\"><\/i><\/span><\/a><hr class=\"download__separate\"><\/div><div class=\"list__downlaods seps\"><a class=\"download__ahref\" download href=\"https:\/\/branchenversicherung.ch\/wp-content\/uploads\/2021\/11\/BV-GB_2020_GAAP-FER_frz_120421_DS.pdf\"><span class=\"title__downloads\">Rendiconto della gestione 2020 (statutario e secondo le GAAP FER) (Disponibile solo in francese)<\/span> <span class=\"file__icon__size\">pdf (1,26 MB) <i class=\"fas fa-download icon__in__download\"><\/i><\/span><\/a><hr class=\"download__separate\"><\/div><div class=\"list__downlaods seps\"><a class=\"download__ahref\" download href=\"https:\/\/branchenversicherung.ch\/wp-content\/uploads\/2021\/11\/Beschlussprotokoll_Inserat_GV_2020_IT.pdf\"><span class=\"title__downloads\">Verbale di deliberazione 2020<\/span> <span class=\"file__icon__size\">pdf (532,92 KB) <i class=\"fas fa-download icon__in__download\"><\/i><\/span><\/a><hr class=\"download__separate\"><\/div><div class=\"list__downlaods seps\"><a class=\"download__ahref\" download href=\"https:\/\/branchenversicherung.ch\/wp-content\/uploads\/2021\/11\/Statuten_A4_FR_RZ_21.pdf\"><span class=\"title__downloads\">Statuti 2020 (Disponibile solo in francese)<\/span> <span class=\"file__icon__size\">pdf (883,61 KB) <i class=\"fas fa-download icon__in__download\"><\/i><\/span><\/a><hr class=\"download__separate\"><\/div><\/div><hr class=\"download__separate row__seps\"><\/div>\n\n<\/div><\/div><\/div>\n<\/div>\n<\/div><\/div>\n\n<div class=\"gb-container gb-container-c30641fd\"><div class=\"gb-inside-container\">\n<div class=\"gb-grid-wrapper gb-grid-wrapper-fdb5e883\">\n<div class=\"gb-grid-column gb-grid-column-769f64e5\"><div class=\"gb-container gb-container-769f64e5 eql__column\"><div class=\"gb-inside-container\">\n\n<figure class=\"wp-block-image size-large image__full\"><img decoding=\"async\" width=\"1024\" height=\"688\" src=\"https:\/\/branchenversicherung.ch\/wp-content\/uploads\/2021\/12\/BV_Ueber_uns_Portrait_Teaser_Meilenstein_1120x752neu-1024x688.webp\" alt=\"\" class=\"wp-image-9177\" srcset=\"https:\/\/branchenversicherung.ch\/wp-content\/uploads\/2021\/12\/BV_Ueber_uns_Portrait_Teaser_Meilenstein_1120x752neu-1024x688.webp 1024w, https:\/\/branchenversicherung.ch\/wp-content\/uploads\/2021\/12\/BV_Ueber_uns_Portrait_Teaser_Meilenstein_1120x752neu-300x201.webp 300w, https:\/\/branchenversicherung.ch\/wp-content\/uploads\/2021\/12\/BV_Ueber_uns_Portrait_Teaser_Meilenstein_1120x752neu-768x516.webp 768w, https:\/\/branchenversicherung.ch\/wp-content\/uploads\/2021\/12\/BV_Ueber_uns_Portrait_Teaser_Meilenstein_1120x752neu.webp 1120w\" sizes=\"(max-width: 1024px) 100vw, 1024px\" \/><\/figure>\n\n<\/div><\/div><\/div>\n\n<div class=\"gb-grid-column gb-grid-column-2a63d9c2\"><div class=\"gb-container gb-container-2a63d9c2 make__me__relative\"><div class=\"gb-inside-container\">\n\n<p class=\"fix__p__no__margins\" style=\"font-size:14px\">Questo potrebbe anche interessarti<\/p>\n\n\n\n<h2 class=\"gb-headline gb-headline-2a022cb5 gb-headline-text\">Solo chi conosce il passato ha un futuro<\/h2>\n\n\n\n<p>Mentre la nostra attenzione \u00e8 rivolta al futuro, siamo anche orgogliosi del nostro passato e sappiamo dove sono le nostre radici.<\/p>\n\n\n\n<p class=\"half__button__icon adjust__bottom\"><a href=\"https:\/\/branchenversicherung.ch\/it\/chi-siamo\/le-nostre-pietre-miliari\/\" data-type=\"URL\" data-id=\"https:\/\/branchenversicherung.ch\/it\/chi-siamo\/le-nostre-pietre-miliari\/\">Verso le pietre miliari<\/a><\/p>\n\n<\/div><\/div><\/div>\n<\/div>\n<\/div><\/div>","protected":false},"excerpt":{"rendered":"","protected":false},"author":1,"featured_media":0,"parent":8521,"menu_order":59,"comment_status":"closed","ping_status":"closed","template":"","meta":{"_acf_changed":false,"iawp_total_views":22,"footnotes":""},"class_list":["post-8567","page","type-page","status-publish"],"acf":[],"_links":{"self":[{"href":"https:\/\/branchenversicherung.ch\/it\/wp-json\/wp\/v2\/pages\/8567","targetHints":{"allow":["GET"]}}],"collection":[{"href":"https:\/\/branchenversicherung.ch\/it\/wp-json\/wp\/v2\/pages"}],"about":[{"href":"https:\/\/branchenversicherung.ch\/it\/wp-json\/wp\/v2\/types\/page"}],"author":[{"embeddable":true,"href":"https:\/\/branchenversicherung.ch\/it\/wp-json\/wp\/v2\/users\/1"}],"replies":[{"embeddable":true,"href":"https:\/\/branchenversicherung.ch\/it\/wp-json\/wp\/v2\/comments?post=8567"}],"version-history":[{"count":32,"href":"https:\/\/branchenversicherung.ch\/it\/wp-json\/wp\/v2\/pages\/8567\/revisions"}],"predecessor-version":[{"id":22945,"href":"https:\/\/branchenversicherung.ch\/it\/wp-json\/wp\/v2\/pages\/8567\/revisions\/22945"}],"up":[{"embeddable":true,"href":"https:\/\/branchenversicherung.ch\/it\/wp-json\/wp\/v2\/pages\/8521"}],"wp:attachment":[{"href":"https:\/\/branchenversicherung.ch\/it\/wp-json\/wp\/v2\/media?parent=8567"}],"curies":[{"name":"wp","href":"https:\/\/api.w.org\/{rel}","templated":true}]}}