{"id":8610,"date":"2021-11-29T12:08:40","date_gmt":"2021-11-29T11:08:40","guid":{"rendered":"https:\/\/branchenversicherung.ch\/chi-siamo\/vantaggi\/"},"modified":"2025-06-16T14:03:02","modified_gmt":"2025-06-16T12:03:02","slug":"vantaggi","status":"publish","type":"page","link":"https:\/\/branchenversicherung.ch\/it\/chi-siamo\/vantaggi\/","title":{"rendered":"Vantaggi"},"content":{"rendered":"<section id=\"halfHeader-block_0d30d4ae38479be7361bdd5a73620289\" class=\"halfHeader container__page\">\n  <div class=\"inside__hero__half imagineNow\">\n    <div class=\"half__description__row\">\n            <p class=\"parent__title__single\">  <a href=\"https:\/\/branchenversicherung.ch\/it\/chi-siamo\/\">Chi Siamo<\/a><\/p>\n          <h1 class=\"hero__title__h\">Vantaggi <\/h1>\n            <p class=\"description__row\"> La sicurezza riguarda voi e tutto il vostro ambiente, per questo \u00e8 un tema quotidiano e complesso. Diamo il tutto per tutto affinch\u00e9 possiate restare focalizzati su altre questioni, senza preoccupazioni. \r\n\r\n\r\n<\/p>\n         \n        \n                  \n      <!--<div  class=\"scroll__one__bottom with__new__arrow\"> <\/div>-->\n    <\/div>\n    <div class=\"half__image__row\">\n      <img decoding=\"async\" width=\"1920\" height=\"1119\" src=\"https:\/\/branchenversicherung.ch\/wp-content\/uploads\/2022\/03\/BV_Ueber_uns_Vorteile_Header_1680x980px.webp\" class=\"attachment-full size-full\" alt=\"\" srcset=\"https:\/\/branchenversicherung.ch\/wp-content\/uploads\/2022\/03\/BV_Ueber_uns_Vorteile_Header_1680x980px.webp 1920w, https:\/\/branchenversicherung.ch\/wp-content\/uploads\/2022\/03\/BV_Ueber_uns_Vorteile_Header_1680x980px-300x175.webp 300w, https:\/\/branchenversicherung.ch\/wp-content\/uploads\/2022\/03\/BV_Ueber_uns_Vorteile_Header_1680x980px-1024x597.webp 1024w, https:\/\/branchenversicherung.ch\/wp-content\/uploads\/2022\/03\/BV_Ueber_uns_Vorteile_Header_1680x980px-768x448.webp 768w, https:\/\/branchenversicherung.ch\/wp-content\/uploads\/2022\/03\/BV_Ueber_uns_Vorteile_Header_1680x980px-1536x895.webp 1536w\" sizes=\"(max-width: 1920px) 100vw, 1920px\" \/>    <\/div>\n  <\/div>\n<\/section>\n\n\n<div class=\"gb-container gb-container-35d42bf1 grid__background__gray\"><div class=\"gb-inside-container\">\n<div class=\"gb-grid-wrapper gb-grid-wrapper-000e3c65\">\n<div class=\"gb-grid-column gb-grid-column-ac8083db\"><div class=\"gb-container gb-container-ac8083db\"><div class=\"gb-inside-container\">\n\n<h2 class=\"gb-headline gb-headline-d5bd6833 gb-headline-text\">Pi\u00f9 di 100 anni di esperienza a livello commerciale e aziendale<\/h2>\n\n\n\n<p class=\"margin__bottom__0__p\">Dal 1902 ampliamo costantemente la nostra esperienza e raffiniamo il nostro know-how specialistico. Per cui siamo l\u2019assicuratore di nicchia svizzero specializzato anche nel vostro settore di attivit\u00e0. I nostri specialisti per tutte le questioni assicurative agiscono in modo rapido e snello, realizzando cos\u00ec soluzioni su misura per voi.  <\/p>\n\n<\/div><\/div><\/div>\n<\/div>\n<\/div><\/div>\n\n<div class=\"gb-container gb-container-c7537581 grid__background__gray\"><div class=\"gb-inside-container\">\n<div class=\"gb-grid-wrapper gb-grid-wrapper-e8563949\">\n<div class=\"gb-grid-column gb-grid-column-adc2d4cb\"><div class=\"gb-container gb-container-adc2d4cb\"><div class=\"gb-inside-container\">\n\n<h2 class=\"gb-headline gb-headline-f80924e8 gb-headline-text\">Rimborsi grazie alla struttura di cooperativa<\/h2>\n\n\n\n<p>Da noi non siete solo clienti della cooperativa (Cooperativa assicurazione dei mestieri), bens\u00ec anche proprietari. In quanto tali, approfittate dell\u2019utile che realizziamo solidalmente e che ridistribuiamo sotto forma di rimborsi annuali.  <\/p>\n\n<\/div><\/div><\/div>\n\n<div class=\"gb-grid-column gb-grid-column-cce59109\"><div class=\"gb-container gb-container-cce59109\" id=\"indipenza\"><div class=\"gb-inside-container\">\n\n<h2 class=\"gb-headline gb-headline-3f2eab37 gb-headline-text\">Indipendenza da provvigioni<\/h2>\n\n\n\n<p>L&#8217;obiettivit\u00e0 \u00e8 quasi sempre la migliore consigliera. Questa regola vale anche per noi. Non per niente i nostri collaboratori del servizio esterno lavorano senza provvigioni  <\/p>\n\n\n\n<p>Inusuale, ma intelligente: i nostri consulenti assicurativi ricevono salari fissi, ovvero non sono sottoposti alla pressione di dover vendere a tutti i costi dei prodotti in pi\u00f9. In questo modo, le vostre necessit\u00e0 sono al centro dei nostri sforzi: il che, all\u2019insegna del motto \u00abCliente felice, assicuratore felice\u00bb, corrisponde ai nostri obiettivi. I nostri consulenti sono costantemente alla ricerca delle soluzioni e dei vantaggi migliori per voi, solo nel vostro interesse. Una chiara situazione win-win.   <\/p>\n\n<\/div><\/div><\/div>\n\n<div class=\"gb-grid-column gb-grid-column-0b8d1424\"><div class=\"gb-container gb-container-0b8d1424\"><div class=\"gb-inside-container\">\n\n<h2 class=\"gb-headline gb-headline-fd4d7cbb gb-headline-text\">Il nostro impegno per i giovani imprenditori<\/h2>\n\n\n\n<p>Le nuove leve sono la migliore garanzia per il futuro. Il nostro fondo per giovani e motivati imprenditori rappresenta un supporto reale per le prossime generazioni dei nostri settori partner. Tutti coloro che sono membri delle nostre associazioni partner possono richiedere sovvenzioni dal nostro Fondo per giovani imprenditori. Sono inclusi coloro che hanno sottoscritto con noi da quattro a cinque assicurazioni per la propria impresa.   <\/p>\n\n\n\n<p>Il consiglio migliore \u00e8 discutere la creazione della vostra azienda per tempo con il <a href=\"https:\/\/branchenversicherung.ch\/it\/servizio\/i-nostri-consulenti-clienti-saranno-felici-di-aiutarvi\/\">vostro consulente assicurativo<\/a>. Poich\u00e9 il consulente conosce al meglio le caratteristiche e le sfide del vostro settore di attivit\u00e0. <\/p>\n\n<\/div><\/div><\/div>\n\n<div class=\"gb-grid-column gb-grid-column-8c6d1bdf\"><div class=\"gb-container gb-container-8c6d1bdf\"><div class=\"gb-inside-container\">\n\n<h2 class=\"gb-headline gb-headline-a836017c gb-headline-text\">Il nostro impegno per la prevenzione dei sinistri<\/h2>\n\n\n\n<p>Prevenire \u00e8 notoriamente pi\u00f9 economico che curare danni costosi, ecco perch\u00e9 da anni investiamo nella prevenzione dei sinistri. Tra le misure selezionate troviamo: valutazione qualificata del rischio, consigli pratici per diverse aree di rischio, pratici articoli di consumo, sensibilizzazione costante per la prevenzione degli infortuni nel tempo libero e cooperazione con l\u2019Ufficio prevenzione infortuni (upi).<\/p>\n\n\n\n<p><strong>Partner in questioni di sicurezza:<\/strong><\/p>\n\n\n\n<p><a href=\"https:\/\/www.safeatwork.ch\/it\" data-type=\"URL\" data-id=\"https:\/\/www.safeatwork.ch\/it\" target=\"_blank\" rel=\"noreferrer noopener\">Safe at work<\/a> Prevenire infortuni, salvare vite<br><a href=\"https:\/\/www.bfu.ch\/it\" data-type=\"URL\" data-id=\"https:\/\/www.bfu.ch\/it\" target=\"_blank\" rel=\"noreferrer noopener\">UPI<\/a> Ufficio prevenzione infortuni<br><a href=\"https:\/\/sff.ch\/it\" data-type=\"URL\" data-id=\"https:\/\/www.abzspiez.ch\/it\/consulenza-svizzera\/sga\" target=\"_blank\" rel=\"noreferrer noopener\">SFF Centro di formazione<\/a> Protezione della sicurezza e della salute sul posto di lavoro<\/p>\n\n\n\n<p>L\u2019applicazione corretta delle misure per la sicurezza sul posto di lavoro \u00e8 di responsabilit\u00e0 dell\u2019associazione professionale. Mentre per il settore specialistico della carne il responsabile \u00e8 il SFF Centro di formazione di Spiez. Qui ricevete supporti utili e consigli preziosi per la pratica.<\/p>\n\n\n\n<p><a href=\"https:\/\/branchenversicherung.ch\/it\/chi-siamo\/associazioni-partner\/\">Qui<\/a> trovate le nostre associazioni partner. <\/p>\n\n<\/div><\/div><\/div>\n<\/div>\n<\/div><\/div>\n\n<div class=\"gb-container gb-container-e92480b8\"><div class=\"gb-inside-container\">\n<div class=\"gb-grid-wrapper gb-grid-wrapper-e9245ce7\">\n<div class=\"gb-grid-column gb-grid-column-57478dfa\"><div class=\"gb-container gb-container-57478dfa\"><div class=\"gb-inside-container\"><\/div><\/div><\/div>\n<\/div>\n<\/div><\/div>","protected":false},"excerpt":{"rendered":"","protected":false},"author":1,"featured_media":0,"parent":8521,"menu_order":62,"comment_status":"closed","ping_status":"closed","template":"","meta":{"_acf_changed":false,"iawp_total_views":18,"footnotes":""},"class_list":["post-8610","page","type-page","status-publish"],"acf":[],"_links":{"self":[{"href":"https:\/\/branchenversicherung.ch\/it\/wp-json\/wp\/v2\/pages\/8610","targetHints":{"allow":["GET"]}}],"collection":[{"href":"https:\/\/branchenversicherung.ch\/it\/wp-json\/wp\/v2\/pages"}],"about":[{"href":"https:\/\/branchenversicherung.ch\/it\/wp-json\/wp\/v2\/types\/page"}],"author":[{"embeddable":true,"href":"https:\/\/branchenversicherung.ch\/it\/wp-json\/wp\/v2\/users\/1"}],"replies":[{"embeddable":true,"href":"https:\/\/branchenversicherung.ch\/it\/wp-json\/wp\/v2\/comments?post=8610"}],"version-history":[{"count":30,"href":"https:\/\/branchenversicherung.ch\/it\/wp-json\/wp\/v2\/pages\/8610\/revisions"}],"predecessor-version":[{"id":21436,"href":"https:\/\/branchenversicherung.ch\/it\/wp-json\/wp\/v2\/pages\/8610\/revisions\/21436"}],"up":[{"embeddable":true,"href":"https:\/\/branchenversicherung.ch\/it\/wp-json\/wp\/v2\/pages\/8521"}],"wp:attachment":[{"href":"https:\/\/branchenversicherung.ch\/it\/wp-json\/wp\/v2\/media?parent=8610"}],"curies":[{"name":"wp","href":"https:\/\/api.w.org\/{rel}","templated":true}]}}